{"id":3,"date":"2023-09-28T20:07:06","date_gmt":"2023-09-28T20:07:06","guid":{"rendered":"https:\/\/www.lastchance.deals\/fi\/?page_id=3"},"modified":"2024-01-15T05:57:24","modified_gmt":"2024-01-15T05:57:24","slug":"fortrolighedspolitik","status":"publish","type":"page","link":"https:\/\/last-chance.dk\/?page_id=3","title":{"rendered":"Fortrolighedspolitik"},"content":{"rendered":"<p>LASTCHANCE Deals er dataansvarlig og behandler dine personoplysninger i overensstemmelse med reglerne i databeskyttelsesforordningen (GDPR) og databeskyttelsesloven.<\/p>\n<p>De persondata, som vi indsamler, opbevares af LASTCHANCE Deals. De opbevares sikkert hos vores hosting-partnere.<\/p>\n<p>Du kan til enhver tid:<\/p>\n<p>Indgive en klage til en tilsynsmyndighed (f.eks. Datatilsynet)<br \/>\nAnmode om adgang til og berigtigelse eller sletning af personoplysningerne<br \/>\nBegr\u00e6nse eller mods\u00e6tte dig behandling af personoplysninger<br \/>\nAnmode om dataoverf\u00f8rbarhed, hvis det er relevant<br \/>\nDu kan f\u00e5 yderligere oplysninger om de persondata, som LASTCHANCE Deals opbevarer og behandler, ved at kontakte LASTCHANCE Deals Kundeservice.<\/p>\n<p>Hos LASTCHANCE Deals er vi forpligtet til at overholde g\u00e6ldende regler og love for god markedsf\u00f8ring. Hvis du har accepteret nogen af de nedenst\u00e5ende tjenester, forbeholder vi os retten til at sende dig opdateringer af vores Vilk\u00e5r og betingelser, uanset om du har trukket dit samtykke tilbage eller ej. Vi sender dig ikke nogen anden form for information.<\/p>\n<p>INDSAMLING OG BEHANDLING AF PERSONDATA<br \/>\nLASTCHANCE Deals indsamler persondata:<\/p>\n<p>over telefonen<br \/>\nn\u00e5r du deltager i unders\u00f8gelser, konkurrencer eller kampagner<br \/>\nn\u00e5r du kontakter vores kundeservice i online eller p\u00e5 telefon<br \/>\nn\u00e5r du opretter en konto p\u00e5 LASTCHANCE Deals<br \/>\nn\u00e5r du tilmelder dig vores nyhedsbrev<br \/>\nn\u00e5r du skriver en anmeldelse af vores varer<br \/>\nHVILKEN TYPE INFORMATION INDSAMLER LASTCHANCE Deals?<br \/>\nMed henblik p\u00e5 online handel og kundetilfredshed, m\u00e5lrettet online markedsf\u00f8ring, forbedringer af vores produkter og services, administrative og interne form\u00e5l, kan LASTCHANCE Deals indsamle og behandle f\u00f8lgende persondata om dig:<\/p>\n<p>dit fulde navn<br \/>\ndin adresse<br \/>\ndit mobiltelefonnummer<br \/>\ndin e-mailadresse<br \/>\nIP-adresse, hvor du handler fra<br \/>\nudvalgt leveringsbutik<br \/>\nvirksomhed<br \/>\nAl persondata bliver behandlet fortroligt. Den juridiske basis for behandlingen af dine persondata er f\u00f8lgende:<\/p>\n<p>Indsamling er n\u00f8dvendig for at leve op til en kontrakt, i hvilken dataindehaveren tager del (f.eks. handel p\u00e5 LASTCHANCE Deals)<br \/>\nBehandling er n\u00f8dvendig for at leve op til juridiske forpligtelser (f.eks. at leve op til bogf\u00f8ringsloven)<br \/>\nBehandling er n\u00f8dvendig med henblik p\u00e5 LASTCHANCE Dealss legitime interesser (f.eks. interne forretningsform\u00e5l som forbedring af vores hjemmeside eller af vores tjenester og produkter samt p\u00e5visning af svindel)<br \/>\nDit samtykke (nyhedsbreve, opret konto)<br \/>\nVi bruger alene din e-mailadresse som led i gennemf\u00f8rslen af din ordre og til gennemf\u00f8relse af kundeunders\u00f8gelser. Vil du modtage vores nyhedsbrev, kr\u00e6ver det et s\u00e6rligt samtykke fra dig.<\/p>\n<p>Hvis du opretter en ordre p\u00e5 LASTCHANCE Deals, vil du i nogle tilf\u00e6lde modtage en e-mail med invitation til at anmelde din oplevelse eller de varer, du har k\u00f8bt.<\/p>\n<p>Vi bruger ikke dit telefonnummer til at kontakte dig i salgs\u00f8jemed. Du vil kun blive kontaktet telefonisk, hvis der er problemer med din ordre og\/eller med besked om din levering.<\/p>\n<p>Dine persondata vil kunne blive brugt i en politi-efterforskning, da vi anmelder falske betalinger til politiet. Vi frigiver konto og andre personlige oplysninger, n\u00e5r vi finder det n\u00f8dvendigt for at f\u00f8lge g\u00e6ldende lov og for at undg\u00e5 svindel og bedrageri f.eks. i forbindelse med kreditkort.<\/p>\n<p>LASTCHANCE Deals overf\u00f8rer kun dine persondata til relevante transport\u00f8rer i forbindelse med levering. Om n\u00f8dvendigt overf\u00f8rer LASTCHANCE Deals persondata til relevante leverand\u00f8rer. LASTCHANCE Deals overf\u00f8rer ikke, s\u00e6lger ikke eller g\u00f8r p\u00e5 anden m\u00e5de dine personlige oplysninger tilg\u00e6ngelige for andre tredjeparter.<\/p>\n<p>Vi opbevarer kun dine persondata i den periode, hvor det er n\u00f8dvendigt og med de form\u00e5l, der er beskrevet i denne Privatlivspolitik. Perioden afh\u00e6nger af typen af persondata og af \u00e5rsagen til, at vi oprindeligt indsamlede dine persondata. Vi gennemg\u00e5r l\u00f8bende den periode, vi opbevarer dine data og vurderer vores \u00e5rsag til at opbevare dine persondata og det juridiske grundlag.<\/p>\n<p>BETALING P\u00c5 LASTCHANCE Deals<br \/>\nN\u00e5r du betaler p\u00e5 LASTCHANCE Deals, sker betalingen igennem en sikker forbindelse, som sikrer, at dine betalingsoplysninger er utilg\u00e6ngelige for uvedkom.<\/p>\n","protected":false},"excerpt":{"rendered":"<p>LASTCHANCE Deals er dataansvarlig og behandler dine personoplysninger i overensstemmelse med reglerne i databeskyttelsesforordningen (GDPR) og databeskyttelsesloven. De persondata, som vi indsamler, opbevares af LASTCHANCE Deals. De opbevares sikkert hos vores hosting-partnere. Du kan til enhver tid: Indgive en klage til en tilsynsmyndighed (f.eks. Datatilsynet) Anmode om adgang til og berigtigelse eller sletning af personoplysningerne [&hellip;]<\/p>\n","protected":false},"author":1,"featured_media":0,"parent":0,"menu_order":0,"comment_status":"closed","ping_status":"open","template":"","meta":{"footnotes":""},"class_list":["post-3","page","type-page","status-publish","hentry"],"yoast_head":"<!-- This site is optimized with the Yoast SEO plugin v24.8.1 - https:\/\/yoast.com\/wordpress\/plugins\/seo\/ -->\n<title>Fortrolighedspolitik - LASTCHANCE Deals | Danmark<\/title>\n<meta name=\"robots\" content=\"index, follow, max-snippet:-1, max-image-preview:large, max-video-preview:-1\" \/>\n<link rel=\"canonical\" href=\"https:\/\/last-chance.dk\/?page_id=3\" \/>\n<meta property=\"og:locale\" content=\"da_DK\" \/>\n<meta property=\"og:type\" content=\"article\" \/>\n<meta property=\"og:title\" content=\"Fortrolighedspolitik - LASTCHANCE Deals | Danmark\" \/>\n<meta property=\"og:description\" content=\"LASTCHANCE Deals er dataansvarlig og behandler dine personoplysninger i overensstemmelse med reglerne i databeskyttelsesforordningen (GDPR) og databeskyttelsesloven. De persondata, som vi indsamler, opbevares af LASTCHANCE Deals. De opbevares sikkert hos vores hosting-partnere. Du kan til enhver tid: Indgive en klage til en tilsynsmyndighed (f.eks. Datatilsynet) Anmode om adgang til og berigtigelse eller sletning af personoplysningerne [&hellip;]\" \/>\n<meta property=\"og:url\" content=\"https:\/\/last-chance.dk\/?page_id=3\" \/>\n<meta property=\"og:site_name\" content=\"LASTCHANCE Deals | Danmark\" \/>\n<meta property=\"article:modified_time\" content=\"2024-01-15T05:57:24+00:00\" \/>\n<meta name=\"twitter:card\" content=\"summary_large_image\" \/>\n<meta name=\"twitter:label1\" content=\"Estimeret l\u00e6setid\" \/>\n\t<meta name=\"twitter:data1\" content=\"4 minutter\" \/>\n<script type=\"application\/ld+json\" class=\"yoast-schema-graph\">{\"@context\":\"https:\/\/schema.org\",\"@graph\":[{\"@type\":\"WebPage\",\"@id\":\"https:\/\/last-chance.dk\/?page_id=3\",\"url\":\"https:\/\/last-chance.dk\/?page_id=3\",\"name\":\"Fortrolighedspolitik - LASTCHANCE Deals | Danmark\",\"isPartOf\":{\"@id\":\"https:\/\/last-chance.dk\/#website\"},\"datePublished\":\"2023-09-28T20:07:06+00:00\",\"dateModified\":\"2024-01-15T05:57:24+00:00\",\"breadcrumb\":{\"@id\":\"https:\/\/last-chance.dk\/?page_id=3#breadcrumb\"},\"inLanguage\":\"da-DK\",\"potentialAction\":[{\"@type\":\"ReadAction\",\"target\":[\"https:\/\/last-chance.dk\/?page_id=3\"]}]},{\"@type\":\"BreadcrumbList\",\"@id\":\"https:\/\/last-chance.dk\/?page_id=3#breadcrumb\",\"itemListElement\":[{\"@type\":\"ListItem\",\"position\":1,\"name\":\"Home\",\"item\":\"https:\/\/last-chance.dk\/\"},{\"@type\":\"ListItem\",\"position\":2,\"name\":\"Fortrolighedspolitik\"}]},{\"@type\":\"WebSite\",\"@id\":\"https:\/\/last-chance.dk\/#website\",\"url\":\"https:\/\/last-chance.dk\/\",\"name\":\"LASTCHANCE Deals | Danmark\",\"description\":\"LASTCHANCE Deals | Danmark\",\"publisher\":{\"@id\":\"https:\/\/last-chance.dk\/#organization\"},\"potentialAction\":[{\"@type\":\"SearchAction\",\"target\":{\"@type\":\"EntryPoint\",\"urlTemplate\":\"https:\/\/last-chance.dk\/?s={search_term_string}\"},\"query-input\":{\"@type\":\"PropertyValueSpecification\",\"valueRequired\":true,\"valueName\":\"search_term_string\"}}],\"inLanguage\":\"da-DK\"},{\"@type\":\"Organization\",\"@id\":\"https:\/\/last-chance.dk\/#organization\",\"name\":\"LASTCHANCE Deals | Danmark\",\"url\":\"https:\/\/last-chance.dk\/\",\"logo\":{\"@type\":\"ImageObject\",\"inLanguage\":\"da-DK\",\"@id\":\"https:\/\/last-chance.dk\/#\/schema\/logo\/image\/\",\"url\":\"https:\/\/last-chance.dk\/wp-content\/uploads\/2023\/10\/lastchancedeals_logo_dk_white.png\",\"contentUrl\":\"https:\/\/last-chance.dk\/wp-content\/uploads\/2023\/10\/lastchancedeals_logo_dk_white.png\",\"width\":470,\"height\":110,\"caption\":\"LASTCHANCE Deals | Danmark\"},\"image\":{\"@id\":\"https:\/\/last-chance.dk\/#\/schema\/logo\/image\/\"}}]}<\/script>\n<!-- \/ Yoast SEO plugin. -->","yoast_head_json":{"title":"Fortrolighedspolitik - LASTCHANCE Deals | Danmark","robots":{"index":"index","follow":"follow","max-snippet":"max-snippet:-1","max-image-preview":"max-image-preview:large","max-video-preview":"max-video-preview:-1"},"canonical":"https:\/\/last-chance.dk\/?page_id=3","og_locale":"da_DK","og_type":"article","og_title":"Fortrolighedspolitik - LASTCHANCE Deals | Danmark","og_description":"LASTCHANCE Deals er dataansvarlig og behandler dine personoplysninger i overensstemmelse med reglerne i databeskyttelsesforordningen (GDPR) og databeskyttelsesloven. De persondata, som vi indsamler, opbevares af LASTCHANCE Deals. De opbevares sikkert hos vores hosting-partnere. Du kan til enhver tid: Indgive en klage til en tilsynsmyndighed (f.eks. Datatilsynet) Anmode om adgang til og berigtigelse eller sletning af personoplysningerne [&hellip;]","og_url":"https:\/\/last-chance.dk\/?page_id=3","og_site_name":"LASTCHANCE Deals | Danmark","article_modified_time":"2024-01-15T05:57:24+00:00","twitter_card":"summary_large_image","twitter_misc":{"Estimeret l\u00e6setid":"4 minutter"},"schema":{"@context":"https:\/\/schema.org","@graph":[{"@type":"WebPage","@id":"https:\/\/last-chance.dk\/?page_id=3","url":"https:\/\/last-chance.dk\/?page_id=3","name":"Fortrolighedspolitik - LASTCHANCE Deals | Danmark","isPartOf":{"@id":"https:\/\/last-chance.dk\/#website"},"datePublished":"2023-09-28T20:07:06+00:00","dateModified":"2024-01-15T05:57:24+00:00","breadcrumb":{"@id":"https:\/\/last-chance.dk\/?page_id=3#breadcrumb"},"inLanguage":"da-DK","potentialAction":[{"@type":"ReadAction","target":["https:\/\/last-chance.dk\/?page_id=3"]}]},{"@type":"BreadcrumbList","@id":"https:\/\/last-chance.dk\/?page_id=3#breadcrumb","itemListElement":[{"@type":"ListItem","position":1,"name":"Home","item":"https:\/\/last-chance.dk\/"},{"@type":"ListItem","position":2,"name":"Fortrolighedspolitik"}]},{"@type":"WebSite","@id":"https:\/\/last-chance.dk\/#website","url":"https:\/\/last-chance.dk\/","name":"LASTCHANCE Deals | Danmark","description":"LASTCHANCE Deals | Danmark","publisher":{"@id":"https:\/\/last-chance.dk\/#organization"},"potentialAction":[{"@type":"SearchAction","target":{"@type":"EntryPoint","urlTemplate":"https:\/\/last-chance.dk\/?s={search_term_string}"},"query-input":{"@type":"PropertyValueSpecification","valueRequired":true,"valueName":"search_term_string"}}],"inLanguage":"da-DK"},{"@type":"Organization","@id":"https:\/\/last-chance.dk\/#organization","name":"LASTCHANCE Deals | Danmark","url":"https:\/\/last-chance.dk\/","logo":{"@type":"ImageObject","inLanguage":"da-DK","@id":"https:\/\/last-chance.dk\/#\/schema\/logo\/image\/","url":"https:\/\/last-chance.dk\/wp-content\/uploads\/2023\/10\/lastchancedeals_logo_dk_white.png","contentUrl":"https:\/\/last-chance.dk\/wp-content\/uploads\/2023\/10\/lastchancedeals_logo_dk_white.png","width":470,"height":110,"caption":"LASTCHANCE Deals | Danmark"},"image":{"@id":"https:\/\/last-chance.dk\/#\/schema\/logo\/image\/"}}]}},"_links":{"self":[{"href":"https:\/\/last-chance.dk\/index.php?rest_route=\/wp\/v2\/pages\/3","targetHints":{"allow":["GET"]}}],"collection":[{"href":"https:\/\/last-chance.dk\/index.php?rest_route=\/wp\/v2\/pages"}],"about":[{"href":"https:\/\/last-chance.dk\/index.php?rest_route=\/wp\/v2\/types\/page"}],"author":[{"embeddable":true,"href":"https:\/\/last-chance.dk\/index.php?rest_route=\/wp\/v2\/users\/1"}],"replies":[{"embeddable":true,"href":"https:\/\/last-chance.dk\/index.php?rest_route=%2Fwp%2Fv2%2Fcomments&post=3"}],"version-history":[{"count":4,"href":"https:\/\/last-chance.dk\/index.php?rest_route=\/wp\/v2\/pages\/3\/revisions"}],"predecessor-version":[{"id":10230,"href":"https:\/\/last-chance.dk\/index.php?rest_route=\/wp\/v2\/pages\/3\/revisions\/10230"}],"wp:attachment":[{"href":"https:\/\/last-chance.dk\/index.php?rest_route=%2Fwp%2Fv2%2Fmedia&parent=3"}],"curies":[{"name":"wp","href":"https:\/\/api.w.org\/{rel}","templated":true}]}}