{"id":3280,"date":"2023-10-22T18:20:22","date_gmt":"2023-10-22T18:20:22","guid":{"rendered":"https:\/\/www.lastchance.deals\/fi\/?page_id=3280"},"modified":"2023-10-31T11:34:26","modified_gmt":"2023-10-31T11:34:26","slug":"saelg-paa-lastchance","status":"publish","type":"page","link":"https:\/\/last-chance.dk\/?page_id=3280","title":{"rendered":"S\u00e6lg p\u00e5 LASTCHANCE"},"content":{"rendered":"<p>Hvis du er en forhandler, der \u00f8nsker at s\u00e6lge dine produkter p\u00e5 LASTCHANCE Deals, er du meget velkommen! LASTCHANCE Deals er en platform, der tilbyder specielle tilbud p\u00e5 et bredt udvalg af produkter.<\/p>\n<p>For at komme i gang, kontakt os for at oprette en konto p\u00e5 LASTCHANCE Deals og begynd at tilf\u00f8je dine produkter. Du skal give nogle grundl\u00e6ggende oplysninger om din virksomhed, s\u00e5som dit navn, adresse og skatte-ID-nummer. N\u00e5r din konto er oprettet, kan du begynde at tilf\u00f8je produkter til din butik.<\/p>\n<p>N\u00e5r du tilf\u00f8jer produkter til din butik, skal du s\u00f8rge for at inkludere billeder af h\u00f8j kvalitet og detaljerede beskrivelser. Dette vil hj\u00e6lpe kunderne med at f\u00e5 en bedre id\u00e9 om, hvad de k\u00f8ber, og \u00f8ge chancerne for et salg.<\/p>\n<p>N\u00e5r dine produkter er opf\u00f8rt p\u00e5 LASTCHANCE Deals, vil kunderne kunne finde dem gennem platformens s\u00f8gefunktion. Du kan ogs\u00e5 markedsf\u00f8re dine produkter gennem sociale medier og andre marketingkanaler for at \u00f8ge synligheden.<\/p>\n<p>LASTCHANCE Deals opkr\u00e6ver en provision p\u00e5 hver salg foretaget via platformen. Provisionssatsen varierer afh\u00e6ngigt af produktkategorien og andre faktorer. Du vil modtage betaling for dine salg gennem platformens betalingssystem.<\/p>\n<p>At s\u00e6lge p\u00e5 LASTCHANCE Deals kan v\u00e6re en god m\u00e5de at n\u00e5 nye kunder og flytte lagerbeholdningen hurtigt.\u00a0Hvis du er interesseret i at s\u00e6lge p\u00e5 platformen, kontakt os og begynd at liste dine produkter.<\/p>\n","protected":false},"excerpt":{"rendered":"<p>Hvis du er en forhandler, der \u00f8nsker at s\u00e6lge dine produkter p\u00e5 LASTCHANCE Deals, er du meget velkommen! LASTCHANCE Deals er en platform, der tilbyder specielle tilbud p\u00e5 et bredt udvalg af produkter. For at komme i gang, kontakt os for at oprette en konto p\u00e5 LASTCHANCE Deals og begynd at tilf\u00f8je dine produkter. Du [&hellip;]<\/p>\n","protected":false},"author":1,"featured_media":0,"parent":0,"menu_order":0,"comment_status":"closed","ping_status":"closed","template":"","meta":{"footnotes":""},"class_list":["post-3280","page","type-page","status-publish","hentry"],"yoast_head":"<!-- This site is optimized with the Yoast SEO plugin v24.8.1 - https:\/\/yoast.com\/wordpress\/plugins\/seo\/ -->\n<title>S\u00e6lg p\u00e5 LASTCHANCE - LASTCHANCE Deals | Danmark<\/title>\n<meta name=\"robots\" content=\"index, follow, max-snippet:-1, max-image-preview:large, max-video-preview:-1\" \/>\n<link rel=\"canonical\" href=\"https:\/\/last-chance.dk\/?page_id=3280\" \/>\n<meta property=\"og:locale\" content=\"da_DK\" \/>\n<meta property=\"og:type\" content=\"article\" \/>\n<meta property=\"og:title\" content=\"S\u00e6lg p\u00e5 LASTCHANCE - LASTCHANCE Deals | Danmark\" \/>\n<meta property=\"og:description\" content=\"Hvis du er en forhandler, der \u00f8nsker at s\u00e6lge dine produkter p\u00e5 LASTCHANCE Deals, er du meget velkommen! LASTCHANCE Deals er en platform, der tilbyder specielle tilbud p\u00e5 et bredt udvalg af produkter. For at komme i gang, kontakt os for at oprette en konto p\u00e5 LASTCHANCE Deals og begynd at tilf\u00f8je dine produkter. Du [&hellip;]\" \/>\n<meta property=\"og:url\" content=\"https:\/\/last-chance.dk\/?page_id=3280\" \/>\n<meta property=\"og:site_name\" content=\"LASTCHANCE Deals | Danmark\" \/>\n<meta property=\"article:modified_time\" content=\"2023-10-31T11:34:26+00:00\" \/>\n<meta name=\"twitter:card\" content=\"summary_large_image\" \/>\n<meta name=\"twitter:label1\" content=\"Estimeret l\u00e6setid\" \/>\n\t<meta name=\"twitter:data1\" content=\"2 minutter\" \/>\n<script type=\"application\/ld+json\" class=\"yoast-schema-graph\">{\"@context\":\"https:\/\/schema.org\",\"@graph\":[{\"@type\":\"WebPage\",\"@id\":\"https:\/\/last-chance.dk\/?page_id=3280\",\"url\":\"https:\/\/last-chance.dk\/?page_id=3280\",\"name\":\"S\u00e6lg p\u00e5 LASTCHANCE - LASTCHANCE Deals | Danmark\",\"isPartOf\":{\"@id\":\"https:\/\/last-chance.dk\/#website\"},\"datePublished\":\"2023-10-22T18:20:22+00:00\",\"dateModified\":\"2023-10-31T11:34:26+00:00\",\"breadcrumb\":{\"@id\":\"https:\/\/last-chance.dk\/?page_id=3280#breadcrumb\"},\"inLanguage\":\"da-DK\",\"potentialAction\":[{\"@type\":\"ReadAction\",\"target\":[\"https:\/\/last-chance.dk\/?page_id=3280\"]}]},{\"@type\":\"BreadcrumbList\",\"@id\":\"https:\/\/last-chance.dk\/?page_id=3280#breadcrumb\",\"itemListElement\":[{\"@type\":\"ListItem\",\"position\":1,\"name\":\"Home\",\"item\":\"https:\/\/last-chance.dk\/\"},{\"@type\":\"ListItem\",\"position\":2,\"name\":\"S\u00e6lg p\u00e5 LASTCHANCE\"}]},{\"@type\":\"WebSite\",\"@id\":\"https:\/\/last-chance.dk\/#website\",\"url\":\"https:\/\/last-chance.dk\/\",\"name\":\"LASTCHANCE Deals | Danmark\",\"description\":\"LASTCHANCE Deals | Danmark\",\"publisher\":{\"@id\":\"https:\/\/last-chance.dk\/#organization\"},\"potentialAction\":[{\"@type\":\"SearchAction\",\"target\":{\"@type\":\"EntryPoint\",\"urlTemplate\":\"https:\/\/last-chance.dk\/?s={search_term_string}\"},\"query-input\":{\"@type\":\"PropertyValueSpecification\",\"valueRequired\":true,\"valueName\":\"search_term_string\"}}],\"inLanguage\":\"da-DK\"},{\"@type\":\"Organization\",\"@id\":\"https:\/\/last-chance.dk\/#organization\",\"name\":\"LASTCHANCE Deals | Danmark\",\"url\":\"https:\/\/last-chance.dk\/\",\"logo\":{\"@type\":\"ImageObject\",\"inLanguage\":\"da-DK\",\"@id\":\"https:\/\/last-chance.dk\/#\/schema\/logo\/image\/\",\"url\":\"https:\/\/last-chance.dk\/wp-content\/uploads\/2023\/10\/lastchancedeals_logo_dk_white.png\",\"contentUrl\":\"https:\/\/last-chance.dk\/wp-content\/uploads\/2023\/10\/lastchancedeals_logo_dk_white.png\",\"width\":470,\"height\":110,\"caption\":\"LASTCHANCE Deals | Danmark\"},\"image\":{\"@id\":\"https:\/\/last-chance.dk\/#\/schema\/logo\/image\/\"}}]}<\/script>\n<!-- \/ Yoast SEO plugin. -->","yoast_head_json":{"title":"S\u00e6lg p\u00e5 LASTCHANCE - LASTCHANCE Deals | Danmark","robots":{"index":"index","follow":"follow","max-snippet":"max-snippet:-1","max-image-preview":"max-image-preview:large","max-video-preview":"max-video-preview:-1"},"canonical":"https:\/\/last-chance.dk\/?page_id=3280","og_locale":"da_DK","og_type":"article","og_title":"S\u00e6lg p\u00e5 LASTCHANCE - LASTCHANCE Deals | Danmark","og_description":"Hvis du er en forhandler, der \u00f8nsker at s\u00e6lge dine produkter p\u00e5 LASTCHANCE Deals, er du meget velkommen! LASTCHANCE Deals er en platform, der tilbyder specielle tilbud p\u00e5 et bredt udvalg af produkter. For at komme i gang, kontakt os for at oprette en konto p\u00e5 LASTCHANCE Deals og begynd at tilf\u00f8je dine produkter. Du [&hellip;]","og_url":"https:\/\/last-chance.dk\/?page_id=3280","og_site_name":"LASTCHANCE Deals | Danmark","article_modified_time":"2023-10-31T11:34:26+00:00","twitter_card":"summary_large_image","twitter_misc":{"Estimeret l\u00e6setid":"2 minutter"},"schema":{"@context":"https:\/\/schema.org","@graph":[{"@type":"WebPage","@id":"https:\/\/last-chance.dk\/?page_id=3280","url":"https:\/\/last-chance.dk\/?page_id=3280","name":"S\u00e6lg p\u00e5 LASTCHANCE - LASTCHANCE Deals | Danmark","isPartOf":{"@id":"https:\/\/last-chance.dk\/#website"},"datePublished":"2023-10-22T18:20:22+00:00","dateModified":"2023-10-31T11:34:26+00:00","breadcrumb":{"@id":"https:\/\/last-chance.dk\/?page_id=3280#breadcrumb"},"inLanguage":"da-DK","potentialAction":[{"@type":"ReadAction","target":["https:\/\/last-chance.dk\/?page_id=3280"]}]},{"@type":"BreadcrumbList","@id":"https:\/\/last-chance.dk\/?page_id=3280#breadcrumb","itemListElement":[{"@type":"ListItem","position":1,"name":"Home","item":"https:\/\/last-chance.dk\/"},{"@type":"ListItem","position":2,"name":"S\u00e6lg p\u00e5 LASTCHANCE"}]},{"@type":"WebSite","@id":"https:\/\/last-chance.dk\/#website","url":"https:\/\/last-chance.dk\/","name":"LASTCHANCE Deals | Danmark","description":"LASTCHANCE Deals | Danmark","publisher":{"@id":"https:\/\/last-chance.dk\/#organization"},"potentialAction":[{"@type":"SearchAction","target":{"@type":"EntryPoint","urlTemplate":"https:\/\/last-chance.dk\/?s={search_term_string}"},"query-input":{"@type":"PropertyValueSpecification","valueRequired":true,"valueName":"search_term_string"}}],"inLanguage":"da-DK"},{"@type":"Organization","@id":"https:\/\/last-chance.dk\/#organization","name":"LASTCHANCE Deals | Danmark","url":"https:\/\/last-chance.dk\/","logo":{"@type":"ImageObject","inLanguage":"da-DK","@id":"https:\/\/last-chance.dk\/#\/schema\/logo\/image\/","url":"https:\/\/last-chance.dk\/wp-content\/uploads\/2023\/10\/lastchancedeals_logo_dk_white.png","contentUrl":"https:\/\/last-chance.dk\/wp-content\/uploads\/2023\/10\/lastchancedeals_logo_dk_white.png","width":470,"height":110,"caption":"LASTCHANCE Deals | Danmark"},"image":{"@id":"https:\/\/last-chance.dk\/#\/schema\/logo\/image\/"}}]}},"_links":{"self":[{"href":"https:\/\/last-chance.dk\/index.php?rest_route=\/wp\/v2\/pages\/3280","targetHints":{"allow":["GET"]}}],"collection":[{"href":"https:\/\/last-chance.dk\/index.php?rest_route=\/wp\/v2\/pages"}],"about":[{"href":"https:\/\/last-chance.dk\/index.php?rest_route=\/wp\/v2\/types\/page"}],"author":[{"embeddable":true,"href":"https:\/\/last-chance.dk\/index.php?rest_route=\/wp\/v2\/users\/1"}],"replies":[{"embeddable":true,"href":"https:\/\/last-chance.dk\/index.php?rest_route=%2Fwp%2Fv2%2Fcomments&post=3280"}],"version-history":[{"count":4,"href":"https:\/\/last-chance.dk\/index.php?rest_route=\/wp\/v2\/pages\/3280\/revisions"}],"predecessor-version":[{"id":6723,"href":"https:\/\/last-chance.dk\/index.php?rest_route=\/wp\/v2\/pages\/3280\/revisions\/6723"}],"wp:attachment":[{"href":"https:\/\/last-chance.dk\/index.php?rest_route=%2Fwp%2Fv2%2Fmedia&parent=3280"}],"curies":[{"name":"wp","href":"https:\/\/api.w.org\/{rel}","templated":true}]}}