{"id":3284,"date":"2023-10-22T18:22:35","date_gmt":"2023-10-22T18:22:35","guid":{"rendered":"https:\/\/www.lastchance.deals\/fi\/?page_id=3284"},"modified":"2023-11-07T19:39:25","modified_gmt":"2023-11-07T19:39:25","slug":"bytte-og-returnering","status":"publish","type":"page","link":"https:\/\/last-chance.dk\/?page_id=3284","title":{"rendered":"Bytte og returnering"},"content":{"rendered":"<div class=\"content\" tabindex=\"0\">\n<div class=\"ac-container ac-adaptiveCard\">\n<div class=\"ac-textBlock\">\n<ul>\n<li>Kuluttaja-asiakkailla har 14 dages fortrydelsesret, som beregnes fra det tidspunkt, hvor kunden modtager varen.<\/li>\n<li>N\u00e5r man g\u00f8r sig bekendt med produktet i l\u00f8bet af de 14 dage, m\u00e5 man ikke tage produktet i brug.<\/li>\n<li style=\"text-align: left;\">Det returnerede produkt skal v\u00e6re ubrugt og i original emballage. N\u00e5r du returnerer produktet, skal du f\u00f8rst kontakte s\u00e6lgeren p\u00e5 LASTCHANCE Deals-platformen, inden du returnerer produktet. LASTCHANCE Deals tilbyder vejledning og information om refusion.<\/li>\n<li>LASTCHANCE Deals og heller ikke s\u00e6lgeren p\u00e5 LASTCHANCE Deals-platformen er ansvarlige for returnering, der er foretaget uden kontakt til s\u00e6lgeren og uden returinstruktioner. I s\u00e5 fald overtr\u00e6der kunden kontrakten, og s\u00e6lgeren har ret til at sende de returnerede varer tilbage til kunden p\u00e5 dennes bekostning og afvise returretten med henvisning til kontraktovertr\u00e6delse.<\/li>\n<li>Ved returnering skal produktet v\u00e6re ubrugt, salgsklar og pakket og beskyttet godt i den originale emballage.<\/li>\n<li>Bel\u00f8bet overf\u00f8res til kundens konto inden for 14 dage efter modtagelse af returneringen.<\/li>\n<li>Kunden er selv ansvarlig for fragtomkostningerne ved returnering af produktet, som afh\u00e6nger af produktets v\u00e6gt, volumen og afstanden. Den oprindelige forsendelsesomkostning refunderes ikke.<\/li>\n<li>Hvis produktet har mistet sin salgsv\u00e6rdi p\u00e5 grund af f.eks. kundens uforsigtige emballering eller skader under brug, skal kunden erstatte LASTCHANCE Deals-s\u00e6lgeren forskellen i pris mellem det defekte produkt og det beskadigede produkt.<\/li>\n<li>I dette tilf\u00e6lde refunderes produktets pris reduceret med skadeprisen. Definitionen fastl\u00e6gges fra sag til sag.<\/li>\n<li>Vi opkr\u00e6ver automatisk leverings-, retur- og behandlingsgebyrer for ikke-afhentede ordrer i forbindelse med tilbagebetaling. Bem\u00e6rk, at en ikke-afhentet ordre ikke er en returret i henhold til forbrugerbeskyttelsesloven.<\/li>\n<li>K\u00f8b foretaget af virksomheder er undtaget fra 14 dages fortrydelsesret.<\/li>\n<\/ul>\n<p>Hvis du vil bytte eller returnere produktet, du har k\u00f8bt p\u00e5 LASTCHANCE Deals-platformen, skal du kontakte produktets s\u00e6lger direkte. LASTCHANCE Deals er en platform, der tilbyder specialtilbud p\u00e5 et bredt udvalg af produkter.<\/p>\n<p>Selvom LASTCHANCE Deals tilbyder en platform til genforhandlere for at s\u00e6lge deres produkter, er den ikke ansvarlig for bytter, returneringer eller rapportering af skader. Hvis du har problemer med produktet, skal du kontakte s\u00e6lgeren direkte for at l\u00f8se problemet.<\/p>\n<p>Kontakt produktets s\u00e6lger ved at g\u00e5 til din ordrehistorik og klikke p\u00e5 den relevante ordre. Herfra kan du sende en besked til s\u00e6lgeren for at anmode om en bytte eller returnering. Hvis produktet er beskadiget, skal du huske at inkludere billeder af skaderne i din besked.<\/p>\n<p>Hvis du ikke kan l\u00f8se problemet med s\u00e6lgeren, skal du kontakte LASTCHANCE Deals kundesupport for at f\u00e5 hj\u00e6lp. Vores team vil g\u00f8re deres bedste for at hj\u00e6lpe dig med at l\u00f8se eventuelle problemer.<\/p>\n<\/div>\n<\/div>\n<\/div>\n","protected":false},"excerpt":{"rendered":"<p>Kuluttaja-asiakkailla har 14 dages fortrydelsesret, som beregnes fra det tidspunkt, hvor kunden modtager varen. N\u00e5r man g\u00f8r sig bekendt med produktet i l\u00f8bet af de 14 dage, m\u00e5 man ikke tage produktet i brug. Det returnerede produkt skal v\u00e6re ubrugt og i original emballage. N\u00e5r du returnerer produktet, skal du f\u00f8rst kontakte s\u00e6lgeren p\u00e5 LASTCHANCE [&hellip;]<\/p>\n","protected":false},"author":1,"featured_media":0,"parent":0,"menu_order":0,"comment_status":"closed","ping_status":"closed","template":"","meta":{"footnotes":""},"class_list":["post-3284","page","type-page","status-publish","hentry"],"yoast_head":"<!-- This site is optimized with the Yoast SEO plugin v24.8.1 - https:\/\/yoast.com\/wordpress\/plugins\/seo\/ -->\n<title>Bytte og returnering - LASTCHANCE Deals | Danmark<\/title>\n<meta name=\"robots\" content=\"index, follow, max-snippet:-1, max-image-preview:large, max-video-preview:-1\" \/>\n<link rel=\"canonical\" href=\"https:\/\/last-chance.dk\/?page_id=3284\" \/>\n<meta property=\"og:locale\" content=\"da_DK\" \/>\n<meta property=\"og:type\" content=\"article\" \/>\n<meta property=\"og:title\" content=\"Bytte og returnering - LASTCHANCE Deals | Danmark\" \/>\n<meta property=\"og:description\" content=\"Kuluttaja-asiakkailla har 14 dages fortrydelsesret, som beregnes fra det tidspunkt, hvor kunden modtager varen. N\u00e5r man g\u00f8r sig bekendt med produktet i l\u00f8bet af de 14 dage, m\u00e5 man ikke tage produktet i brug. Det returnerede produkt skal v\u00e6re ubrugt og i original emballage. N\u00e5r du returnerer produktet, skal du f\u00f8rst kontakte s\u00e6lgeren p\u00e5 LASTCHANCE [&hellip;]\" \/>\n<meta property=\"og:url\" content=\"https:\/\/last-chance.dk\/?page_id=3284\" \/>\n<meta property=\"og:site_name\" content=\"LASTCHANCE Deals | Danmark\" \/>\n<meta property=\"article:modified_time\" content=\"2023-11-07T19:39:25+00:00\" \/>\n<meta name=\"twitter:card\" content=\"summary_large_image\" \/>\n<meta name=\"twitter:label1\" content=\"Estimeret l\u00e6setid\" \/>\n\t<meta name=\"twitter:data1\" content=\"3 minutter\" \/>\n<script type=\"application\/ld+json\" class=\"yoast-schema-graph\">{\"@context\":\"https:\/\/schema.org\",\"@graph\":[{\"@type\":\"WebPage\",\"@id\":\"https:\/\/last-chance.dk\/?page_id=3284\",\"url\":\"https:\/\/last-chance.dk\/?page_id=3284\",\"name\":\"Bytte og returnering - LASTCHANCE Deals | Danmark\",\"isPartOf\":{\"@id\":\"https:\/\/last-chance.dk\/#website\"},\"datePublished\":\"2023-10-22T18:22:35+00:00\",\"dateModified\":\"2023-11-07T19:39:25+00:00\",\"breadcrumb\":{\"@id\":\"https:\/\/last-chance.dk\/?page_id=3284#breadcrumb\"},\"inLanguage\":\"da-DK\",\"potentialAction\":[{\"@type\":\"ReadAction\",\"target\":[\"https:\/\/last-chance.dk\/?page_id=3284\"]}]},{\"@type\":\"BreadcrumbList\",\"@id\":\"https:\/\/last-chance.dk\/?page_id=3284#breadcrumb\",\"itemListElement\":[{\"@type\":\"ListItem\",\"position\":1,\"name\":\"Home\",\"item\":\"https:\/\/last-chance.dk\/\"},{\"@type\":\"ListItem\",\"position\":2,\"name\":\"Bytte og returnering\"}]},{\"@type\":\"WebSite\",\"@id\":\"https:\/\/last-chance.dk\/#website\",\"url\":\"https:\/\/last-chance.dk\/\",\"name\":\"LASTCHANCE Deals | Danmark\",\"description\":\"LASTCHANCE Deals | Danmark\",\"publisher\":{\"@id\":\"https:\/\/last-chance.dk\/#organization\"},\"potentialAction\":[{\"@type\":\"SearchAction\",\"target\":{\"@type\":\"EntryPoint\",\"urlTemplate\":\"https:\/\/last-chance.dk\/?s={search_term_string}\"},\"query-input\":{\"@type\":\"PropertyValueSpecification\",\"valueRequired\":true,\"valueName\":\"search_term_string\"}}],\"inLanguage\":\"da-DK\"},{\"@type\":\"Organization\",\"@id\":\"https:\/\/last-chance.dk\/#organization\",\"name\":\"LASTCHANCE Deals | Danmark\",\"url\":\"https:\/\/last-chance.dk\/\",\"logo\":{\"@type\":\"ImageObject\",\"inLanguage\":\"da-DK\",\"@id\":\"https:\/\/last-chance.dk\/#\/schema\/logo\/image\/\",\"url\":\"https:\/\/last-chance.dk\/wp-content\/uploads\/2023\/10\/lastchancedeals_logo_dk_white.png\",\"contentUrl\":\"https:\/\/last-chance.dk\/wp-content\/uploads\/2023\/10\/lastchancedeals_logo_dk_white.png\",\"width\":470,\"height\":110,\"caption\":\"LASTCHANCE Deals | Danmark\"},\"image\":{\"@id\":\"https:\/\/last-chance.dk\/#\/schema\/logo\/image\/\"}}]}<\/script>\n<!-- \/ Yoast SEO plugin. -->","yoast_head_json":{"title":"Bytte og returnering - LASTCHANCE Deals | Danmark","robots":{"index":"index","follow":"follow","max-snippet":"max-snippet:-1","max-image-preview":"max-image-preview:large","max-video-preview":"max-video-preview:-1"},"canonical":"https:\/\/last-chance.dk\/?page_id=3284","og_locale":"da_DK","og_type":"article","og_title":"Bytte og returnering - LASTCHANCE Deals | Danmark","og_description":"Kuluttaja-asiakkailla har 14 dages fortrydelsesret, som beregnes fra det tidspunkt, hvor kunden modtager varen. N\u00e5r man g\u00f8r sig bekendt med produktet i l\u00f8bet af de 14 dage, m\u00e5 man ikke tage produktet i brug. Det returnerede produkt skal v\u00e6re ubrugt og i original emballage. N\u00e5r du returnerer produktet, skal du f\u00f8rst kontakte s\u00e6lgeren p\u00e5 LASTCHANCE [&hellip;]","og_url":"https:\/\/last-chance.dk\/?page_id=3284","og_site_name":"LASTCHANCE Deals | Danmark","article_modified_time":"2023-11-07T19:39:25+00:00","twitter_card":"summary_large_image","twitter_misc":{"Estimeret l\u00e6setid":"3 minutter"},"schema":{"@context":"https:\/\/schema.org","@graph":[{"@type":"WebPage","@id":"https:\/\/last-chance.dk\/?page_id=3284","url":"https:\/\/last-chance.dk\/?page_id=3284","name":"Bytte og returnering - LASTCHANCE Deals | Danmark","isPartOf":{"@id":"https:\/\/last-chance.dk\/#website"},"datePublished":"2023-10-22T18:22:35+00:00","dateModified":"2023-11-07T19:39:25+00:00","breadcrumb":{"@id":"https:\/\/last-chance.dk\/?page_id=3284#breadcrumb"},"inLanguage":"da-DK","potentialAction":[{"@type":"ReadAction","target":["https:\/\/last-chance.dk\/?page_id=3284"]}]},{"@type":"BreadcrumbList","@id":"https:\/\/last-chance.dk\/?page_id=3284#breadcrumb","itemListElement":[{"@type":"ListItem","position":1,"name":"Home","item":"https:\/\/last-chance.dk\/"},{"@type":"ListItem","position":2,"name":"Bytte og returnering"}]},{"@type":"WebSite","@id":"https:\/\/last-chance.dk\/#website","url":"https:\/\/last-chance.dk\/","name":"LASTCHANCE Deals | Danmark","description":"LASTCHANCE Deals | Danmark","publisher":{"@id":"https:\/\/last-chance.dk\/#organization"},"potentialAction":[{"@type":"SearchAction","target":{"@type":"EntryPoint","urlTemplate":"https:\/\/last-chance.dk\/?s={search_term_string}"},"query-input":{"@type":"PropertyValueSpecification","valueRequired":true,"valueName":"search_term_string"}}],"inLanguage":"da-DK"},{"@type":"Organization","@id":"https:\/\/last-chance.dk\/#organization","name":"LASTCHANCE Deals | Danmark","url":"https:\/\/last-chance.dk\/","logo":{"@type":"ImageObject","inLanguage":"da-DK","@id":"https:\/\/last-chance.dk\/#\/schema\/logo\/image\/","url":"https:\/\/last-chance.dk\/wp-content\/uploads\/2023\/10\/lastchancedeals_logo_dk_white.png","contentUrl":"https:\/\/last-chance.dk\/wp-content\/uploads\/2023\/10\/lastchancedeals_logo_dk_white.png","width":470,"height":110,"caption":"LASTCHANCE Deals | Danmark"},"image":{"@id":"https:\/\/last-chance.dk\/#\/schema\/logo\/image\/"}}]}},"_links":{"self":[{"href":"https:\/\/last-chance.dk\/index.php?rest_route=\/wp\/v2\/pages\/3284","targetHints":{"allow":["GET"]}}],"collection":[{"href":"https:\/\/last-chance.dk\/index.php?rest_route=\/wp\/v2\/pages"}],"about":[{"href":"https:\/\/last-chance.dk\/index.php?rest_route=\/wp\/v2\/types\/page"}],"author":[{"embeddable":true,"href":"https:\/\/last-chance.dk\/index.php?rest_route=\/wp\/v2\/users\/1"}],"replies":[{"embeddable":true,"href":"https:\/\/last-chance.dk\/index.php?rest_route=%2Fwp%2Fv2%2Fcomments&post=3284"}],"version-history":[{"count":5,"href":"https:\/\/last-chance.dk\/index.php?rest_route=\/wp\/v2\/pages\/3284\/revisions"}],"predecessor-version":[{"id":9040,"href":"https:\/\/last-chance.dk\/index.php?rest_route=\/wp\/v2\/pages\/3284\/revisions\/9040"}],"wp:attachment":[{"href":"https:\/\/last-chance.dk\/index.php?rest_route=%2Fwp%2Fv2%2Fmedia&parent=3284"}],"curies":[{"name":"wp","href":"https:\/\/api.w.org\/{rel}","templated":true}]}}