{"id":3286,"date":"2023-10-22T18:28:09","date_gmt":"2023-10-22T18:28:09","guid":{"rendered":"https:\/\/www.lastchance.deals\/fi\/?page_id=3286"},"modified":"2023-10-31T10:18:23","modified_gmt":"2023-10-31T10:18:23","slug":"levering","status":"publish","type":"page","link":"https:\/\/last-chance.dk\/?page_id=3286","title":{"rendered":"Levering"},"content":{"rendered":"<p>LASTCHANCE Deals s\u00e6lgere bruger fragtselskaberne PostNord, GLS Express, Bring og Burd til levering i Danmark.<\/p>\n<p>Fragtmetode og estimeret leveringstid fremg\u00e5r ved bestilling af det enkelte produkt. Udvalget af fragtmetoder og dermed fragtpriser kan derfor variere, da forskellige \u00e5rsager s\u00e5som v\u00e6gt og varens dimensioner afg\u00f8r fragtmulighederne. Derudover anvender vi dropshipments udenom vores lager i form af en tredjepartsleverand\u00f8r til forsendelse af bestillinger, hvis dette er muligt.<\/p>\n<p>Hvis du har valgt levering til en pakkeshop\/pakkeboks, hvor der ikke er plads, vil din leverance blive omdirigeret til en n\u00e6rliggende pakkeshop\/pakkeboks.<\/p>\n<p>LASTCHANCE Deals s\u00e6lgere tager produktforsikring for at d\u00e6kke eventuelle skader eller tab af produktet under transporten.<\/p>\n<p>Specielt for erhvervskunder<br \/>\nDer er en formodning for, at en ordre er B2B, og derfor ikke betragtes som forbrugerk\u00f8b, hvis der st\u00e5r et firmanavn i faktureringsadressen.<\/p>\n<p>I tilf\u00e6lde af synlige skader p\u00e5 forsendelsen skal klager indgives samme dag til LASTCHANCE Deals, n\u00e5r varen modtages. For skjulte skader, skal der reklameres indenfor 5 arbejdsdage efter, at varen er modtaget. Reklameres der ikke indenfor ovenst\u00e5ende tidsfrister, kan reklamationen afvises.<em>Klager over skader p\u00e5 forsendelsen kan ogs\u00e5 afvises, hvis produktets emballage og\/eller forsendelsens emballage er blevet bortskaffet, f\u00f8r LASTCHANCE Deals s\u00e6lgeren blev kontaktet.<\/em><\/p>\n<p>Ovenst\u00e5ende skal forst\u00e5s i overensstemmelse med k\u00f8bers unders\u00f8gelsespligt efter k\u00f8belovens \u00a7 51 og er for erhvervsdrivende g\u00e6ldende ved b\u00e5de civil- og handelsk\u00f8b.<\/p>\n","protected":false},"excerpt":{"rendered":"<p>LASTCHANCE Deals s\u00e6lgere bruger fragtselskaberne PostNord, GLS Express, Bring og Burd til levering i Danmark. Fragtmetode og estimeret leveringstid fremg\u00e5r ved bestilling af det enkelte produkt. Udvalget af fragtmetoder og dermed fragtpriser kan derfor variere, da forskellige \u00e5rsager s\u00e5som v\u00e6gt og varens dimensioner afg\u00f8r fragtmulighederne. Derudover anvender vi dropshipments udenom vores lager i form af [&hellip;]<\/p>\n","protected":false},"author":1,"featured_media":0,"parent":0,"menu_order":0,"comment_status":"closed","ping_status":"closed","template":"","meta":{"footnotes":""},"class_list":["post-3286","page","type-page","status-publish","hentry"],"yoast_head":"<!-- This site is optimized with the Yoast SEO plugin v24.8.1 - https:\/\/yoast.com\/wordpress\/plugins\/seo\/ -->\n<title>Levering - LASTCHANCE Deals | Danmark<\/title>\n<meta name=\"robots\" content=\"index, follow, max-snippet:-1, max-image-preview:large, max-video-preview:-1\" \/>\n<link rel=\"canonical\" href=\"https:\/\/last-chance.dk\/?page_id=3286\" \/>\n<meta property=\"og:locale\" content=\"da_DK\" \/>\n<meta property=\"og:type\" content=\"article\" \/>\n<meta property=\"og:title\" content=\"Levering - LASTCHANCE Deals | Danmark\" \/>\n<meta property=\"og:description\" content=\"LASTCHANCE Deals s\u00e6lgere bruger fragtselskaberne PostNord, GLS Express, Bring og Burd til levering i Danmark. Fragtmetode og estimeret leveringstid fremg\u00e5r ved bestilling af det enkelte produkt. Udvalget af fragtmetoder og dermed fragtpriser kan derfor variere, da forskellige \u00e5rsager s\u00e5som v\u00e6gt og varens dimensioner afg\u00f8r fragtmulighederne. Derudover anvender vi dropshipments udenom vores lager i form af [&hellip;]\" \/>\n<meta property=\"og:url\" content=\"https:\/\/last-chance.dk\/?page_id=3286\" \/>\n<meta property=\"og:site_name\" content=\"LASTCHANCE Deals | Danmark\" \/>\n<meta property=\"article:modified_time\" content=\"2023-10-31T10:18:23+00:00\" \/>\n<meta name=\"twitter:card\" content=\"summary_large_image\" \/>\n<meta name=\"twitter:label1\" content=\"Estimeret l\u00e6setid\" \/>\n\t<meta name=\"twitter:data1\" content=\"2 minutter\" \/>\n<script type=\"application\/ld+json\" class=\"yoast-schema-graph\">{\"@context\":\"https:\/\/schema.org\",\"@graph\":[{\"@type\":\"WebPage\",\"@id\":\"https:\/\/last-chance.dk\/?page_id=3286\",\"url\":\"https:\/\/last-chance.dk\/?page_id=3286\",\"name\":\"Levering - LASTCHANCE Deals | Danmark\",\"isPartOf\":{\"@id\":\"https:\/\/last-chance.dk\/#website\"},\"datePublished\":\"2023-10-22T18:28:09+00:00\",\"dateModified\":\"2023-10-31T10:18:23+00:00\",\"breadcrumb\":{\"@id\":\"https:\/\/last-chance.dk\/?page_id=3286#breadcrumb\"},\"inLanguage\":\"da-DK\",\"potentialAction\":[{\"@type\":\"ReadAction\",\"target\":[\"https:\/\/last-chance.dk\/?page_id=3286\"]}]},{\"@type\":\"BreadcrumbList\",\"@id\":\"https:\/\/last-chance.dk\/?page_id=3286#breadcrumb\",\"itemListElement\":[{\"@type\":\"ListItem\",\"position\":1,\"name\":\"Home\",\"item\":\"https:\/\/last-chance.dk\/\"},{\"@type\":\"ListItem\",\"position\":2,\"name\":\"Levering\"}]},{\"@type\":\"WebSite\",\"@id\":\"https:\/\/last-chance.dk\/#website\",\"url\":\"https:\/\/last-chance.dk\/\",\"name\":\"LASTCHANCE Deals | Danmark\",\"description\":\"LASTCHANCE Deals | Danmark\",\"publisher\":{\"@id\":\"https:\/\/last-chance.dk\/#organization\"},\"potentialAction\":[{\"@type\":\"SearchAction\",\"target\":{\"@type\":\"EntryPoint\",\"urlTemplate\":\"https:\/\/last-chance.dk\/?s={search_term_string}\"},\"query-input\":{\"@type\":\"PropertyValueSpecification\",\"valueRequired\":true,\"valueName\":\"search_term_string\"}}],\"inLanguage\":\"da-DK\"},{\"@type\":\"Organization\",\"@id\":\"https:\/\/last-chance.dk\/#organization\",\"name\":\"LASTCHANCE Deals | Danmark\",\"url\":\"https:\/\/last-chance.dk\/\",\"logo\":{\"@type\":\"ImageObject\",\"inLanguage\":\"da-DK\",\"@id\":\"https:\/\/last-chance.dk\/#\/schema\/logo\/image\/\",\"url\":\"https:\/\/last-chance.dk\/wp-content\/uploads\/2023\/10\/lastchancedeals_logo_dk_white.png\",\"contentUrl\":\"https:\/\/last-chance.dk\/wp-content\/uploads\/2023\/10\/lastchancedeals_logo_dk_white.png\",\"width\":470,\"height\":110,\"caption\":\"LASTCHANCE Deals | Danmark\"},\"image\":{\"@id\":\"https:\/\/last-chance.dk\/#\/schema\/logo\/image\/\"}}]}<\/script>\n<!-- \/ Yoast SEO plugin. -->","yoast_head_json":{"title":"Levering - LASTCHANCE Deals | Danmark","robots":{"index":"index","follow":"follow","max-snippet":"max-snippet:-1","max-image-preview":"max-image-preview:large","max-video-preview":"max-video-preview:-1"},"canonical":"https:\/\/last-chance.dk\/?page_id=3286","og_locale":"da_DK","og_type":"article","og_title":"Levering - LASTCHANCE Deals | Danmark","og_description":"LASTCHANCE Deals s\u00e6lgere bruger fragtselskaberne PostNord, GLS Express, Bring og Burd til levering i Danmark. Fragtmetode og estimeret leveringstid fremg\u00e5r ved bestilling af det enkelte produkt. Udvalget af fragtmetoder og dermed fragtpriser kan derfor variere, da forskellige \u00e5rsager s\u00e5som v\u00e6gt og varens dimensioner afg\u00f8r fragtmulighederne. Derudover anvender vi dropshipments udenom vores lager i form af [&hellip;]","og_url":"https:\/\/last-chance.dk\/?page_id=3286","og_site_name":"LASTCHANCE Deals | Danmark","article_modified_time":"2023-10-31T10:18:23+00:00","twitter_card":"summary_large_image","twitter_misc":{"Estimeret l\u00e6setid":"2 minutter"},"schema":{"@context":"https:\/\/schema.org","@graph":[{"@type":"WebPage","@id":"https:\/\/last-chance.dk\/?page_id=3286","url":"https:\/\/last-chance.dk\/?page_id=3286","name":"Levering - LASTCHANCE Deals | Danmark","isPartOf":{"@id":"https:\/\/last-chance.dk\/#website"},"datePublished":"2023-10-22T18:28:09+00:00","dateModified":"2023-10-31T10:18:23+00:00","breadcrumb":{"@id":"https:\/\/last-chance.dk\/?page_id=3286#breadcrumb"},"inLanguage":"da-DK","potentialAction":[{"@type":"ReadAction","target":["https:\/\/last-chance.dk\/?page_id=3286"]}]},{"@type":"BreadcrumbList","@id":"https:\/\/last-chance.dk\/?page_id=3286#breadcrumb","itemListElement":[{"@type":"ListItem","position":1,"name":"Home","item":"https:\/\/last-chance.dk\/"},{"@type":"ListItem","position":2,"name":"Levering"}]},{"@type":"WebSite","@id":"https:\/\/last-chance.dk\/#website","url":"https:\/\/last-chance.dk\/","name":"LASTCHANCE Deals | Danmark","description":"LASTCHANCE Deals | Danmark","publisher":{"@id":"https:\/\/last-chance.dk\/#organization"},"potentialAction":[{"@type":"SearchAction","target":{"@type":"EntryPoint","urlTemplate":"https:\/\/last-chance.dk\/?s={search_term_string}"},"query-input":{"@type":"PropertyValueSpecification","valueRequired":true,"valueName":"search_term_string"}}],"inLanguage":"da-DK"},{"@type":"Organization","@id":"https:\/\/last-chance.dk\/#organization","name":"LASTCHANCE Deals | Danmark","url":"https:\/\/last-chance.dk\/","logo":{"@type":"ImageObject","inLanguage":"da-DK","@id":"https:\/\/last-chance.dk\/#\/schema\/logo\/image\/","url":"https:\/\/last-chance.dk\/wp-content\/uploads\/2023\/10\/lastchancedeals_logo_dk_white.png","contentUrl":"https:\/\/last-chance.dk\/wp-content\/uploads\/2023\/10\/lastchancedeals_logo_dk_white.png","width":470,"height":110,"caption":"LASTCHANCE Deals | Danmark"},"image":{"@id":"https:\/\/last-chance.dk\/#\/schema\/logo\/image\/"}}]}},"_links":{"self":[{"href":"https:\/\/last-chance.dk\/index.php?rest_route=\/wp\/v2\/pages\/3286","targetHints":{"allow":["GET"]}}],"collection":[{"href":"https:\/\/last-chance.dk\/index.php?rest_route=\/wp\/v2\/pages"}],"about":[{"href":"https:\/\/last-chance.dk\/index.php?rest_route=\/wp\/v2\/types\/page"}],"author":[{"embeddable":true,"href":"https:\/\/last-chance.dk\/index.php?rest_route=\/wp\/v2\/users\/1"}],"replies":[{"embeddable":true,"href":"https:\/\/last-chance.dk\/index.php?rest_route=%2Fwp%2Fv2%2Fcomments&post=3286"}],"version-history":[{"count":4,"href":"https:\/\/last-chance.dk\/index.php?rest_route=\/wp\/v2\/pages\/3286\/revisions"}],"predecessor-version":[{"id":6713,"href":"https:\/\/last-chance.dk\/index.php?rest_route=\/wp\/v2\/pages\/3286\/revisions\/6713"}],"wp:attachment":[{"href":"https:\/\/last-chance.dk\/index.php?rest_route=%2Fwp%2Fv2%2Fmedia&parent=3286"}],"curies":[{"name":"wp","href":"https:\/\/api.w.org\/{rel}","templated":true}]}}