{"id":10016,"date":"2023-12-17T00:23:42","date_gmt":"2023-12-17T00:23:42","guid":{"rendered":"https:\/\/www.lastchance.deals\/dk\/produkt\/sofabetraek-comox-200-260cm\/"},"modified":"2025-03-24T12:29:04","modified_gmt":"2025-03-24T12:29:04","slug":"sofabetraek-comox-200-260cm","status":"publish","type":"product","link":"https:\/\/last-chance.dk\/?product=sofabetraek-comox-200-260cm","title":{"rendered":"Sofabetr\u00e6k Comox 200-260cm"},"content":{"rendered":"<p>Er du p\u00e5 udkig efter en nem og billig m\u00e5de at forny dit gamle sofa? S\u00e5 er sofabetr\u00e6k Comox 200-260cm det perfekte valg for dig! Dette sofabetr\u00e6k er lavet af bl\u00f8dt og slidst\u00e6rkt stof, der kan str\u00e6kkes for at passe til forskellige sofaformer og st\u00f8rrelser. Det er ogs\u00e5 nemt at tage af og p\u00e5, s\u00e5 du kan vaske det efter behov.<\/p>\n<p><\/p>\n<p>Sofabetr\u00e6k Comox 200-260cm har en neutral farve, der passer til enhver indretning. Det er designet af ForrestDecor, en f\u00f8rende producent af hjemmetekstiler med fokus p\u00e5 kvalitet og komfort. Med dette sofabetr\u00e6k kan du give dit sofa et nyt look uden at bruge en formue.<\/p>\n<p><\/p>\n<p>Bestil dit sofabetr\u00e6k Comox 200-260cm i dag og nyd fordelene ved et friskt og hyggeligt sofa. Du vil elske at slappe af p\u00e5 dit sofa med dette bl\u00f8de og behagelige betr\u00e6k. Skynd dig, f\u00f8r lageret l\u00f8ber t\u00f8r!<\/p>\n<p><\/p>\n<p>Leveringstid: Leveringstid 1 uge<br \/>\nMateriale: stof<br \/>\nFarve: ikke angivet<br \/>\nDimensioner: 200-260cm<br \/>\nFabrikant: ForrestDecor<\/p>\n","protected":false},"excerpt":{"rendered":"<p>Er du p\u00e5 udkig efter en nem og billig m\u00e5de at forny dit gamle sofa? S\u00e5 er sofabetr\u00e6k Comox 200-260cm det perfekte valg for dig! Dette sofabetr\u00e6k er lavet af bl\u00f8dt og slidst\u00e6rkt stof, der kan str\u00e6kkes for at passe til forskellige sofaformer og st\u00f8rrelser. Det er ogs\u00e5 nemt at tage af og p\u00e5, s\u00e5 [&hellip;]<\/p>\n","protected":false},"featured_media":10003,"comment_status":"open","ping_status":"closed","template":"","meta":[],"product_brand":[],"product_cat":[244],"product_tag":[],"class_list":{"0":"post-10016","1":"product","2":"type-product","3":"status-publish","4":"has-post-thumbnail","6":"product_cat-soffoverdrag","8":"first","9":"instock","10":"shipping-taxable","11":"purchasable","12":"product-type-simple"},"yoast_head":"<!-- This site is optimized with the Yoast SEO plugin v24.8.1 - https:\/\/yoast.com\/wordpress\/plugins\/seo\/ -->\n<title>Sofabetr\u00e6k Comox 200-260cm - LASTCHANCE Deals | Danmark<\/title>\n<meta name=\"robots\" content=\"index, follow, max-snippet:-1, max-image-preview:large, max-video-preview:-1\" \/>\n<link rel=\"canonical\" href=\"https:\/\/last-chance.dk\/?product=sofabetraek-comox-200-260cm\" \/>\n<meta property=\"og:locale\" content=\"da_DK\" \/>\n<meta property=\"og:type\" content=\"article\" \/>\n<meta property=\"og:title\" content=\"Sofabetr\u00e6k Comox 200-260cm - LASTCHANCE Deals | Danmark\" \/>\n<meta property=\"og:description\" content=\"Er du p\u00e5 udkig efter en nem og billig m\u00e5de at forny dit gamle sofa? S\u00e5 er sofabetr\u00e6k Comox 200-260cm det perfekte valg for dig! Dette sofabetr\u00e6k er lavet af bl\u00f8dt og slidst\u00e6rkt stof, der kan str\u00e6kkes for at passe til forskellige sofaformer og st\u00f8rrelser. Det er ogs\u00e5 nemt at tage af og p\u00e5, s\u00e5 [&hellip;]\" \/>\n<meta property=\"og:url\" content=\"https:\/\/last-chance.dk\/?product=sofabetraek-comox-200-260cm\" \/>\n<meta property=\"og:site_name\" content=\"LASTCHANCE Deals | Danmark\" \/>\n<meta property=\"article:modified_time\" content=\"2025-03-24T12:29:04+00:00\" \/>\n<meta property=\"og:image\" content=\"https:\/\/last-chance.dk\/wp-content\/uploads\/2023\/12\/comox_a_6.jpg\" \/>\n\t<meta property=\"og:image:width\" content=\"800\" \/>\n\t<meta property=\"og:image:height\" content=\"800\" \/>\n\t<meta property=\"og:image:type\" content=\"image\/jpeg\" \/>\n<meta name=\"twitter:card\" content=\"summary_large_image\" \/>\n<meta name=\"twitter:label1\" content=\"Estimeret l\u00e6setid\" \/>\n\t<meta name=\"twitter:data1\" content=\"1 minut\" \/>\n<script type=\"application\/ld+json\" class=\"yoast-schema-graph\">{\"@context\":\"https:\/\/schema.org\",\"@graph\":[{\"@type\":\"WebPage\",\"@id\":\"https:\/\/last-chance.dk\/?product=sofabetraek-comox-200-260cm\",\"url\":\"https:\/\/last-chance.dk\/?product=sofabetraek-comox-200-260cm\",\"name\":\"Sofabetr\u00e6k Comox 200-260cm - LASTCHANCE Deals | Danmark\",\"isPartOf\":{\"@id\":\"https:\/\/last-chance.dk\/#website\"},\"primaryImageOfPage\":{\"@id\":\"https:\/\/last-chance.dk\/?product=sofabetraek-comox-200-260cm#primaryimage\"},\"image\":{\"@id\":\"https:\/\/last-chance.dk\/?product=sofabetraek-comox-200-260cm#primaryimage\"},\"thumbnailUrl\":\"https:\/\/last-chance.dk\/wp-content\/uploads\/2023\/12\/comox_a_6.jpg\",\"datePublished\":\"2023-12-17T00:23:42+00:00\",\"dateModified\":\"2025-03-24T12:29:04+00:00\",\"breadcrumb\":{\"@id\":\"https:\/\/last-chance.dk\/?product=sofabetraek-comox-200-260cm#breadcrumb\"},\"inLanguage\":\"da-DK\",\"potentialAction\":[{\"@type\":\"ReadAction\",\"target\":[\"https:\/\/last-chance.dk\/?product=sofabetraek-comox-200-260cm\"]}]},{\"@type\":\"ImageObject\",\"inLanguage\":\"da-DK\",\"@id\":\"https:\/\/last-chance.dk\/?product=sofabetraek-comox-200-260cm#primaryimage\",\"url\":\"https:\/\/last-chance.dk\/wp-content\/uploads\/2023\/12\/comox_a_6.jpg\",\"contentUrl\":\"https:\/\/last-chance.dk\/wp-content\/uploads\/2023\/12\/comox_a_6.jpg\",\"width\":800,\"height\":800},{\"@type\":\"BreadcrumbList\",\"@id\":\"https:\/\/last-chance.dk\/?product=sofabetraek-comox-200-260cm#breadcrumb\",\"itemListElement\":[{\"@type\":\"ListItem\",\"position\":1,\"name\":\"Home\",\"item\":\"https:\/\/last-chance.dk\/\"},{\"@type\":\"ListItem\",\"position\":2,\"name\":\"Sofabetr\u00e6k Comox 200-260cm\"}]},{\"@type\":\"WebSite\",\"@id\":\"https:\/\/last-chance.dk\/#website\",\"url\":\"https:\/\/last-chance.dk\/\",\"name\":\"LASTCHANCE Deals | Danmark\",\"description\":\"LASTCHANCE Deals | Danmark\",\"publisher\":{\"@id\":\"https:\/\/last-chance.dk\/#organization\"},\"potentialAction\":[{\"@type\":\"SearchAction\",\"target\":{\"@type\":\"EntryPoint\",\"urlTemplate\":\"https:\/\/last-chance.dk\/?s={search_term_string}\"},\"query-input\":{\"@type\":\"PropertyValueSpecification\",\"valueRequired\":true,\"valueName\":\"search_term_string\"}}],\"inLanguage\":\"da-DK\"},{\"@type\":\"Organization\",\"@id\":\"https:\/\/last-chance.dk\/#organization\",\"name\":\"LASTCHANCE Deals | Danmark\",\"url\":\"https:\/\/last-chance.dk\/\",\"logo\":{\"@type\":\"ImageObject\",\"inLanguage\":\"da-DK\",\"@id\":\"https:\/\/last-chance.dk\/#\/schema\/logo\/image\/\",\"url\":\"https:\/\/last-chance.dk\/wp-content\/uploads\/2023\/10\/lastchancedeals_logo_dk_white.png\",\"contentUrl\":\"https:\/\/last-chance.dk\/wp-content\/uploads\/2023\/10\/lastchancedeals_logo_dk_white.png\",\"width\":470,\"height\":110,\"caption\":\"LASTCHANCE Deals | Danmark\"},\"image\":{\"@id\":\"https:\/\/last-chance.dk\/#\/schema\/logo\/image\/\"}}]}<\/script>\n<!-- \/ Yoast SEO plugin. -->","yoast_head_json":{"title":"Sofabetr\u00e6k Comox 200-260cm - LASTCHANCE Deals | Danmark","robots":{"index":"index","follow":"follow","max-snippet":"max-snippet:-1","max-image-preview":"max-image-preview:large","max-video-preview":"max-video-preview:-1"},"canonical":"https:\/\/last-chance.dk\/?product=sofabetraek-comox-200-260cm","og_locale":"da_DK","og_type":"article","og_title":"Sofabetr\u00e6k Comox 200-260cm - LASTCHANCE Deals | Danmark","og_description":"Er du p\u00e5 udkig efter en nem og billig m\u00e5de at forny dit gamle sofa? S\u00e5 er sofabetr\u00e6k Comox 200-260cm det perfekte valg for dig! Dette sofabetr\u00e6k er lavet af bl\u00f8dt og slidst\u00e6rkt stof, der kan str\u00e6kkes for at passe til forskellige sofaformer og st\u00f8rrelser. Det er ogs\u00e5 nemt at tage af og p\u00e5, s\u00e5 [&hellip;]","og_url":"https:\/\/last-chance.dk\/?product=sofabetraek-comox-200-260cm","og_site_name":"LASTCHANCE Deals | Danmark","article_modified_time":"2025-03-24T12:29:04+00:00","og_image":[{"width":800,"height":800,"url":"https:\/\/last-chance.dk\/wp-content\/uploads\/2023\/12\/comox_a_6.jpg","type":"image\/jpeg"}],"twitter_card":"summary_large_image","twitter_misc":{"Estimeret l\u00e6setid":"1 minut"},"schema":{"@context":"https:\/\/schema.org","@graph":[{"@type":"WebPage","@id":"https:\/\/last-chance.dk\/?product=sofabetraek-comox-200-260cm","url":"https:\/\/last-chance.dk\/?product=sofabetraek-comox-200-260cm","name":"Sofabetr\u00e6k Comox 200-260cm - LASTCHANCE Deals | Danmark","isPartOf":{"@id":"https:\/\/last-chance.dk\/#website"},"primaryImageOfPage":{"@id":"https:\/\/last-chance.dk\/?product=sofabetraek-comox-200-260cm#primaryimage"},"image":{"@id":"https:\/\/last-chance.dk\/?product=sofabetraek-comox-200-260cm#primaryimage"},"thumbnailUrl":"https:\/\/last-chance.dk\/wp-content\/uploads\/2023\/12\/comox_a_6.jpg","datePublished":"2023-12-17T00:23:42+00:00","dateModified":"2025-03-24T12:29:04+00:00","breadcrumb":{"@id":"https:\/\/last-chance.dk\/?product=sofabetraek-comox-200-260cm#breadcrumb"},"inLanguage":"da-DK","potentialAction":[{"@type":"ReadAction","target":["https:\/\/last-chance.dk\/?product=sofabetraek-comox-200-260cm"]}]},{"@type":"ImageObject","inLanguage":"da-DK","@id":"https:\/\/last-chance.dk\/?product=sofabetraek-comox-200-260cm#primaryimage","url":"https:\/\/last-chance.dk\/wp-content\/uploads\/2023\/12\/comox_a_6.jpg","contentUrl":"https:\/\/last-chance.dk\/wp-content\/uploads\/2023\/12\/comox_a_6.jpg","width":800,"height":800},{"@type":"BreadcrumbList","@id":"https:\/\/last-chance.dk\/?product=sofabetraek-comox-200-260cm#breadcrumb","itemListElement":[{"@type":"ListItem","position":1,"name":"Home","item":"https:\/\/last-chance.dk\/"},{"@type":"ListItem","position":2,"name":"Sofabetr\u00e6k Comox 200-260cm"}]},{"@type":"WebSite","@id":"https:\/\/last-chance.dk\/#website","url":"https:\/\/last-chance.dk\/","name":"LASTCHANCE Deals | Danmark","description":"LASTCHANCE Deals | Danmark","publisher":{"@id":"https:\/\/last-chance.dk\/#organization"},"potentialAction":[{"@type":"SearchAction","target":{"@type":"EntryPoint","urlTemplate":"https:\/\/last-chance.dk\/?s={search_term_string}"},"query-input":{"@type":"PropertyValueSpecification","valueRequired":true,"valueName":"search_term_string"}}],"inLanguage":"da-DK"},{"@type":"Organization","@id":"https:\/\/last-chance.dk\/#organization","name":"LASTCHANCE Deals | Danmark","url":"https:\/\/last-chance.dk\/","logo":{"@type":"ImageObject","inLanguage":"da-DK","@id":"https:\/\/last-chance.dk\/#\/schema\/logo\/image\/","url":"https:\/\/last-chance.dk\/wp-content\/uploads\/2023\/10\/lastchancedeals_logo_dk_white.png","contentUrl":"https:\/\/last-chance.dk\/wp-content\/uploads\/2023\/10\/lastchancedeals_logo_dk_white.png","width":470,"height":110,"caption":"LASTCHANCE Deals | Danmark"},"image":{"@id":"https:\/\/last-chance.dk\/#\/schema\/logo\/image\/"}}]}},"_links":{"self":[{"href":"https:\/\/last-chance.dk\/index.php?rest_route=\/wp\/v2\/product\/10016","targetHints":{"allow":["GET"]}}],"collection":[{"href":"https:\/\/last-chance.dk\/index.php?rest_route=\/wp\/v2\/product"}],"about":[{"href":"https:\/\/last-chance.dk\/index.php?rest_route=\/wp\/v2\/types\/product"}],"replies":[{"embeddable":true,"href":"https:\/\/last-chance.dk\/index.php?rest_route=%2Fwp%2Fv2%2Fcomments&post=10016"}],"wp:featuredmedia":[{"embeddable":true,"href":"https:\/\/last-chance.dk\/index.php?rest_route=\/wp\/v2\/media\/10003"}],"wp:attachment":[{"href":"https:\/\/last-chance.dk\/index.php?rest_route=%2Fwp%2Fv2%2Fmedia&parent=10016"}],"wp:term":[{"taxonomy":"product_brand","embeddable":true,"href":"https:\/\/last-chance.dk\/index.php?rest_route=%2Fwp%2Fv2%2Fproduct_brand&post=10016"},{"taxonomy":"product_cat","embeddable":true,"href":"https:\/\/last-chance.dk\/index.php?rest_route=%2Fwp%2Fv2%2Fproduct_cat&post=10016"},{"taxonomy":"product_tag","embeddable":true,"href":"https:\/\/last-chance.dk\/index.php?rest_route=%2Fwp%2Fv2%2Fproduct_tag&post=10016"}],"curies":[{"name":"wp","href":"https:\/\/api.w.org\/{rel}","templated":true}]}}