{"id":10036,"date":"2023-12-17T00:25:36","date_gmt":"2023-12-17T00:25:36","guid":{"rendered":"https:\/\/www.lastchance.deals\/dk\/produkt\/topmadras-180x200x10cm-cottonline\/"},"modified":"2025-09-19T18:49:25","modified_gmt":"2025-09-19T18:49:25","slug":"topmadras-180x200x10cm-cottonline","status":"publish","type":"product","link":"https:\/\/last-chance.dk\/?product=topmadras-180x200x10cm-cottonline","title":{"rendered":"Topmadras 180x200x10cm CottonLine"},"content":{"rendered":"<p>Er du p\u00e5 udkig efter en ny topmadras til din seng? S\u00e5 er denne topmadras fra ForrestDecor m\u00e5ske noget for dig. Denne topmadras er lavet af polyester og bomuld, som giver en bl\u00f8d og behagelig overflade at sove p\u00e5. Topmadrassen har en brun farve, som passer til de fleste senge og indretninger. Den m\u00e5ler 180x200x4cm, s\u00e5 den passer til en dobbeltseng eller to enkeltsenge. Topmadrassen har en garanti p\u00e5 6 m\u00e5neder, s\u00e5 du kan v\u00e6re sikker p\u00e5 at f\u00e5 et kvalitetsprodukt.<\/p>\n<p><\/p>\n<p>Topmadrassen fra ForrestDecor er nem at vedligeholde, da den kan vaskes i maskine ved 40 grader. Den er ogs\u00e5 allergivenlig, da den ikke indeholder nogen skadelige stoffer. Topmadrassen er lavet i Europa, s\u00e5 du st\u00f8tter den lokale produktion og milj\u00f8et. Med denne topmadras kan du forbedre din s\u00f8vnkvalitet og komfort. Bestil den i dag og gl\u00e6d dig til at sove som en dr\u00f8m.<\/p>\n<p><\/p>\n<p>Leveringstid: Leveringstid 1 uge<br \/>\nMadras st\u00f8rrelse: 180x200x4cm<br \/>\nFarve: brun<br \/>\nMateriale: polyester og bomuld<br \/>\nGaranti: 6 m\u00e5neder<br \/>\nFabrikant: ForrestDecor<\/p>\n","protected":false},"excerpt":{"rendered":"<p>Er du p\u00e5 udkig efter en ny topmadras til din seng? S\u00e5 er denne topmadras fra ForrestDecor m\u00e5ske noget for dig. Denne topmadras er lavet af polyester og bomuld, som giver en bl\u00f8d og behagelig overflade at sove p\u00e5. Topmadrassen har en brun farve, som passer til de fleste senge og indretninger. Den m\u00e5ler 180x200x4cm, [&hellip;]<\/p>\n","protected":false},"featured_media":10033,"comment_status":"open","ping_status":"closed","template":"","meta":[],"product_brand":[],"product_cat":[150],"product_tag":[],"class_list":{"0":"post-10036","1":"product","2":"type-product","3":"status-publish","4":"has-post-thumbnail","6":"product_cat-mattresses","8":"first","9":"instock","10":"shipping-taxable","11":"purchasable","12":"product-type-simple"},"yoast_head":"<!-- This site is optimized with the Yoast SEO plugin v24.8.1 - https:\/\/yoast.com\/wordpress\/plugins\/seo\/ -->\n<title>Topmadras 180x200x10cm CottonLine - LASTCHANCE Deals | Danmark<\/title>\n<meta name=\"robots\" content=\"index, follow, max-snippet:-1, max-image-preview:large, max-video-preview:-1\" \/>\n<link rel=\"canonical\" href=\"https:\/\/last-chance.dk\/?product=topmadras-180x200x10cm-cottonline\" \/>\n<meta property=\"og:locale\" content=\"da_DK\" \/>\n<meta property=\"og:type\" content=\"article\" \/>\n<meta property=\"og:title\" content=\"Topmadras 180x200x10cm CottonLine - LASTCHANCE Deals | Danmark\" \/>\n<meta property=\"og:description\" content=\"Er du p\u00e5 udkig efter en ny topmadras til din seng? S\u00e5 er denne topmadras fra ForrestDecor m\u00e5ske noget for dig. Denne topmadras er lavet af polyester og bomuld, som giver en bl\u00f8d og behagelig overflade at sove p\u00e5. Topmadrassen har en brun farve, som passer til de fleste senge og indretninger. Den m\u00e5ler 180x200x4cm, [&hellip;]\" \/>\n<meta property=\"og:url\" content=\"https:\/\/last-chance.dk\/?product=topmadras-180x200x10cm-cottonline\" \/>\n<meta property=\"og:site_name\" content=\"LASTCHANCE Deals | Danmark\" \/>\n<meta property=\"article:modified_time\" content=\"2025-09-19T18:49:25+00:00\" \/>\n<meta property=\"og:image\" content=\"https:\/\/last-chance.dk\/wp-content\/uploads\/2023\/12\/20181210155858.jpg\" \/>\n\t<meta property=\"og:image:width\" content=\"780\" \/>\n\t<meta property=\"og:image:height\" content=\"574\" \/>\n\t<meta property=\"og:image:type\" content=\"image\/jpeg\" \/>\n<meta name=\"twitter:card\" content=\"summary_large_image\" \/>\n<meta name=\"twitter:label1\" content=\"Estimeret l\u00e6setid\" \/>\n\t<meta name=\"twitter:data1\" content=\"1 minut\" \/>\n<script type=\"application\/ld+json\" class=\"yoast-schema-graph\">{\"@context\":\"https:\/\/schema.org\",\"@graph\":[{\"@type\":\"WebPage\",\"@id\":\"https:\/\/last-chance.dk\/?product=topmadras-180x200x10cm-cottonline\",\"url\":\"https:\/\/last-chance.dk\/?product=topmadras-180x200x10cm-cottonline\",\"name\":\"Topmadras 180x200x10cm CottonLine - LASTCHANCE Deals | Danmark\",\"isPartOf\":{\"@id\":\"https:\/\/last-chance.dk\/#website\"},\"primaryImageOfPage\":{\"@id\":\"https:\/\/last-chance.dk\/?product=topmadras-180x200x10cm-cottonline#primaryimage\"},\"image\":{\"@id\":\"https:\/\/last-chance.dk\/?product=topmadras-180x200x10cm-cottonline#primaryimage\"},\"thumbnailUrl\":\"https:\/\/last-chance.dk\/wp-content\/uploads\/2023\/12\/20181210155858.jpg\",\"datePublished\":\"2023-12-17T00:25:36+00:00\",\"dateModified\":\"2025-09-19T18:49:25+00:00\",\"breadcrumb\":{\"@id\":\"https:\/\/last-chance.dk\/?product=topmadras-180x200x10cm-cottonline#breadcrumb\"},\"inLanguage\":\"da-DK\",\"potentialAction\":[{\"@type\":\"ReadAction\",\"target\":[\"https:\/\/last-chance.dk\/?product=topmadras-180x200x10cm-cottonline\"]}]},{\"@type\":\"ImageObject\",\"inLanguage\":\"da-DK\",\"@id\":\"https:\/\/last-chance.dk\/?product=topmadras-180x200x10cm-cottonline#primaryimage\",\"url\":\"https:\/\/last-chance.dk\/wp-content\/uploads\/2023\/12\/20181210155858.jpg\",\"contentUrl\":\"https:\/\/last-chance.dk\/wp-content\/uploads\/2023\/12\/20181210155858.jpg\",\"width\":780,\"height\":574},{\"@type\":\"BreadcrumbList\",\"@id\":\"https:\/\/last-chance.dk\/?product=topmadras-180x200x10cm-cottonline#breadcrumb\",\"itemListElement\":[{\"@type\":\"ListItem\",\"position\":1,\"name\":\"Home\",\"item\":\"https:\/\/last-chance.dk\/\"},{\"@type\":\"ListItem\",\"position\":2,\"name\":\"Topmadras 180x200x10cm CottonLine\"}]},{\"@type\":\"WebSite\",\"@id\":\"https:\/\/last-chance.dk\/#website\",\"url\":\"https:\/\/last-chance.dk\/\",\"name\":\"LASTCHANCE Deals | Danmark\",\"description\":\"LASTCHANCE Deals | Danmark\",\"publisher\":{\"@id\":\"https:\/\/last-chance.dk\/#organization\"},\"potentialAction\":[{\"@type\":\"SearchAction\",\"target\":{\"@type\":\"EntryPoint\",\"urlTemplate\":\"https:\/\/last-chance.dk\/?s={search_term_string}\"},\"query-input\":{\"@type\":\"PropertyValueSpecification\",\"valueRequired\":true,\"valueName\":\"search_term_string\"}}],\"inLanguage\":\"da-DK\"},{\"@type\":\"Organization\",\"@id\":\"https:\/\/last-chance.dk\/#organization\",\"name\":\"LASTCHANCE Deals | Danmark\",\"url\":\"https:\/\/last-chance.dk\/\",\"logo\":{\"@type\":\"ImageObject\",\"inLanguage\":\"da-DK\",\"@id\":\"https:\/\/last-chance.dk\/#\/schema\/logo\/image\/\",\"url\":\"https:\/\/last-chance.dk\/wp-content\/uploads\/2023\/10\/lastchancedeals_logo_dk_white.png\",\"contentUrl\":\"https:\/\/last-chance.dk\/wp-content\/uploads\/2023\/10\/lastchancedeals_logo_dk_white.png\",\"width\":470,\"height\":110,\"caption\":\"LASTCHANCE Deals | Danmark\"},\"image\":{\"@id\":\"https:\/\/last-chance.dk\/#\/schema\/logo\/image\/\"}}]}<\/script>\n<!-- \/ Yoast SEO plugin. -->","yoast_head_json":{"title":"Topmadras 180x200x10cm CottonLine - LASTCHANCE Deals | Danmark","robots":{"index":"index","follow":"follow","max-snippet":"max-snippet:-1","max-image-preview":"max-image-preview:large","max-video-preview":"max-video-preview:-1"},"canonical":"https:\/\/last-chance.dk\/?product=topmadras-180x200x10cm-cottonline","og_locale":"da_DK","og_type":"article","og_title":"Topmadras 180x200x10cm CottonLine - LASTCHANCE Deals | Danmark","og_description":"Er du p\u00e5 udkig efter en ny topmadras til din seng? S\u00e5 er denne topmadras fra ForrestDecor m\u00e5ske noget for dig. Denne topmadras er lavet af polyester og bomuld, som giver en bl\u00f8d og behagelig overflade at sove p\u00e5. Topmadrassen har en brun farve, som passer til de fleste senge og indretninger. Den m\u00e5ler 180x200x4cm, [&hellip;]","og_url":"https:\/\/last-chance.dk\/?product=topmadras-180x200x10cm-cottonline","og_site_name":"LASTCHANCE Deals | Danmark","article_modified_time":"2025-09-19T18:49:25+00:00","og_image":[{"width":780,"height":574,"url":"https:\/\/last-chance.dk\/wp-content\/uploads\/2023\/12\/20181210155858.jpg","type":"image\/jpeg"}],"twitter_card":"summary_large_image","twitter_misc":{"Estimeret l\u00e6setid":"1 minut"},"schema":{"@context":"https:\/\/schema.org","@graph":[{"@type":"WebPage","@id":"https:\/\/last-chance.dk\/?product=topmadras-180x200x10cm-cottonline","url":"https:\/\/last-chance.dk\/?product=topmadras-180x200x10cm-cottonline","name":"Topmadras 180x200x10cm CottonLine - LASTCHANCE Deals | Danmark","isPartOf":{"@id":"https:\/\/last-chance.dk\/#website"},"primaryImageOfPage":{"@id":"https:\/\/last-chance.dk\/?product=topmadras-180x200x10cm-cottonline#primaryimage"},"image":{"@id":"https:\/\/last-chance.dk\/?product=topmadras-180x200x10cm-cottonline#primaryimage"},"thumbnailUrl":"https:\/\/last-chance.dk\/wp-content\/uploads\/2023\/12\/20181210155858.jpg","datePublished":"2023-12-17T00:25:36+00:00","dateModified":"2025-09-19T18:49:25+00:00","breadcrumb":{"@id":"https:\/\/last-chance.dk\/?product=topmadras-180x200x10cm-cottonline#breadcrumb"},"inLanguage":"da-DK","potentialAction":[{"@type":"ReadAction","target":["https:\/\/last-chance.dk\/?product=topmadras-180x200x10cm-cottonline"]}]},{"@type":"ImageObject","inLanguage":"da-DK","@id":"https:\/\/last-chance.dk\/?product=topmadras-180x200x10cm-cottonline#primaryimage","url":"https:\/\/last-chance.dk\/wp-content\/uploads\/2023\/12\/20181210155858.jpg","contentUrl":"https:\/\/last-chance.dk\/wp-content\/uploads\/2023\/12\/20181210155858.jpg","width":780,"height":574},{"@type":"BreadcrumbList","@id":"https:\/\/last-chance.dk\/?product=topmadras-180x200x10cm-cottonline#breadcrumb","itemListElement":[{"@type":"ListItem","position":1,"name":"Home","item":"https:\/\/last-chance.dk\/"},{"@type":"ListItem","position":2,"name":"Topmadras 180x200x10cm CottonLine"}]},{"@type":"WebSite","@id":"https:\/\/last-chance.dk\/#website","url":"https:\/\/last-chance.dk\/","name":"LASTCHANCE Deals | Danmark","description":"LASTCHANCE Deals | Danmark","publisher":{"@id":"https:\/\/last-chance.dk\/#organization"},"potentialAction":[{"@type":"SearchAction","target":{"@type":"EntryPoint","urlTemplate":"https:\/\/last-chance.dk\/?s={search_term_string}"},"query-input":{"@type":"PropertyValueSpecification","valueRequired":true,"valueName":"search_term_string"}}],"inLanguage":"da-DK"},{"@type":"Organization","@id":"https:\/\/last-chance.dk\/#organization","name":"LASTCHANCE Deals | Danmark","url":"https:\/\/last-chance.dk\/","logo":{"@type":"ImageObject","inLanguage":"da-DK","@id":"https:\/\/last-chance.dk\/#\/schema\/logo\/image\/","url":"https:\/\/last-chance.dk\/wp-content\/uploads\/2023\/10\/lastchancedeals_logo_dk_white.png","contentUrl":"https:\/\/last-chance.dk\/wp-content\/uploads\/2023\/10\/lastchancedeals_logo_dk_white.png","width":470,"height":110,"caption":"LASTCHANCE Deals | Danmark"},"image":{"@id":"https:\/\/last-chance.dk\/#\/schema\/logo\/image\/"}}]}},"_links":{"self":[{"href":"https:\/\/last-chance.dk\/index.php?rest_route=\/wp\/v2\/product\/10036","targetHints":{"allow":["GET"]}}],"collection":[{"href":"https:\/\/last-chance.dk\/index.php?rest_route=\/wp\/v2\/product"}],"about":[{"href":"https:\/\/last-chance.dk\/index.php?rest_route=\/wp\/v2\/types\/product"}],"replies":[{"embeddable":true,"href":"https:\/\/last-chance.dk\/index.php?rest_route=%2Fwp%2Fv2%2Fcomments&post=10036"}],"wp:featuredmedia":[{"embeddable":true,"href":"https:\/\/last-chance.dk\/index.php?rest_route=\/wp\/v2\/media\/10033"}],"wp:attachment":[{"href":"https:\/\/last-chance.dk\/index.php?rest_route=%2Fwp%2Fv2%2Fmedia&parent=10036"}],"wp:term":[{"taxonomy":"product_brand","embeddable":true,"href":"https:\/\/last-chance.dk\/index.php?rest_route=%2Fwp%2Fv2%2Fproduct_brand&post=10036"},{"taxonomy":"product_cat","embeddable":true,"href":"https:\/\/last-chance.dk\/index.php?rest_route=%2Fwp%2Fv2%2Fproduct_cat&post=10036"},{"taxonomy":"product_tag","embeddable":true,"href":"https:\/\/last-chance.dk\/index.php?rest_route=%2Fwp%2Fv2%2Fproduct_tag&post=10036"}],"curies":[{"name":"wp","href":"https:\/\/api.w.org\/{rel}","templated":true}]}}