{"id":10063,"date":"2023-12-17T00:28:00","date_gmt":"2023-12-17T00:28:00","guid":{"rendered":"https:\/\/www.lastchance.deals\/dk\/produkt\/sofabord-arienne-120x60cm\/"},"modified":"2025-09-19T18:33:25","modified_gmt":"2025-09-19T18:33:25","slug":"sofabord-arienne-120x60cm","status":"publish","type":"product","link":"https:\/\/last-chance.dk\/?product=sofabord-arienne-120x60cm","title":{"rendered":"Sofabord Arienne 120x60cm"},"content":{"rendered":"<p>Hvis du leder efter et moderne og elegant sofabord til din stue, s\u00e5 er Arienne det perfekte valg for dig. Arienne er et sofabord med et enkelt og stilrent design, der passer til enhver indretning. Bordet har en rektangul\u00e6r bordplade i mdf, der er holdbar og nem at reng\u00f8re. Bordpladen er underst\u00f8ttet af fire slanke metalben, der giver bordet et let og luftigt udtryk. Arienne har en praktisk st\u00f8rrelse p\u00e5 120x60cm, s\u00e5 du har god plads til at stille dine kopper, b\u00f8ger eller pyntegenstande p\u00e5 det. Bordet skal samles ved levering, men det er en nem og hurtig proces. Arienne er et kvalitetsprodukt fra ForrestDecor, som giver dig 12 m\u00e5neders garanti p\u00e5 dit k\u00f8b. Bestil dit Arienne sofabord i dag og nyd det i mange \u00e5r fremover.<\/p>\n<p>&nbsp;<\/p>\n<p>Leveringstid: Leveringstid 1 uge<br \/>\nStil: moderne<br \/>\nMateriale: mdf,metal<br \/>\nUdvendige dimensioner: 120x60cm<br \/>\nMontage: skal samles<br \/>\nGaranti: 12 m\u00e5neder<br \/>\nFabrikant: ForrestDecor<\/p>\n","protected":false},"excerpt":{"rendered":"<p>Hvis du leder efter et moderne og elegant sofabord til din stue, s\u00e5 er Arienne det perfekte valg for dig. Arienne er et sofabord med et enkelt og stilrent design, der passer til enhver indretning. Bordet har en rektangul\u00e6r bordplade i mdf, der er holdbar og nem at reng\u00f8re. Bordpladen er underst\u00f8ttet af fire slanke [&hellip;]<\/p>\n","protected":false},"featured_media":10058,"comment_status":"open","ping_status":"closed","template":"","meta":[],"product_brand":[],"product_cat":[131],"product_tag":[],"class_list":{"0":"post-10063","1":"product","2":"type-product","3":"status-publish","4":"has-post-thumbnail","6":"product_cat-coffee-tables","8":"first","9":"instock","10":"shipping-taxable","11":"purchasable","12":"product-type-variable"},"yoast_head":"<!-- This site is optimized with the Yoast SEO plugin v24.8.1 - https:\/\/yoast.com\/wordpress\/plugins\/seo\/ -->\n<title>Sofabord Arienne 120x60cm - LASTCHANCE Deals | Danmark<\/title>\n<meta name=\"robots\" content=\"index, follow, max-snippet:-1, max-image-preview:large, max-video-preview:-1\" \/>\n<link rel=\"canonical\" href=\"https:\/\/last-chance.dk\/?product=sofabord-arienne-120x60cm\" \/>\n<meta property=\"og:locale\" content=\"da_DK\" \/>\n<meta property=\"og:type\" content=\"article\" \/>\n<meta property=\"og:title\" content=\"Sofabord Arienne 120x60cm - LASTCHANCE Deals | Danmark\" \/>\n<meta property=\"og:description\" content=\"Hvis du leder efter et moderne og elegant sofabord til din stue, s\u00e5 er Arienne det perfekte valg for dig. Arienne er et sofabord med et enkelt og stilrent design, der passer til enhver indretning. Bordet har en rektangul\u00e6r bordplade i mdf, der er holdbar og nem at reng\u00f8re. Bordpladen er underst\u00f8ttet af fire slanke [&hellip;]\" \/>\n<meta property=\"og:url\" content=\"https:\/\/last-chance.dk\/?product=sofabord-arienne-120x60cm\" \/>\n<meta property=\"og:site_name\" content=\"LASTCHANCE Deals | Danmark\" \/>\n<meta property=\"article:modified_time\" content=\"2025-09-19T18:33:25+00:00\" \/>\n<meta property=\"og:image\" content=\"https:\/\/last-chance.dk\/wp-content\/uploads\/2023\/12\/mh18-1_1.jpeg\" \/>\n\t<meta property=\"og:image:width\" content=\"776\" \/>\n\t<meta property=\"og:image:height\" content=\"740\" \/>\n\t<meta property=\"og:image:type\" content=\"image\/jpeg\" \/>\n<meta name=\"twitter:card\" content=\"summary_large_image\" \/>\n<meta name=\"twitter:label1\" content=\"Estimeret l\u00e6setid\" \/>\n\t<meta name=\"twitter:data1\" content=\"1 minut\" \/>\n<script type=\"application\/ld+json\" class=\"yoast-schema-graph\">{\"@context\":\"https:\/\/schema.org\",\"@graph\":[{\"@type\":\"WebPage\",\"@id\":\"https:\/\/last-chance.dk\/?product=sofabord-arienne-120x60cm\",\"url\":\"https:\/\/last-chance.dk\/?product=sofabord-arienne-120x60cm\",\"name\":\"Sofabord Arienne 120x60cm - LASTCHANCE Deals | Danmark\",\"isPartOf\":{\"@id\":\"https:\/\/last-chance.dk\/#website\"},\"primaryImageOfPage\":{\"@id\":\"https:\/\/last-chance.dk\/?product=sofabord-arienne-120x60cm#primaryimage\"},\"image\":{\"@id\":\"https:\/\/last-chance.dk\/?product=sofabord-arienne-120x60cm#primaryimage\"},\"thumbnailUrl\":\"https:\/\/last-chance.dk\/wp-content\/uploads\/2023\/12\/mh18-1_1.jpeg\",\"datePublished\":\"2023-12-17T00:28:00+00:00\",\"dateModified\":\"2025-09-19T18:33:25+00:00\",\"breadcrumb\":{\"@id\":\"https:\/\/last-chance.dk\/?product=sofabord-arienne-120x60cm#breadcrumb\"},\"inLanguage\":\"da-DK\",\"potentialAction\":[{\"@type\":\"ReadAction\",\"target\":[\"https:\/\/last-chance.dk\/?product=sofabord-arienne-120x60cm\"]}]},{\"@type\":\"ImageObject\",\"inLanguage\":\"da-DK\",\"@id\":\"https:\/\/last-chance.dk\/?product=sofabord-arienne-120x60cm#primaryimage\",\"url\":\"https:\/\/last-chance.dk\/wp-content\/uploads\/2023\/12\/mh18-1_1.jpeg\",\"contentUrl\":\"https:\/\/last-chance.dk\/wp-content\/uploads\/2023\/12\/mh18-1_1.jpeg\",\"width\":776,\"height\":740},{\"@type\":\"BreadcrumbList\",\"@id\":\"https:\/\/last-chance.dk\/?product=sofabord-arienne-120x60cm#breadcrumb\",\"itemListElement\":[{\"@type\":\"ListItem\",\"position\":1,\"name\":\"Home\",\"item\":\"https:\/\/last-chance.dk\/\"},{\"@type\":\"ListItem\",\"position\":2,\"name\":\"Sofabord Arienne 120x60cm\"}]},{\"@type\":\"WebSite\",\"@id\":\"https:\/\/last-chance.dk\/#website\",\"url\":\"https:\/\/last-chance.dk\/\",\"name\":\"LASTCHANCE Deals | Danmark\",\"description\":\"LASTCHANCE Deals | Danmark\",\"publisher\":{\"@id\":\"https:\/\/last-chance.dk\/#organization\"},\"potentialAction\":[{\"@type\":\"SearchAction\",\"target\":{\"@type\":\"EntryPoint\",\"urlTemplate\":\"https:\/\/last-chance.dk\/?s={search_term_string}\"},\"query-input\":{\"@type\":\"PropertyValueSpecification\",\"valueRequired\":true,\"valueName\":\"search_term_string\"}}],\"inLanguage\":\"da-DK\"},{\"@type\":\"Organization\",\"@id\":\"https:\/\/last-chance.dk\/#organization\",\"name\":\"LASTCHANCE Deals | Danmark\",\"url\":\"https:\/\/last-chance.dk\/\",\"logo\":{\"@type\":\"ImageObject\",\"inLanguage\":\"da-DK\",\"@id\":\"https:\/\/last-chance.dk\/#\/schema\/logo\/image\/\",\"url\":\"https:\/\/last-chance.dk\/wp-content\/uploads\/2023\/10\/lastchancedeals_logo_dk_white.png\",\"contentUrl\":\"https:\/\/last-chance.dk\/wp-content\/uploads\/2023\/10\/lastchancedeals_logo_dk_white.png\",\"width\":470,\"height\":110,\"caption\":\"LASTCHANCE Deals | Danmark\"},\"image\":{\"@id\":\"https:\/\/last-chance.dk\/#\/schema\/logo\/image\/\"}}]}<\/script>\n<!-- \/ Yoast SEO plugin. -->","yoast_head_json":{"title":"Sofabord Arienne 120x60cm - LASTCHANCE Deals | Danmark","robots":{"index":"index","follow":"follow","max-snippet":"max-snippet:-1","max-image-preview":"max-image-preview:large","max-video-preview":"max-video-preview:-1"},"canonical":"https:\/\/last-chance.dk\/?product=sofabord-arienne-120x60cm","og_locale":"da_DK","og_type":"article","og_title":"Sofabord Arienne 120x60cm - LASTCHANCE Deals | Danmark","og_description":"Hvis du leder efter et moderne og elegant sofabord til din stue, s\u00e5 er Arienne det perfekte valg for dig. Arienne er et sofabord med et enkelt og stilrent design, der passer til enhver indretning. Bordet har en rektangul\u00e6r bordplade i mdf, der er holdbar og nem at reng\u00f8re. Bordpladen er underst\u00f8ttet af fire slanke [&hellip;]","og_url":"https:\/\/last-chance.dk\/?product=sofabord-arienne-120x60cm","og_site_name":"LASTCHANCE Deals | Danmark","article_modified_time":"2025-09-19T18:33:25+00:00","og_image":[{"width":776,"height":740,"url":"https:\/\/last-chance.dk\/wp-content\/uploads\/2023\/12\/mh18-1_1.jpeg","type":"image\/jpeg"}],"twitter_card":"summary_large_image","twitter_misc":{"Estimeret l\u00e6setid":"1 minut"},"schema":{"@context":"https:\/\/schema.org","@graph":[{"@type":"WebPage","@id":"https:\/\/last-chance.dk\/?product=sofabord-arienne-120x60cm","url":"https:\/\/last-chance.dk\/?product=sofabord-arienne-120x60cm","name":"Sofabord Arienne 120x60cm - LASTCHANCE Deals | Danmark","isPartOf":{"@id":"https:\/\/last-chance.dk\/#website"},"primaryImageOfPage":{"@id":"https:\/\/last-chance.dk\/?product=sofabord-arienne-120x60cm#primaryimage"},"image":{"@id":"https:\/\/last-chance.dk\/?product=sofabord-arienne-120x60cm#primaryimage"},"thumbnailUrl":"https:\/\/last-chance.dk\/wp-content\/uploads\/2023\/12\/mh18-1_1.jpeg","datePublished":"2023-12-17T00:28:00+00:00","dateModified":"2025-09-19T18:33:25+00:00","breadcrumb":{"@id":"https:\/\/last-chance.dk\/?product=sofabord-arienne-120x60cm#breadcrumb"},"inLanguage":"da-DK","potentialAction":[{"@type":"ReadAction","target":["https:\/\/last-chance.dk\/?product=sofabord-arienne-120x60cm"]}]},{"@type":"ImageObject","inLanguage":"da-DK","@id":"https:\/\/last-chance.dk\/?product=sofabord-arienne-120x60cm#primaryimage","url":"https:\/\/last-chance.dk\/wp-content\/uploads\/2023\/12\/mh18-1_1.jpeg","contentUrl":"https:\/\/last-chance.dk\/wp-content\/uploads\/2023\/12\/mh18-1_1.jpeg","width":776,"height":740},{"@type":"BreadcrumbList","@id":"https:\/\/last-chance.dk\/?product=sofabord-arienne-120x60cm#breadcrumb","itemListElement":[{"@type":"ListItem","position":1,"name":"Home","item":"https:\/\/last-chance.dk\/"},{"@type":"ListItem","position":2,"name":"Sofabord Arienne 120x60cm"}]},{"@type":"WebSite","@id":"https:\/\/last-chance.dk\/#website","url":"https:\/\/last-chance.dk\/","name":"LASTCHANCE Deals | Danmark","description":"LASTCHANCE Deals | Danmark","publisher":{"@id":"https:\/\/last-chance.dk\/#organization"},"potentialAction":[{"@type":"SearchAction","target":{"@type":"EntryPoint","urlTemplate":"https:\/\/last-chance.dk\/?s={search_term_string}"},"query-input":{"@type":"PropertyValueSpecification","valueRequired":true,"valueName":"search_term_string"}}],"inLanguage":"da-DK"},{"@type":"Organization","@id":"https:\/\/last-chance.dk\/#organization","name":"LASTCHANCE Deals | Danmark","url":"https:\/\/last-chance.dk\/","logo":{"@type":"ImageObject","inLanguage":"da-DK","@id":"https:\/\/last-chance.dk\/#\/schema\/logo\/image\/","url":"https:\/\/last-chance.dk\/wp-content\/uploads\/2023\/10\/lastchancedeals_logo_dk_white.png","contentUrl":"https:\/\/last-chance.dk\/wp-content\/uploads\/2023\/10\/lastchancedeals_logo_dk_white.png","width":470,"height":110,"caption":"LASTCHANCE Deals | Danmark"},"image":{"@id":"https:\/\/last-chance.dk\/#\/schema\/logo\/image\/"}}]}},"_links":{"self":[{"href":"https:\/\/last-chance.dk\/index.php?rest_route=\/wp\/v2\/product\/10063","targetHints":{"allow":["GET"]}}],"collection":[{"href":"https:\/\/last-chance.dk\/index.php?rest_route=\/wp\/v2\/product"}],"about":[{"href":"https:\/\/last-chance.dk\/index.php?rest_route=\/wp\/v2\/types\/product"}],"replies":[{"embeddable":true,"href":"https:\/\/last-chance.dk\/index.php?rest_route=%2Fwp%2Fv2%2Fcomments&post=10063"}],"wp:featuredmedia":[{"embeddable":true,"href":"https:\/\/last-chance.dk\/index.php?rest_route=\/wp\/v2\/media\/10058"}],"wp:attachment":[{"href":"https:\/\/last-chance.dk\/index.php?rest_route=%2Fwp%2Fv2%2Fmedia&parent=10063"}],"wp:term":[{"taxonomy":"product_brand","embeddable":true,"href":"https:\/\/last-chance.dk\/index.php?rest_route=%2Fwp%2Fv2%2Fproduct_brand&post=10063"},{"taxonomy":"product_cat","embeddable":true,"href":"https:\/\/last-chance.dk\/index.php?rest_route=%2Fwp%2Fv2%2Fproduct_cat&post=10063"},{"taxonomy":"product_tag","embeddable":true,"href":"https:\/\/last-chance.dk\/index.php?rest_route=%2Fwp%2Fv2%2Fproduct_tag&post=10063"}],"curies":[{"name":"wp","href":"https:\/\/api.w.org\/{rel}","templated":true}]}}