{"id":10071,"date":"2023-12-17T00:29:13","date_gmt":"2023-12-17T00:29:13","guid":{"rendered":"https:\/\/www.lastchance.deals\/dk\/produkt\/vaegmaleri-chartres-saet-med-3-60x60cm\/"},"modified":"2025-10-13T12:11:04","modified_gmt":"2025-10-13T12:11:04","slug":"vaegmaleri-chartres-saet-med-3-60x60cm","status":"publish","type":"product","link":"https:\/\/last-chance.dk\/?product=vaegmaleri-chartres-saet-med-3-60x60cm","title":{"rendered":"V\u00e6gmaleri Chartres, s\u00e6t med 3 60x60cm"},"content":{"rendered":"<p>Er du p\u00e5 udkig efter en smuk og unik m\u00e5de at dekorere dine v\u00e6gge p\u00e5? S\u00e5 er dette s\u00e6t af tre v\u00e6gmalerier lige noget for dig! V\u00e6gmalerierne er inspireret af de ber\u00f8mte glasmosaikker i Chartres-katedralen i Frankrig, som er kendt for deres fantastiske farver og motiver. V\u00e6gmalerierne er lavet af stof og har en diskret ramme, som giver dem et elegant udtryk. De m\u00e5ler hver 60&#215;60 cm og passer perfekt sammen som en helhed, men kan ogs\u00e5 h\u00e6nges op hver for sig.<\/p>\n<p><\/p>\n<p>V\u00e6gmalerierne er beregnet til indend\u00f8rs brug og vil skabe en stemningsfuld atmosf\u00e6re i ethvert rum. De kan h\u00e6nges op i stuen, sovev\u00e6relset, entr\u00e9en eller hvor du har lyst til at tilf\u00f8je lidt kunst og farve til dine v\u00e6gge. V\u00e6gmalerierne leveres samlet, s\u00e5 du nemt kan montere dem p\u00e5 v\u00e6ggen med det samme. De er fremstillet af ForrestDecor, som er en anerkendt producent af kvalitetsv\u00e6gmalerier.<\/p>\n<p><\/p>\n<p>Bestil dit s\u00e6t af tre v\u00e6gmalerier i dag og gl\u00e6d dig til at modtage et unikt og smukt stykke v\u00e6gkunst, som vil imponere alle dine g\u00e6ster!<\/p>\n<p><\/p>\n<p>Leveringstid: Leveringstid 1 uge<br \/>\nMateriale: stof<br \/>\nFarve: ikke angivet<br \/>\nDimensioner: 60x60cm<br \/>\nBeregnet til: Indend\u00f8rs brug<br \/>\nBel\u00f8b: 3<br \/>\nMontage: leveres samlet<br \/>\nFabrikant: ForrestDecor<\/p>\n","protected":false},"excerpt":{"rendered":"<p>Er du p\u00e5 udkig efter en smuk og unik m\u00e5de at dekorere dine v\u00e6gge p\u00e5? S\u00e5 er dette s\u00e6t af tre v\u00e6gmalerier lige noget for dig! V\u00e6gmalerierne er inspireret af de ber\u00f8mte glasmosaikker i Chartres-katedralen i Frankrig, som er kendt for deres fantastiske farver og motiver. V\u00e6gmalerierne er lavet af stof og har en diskret [&hellip;]<\/p>\n","protected":false},"featured_media":10070,"comment_status":"open","ping_status":"closed","template":"","meta":[],"product_brand":[],"product_cat":[200],"product_tag":[],"class_list":{"0":"post-10071","1":"product","2":"type-product","3":"status-publish","4":"has-post-thumbnail","6":"product_cat-wall-decor","8":"first","9":"instock","10":"shipping-taxable","11":"purchasable","12":"product-type-simple"},"yoast_head":"<!-- This site is optimized with the Yoast SEO plugin v24.8.1 - https:\/\/yoast.com\/wordpress\/plugins\/seo\/ -->\n<title>V\u00e6gmaleri Chartres, s\u00e6t med 3 60x60cm - LASTCHANCE Deals | Danmark<\/title>\n<meta name=\"robots\" content=\"index, follow, max-snippet:-1, max-image-preview:large, max-video-preview:-1\" \/>\n<link rel=\"canonical\" href=\"https:\/\/last-chance.dk\/?product=vaegmaleri-chartres-saet-med-3-60x60cm\" \/>\n<meta property=\"og:locale\" content=\"da_DK\" \/>\n<meta property=\"og:type\" content=\"article\" \/>\n<meta property=\"og:title\" content=\"V\u00e6gmaleri Chartres, s\u00e6t med 3 60x60cm - LASTCHANCE Deals | Danmark\" \/>\n<meta property=\"og:description\" content=\"Er du p\u00e5 udkig efter en smuk og unik m\u00e5de at dekorere dine v\u00e6gge p\u00e5? S\u00e5 er dette s\u00e6t af tre v\u00e6gmalerier lige noget for dig! V\u00e6gmalerierne er inspireret af de ber\u00f8mte glasmosaikker i Chartres-katedralen i Frankrig, som er kendt for deres fantastiske farver og motiver. V\u00e6gmalerierne er lavet af stof og har en diskret [&hellip;]\" \/>\n<meta property=\"og:url\" content=\"https:\/\/last-chance.dk\/?product=vaegmaleri-chartres-saet-med-3-60x60cm\" \/>\n<meta property=\"og:site_name\" content=\"LASTCHANCE Deals | Danmark\" \/>\n<meta property=\"article:modified_time\" content=\"2025-10-13T12:11:04+00:00\" \/>\n<meta property=\"og:image\" content=\"https:\/\/last-chance.dk\/wp-content\/uploads\/2023\/12\/chartres.jpg\" \/>\n\t<meta property=\"og:image:width\" content=\"800\" \/>\n\t<meta property=\"og:image:height\" content=\"800\" \/>\n\t<meta property=\"og:image:type\" content=\"image\/jpeg\" \/>\n<meta name=\"twitter:card\" content=\"summary_large_image\" \/>\n<meta name=\"twitter:label1\" content=\"Estimeret l\u00e6setid\" \/>\n\t<meta name=\"twitter:data1\" content=\"1 minut\" \/>\n<script type=\"application\/ld+json\" class=\"yoast-schema-graph\">{\"@context\":\"https:\/\/schema.org\",\"@graph\":[{\"@type\":\"WebPage\",\"@id\":\"https:\/\/last-chance.dk\/?product=vaegmaleri-chartres-saet-med-3-60x60cm\",\"url\":\"https:\/\/last-chance.dk\/?product=vaegmaleri-chartres-saet-med-3-60x60cm\",\"name\":\"V\u00e6gmaleri Chartres, s\u00e6t med 3 60x60cm - LASTCHANCE Deals | Danmark\",\"isPartOf\":{\"@id\":\"https:\/\/last-chance.dk\/#website\"},\"primaryImageOfPage\":{\"@id\":\"https:\/\/last-chance.dk\/?product=vaegmaleri-chartres-saet-med-3-60x60cm#primaryimage\"},\"image\":{\"@id\":\"https:\/\/last-chance.dk\/?product=vaegmaleri-chartres-saet-med-3-60x60cm#primaryimage\"},\"thumbnailUrl\":\"https:\/\/last-chance.dk\/wp-content\/uploads\/2023\/12\/chartres.jpg\",\"datePublished\":\"2023-12-17T00:29:13+00:00\",\"dateModified\":\"2025-10-13T12:11:04+00:00\",\"breadcrumb\":{\"@id\":\"https:\/\/last-chance.dk\/?product=vaegmaleri-chartres-saet-med-3-60x60cm#breadcrumb\"},\"inLanguage\":\"da-DK\",\"potentialAction\":[{\"@type\":\"ReadAction\",\"target\":[\"https:\/\/last-chance.dk\/?product=vaegmaleri-chartres-saet-med-3-60x60cm\"]}]},{\"@type\":\"ImageObject\",\"inLanguage\":\"da-DK\",\"@id\":\"https:\/\/last-chance.dk\/?product=vaegmaleri-chartres-saet-med-3-60x60cm#primaryimage\",\"url\":\"https:\/\/last-chance.dk\/wp-content\/uploads\/2023\/12\/chartres.jpg\",\"contentUrl\":\"https:\/\/last-chance.dk\/wp-content\/uploads\/2023\/12\/chartres.jpg\",\"width\":800,\"height\":800},{\"@type\":\"BreadcrumbList\",\"@id\":\"https:\/\/last-chance.dk\/?product=vaegmaleri-chartres-saet-med-3-60x60cm#breadcrumb\",\"itemListElement\":[{\"@type\":\"ListItem\",\"position\":1,\"name\":\"Home\",\"item\":\"https:\/\/last-chance.dk\/\"},{\"@type\":\"ListItem\",\"position\":2,\"name\":\"V\u00e6gmaleri Chartres, s\u00e6t med 3 60x60cm\"}]},{\"@type\":\"WebSite\",\"@id\":\"https:\/\/last-chance.dk\/#website\",\"url\":\"https:\/\/last-chance.dk\/\",\"name\":\"LASTCHANCE Deals | Danmark\",\"description\":\"LASTCHANCE Deals | Danmark\",\"publisher\":{\"@id\":\"https:\/\/last-chance.dk\/#organization\"},\"potentialAction\":[{\"@type\":\"SearchAction\",\"target\":{\"@type\":\"EntryPoint\",\"urlTemplate\":\"https:\/\/last-chance.dk\/?s={search_term_string}\"},\"query-input\":{\"@type\":\"PropertyValueSpecification\",\"valueRequired\":true,\"valueName\":\"search_term_string\"}}],\"inLanguage\":\"da-DK\"},{\"@type\":\"Organization\",\"@id\":\"https:\/\/last-chance.dk\/#organization\",\"name\":\"LASTCHANCE Deals | Danmark\",\"url\":\"https:\/\/last-chance.dk\/\",\"logo\":{\"@type\":\"ImageObject\",\"inLanguage\":\"da-DK\",\"@id\":\"https:\/\/last-chance.dk\/#\/schema\/logo\/image\/\",\"url\":\"https:\/\/last-chance.dk\/wp-content\/uploads\/2023\/10\/lastchancedeals_logo_dk_white.png\",\"contentUrl\":\"https:\/\/last-chance.dk\/wp-content\/uploads\/2023\/10\/lastchancedeals_logo_dk_white.png\",\"width\":470,\"height\":110,\"caption\":\"LASTCHANCE Deals | Danmark\"},\"image\":{\"@id\":\"https:\/\/last-chance.dk\/#\/schema\/logo\/image\/\"}}]}<\/script>\n<!-- \/ Yoast SEO plugin. -->","yoast_head_json":{"title":"V\u00e6gmaleri Chartres, s\u00e6t med 3 60x60cm - LASTCHANCE Deals | Danmark","robots":{"index":"index","follow":"follow","max-snippet":"max-snippet:-1","max-image-preview":"max-image-preview:large","max-video-preview":"max-video-preview:-1"},"canonical":"https:\/\/last-chance.dk\/?product=vaegmaleri-chartres-saet-med-3-60x60cm","og_locale":"da_DK","og_type":"article","og_title":"V\u00e6gmaleri Chartres, s\u00e6t med 3 60x60cm - LASTCHANCE Deals | Danmark","og_description":"Er du p\u00e5 udkig efter en smuk og unik m\u00e5de at dekorere dine v\u00e6gge p\u00e5? S\u00e5 er dette s\u00e6t af tre v\u00e6gmalerier lige noget for dig! V\u00e6gmalerierne er inspireret af de ber\u00f8mte glasmosaikker i Chartres-katedralen i Frankrig, som er kendt for deres fantastiske farver og motiver. V\u00e6gmalerierne er lavet af stof og har en diskret [&hellip;]","og_url":"https:\/\/last-chance.dk\/?product=vaegmaleri-chartres-saet-med-3-60x60cm","og_site_name":"LASTCHANCE Deals | Danmark","article_modified_time":"2025-10-13T12:11:04+00:00","og_image":[{"width":800,"height":800,"url":"https:\/\/last-chance.dk\/wp-content\/uploads\/2023\/12\/chartres.jpg","type":"image\/jpeg"}],"twitter_card":"summary_large_image","twitter_misc":{"Estimeret l\u00e6setid":"1 minut"},"schema":{"@context":"https:\/\/schema.org","@graph":[{"@type":"WebPage","@id":"https:\/\/last-chance.dk\/?product=vaegmaleri-chartres-saet-med-3-60x60cm","url":"https:\/\/last-chance.dk\/?product=vaegmaleri-chartres-saet-med-3-60x60cm","name":"V\u00e6gmaleri Chartres, s\u00e6t med 3 60x60cm - LASTCHANCE Deals | Danmark","isPartOf":{"@id":"https:\/\/last-chance.dk\/#website"},"primaryImageOfPage":{"@id":"https:\/\/last-chance.dk\/?product=vaegmaleri-chartres-saet-med-3-60x60cm#primaryimage"},"image":{"@id":"https:\/\/last-chance.dk\/?product=vaegmaleri-chartres-saet-med-3-60x60cm#primaryimage"},"thumbnailUrl":"https:\/\/last-chance.dk\/wp-content\/uploads\/2023\/12\/chartres.jpg","datePublished":"2023-12-17T00:29:13+00:00","dateModified":"2025-10-13T12:11:04+00:00","breadcrumb":{"@id":"https:\/\/last-chance.dk\/?product=vaegmaleri-chartres-saet-med-3-60x60cm#breadcrumb"},"inLanguage":"da-DK","potentialAction":[{"@type":"ReadAction","target":["https:\/\/last-chance.dk\/?product=vaegmaleri-chartres-saet-med-3-60x60cm"]}]},{"@type":"ImageObject","inLanguage":"da-DK","@id":"https:\/\/last-chance.dk\/?product=vaegmaleri-chartres-saet-med-3-60x60cm#primaryimage","url":"https:\/\/last-chance.dk\/wp-content\/uploads\/2023\/12\/chartres.jpg","contentUrl":"https:\/\/last-chance.dk\/wp-content\/uploads\/2023\/12\/chartres.jpg","width":800,"height":800},{"@type":"BreadcrumbList","@id":"https:\/\/last-chance.dk\/?product=vaegmaleri-chartres-saet-med-3-60x60cm#breadcrumb","itemListElement":[{"@type":"ListItem","position":1,"name":"Home","item":"https:\/\/last-chance.dk\/"},{"@type":"ListItem","position":2,"name":"V\u00e6gmaleri Chartres, s\u00e6t med 3 60x60cm"}]},{"@type":"WebSite","@id":"https:\/\/last-chance.dk\/#website","url":"https:\/\/last-chance.dk\/","name":"LASTCHANCE Deals | Danmark","description":"LASTCHANCE Deals | Danmark","publisher":{"@id":"https:\/\/last-chance.dk\/#organization"},"potentialAction":[{"@type":"SearchAction","target":{"@type":"EntryPoint","urlTemplate":"https:\/\/last-chance.dk\/?s={search_term_string}"},"query-input":{"@type":"PropertyValueSpecification","valueRequired":true,"valueName":"search_term_string"}}],"inLanguage":"da-DK"},{"@type":"Organization","@id":"https:\/\/last-chance.dk\/#organization","name":"LASTCHANCE Deals | Danmark","url":"https:\/\/last-chance.dk\/","logo":{"@type":"ImageObject","inLanguage":"da-DK","@id":"https:\/\/last-chance.dk\/#\/schema\/logo\/image\/","url":"https:\/\/last-chance.dk\/wp-content\/uploads\/2023\/10\/lastchancedeals_logo_dk_white.png","contentUrl":"https:\/\/last-chance.dk\/wp-content\/uploads\/2023\/10\/lastchancedeals_logo_dk_white.png","width":470,"height":110,"caption":"LASTCHANCE Deals | Danmark"},"image":{"@id":"https:\/\/last-chance.dk\/#\/schema\/logo\/image\/"}}]}},"_links":{"self":[{"href":"https:\/\/last-chance.dk\/index.php?rest_route=\/wp\/v2\/product\/10071","targetHints":{"allow":["GET"]}}],"collection":[{"href":"https:\/\/last-chance.dk\/index.php?rest_route=\/wp\/v2\/product"}],"about":[{"href":"https:\/\/last-chance.dk\/index.php?rest_route=\/wp\/v2\/types\/product"}],"replies":[{"embeddable":true,"href":"https:\/\/last-chance.dk\/index.php?rest_route=%2Fwp%2Fv2%2Fcomments&post=10071"}],"wp:featuredmedia":[{"embeddable":true,"href":"https:\/\/last-chance.dk\/index.php?rest_route=\/wp\/v2\/media\/10070"}],"wp:attachment":[{"href":"https:\/\/last-chance.dk\/index.php?rest_route=%2Fwp%2Fv2%2Fmedia&parent=10071"}],"wp:term":[{"taxonomy":"product_brand","embeddable":true,"href":"https:\/\/last-chance.dk\/index.php?rest_route=%2Fwp%2Fv2%2Fproduct_brand&post=10071"},{"taxonomy":"product_cat","embeddable":true,"href":"https:\/\/last-chance.dk\/index.php?rest_route=%2Fwp%2Fv2%2Fproduct_cat&post=10071"},{"taxonomy":"product_tag","embeddable":true,"href":"https:\/\/last-chance.dk\/index.php?rest_route=%2Fwp%2Fv2%2Fproduct_tag&post=10071"}],"curies":[{"name":"wp","href":"https:\/\/api.w.org\/{rel}","templated":true}]}}