{"id":10098,"date":"2024-01-01T17:55:03","date_gmt":"2024-01-01T17:55:03","guid":{"rendered":"https:\/\/www.lastchance.deals\/dk\/produkt\/barstol-geo\/"},"modified":"2025-10-13T11:46:43","modified_gmt":"2025-10-13T11:46:43","slug":"barstol-geo","status":"publish","type":"product","link":"https:\/\/last-chance.dk\/?product=barstol-geo","title":{"rendered":"Barstol Geo"},"content":{"rendered":"<p>Barstol Geo er en klassisk og elegant barstol, der passer til enhver indretning. Den har et komfortabelt s\u00e6de og rygl\u00e6n i kunstigt l\u00e6der, der er nemt at reng\u00f8re og vedligeholde. Stolens h\u00f8jde kan justeres fra 60 til 80 cm med et praktisk h\u00e5ndtag under s\u00e6det, s\u00e5 du kan finde den perfekte position. Stolens base og ben er lavet af metal, der giver stabilitet og holdbarhed. Barstol Geo kr\u00e6ver enkel montage og leveres med 12 m\u00e5neders rammegaranti. Den er produceret af ForrestDecor, en virksomhed med mange \u00e5rs erfaring i m\u00f8belbranchen. Bestil din Barstol Geo i dag og nyd dens stil og komfort i dit hjem.<\/p>\n<p><\/p>\n<p>Leveringstid: Leveringstid 1 uge<br \/>\nStil: klassisk<br \/>\nMateriale: kunstigt l\u00e6der,metal<br \/>\nStolens dimensioner: 45x42x60-80cm<br \/>\nMontage: skal samles<br \/>\nGaranti: 12 m\u00e5neders rammegaranti<br \/>\nFabrikant: ForrestDecor<\/p>\n","protected":false},"excerpt":{"rendered":"<p>Barstol Geo er en klassisk og elegant barstol, der passer til enhver indretning. Den har et komfortabelt s\u00e6de og rygl\u00e6n i kunstigt l\u00e6der, der er nemt at reng\u00f8re og vedligeholde. Stolens h\u00f8jde kan justeres fra 60 til 80 cm med et praktisk h\u00e5ndtag under s\u00e6det, s\u00e5 du kan finde den perfekte position. Stolens base og [&hellip;]<\/p>\n","protected":false},"featured_media":10092,"comment_status":"open","ping_status":"closed","template":"","meta":[],"product_brand":[],"product_cat":[187],"product_tag":[],"class_list":{"0":"post-10098","1":"product","2":"type-product","3":"status-publish","4":"has-post-thumbnail","6":"product_cat-gaming-stolar","8":"first","9":"instock","10":"shipping-taxable","11":"purchasable","12":"product-type-simple"},"yoast_head":"<!-- This site is optimized with the Yoast SEO plugin v24.8.1 - https:\/\/yoast.com\/wordpress\/plugins\/seo\/ -->\n<title>Barstol Geo - LASTCHANCE Deals | Danmark<\/title>\n<meta name=\"robots\" content=\"index, follow, max-snippet:-1, max-image-preview:large, max-video-preview:-1\" \/>\n<link rel=\"canonical\" href=\"https:\/\/last-chance.dk\/?product=barstol-geo\" \/>\n<meta property=\"og:locale\" content=\"da_DK\" \/>\n<meta property=\"og:type\" content=\"article\" \/>\n<meta property=\"og:title\" content=\"Barstol Geo - LASTCHANCE Deals | Danmark\" \/>\n<meta property=\"og:description\" content=\"Barstol Geo er en klassisk og elegant barstol, der passer til enhver indretning. Den har et komfortabelt s\u00e6de og rygl\u00e6n i kunstigt l\u00e6der, der er nemt at reng\u00f8re og vedligeholde. Stolens h\u00f8jde kan justeres fra 60 til 80 cm med et praktisk h\u00e5ndtag under s\u00e6det, s\u00e5 du kan finde den perfekte position. Stolens base og [&hellip;]\" \/>\n<meta property=\"og:url\" content=\"https:\/\/last-chance.dk\/?product=barstol-geo\" \/>\n<meta property=\"og:site_name\" content=\"LASTCHANCE Deals | Danmark\" \/>\n<meta property=\"article:modified_time\" content=\"2025-10-13T11:46:43+00:00\" \/>\n<meta property=\"og:image\" content=\"https:\/\/last-chance.dk\/wp-content\/uploads\/2024\/01\/geo1_2.jpg\" \/>\n\t<meta property=\"og:image:width\" content=\"789\" \/>\n\t<meta property=\"og:image:height\" content=\"591\" \/>\n\t<meta property=\"og:image:type\" content=\"image\/jpeg\" \/>\n<meta name=\"twitter:card\" content=\"summary_large_image\" \/>\n<meta name=\"twitter:label1\" content=\"Estimeret l\u00e6setid\" \/>\n\t<meta name=\"twitter:data1\" content=\"1 minut\" \/>\n<script type=\"application\/ld+json\" class=\"yoast-schema-graph\">{\"@context\":\"https:\/\/schema.org\",\"@graph\":[{\"@type\":\"WebPage\",\"@id\":\"https:\/\/last-chance.dk\/?product=barstol-geo\",\"url\":\"https:\/\/last-chance.dk\/?product=barstol-geo\",\"name\":\"Barstol Geo - LASTCHANCE Deals | Danmark\",\"isPartOf\":{\"@id\":\"https:\/\/last-chance.dk\/#website\"},\"primaryImageOfPage\":{\"@id\":\"https:\/\/last-chance.dk\/?product=barstol-geo#primaryimage\"},\"image\":{\"@id\":\"https:\/\/last-chance.dk\/?product=barstol-geo#primaryimage\"},\"thumbnailUrl\":\"https:\/\/last-chance.dk\/wp-content\/uploads\/2024\/01\/geo1_2.jpg\",\"datePublished\":\"2024-01-01T17:55:03+00:00\",\"dateModified\":\"2025-10-13T11:46:43+00:00\",\"breadcrumb\":{\"@id\":\"https:\/\/last-chance.dk\/?product=barstol-geo#breadcrumb\"},\"inLanguage\":\"da-DK\",\"potentialAction\":[{\"@type\":\"ReadAction\",\"target\":[\"https:\/\/last-chance.dk\/?product=barstol-geo\"]}]},{\"@type\":\"ImageObject\",\"inLanguage\":\"da-DK\",\"@id\":\"https:\/\/last-chance.dk\/?product=barstol-geo#primaryimage\",\"url\":\"https:\/\/last-chance.dk\/wp-content\/uploads\/2024\/01\/geo1_2.jpg\",\"contentUrl\":\"https:\/\/last-chance.dk\/wp-content\/uploads\/2024\/01\/geo1_2.jpg\",\"width\":789,\"height\":591},{\"@type\":\"BreadcrumbList\",\"@id\":\"https:\/\/last-chance.dk\/?product=barstol-geo#breadcrumb\",\"itemListElement\":[{\"@type\":\"ListItem\",\"position\":1,\"name\":\"Home\",\"item\":\"https:\/\/last-chance.dk\/\"},{\"@type\":\"ListItem\",\"position\":2,\"name\":\"Barstol Geo\"}]},{\"@type\":\"WebSite\",\"@id\":\"https:\/\/last-chance.dk\/#website\",\"url\":\"https:\/\/last-chance.dk\/\",\"name\":\"LASTCHANCE Deals | Danmark\",\"description\":\"LASTCHANCE Deals | Danmark\",\"publisher\":{\"@id\":\"https:\/\/last-chance.dk\/#organization\"},\"potentialAction\":[{\"@type\":\"SearchAction\",\"target\":{\"@type\":\"EntryPoint\",\"urlTemplate\":\"https:\/\/last-chance.dk\/?s={search_term_string}\"},\"query-input\":{\"@type\":\"PropertyValueSpecification\",\"valueRequired\":true,\"valueName\":\"search_term_string\"}}],\"inLanguage\":\"da-DK\"},{\"@type\":\"Organization\",\"@id\":\"https:\/\/last-chance.dk\/#organization\",\"name\":\"LASTCHANCE Deals | Danmark\",\"url\":\"https:\/\/last-chance.dk\/\",\"logo\":{\"@type\":\"ImageObject\",\"inLanguage\":\"da-DK\",\"@id\":\"https:\/\/last-chance.dk\/#\/schema\/logo\/image\/\",\"url\":\"https:\/\/last-chance.dk\/wp-content\/uploads\/2023\/10\/lastchancedeals_logo_dk_white.png\",\"contentUrl\":\"https:\/\/last-chance.dk\/wp-content\/uploads\/2023\/10\/lastchancedeals_logo_dk_white.png\",\"width\":470,\"height\":110,\"caption\":\"LASTCHANCE Deals | Danmark\"},\"image\":{\"@id\":\"https:\/\/last-chance.dk\/#\/schema\/logo\/image\/\"}}]}<\/script>\n<!-- \/ Yoast SEO plugin. -->","yoast_head_json":{"title":"Barstol Geo - LASTCHANCE Deals | Danmark","robots":{"index":"index","follow":"follow","max-snippet":"max-snippet:-1","max-image-preview":"max-image-preview:large","max-video-preview":"max-video-preview:-1"},"canonical":"https:\/\/last-chance.dk\/?product=barstol-geo","og_locale":"da_DK","og_type":"article","og_title":"Barstol Geo - LASTCHANCE Deals | Danmark","og_description":"Barstol Geo er en klassisk og elegant barstol, der passer til enhver indretning. Den har et komfortabelt s\u00e6de og rygl\u00e6n i kunstigt l\u00e6der, der er nemt at reng\u00f8re og vedligeholde. Stolens h\u00f8jde kan justeres fra 60 til 80 cm med et praktisk h\u00e5ndtag under s\u00e6det, s\u00e5 du kan finde den perfekte position. Stolens base og [&hellip;]","og_url":"https:\/\/last-chance.dk\/?product=barstol-geo","og_site_name":"LASTCHANCE Deals | Danmark","article_modified_time":"2025-10-13T11:46:43+00:00","og_image":[{"width":789,"height":591,"url":"https:\/\/last-chance.dk\/wp-content\/uploads\/2024\/01\/geo1_2.jpg","type":"image\/jpeg"}],"twitter_card":"summary_large_image","twitter_misc":{"Estimeret l\u00e6setid":"1 minut"},"schema":{"@context":"https:\/\/schema.org","@graph":[{"@type":"WebPage","@id":"https:\/\/last-chance.dk\/?product=barstol-geo","url":"https:\/\/last-chance.dk\/?product=barstol-geo","name":"Barstol Geo - LASTCHANCE Deals | Danmark","isPartOf":{"@id":"https:\/\/last-chance.dk\/#website"},"primaryImageOfPage":{"@id":"https:\/\/last-chance.dk\/?product=barstol-geo#primaryimage"},"image":{"@id":"https:\/\/last-chance.dk\/?product=barstol-geo#primaryimage"},"thumbnailUrl":"https:\/\/last-chance.dk\/wp-content\/uploads\/2024\/01\/geo1_2.jpg","datePublished":"2024-01-01T17:55:03+00:00","dateModified":"2025-10-13T11:46:43+00:00","breadcrumb":{"@id":"https:\/\/last-chance.dk\/?product=barstol-geo#breadcrumb"},"inLanguage":"da-DK","potentialAction":[{"@type":"ReadAction","target":["https:\/\/last-chance.dk\/?product=barstol-geo"]}]},{"@type":"ImageObject","inLanguage":"da-DK","@id":"https:\/\/last-chance.dk\/?product=barstol-geo#primaryimage","url":"https:\/\/last-chance.dk\/wp-content\/uploads\/2024\/01\/geo1_2.jpg","contentUrl":"https:\/\/last-chance.dk\/wp-content\/uploads\/2024\/01\/geo1_2.jpg","width":789,"height":591},{"@type":"BreadcrumbList","@id":"https:\/\/last-chance.dk\/?product=barstol-geo#breadcrumb","itemListElement":[{"@type":"ListItem","position":1,"name":"Home","item":"https:\/\/last-chance.dk\/"},{"@type":"ListItem","position":2,"name":"Barstol Geo"}]},{"@type":"WebSite","@id":"https:\/\/last-chance.dk\/#website","url":"https:\/\/last-chance.dk\/","name":"LASTCHANCE Deals | Danmark","description":"LASTCHANCE Deals | Danmark","publisher":{"@id":"https:\/\/last-chance.dk\/#organization"},"potentialAction":[{"@type":"SearchAction","target":{"@type":"EntryPoint","urlTemplate":"https:\/\/last-chance.dk\/?s={search_term_string}"},"query-input":{"@type":"PropertyValueSpecification","valueRequired":true,"valueName":"search_term_string"}}],"inLanguage":"da-DK"},{"@type":"Organization","@id":"https:\/\/last-chance.dk\/#organization","name":"LASTCHANCE Deals | Danmark","url":"https:\/\/last-chance.dk\/","logo":{"@type":"ImageObject","inLanguage":"da-DK","@id":"https:\/\/last-chance.dk\/#\/schema\/logo\/image\/","url":"https:\/\/last-chance.dk\/wp-content\/uploads\/2023\/10\/lastchancedeals_logo_dk_white.png","contentUrl":"https:\/\/last-chance.dk\/wp-content\/uploads\/2023\/10\/lastchancedeals_logo_dk_white.png","width":470,"height":110,"caption":"LASTCHANCE Deals | Danmark"},"image":{"@id":"https:\/\/last-chance.dk\/#\/schema\/logo\/image\/"}}]}},"_links":{"self":[{"href":"https:\/\/last-chance.dk\/index.php?rest_route=\/wp\/v2\/product\/10098","targetHints":{"allow":["GET"]}}],"collection":[{"href":"https:\/\/last-chance.dk\/index.php?rest_route=\/wp\/v2\/product"}],"about":[{"href":"https:\/\/last-chance.dk\/index.php?rest_route=\/wp\/v2\/types\/product"}],"replies":[{"embeddable":true,"href":"https:\/\/last-chance.dk\/index.php?rest_route=%2Fwp%2Fv2%2Fcomments&post=10098"}],"wp:featuredmedia":[{"embeddable":true,"href":"https:\/\/last-chance.dk\/index.php?rest_route=\/wp\/v2\/media\/10092"}],"wp:attachment":[{"href":"https:\/\/last-chance.dk\/index.php?rest_route=%2Fwp%2Fv2%2Fmedia&parent=10098"}],"wp:term":[{"taxonomy":"product_brand","embeddable":true,"href":"https:\/\/last-chance.dk\/index.php?rest_route=%2Fwp%2Fv2%2Fproduct_brand&post=10098"},{"taxonomy":"product_cat","embeddable":true,"href":"https:\/\/last-chance.dk\/index.php?rest_route=%2Fwp%2Fv2%2Fproduct_cat&post=10098"},{"taxonomy":"product_tag","embeddable":true,"href":"https:\/\/last-chance.dk\/index.php?rest_route=%2Fwp%2Fv2%2Fproduct_tag&post=10098"}],"curies":[{"name":"wp","href":"https:\/\/api.w.org\/{rel}","templated":true}]}}