{"id":10136,"date":"2024-01-01T17:58:02","date_gmt":"2024-01-01T17:58:02","guid":{"rendered":"https:\/\/www.lastchance.deals\/dk\/produkt\/sengetaeppe-ewarton-blaa\/"},"modified":"2025-09-19T18:26:40","modified_gmt":"2025-09-19T18:26:40","slug":"sengetaeppe-ewarton-blaa","status":"publish","type":"product","link":"https:\/\/last-chance.dk\/?product=sengetaeppe-ewarton-blaa","title":{"rendered":"Senget\u00e6ppe Ewarton bl\u00e5"},"content":{"rendered":"<p>Dr\u00f8m dig v\u00e6k i et bl\u00f8dt og behageligt senget\u00e6ppe fra ForrestDecor. Senget\u00e6ppet Ewarton er lavet af bomuld og fjer, som giver det en let og luftig fornemmelse. Det har en smuk bl\u00e5 farve, som passer til enhver indretning. Senget\u00e6ppet Ewarton leveres med et dynebetr\u00e6k i samme farve og materiale. Du kan v\u00e6lge mellem to st\u00f8rrelser: 180x220cm eller 200x230cm. Senget\u00e6ppet Ewarton er et perfekt valg til dig, der \u00f8nsker at skabe en hyggelig og indbydende stemning i dit sovev\u00e6relse. Bestil dit senget\u00e6ppe Ewarton i dag og gl\u00e6d dig til at kravle under dynen hver aften.<\/p>\n<p><\/p>\n<p>Leveringstid: Leveringstid 1 uge<br \/>\nMateriale: bomuld,fjer<br \/>\nFarve: bl\u00e5<br \/>\n1x dynebetr\u00e6k: 180x220cm \/ 200x230cm<br \/>\nFabrikant: ForrestDecor<\/p>\n","protected":false},"excerpt":{"rendered":"<p>Dr\u00f8m dig v\u00e6k i et bl\u00f8dt og behageligt senget\u00e6ppe fra ForrestDecor. Senget\u00e6ppet Ewarton er lavet af bomuld og fjer, som giver det en let og luftig fornemmelse. Det har en smuk bl\u00e5 farve, som passer til enhver indretning. Senget\u00e6ppet Ewarton leveres med et dynebetr\u00e6k i samme farve og materiale. Du kan v\u00e6lge mellem to st\u00f8rrelser: [&hellip;]<\/p>\n","protected":false},"featured_media":10131,"comment_status":"open","ping_status":"closed","template":"","meta":[],"product_brand":[],"product_cat":[139],"product_tag":[],"class_list":{"0":"post-10136","1":"product","2":"type-product","3":"status-publish","4":"has-post-thumbnail","6":"product_cat-bedding","8":"first","9":"instock","10":"shipping-taxable","11":"purchasable","12":"product-type-simple"},"yoast_head":"<!-- This site is optimized with the Yoast SEO plugin v24.8.1 - https:\/\/yoast.com\/wordpress\/plugins\/seo\/ -->\n<title>Senget\u00e6ppe Ewarton bl\u00e5 - LASTCHANCE Deals | Danmark<\/title>\n<meta name=\"robots\" content=\"index, follow, max-snippet:-1, max-image-preview:large, max-video-preview:-1\" \/>\n<link rel=\"canonical\" href=\"https:\/\/last-chance.dk\/?product=sengetaeppe-ewarton-blaa\" \/>\n<meta property=\"og:locale\" content=\"da_DK\" \/>\n<meta property=\"og:type\" content=\"article\" \/>\n<meta property=\"og:title\" content=\"Senget\u00e6ppe Ewarton bl\u00e5 - LASTCHANCE Deals | Danmark\" \/>\n<meta property=\"og:description\" content=\"Dr\u00f8m dig v\u00e6k i et bl\u00f8dt og behageligt senget\u00e6ppe fra ForrestDecor. Senget\u00e6ppet Ewarton er lavet af bomuld og fjer, som giver det en let og luftig fornemmelse. Det har en smuk bl\u00e5 farve, som passer til enhver indretning. Senget\u00e6ppet Ewarton leveres med et dynebetr\u00e6k i samme farve og materiale. Du kan v\u00e6lge mellem to st\u00f8rrelser: [&hellip;]\" \/>\n<meta property=\"og:url\" content=\"https:\/\/last-chance.dk\/?product=sengetaeppe-ewarton-blaa\" \/>\n<meta property=\"og:site_name\" content=\"LASTCHANCE Deals | Danmark\" \/>\n<meta property=\"article:modified_time\" content=\"2025-09-19T18:26:40+00:00\" \/>\n<meta property=\"og:image\" content=\"https:\/\/last-chance.dk\/wp-content\/uploads\/2024\/01\/ewarton1.jpg\" \/>\n\t<meta property=\"og:image:width\" content=\"786\" \/>\n\t<meta property=\"og:image:height\" content=\"752\" \/>\n\t<meta property=\"og:image:type\" content=\"image\/jpeg\" \/>\n<meta name=\"twitter:card\" content=\"summary_large_image\" \/>\n<meta name=\"twitter:label1\" content=\"Estimeret l\u00e6setid\" \/>\n\t<meta name=\"twitter:data1\" content=\"1 minut\" \/>\n<script type=\"application\/ld+json\" class=\"yoast-schema-graph\">{\"@context\":\"https:\/\/schema.org\",\"@graph\":[{\"@type\":\"WebPage\",\"@id\":\"https:\/\/last-chance.dk\/?product=sengetaeppe-ewarton-blaa\",\"url\":\"https:\/\/last-chance.dk\/?product=sengetaeppe-ewarton-blaa\",\"name\":\"Senget\u00e6ppe Ewarton bl\u00e5 - LASTCHANCE Deals | Danmark\",\"isPartOf\":{\"@id\":\"https:\/\/last-chance.dk\/#website\"},\"primaryImageOfPage\":{\"@id\":\"https:\/\/last-chance.dk\/?product=sengetaeppe-ewarton-blaa#primaryimage\"},\"image\":{\"@id\":\"https:\/\/last-chance.dk\/?product=sengetaeppe-ewarton-blaa#primaryimage\"},\"thumbnailUrl\":\"https:\/\/last-chance.dk\/wp-content\/uploads\/2024\/01\/ewarton1.jpg\",\"datePublished\":\"2024-01-01T17:58:02+00:00\",\"dateModified\":\"2025-09-19T18:26:40+00:00\",\"breadcrumb\":{\"@id\":\"https:\/\/last-chance.dk\/?product=sengetaeppe-ewarton-blaa#breadcrumb\"},\"inLanguage\":\"da-DK\",\"potentialAction\":[{\"@type\":\"ReadAction\",\"target\":[\"https:\/\/last-chance.dk\/?product=sengetaeppe-ewarton-blaa\"]}]},{\"@type\":\"ImageObject\",\"inLanguage\":\"da-DK\",\"@id\":\"https:\/\/last-chance.dk\/?product=sengetaeppe-ewarton-blaa#primaryimage\",\"url\":\"https:\/\/last-chance.dk\/wp-content\/uploads\/2024\/01\/ewarton1.jpg\",\"contentUrl\":\"https:\/\/last-chance.dk\/wp-content\/uploads\/2024\/01\/ewarton1.jpg\",\"width\":786,\"height\":752},{\"@type\":\"BreadcrumbList\",\"@id\":\"https:\/\/last-chance.dk\/?product=sengetaeppe-ewarton-blaa#breadcrumb\",\"itemListElement\":[{\"@type\":\"ListItem\",\"position\":1,\"name\":\"Home\",\"item\":\"https:\/\/last-chance.dk\/\"},{\"@type\":\"ListItem\",\"position\":2,\"name\":\"Senget\u00e6ppe Ewarton bl\u00e5\"}]},{\"@type\":\"WebSite\",\"@id\":\"https:\/\/last-chance.dk\/#website\",\"url\":\"https:\/\/last-chance.dk\/\",\"name\":\"LASTCHANCE Deals | Danmark\",\"description\":\"LASTCHANCE Deals | Danmark\",\"publisher\":{\"@id\":\"https:\/\/last-chance.dk\/#organization\"},\"potentialAction\":[{\"@type\":\"SearchAction\",\"target\":{\"@type\":\"EntryPoint\",\"urlTemplate\":\"https:\/\/last-chance.dk\/?s={search_term_string}\"},\"query-input\":{\"@type\":\"PropertyValueSpecification\",\"valueRequired\":true,\"valueName\":\"search_term_string\"}}],\"inLanguage\":\"da-DK\"},{\"@type\":\"Organization\",\"@id\":\"https:\/\/last-chance.dk\/#organization\",\"name\":\"LASTCHANCE Deals | Danmark\",\"url\":\"https:\/\/last-chance.dk\/\",\"logo\":{\"@type\":\"ImageObject\",\"inLanguage\":\"da-DK\",\"@id\":\"https:\/\/last-chance.dk\/#\/schema\/logo\/image\/\",\"url\":\"https:\/\/last-chance.dk\/wp-content\/uploads\/2023\/10\/lastchancedeals_logo_dk_white.png\",\"contentUrl\":\"https:\/\/last-chance.dk\/wp-content\/uploads\/2023\/10\/lastchancedeals_logo_dk_white.png\",\"width\":470,\"height\":110,\"caption\":\"LASTCHANCE Deals | Danmark\"},\"image\":{\"@id\":\"https:\/\/last-chance.dk\/#\/schema\/logo\/image\/\"}}]}<\/script>\n<!-- \/ Yoast SEO plugin. -->","yoast_head_json":{"title":"Senget\u00e6ppe Ewarton bl\u00e5 - LASTCHANCE Deals | Danmark","robots":{"index":"index","follow":"follow","max-snippet":"max-snippet:-1","max-image-preview":"max-image-preview:large","max-video-preview":"max-video-preview:-1"},"canonical":"https:\/\/last-chance.dk\/?product=sengetaeppe-ewarton-blaa","og_locale":"da_DK","og_type":"article","og_title":"Senget\u00e6ppe Ewarton bl\u00e5 - LASTCHANCE Deals | Danmark","og_description":"Dr\u00f8m dig v\u00e6k i et bl\u00f8dt og behageligt senget\u00e6ppe fra ForrestDecor. Senget\u00e6ppet Ewarton er lavet af bomuld og fjer, som giver det en let og luftig fornemmelse. Det har en smuk bl\u00e5 farve, som passer til enhver indretning. Senget\u00e6ppet Ewarton leveres med et dynebetr\u00e6k i samme farve og materiale. Du kan v\u00e6lge mellem to st\u00f8rrelser: [&hellip;]","og_url":"https:\/\/last-chance.dk\/?product=sengetaeppe-ewarton-blaa","og_site_name":"LASTCHANCE Deals | Danmark","article_modified_time":"2025-09-19T18:26:40+00:00","og_image":[{"width":786,"height":752,"url":"https:\/\/last-chance.dk\/wp-content\/uploads\/2024\/01\/ewarton1.jpg","type":"image\/jpeg"}],"twitter_card":"summary_large_image","twitter_misc":{"Estimeret l\u00e6setid":"1 minut"},"schema":{"@context":"https:\/\/schema.org","@graph":[{"@type":"WebPage","@id":"https:\/\/last-chance.dk\/?product=sengetaeppe-ewarton-blaa","url":"https:\/\/last-chance.dk\/?product=sengetaeppe-ewarton-blaa","name":"Senget\u00e6ppe Ewarton bl\u00e5 - LASTCHANCE Deals | Danmark","isPartOf":{"@id":"https:\/\/last-chance.dk\/#website"},"primaryImageOfPage":{"@id":"https:\/\/last-chance.dk\/?product=sengetaeppe-ewarton-blaa#primaryimage"},"image":{"@id":"https:\/\/last-chance.dk\/?product=sengetaeppe-ewarton-blaa#primaryimage"},"thumbnailUrl":"https:\/\/last-chance.dk\/wp-content\/uploads\/2024\/01\/ewarton1.jpg","datePublished":"2024-01-01T17:58:02+00:00","dateModified":"2025-09-19T18:26:40+00:00","breadcrumb":{"@id":"https:\/\/last-chance.dk\/?product=sengetaeppe-ewarton-blaa#breadcrumb"},"inLanguage":"da-DK","potentialAction":[{"@type":"ReadAction","target":["https:\/\/last-chance.dk\/?product=sengetaeppe-ewarton-blaa"]}]},{"@type":"ImageObject","inLanguage":"da-DK","@id":"https:\/\/last-chance.dk\/?product=sengetaeppe-ewarton-blaa#primaryimage","url":"https:\/\/last-chance.dk\/wp-content\/uploads\/2024\/01\/ewarton1.jpg","contentUrl":"https:\/\/last-chance.dk\/wp-content\/uploads\/2024\/01\/ewarton1.jpg","width":786,"height":752},{"@type":"BreadcrumbList","@id":"https:\/\/last-chance.dk\/?product=sengetaeppe-ewarton-blaa#breadcrumb","itemListElement":[{"@type":"ListItem","position":1,"name":"Home","item":"https:\/\/last-chance.dk\/"},{"@type":"ListItem","position":2,"name":"Senget\u00e6ppe Ewarton bl\u00e5"}]},{"@type":"WebSite","@id":"https:\/\/last-chance.dk\/#website","url":"https:\/\/last-chance.dk\/","name":"LASTCHANCE Deals | Danmark","description":"LASTCHANCE Deals | Danmark","publisher":{"@id":"https:\/\/last-chance.dk\/#organization"},"potentialAction":[{"@type":"SearchAction","target":{"@type":"EntryPoint","urlTemplate":"https:\/\/last-chance.dk\/?s={search_term_string}"},"query-input":{"@type":"PropertyValueSpecification","valueRequired":true,"valueName":"search_term_string"}}],"inLanguage":"da-DK"},{"@type":"Organization","@id":"https:\/\/last-chance.dk\/#organization","name":"LASTCHANCE Deals | Danmark","url":"https:\/\/last-chance.dk\/","logo":{"@type":"ImageObject","inLanguage":"da-DK","@id":"https:\/\/last-chance.dk\/#\/schema\/logo\/image\/","url":"https:\/\/last-chance.dk\/wp-content\/uploads\/2023\/10\/lastchancedeals_logo_dk_white.png","contentUrl":"https:\/\/last-chance.dk\/wp-content\/uploads\/2023\/10\/lastchancedeals_logo_dk_white.png","width":470,"height":110,"caption":"LASTCHANCE Deals | Danmark"},"image":{"@id":"https:\/\/last-chance.dk\/#\/schema\/logo\/image\/"}}]}},"_links":{"self":[{"href":"https:\/\/last-chance.dk\/index.php?rest_route=\/wp\/v2\/product\/10136","targetHints":{"allow":["GET"]}}],"collection":[{"href":"https:\/\/last-chance.dk\/index.php?rest_route=\/wp\/v2\/product"}],"about":[{"href":"https:\/\/last-chance.dk\/index.php?rest_route=\/wp\/v2\/types\/product"}],"replies":[{"embeddable":true,"href":"https:\/\/last-chance.dk\/index.php?rest_route=%2Fwp%2Fv2%2Fcomments&post=10136"}],"wp:featuredmedia":[{"embeddable":true,"href":"https:\/\/last-chance.dk\/index.php?rest_route=\/wp\/v2\/media\/10131"}],"wp:attachment":[{"href":"https:\/\/last-chance.dk\/index.php?rest_route=%2Fwp%2Fv2%2Fmedia&parent=10136"}],"wp:term":[{"taxonomy":"product_brand","embeddable":true,"href":"https:\/\/last-chance.dk\/index.php?rest_route=%2Fwp%2Fv2%2Fproduct_brand&post=10136"},{"taxonomy":"product_cat","embeddable":true,"href":"https:\/\/last-chance.dk\/index.php?rest_route=%2Fwp%2Fv2%2Fproduct_cat&post=10136"},{"taxonomy":"product_tag","embeddable":true,"href":"https:\/\/last-chance.dk\/index.php?rest_route=%2Fwp%2Fv2%2Fproduct_tag&post=10136"}],"curies":[{"name":"wp","href":"https:\/\/api.w.org\/{rel}","templated":true}]}}