{"id":10152,"date":"2024-01-01T17:59:28","date_gmt":"2024-01-01T17:59:28","guid":{"rendered":"https:\/\/www.lastchance.deals\/dk\/produkt\/vaegur-medellin-soelv-45x45cm\/"},"modified":"2025-09-19T19:11:51","modified_gmt":"2025-09-19T19:11:51","slug":"vaegur-medellin-soelv-45x45cm","status":"publish","type":"product","link":"https:\/\/last-chance.dk\/?product=vaegur-medellin-soelv-45x45cm","title":{"rendered":"V\u00e6gur Medellin s\u00f8lv 45x45cm"},"content":{"rendered":"<p>Er du p\u00e5 udkig efter et stilfuldt og moderne v\u00e6gur til dit hjem? S\u00e5 er V\u00e6gur Medellin det perfekte valg for dig. Dette v\u00e6gur er lavet af metal i en flot s\u00f8lvfarve, der passer til enhver indretning. V\u00e6guret har et enkelt og elegant design med tynde visere og romertal. Det m\u00e5ler 45x45cm og er beregnet til indend\u00f8rs brug. V\u00e6gur Medellin er produceret af ForrestDecor, en anerkendt fabrikant af kvalitetsure. Du f\u00e5r 12 m\u00e5neders garanti p\u00e5 dit k\u00f8b, s\u00e5 du kan v\u00e6re sikker p\u00e5 at f\u00e5 et holdbart og p\u00e5lideligt v\u00e6gur. Bestil dit V\u00e6gur Medellin i dag og giv dit hjem et nyt og smukt udtryk.<\/p>\n<p><\/p>\n<p>Leveringstid: Leveringstid 1 uge<br \/>\nMateriale: metal<br \/>\nFarve: s\u00f8lv<br \/>\nDimensioner: 45x45cm<br \/>\nBeregnet til: Indend\u00f8rs brug<br \/>\nFabrikant: ForrestDecor<br \/>\nGaranti: 12 m\u00e5neder<\/p>\n","protected":false},"excerpt":{"rendered":"<p>Er du p\u00e5 udkig efter et stilfuldt og moderne v\u00e6gur til dit hjem? S\u00e5 er V\u00e6gur Medellin det perfekte valg for dig. Dette v\u00e6gur er lavet af metal i en flot s\u00f8lvfarve, der passer til enhver indretning. V\u00e6guret har et enkelt og elegant design med tynde visere og romertal. Det m\u00e5ler 45x45cm og er beregnet [&hellip;]<\/p>\n","protected":false},"featured_media":10148,"comment_status":"open","ping_status":"closed","template":"","meta":[],"product_brand":[],"product_cat":[188],"product_tag":[],"class_list":{"0":"post-10152","1":"product","2":"type-product","3":"status-publish","4":"has-post-thumbnail","6":"product_cat-wall-clocks","8":"first","9":"instock","10":"shipping-taxable","11":"purchasable","12":"product-type-simple"},"yoast_head":"<!-- This site is optimized with the Yoast SEO plugin v24.8.1 - https:\/\/yoast.com\/wordpress\/plugins\/seo\/ -->\n<title>V\u00e6gur Medellin s\u00f8lv 45x45cm - LASTCHANCE Deals | Danmark<\/title>\n<meta name=\"robots\" content=\"index, follow, max-snippet:-1, max-image-preview:large, max-video-preview:-1\" \/>\n<link rel=\"canonical\" href=\"https:\/\/last-chance.dk\/?product=vaegur-medellin-soelv-45x45cm\" \/>\n<meta property=\"og:locale\" content=\"da_DK\" \/>\n<meta property=\"og:type\" content=\"article\" \/>\n<meta property=\"og:title\" content=\"V\u00e6gur Medellin s\u00f8lv 45x45cm - LASTCHANCE Deals | Danmark\" \/>\n<meta property=\"og:description\" content=\"Er du p\u00e5 udkig efter et stilfuldt og moderne v\u00e6gur til dit hjem? S\u00e5 er V\u00e6gur Medellin det perfekte valg for dig. Dette v\u00e6gur er lavet af metal i en flot s\u00f8lvfarve, der passer til enhver indretning. V\u00e6guret har et enkelt og elegant design med tynde visere og romertal. Det m\u00e5ler 45x45cm og er beregnet [&hellip;]\" \/>\n<meta property=\"og:url\" content=\"https:\/\/last-chance.dk\/?product=vaegur-medellin-soelv-45x45cm\" \/>\n<meta property=\"og:site_name\" content=\"LASTCHANCE Deals | Danmark\" \/>\n<meta property=\"article:modified_time\" content=\"2025-09-19T19:11:51+00:00\" \/>\n<meta property=\"og:image\" content=\"https:\/\/last-chance.dk\/wp-content\/uploads\/2024\/01\/medellin1.jpg\" \/>\n\t<meta property=\"og:image:width\" content=\"790\" \/>\n\t<meta property=\"og:image:height\" content=\"820\" \/>\n\t<meta property=\"og:image:type\" content=\"image\/jpeg\" \/>\n<meta name=\"twitter:card\" content=\"summary_large_image\" \/>\n<meta name=\"twitter:label1\" content=\"Estimeret l\u00e6setid\" \/>\n\t<meta name=\"twitter:data1\" content=\"1 minut\" \/>\n<script type=\"application\/ld+json\" class=\"yoast-schema-graph\">{\"@context\":\"https:\/\/schema.org\",\"@graph\":[{\"@type\":\"WebPage\",\"@id\":\"https:\/\/last-chance.dk\/?product=vaegur-medellin-soelv-45x45cm\",\"url\":\"https:\/\/last-chance.dk\/?product=vaegur-medellin-soelv-45x45cm\",\"name\":\"V\u00e6gur Medellin s\u00f8lv 45x45cm - LASTCHANCE Deals | Danmark\",\"isPartOf\":{\"@id\":\"https:\/\/last-chance.dk\/#website\"},\"primaryImageOfPage\":{\"@id\":\"https:\/\/last-chance.dk\/?product=vaegur-medellin-soelv-45x45cm#primaryimage\"},\"image\":{\"@id\":\"https:\/\/last-chance.dk\/?product=vaegur-medellin-soelv-45x45cm#primaryimage\"},\"thumbnailUrl\":\"https:\/\/last-chance.dk\/wp-content\/uploads\/2024\/01\/medellin1.jpg\",\"datePublished\":\"2024-01-01T17:59:28+00:00\",\"dateModified\":\"2025-09-19T19:11:51+00:00\",\"breadcrumb\":{\"@id\":\"https:\/\/last-chance.dk\/?product=vaegur-medellin-soelv-45x45cm#breadcrumb\"},\"inLanguage\":\"da-DK\",\"potentialAction\":[{\"@type\":\"ReadAction\",\"target\":[\"https:\/\/last-chance.dk\/?product=vaegur-medellin-soelv-45x45cm\"]}]},{\"@type\":\"ImageObject\",\"inLanguage\":\"da-DK\",\"@id\":\"https:\/\/last-chance.dk\/?product=vaegur-medellin-soelv-45x45cm#primaryimage\",\"url\":\"https:\/\/last-chance.dk\/wp-content\/uploads\/2024\/01\/medellin1.jpg\",\"contentUrl\":\"https:\/\/last-chance.dk\/wp-content\/uploads\/2024\/01\/medellin1.jpg\",\"width\":790,\"height\":820},{\"@type\":\"BreadcrumbList\",\"@id\":\"https:\/\/last-chance.dk\/?product=vaegur-medellin-soelv-45x45cm#breadcrumb\",\"itemListElement\":[{\"@type\":\"ListItem\",\"position\":1,\"name\":\"Home\",\"item\":\"https:\/\/last-chance.dk\/\"},{\"@type\":\"ListItem\",\"position\":2,\"name\":\"V\u00e6gur Medellin s\u00f8lv 45x45cm\"}]},{\"@type\":\"WebSite\",\"@id\":\"https:\/\/last-chance.dk\/#website\",\"url\":\"https:\/\/last-chance.dk\/\",\"name\":\"LASTCHANCE Deals | Danmark\",\"description\":\"LASTCHANCE Deals | Danmark\",\"publisher\":{\"@id\":\"https:\/\/last-chance.dk\/#organization\"},\"potentialAction\":[{\"@type\":\"SearchAction\",\"target\":{\"@type\":\"EntryPoint\",\"urlTemplate\":\"https:\/\/last-chance.dk\/?s={search_term_string}\"},\"query-input\":{\"@type\":\"PropertyValueSpecification\",\"valueRequired\":true,\"valueName\":\"search_term_string\"}}],\"inLanguage\":\"da-DK\"},{\"@type\":\"Organization\",\"@id\":\"https:\/\/last-chance.dk\/#organization\",\"name\":\"LASTCHANCE Deals | Danmark\",\"url\":\"https:\/\/last-chance.dk\/\",\"logo\":{\"@type\":\"ImageObject\",\"inLanguage\":\"da-DK\",\"@id\":\"https:\/\/last-chance.dk\/#\/schema\/logo\/image\/\",\"url\":\"https:\/\/last-chance.dk\/wp-content\/uploads\/2023\/10\/lastchancedeals_logo_dk_white.png\",\"contentUrl\":\"https:\/\/last-chance.dk\/wp-content\/uploads\/2023\/10\/lastchancedeals_logo_dk_white.png\",\"width\":470,\"height\":110,\"caption\":\"LASTCHANCE Deals | Danmark\"},\"image\":{\"@id\":\"https:\/\/last-chance.dk\/#\/schema\/logo\/image\/\"}}]}<\/script>\n<!-- \/ Yoast SEO plugin. -->","yoast_head_json":{"title":"V\u00e6gur Medellin s\u00f8lv 45x45cm - LASTCHANCE Deals | Danmark","robots":{"index":"index","follow":"follow","max-snippet":"max-snippet:-1","max-image-preview":"max-image-preview:large","max-video-preview":"max-video-preview:-1"},"canonical":"https:\/\/last-chance.dk\/?product=vaegur-medellin-soelv-45x45cm","og_locale":"da_DK","og_type":"article","og_title":"V\u00e6gur Medellin s\u00f8lv 45x45cm - LASTCHANCE Deals | Danmark","og_description":"Er du p\u00e5 udkig efter et stilfuldt og moderne v\u00e6gur til dit hjem? S\u00e5 er V\u00e6gur Medellin det perfekte valg for dig. Dette v\u00e6gur er lavet af metal i en flot s\u00f8lvfarve, der passer til enhver indretning. V\u00e6guret har et enkelt og elegant design med tynde visere og romertal. Det m\u00e5ler 45x45cm og er beregnet [&hellip;]","og_url":"https:\/\/last-chance.dk\/?product=vaegur-medellin-soelv-45x45cm","og_site_name":"LASTCHANCE Deals | Danmark","article_modified_time":"2025-09-19T19:11:51+00:00","og_image":[{"width":790,"height":820,"url":"https:\/\/last-chance.dk\/wp-content\/uploads\/2024\/01\/medellin1.jpg","type":"image\/jpeg"}],"twitter_card":"summary_large_image","twitter_misc":{"Estimeret l\u00e6setid":"1 minut"},"schema":{"@context":"https:\/\/schema.org","@graph":[{"@type":"WebPage","@id":"https:\/\/last-chance.dk\/?product=vaegur-medellin-soelv-45x45cm","url":"https:\/\/last-chance.dk\/?product=vaegur-medellin-soelv-45x45cm","name":"V\u00e6gur Medellin s\u00f8lv 45x45cm - LASTCHANCE Deals | Danmark","isPartOf":{"@id":"https:\/\/last-chance.dk\/#website"},"primaryImageOfPage":{"@id":"https:\/\/last-chance.dk\/?product=vaegur-medellin-soelv-45x45cm#primaryimage"},"image":{"@id":"https:\/\/last-chance.dk\/?product=vaegur-medellin-soelv-45x45cm#primaryimage"},"thumbnailUrl":"https:\/\/last-chance.dk\/wp-content\/uploads\/2024\/01\/medellin1.jpg","datePublished":"2024-01-01T17:59:28+00:00","dateModified":"2025-09-19T19:11:51+00:00","breadcrumb":{"@id":"https:\/\/last-chance.dk\/?product=vaegur-medellin-soelv-45x45cm#breadcrumb"},"inLanguage":"da-DK","potentialAction":[{"@type":"ReadAction","target":["https:\/\/last-chance.dk\/?product=vaegur-medellin-soelv-45x45cm"]}]},{"@type":"ImageObject","inLanguage":"da-DK","@id":"https:\/\/last-chance.dk\/?product=vaegur-medellin-soelv-45x45cm#primaryimage","url":"https:\/\/last-chance.dk\/wp-content\/uploads\/2024\/01\/medellin1.jpg","contentUrl":"https:\/\/last-chance.dk\/wp-content\/uploads\/2024\/01\/medellin1.jpg","width":790,"height":820},{"@type":"BreadcrumbList","@id":"https:\/\/last-chance.dk\/?product=vaegur-medellin-soelv-45x45cm#breadcrumb","itemListElement":[{"@type":"ListItem","position":1,"name":"Home","item":"https:\/\/last-chance.dk\/"},{"@type":"ListItem","position":2,"name":"V\u00e6gur Medellin s\u00f8lv 45x45cm"}]},{"@type":"WebSite","@id":"https:\/\/last-chance.dk\/#website","url":"https:\/\/last-chance.dk\/","name":"LASTCHANCE Deals | Danmark","description":"LASTCHANCE Deals | Danmark","publisher":{"@id":"https:\/\/last-chance.dk\/#organization"},"potentialAction":[{"@type":"SearchAction","target":{"@type":"EntryPoint","urlTemplate":"https:\/\/last-chance.dk\/?s={search_term_string}"},"query-input":{"@type":"PropertyValueSpecification","valueRequired":true,"valueName":"search_term_string"}}],"inLanguage":"da-DK"},{"@type":"Organization","@id":"https:\/\/last-chance.dk\/#organization","name":"LASTCHANCE Deals | Danmark","url":"https:\/\/last-chance.dk\/","logo":{"@type":"ImageObject","inLanguage":"da-DK","@id":"https:\/\/last-chance.dk\/#\/schema\/logo\/image\/","url":"https:\/\/last-chance.dk\/wp-content\/uploads\/2023\/10\/lastchancedeals_logo_dk_white.png","contentUrl":"https:\/\/last-chance.dk\/wp-content\/uploads\/2023\/10\/lastchancedeals_logo_dk_white.png","width":470,"height":110,"caption":"LASTCHANCE Deals | Danmark"},"image":{"@id":"https:\/\/last-chance.dk\/#\/schema\/logo\/image\/"}}]}},"_links":{"self":[{"href":"https:\/\/last-chance.dk\/index.php?rest_route=\/wp\/v2\/product\/10152","targetHints":{"allow":["GET"]}}],"collection":[{"href":"https:\/\/last-chance.dk\/index.php?rest_route=\/wp\/v2\/product"}],"about":[{"href":"https:\/\/last-chance.dk\/index.php?rest_route=\/wp\/v2\/types\/product"}],"replies":[{"embeddable":true,"href":"https:\/\/last-chance.dk\/index.php?rest_route=%2Fwp%2Fv2%2Fcomments&post=10152"}],"wp:featuredmedia":[{"embeddable":true,"href":"https:\/\/last-chance.dk\/index.php?rest_route=\/wp\/v2\/media\/10148"}],"wp:attachment":[{"href":"https:\/\/last-chance.dk\/index.php?rest_route=%2Fwp%2Fv2%2Fmedia&parent=10152"}],"wp:term":[{"taxonomy":"product_brand","embeddable":true,"href":"https:\/\/last-chance.dk\/index.php?rest_route=%2Fwp%2Fv2%2Fproduct_brand&post=10152"},{"taxonomy":"product_cat","embeddable":true,"href":"https:\/\/last-chance.dk\/index.php?rest_route=%2Fwp%2Fv2%2Fproduct_cat&post=10152"},{"taxonomy":"product_tag","embeddable":true,"href":"https:\/\/last-chance.dk\/index.php?rest_route=%2Fwp%2Fv2%2Fproduct_tag&post=10152"}],"curies":[{"name":"wp","href":"https:\/\/api.w.org\/{rel}","templated":true}]}}