{"id":10163,"date":"2024-01-01T18:00:42","date_gmt":"2024-01-01T18:00:42","guid":{"rendered":"https:\/\/www.lastchance.deals\/dk\/produkt\/melia-kunstig-blomst-groen-32x210cm\/"},"modified":"2025-10-13T11:56:50","modified_gmt":"2025-10-13T11:56:50","slug":"melia-kunstig-blomst-groen-32x210cm","status":"publish","type":"product","link":"https:\/\/last-chance.dk\/?product=melia-kunstig-blomst-groen-32x210cm","title":{"rendered":"Melia kunstig blomst gr\u00f8n 32x210cm"},"content":{"rendered":"<p>Bland dit hjem med den smukke Melia kunstige blomst fra ForrestDecor. Denne kunstige blomst er en fremragende dekoration, der vil tilf\u00f8je et strejf af naturlig sk\u00f8nhed til ethvert rum. Den er lavet af kvalitetsplast, der g\u00f8r den robust og holdbar. Den kan holde sin farve selv n\u00e5r den uds\u00e6ttes for sollys og udend\u00f8rs vejr. Den har en st\u00f8rrelse p\u00e5 32x210cm, der g\u00f8r den egnet til at placere p\u00e5 et vindue eller et skab. Den er ogs\u00e5 perfekt til at dekorere terrasser, balkoner og haver. Med sin gr\u00f8nne farve bringer den et frisk udseende til dit hjem.<\/p>\n<p><\/p>\n<p>Leveringstid: Leveringstid 1 uge<br \/>\nUdvendige dimensioner: 32x210cm<br \/>\nFarve: gr\u00f8n<br \/>\nFabrikant: ForrestDecor<br \/>\nMateriale: plast<\/p>\n","protected":false},"excerpt":{"rendered":"<p>Bland dit hjem med den smukke Melia kunstige blomst fra ForrestDecor. Denne kunstige blomst er en fremragende dekoration, der vil tilf\u00f8je et strejf af naturlig sk\u00f8nhed til ethvert rum. Den er lavet af kvalitetsplast, der g\u00f8r den robust og holdbar. Den kan holde sin farve selv n\u00e5r den uds\u00e6ttes for sollys og udend\u00f8rs vejr. Den [&hellip;]<\/p>\n","protected":false},"featured_media":10162,"comment_status":"open","ping_status":"closed","template":"","meta":[],"product_brand":[],"product_cat":[190],"product_tag":[],"class_list":{"0":"post-10163","1":"product","2":"type-product","3":"status-publish","4":"has-post-thumbnail","6":"product_cat-artificial-trees-and-flowers","8":"first","9":"instock","10":"shipping-taxable","11":"purchasable","12":"product-type-simple"},"yoast_head":"<!-- This site is optimized with the Yoast SEO plugin v24.8.1 - https:\/\/yoast.com\/wordpress\/plugins\/seo\/ -->\n<title>Melia kunstig blomst gr\u00f8n 32x210cm - LASTCHANCE Deals | Danmark<\/title>\n<meta name=\"robots\" content=\"index, follow, max-snippet:-1, max-image-preview:large, max-video-preview:-1\" \/>\n<link rel=\"canonical\" href=\"https:\/\/last-chance.dk\/?product=melia-kunstig-blomst-groen-32x210cm\" \/>\n<meta property=\"og:locale\" content=\"da_DK\" \/>\n<meta property=\"og:type\" content=\"article\" \/>\n<meta property=\"og:title\" content=\"Melia kunstig blomst gr\u00f8n 32x210cm - LASTCHANCE Deals | Danmark\" \/>\n<meta property=\"og:description\" content=\"Bland dit hjem med den smukke Melia kunstige blomst fra ForrestDecor. Denne kunstige blomst er en fremragende dekoration, der vil tilf\u00f8je et strejf af naturlig sk\u00f8nhed til ethvert rum. Den er lavet af kvalitetsplast, der g\u00f8r den robust og holdbar. Den kan holde sin farve selv n\u00e5r den uds\u00e6ttes for sollys og udend\u00f8rs vejr. Den [&hellip;]\" \/>\n<meta property=\"og:url\" content=\"https:\/\/last-chance.dk\/?product=melia-kunstig-blomst-groen-32x210cm\" \/>\n<meta property=\"og:site_name\" content=\"LASTCHANCE Deals | Danmark\" \/>\n<meta property=\"article:modified_time\" content=\"2025-10-13T11:56:50+00:00\" \/>\n<meta property=\"og:image\" content=\"https:\/\/last-chance.dk\/wp-content\/uploads\/2024\/01\/melia.jpg\" \/>\n\t<meta property=\"og:image:width\" content=\"633\" \/>\n\t<meta property=\"og:image:height\" content=\"800\" \/>\n\t<meta property=\"og:image:type\" content=\"image\/jpeg\" \/>\n<meta name=\"twitter:card\" content=\"summary_large_image\" \/>\n<meta name=\"twitter:label1\" content=\"Estimeret l\u00e6setid\" \/>\n\t<meta name=\"twitter:data1\" content=\"1 minut\" \/>\n<script type=\"application\/ld+json\" class=\"yoast-schema-graph\">{\"@context\":\"https:\/\/schema.org\",\"@graph\":[{\"@type\":\"WebPage\",\"@id\":\"https:\/\/last-chance.dk\/?product=melia-kunstig-blomst-groen-32x210cm\",\"url\":\"https:\/\/last-chance.dk\/?product=melia-kunstig-blomst-groen-32x210cm\",\"name\":\"Melia kunstig blomst gr\u00f8n 32x210cm - LASTCHANCE Deals | Danmark\",\"isPartOf\":{\"@id\":\"https:\/\/last-chance.dk\/#website\"},\"primaryImageOfPage\":{\"@id\":\"https:\/\/last-chance.dk\/?product=melia-kunstig-blomst-groen-32x210cm#primaryimage\"},\"image\":{\"@id\":\"https:\/\/last-chance.dk\/?product=melia-kunstig-blomst-groen-32x210cm#primaryimage\"},\"thumbnailUrl\":\"https:\/\/last-chance.dk\/wp-content\/uploads\/2024\/01\/melia.jpg\",\"datePublished\":\"2024-01-01T18:00:42+00:00\",\"dateModified\":\"2025-10-13T11:56:50+00:00\",\"breadcrumb\":{\"@id\":\"https:\/\/last-chance.dk\/?product=melia-kunstig-blomst-groen-32x210cm#breadcrumb\"},\"inLanguage\":\"da-DK\",\"potentialAction\":[{\"@type\":\"ReadAction\",\"target\":[\"https:\/\/last-chance.dk\/?product=melia-kunstig-blomst-groen-32x210cm\"]}]},{\"@type\":\"ImageObject\",\"inLanguage\":\"da-DK\",\"@id\":\"https:\/\/last-chance.dk\/?product=melia-kunstig-blomst-groen-32x210cm#primaryimage\",\"url\":\"https:\/\/last-chance.dk\/wp-content\/uploads\/2024\/01\/melia.jpg\",\"contentUrl\":\"https:\/\/last-chance.dk\/wp-content\/uploads\/2024\/01\/melia.jpg\",\"width\":633,\"height\":800},{\"@type\":\"BreadcrumbList\",\"@id\":\"https:\/\/last-chance.dk\/?product=melia-kunstig-blomst-groen-32x210cm#breadcrumb\",\"itemListElement\":[{\"@type\":\"ListItem\",\"position\":1,\"name\":\"Home\",\"item\":\"https:\/\/last-chance.dk\/\"},{\"@type\":\"ListItem\",\"position\":2,\"name\":\"Melia kunstig blomst gr\u00f8n 32x210cm\"}]},{\"@type\":\"WebSite\",\"@id\":\"https:\/\/last-chance.dk\/#website\",\"url\":\"https:\/\/last-chance.dk\/\",\"name\":\"LASTCHANCE Deals | Danmark\",\"description\":\"LASTCHANCE Deals | Danmark\",\"publisher\":{\"@id\":\"https:\/\/last-chance.dk\/#organization\"},\"potentialAction\":[{\"@type\":\"SearchAction\",\"target\":{\"@type\":\"EntryPoint\",\"urlTemplate\":\"https:\/\/last-chance.dk\/?s={search_term_string}\"},\"query-input\":{\"@type\":\"PropertyValueSpecification\",\"valueRequired\":true,\"valueName\":\"search_term_string\"}}],\"inLanguage\":\"da-DK\"},{\"@type\":\"Organization\",\"@id\":\"https:\/\/last-chance.dk\/#organization\",\"name\":\"LASTCHANCE Deals | Danmark\",\"url\":\"https:\/\/last-chance.dk\/\",\"logo\":{\"@type\":\"ImageObject\",\"inLanguage\":\"da-DK\",\"@id\":\"https:\/\/last-chance.dk\/#\/schema\/logo\/image\/\",\"url\":\"https:\/\/last-chance.dk\/wp-content\/uploads\/2023\/10\/lastchancedeals_logo_dk_white.png\",\"contentUrl\":\"https:\/\/last-chance.dk\/wp-content\/uploads\/2023\/10\/lastchancedeals_logo_dk_white.png\",\"width\":470,\"height\":110,\"caption\":\"LASTCHANCE Deals | Danmark\"},\"image\":{\"@id\":\"https:\/\/last-chance.dk\/#\/schema\/logo\/image\/\"}}]}<\/script>\n<!-- \/ Yoast SEO plugin. -->","yoast_head_json":{"title":"Melia kunstig blomst gr\u00f8n 32x210cm - LASTCHANCE Deals | Danmark","robots":{"index":"index","follow":"follow","max-snippet":"max-snippet:-1","max-image-preview":"max-image-preview:large","max-video-preview":"max-video-preview:-1"},"canonical":"https:\/\/last-chance.dk\/?product=melia-kunstig-blomst-groen-32x210cm","og_locale":"da_DK","og_type":"article","og_title":"Melia kunstig blomst gr\u00f8n 32x210cm - LASTCHANCE Deals | Danmark","og_description":"Bland dit hjem med den smukke Melia kunstige blomst fra ForrestDecor. Denne kunstige blomst er en fremragende dekoration, der vil tilf\u00f8je et strejf af naturlig sk\u00f8nhed til ethvert rum. Den er lavet af kvalitetsplast, der g\u00f8r den robust og holdbar. Den kan holde sin farve selv n\u00e5r den uds\u00e6ttes for sollys og udend\u00f8rs vejr. Den [&hellip;]","og_url":"https:\/\/last-chance.dk\/?product=melia-kunstig-blomst-groen-32x210cm","og_site_name":"LASTCHANCE Deals | Danmark","article_modified_time":"2025-10-13T11:56:50+00:00","og_image":[{"width":633,"height":800,"url":"https:\/\/last-chance.dk\/wp-content\/uploads\/2024\/01\/melia.jpg","type":"image\/jpeg"}],"twitter_card":"summary_large_image","twitter_misc":{"Estimeret l\u00e6setid":"1 minut"},"schema":{"@context":"https:\/\/schema.org","@graph":[{"@type":"WebPage","@id":"https:\/\/last-chance.dk\/?product=melia-kunstig-blomst-groen-32x210cm","url":"https:\/\/last-chance.dk\/?product=melia-kunstig-blomst-groen-32x210cm","name":"Melia kunstig blomst gr\u00f8n 32x210cm - LASTCHANCE Deals | Danmark","isPartOf":{"@id":"https:\/\/last-chance.dk\/#website"},"primaryImageOfPage":{"@id":"https:\/\/last-chance.dk\/?product=melia-kunstig-blomst-groen-32x210cm#primaryimage"},"image":{"@id":"https:\/\/last-chance.dk\/?product=melia-kunstig-blomst-groen-32x210cm#primaryimage"},"thumbnailUrl":"https:\/\/last-chance.dk\/wp-content\/uploads\/2024\/01\/melia.jpg","datePublished":"2024-01-01T18:00:42+00:00","dateModified":"2025-10-13T11:56:50+00:00","breadcrumb":{"@id":"https:\/\/last-chance.dk\/?product=melia-kunstig-blomst-groen-32x210cm#breadcrumb"},"inLanguage":"da-DK","potentialAction":[{"@type":"ReadAction","target":["https:\/\/last-chance.dk\/?product=melia-kunstig-blomst-groen-32x210cm"]}]},{"@type":"ImageObject","inLanguage":"da-DK","@id":"https:\/\/last-chance.dk\/?product=melia-kunstig-blomst-groen-32x210cm#primaryimage","url":"https:\/\/last-chance.dk\/wp-content\/uploads\/2024\/01\/melia.jpg","contentUrl":"https:\/\/last-chance.dk\/wp-content\/uploads\/2024\/01\/melia.jpg","width":633,"height":800},{"@type":"BreadcrumbList","@id":"https:\/\/last-chance.dk\/?product=melia-kunstig-blomst-groen-32x210cm#breadcrumb","itemListElement":[{"@type":"ListItem","position":1,"name":"Home","item":"https:\/\/last-chance.dk\/"},{"@type":"ListItem","position":2,"name":"Melia kunstig blomst gr\u00f8n 32x210cm"}]},{"@type":"WebSite","@id":"https:\/\/last-chance.dk\/#website","url":"https:\/\/last-chance.dk\/","name":"LASTCHANCE Deals | Danmark","description":"LASTCHANCE Deals | Danmark","publisher":{"@id":"https:\/\/last-chance.dk\/#organization"},"potentialAction":[{"@type":"SearchAction","target":{"@type":"EntryPoint","urlTemplate":"https:\/\/last-chance.dk\/?s={search_term_string}"},"query-input":{"@type":"PropertyValueSpecification","valueRequired":true,"valueName":"search_term_string"}}],"inLanguage":"da-DK"},{"@type":"Organization","@id":"https:\/\/last-chance.dk\/#organization","name":"LASTCHANCE Deals | Danmark","url":"https:\/\/last-chance.dk\/","logo":{"@type":"ImageObject","inLanguage":"da-DK","@id":"https:\/\/last-chance.dk\/#\/schema\/logo\/image\/","url":"https:\/\/last-chance.dk\/wp-content\/uploads\/2023\/10\/lastchancedeals_logo_dk_white.png","contentUrl":"https:\/\/last-chance.dk\/wp-content\/uploads\/2023\/10\/lastchancedeals_logo_dk_white.png","width":470,"height":110,"caption":"LASTCHANCE Deals | Danmark"},"image":{"@id":"https:\/\/last-chance.dk\/#\/schema\/logo\/image\/"}}]}},"_links":{"self":[{"href":"https:\/\/last-chance.dk\/index.php?rest_route=\/wp\/v2\/product\/10163","targetHints":{"allow":["GET"]}}],"collection":[{"href":"https:\/\/last-chance.dk\/index.php?rest_route=\/wp\/v2\/product"}],"about":[{"href":"https:\/\/last-chance.dk\/index.php?rest_route=\/wp\/v2\/types\/product"}],"replies":[{"embeddable":true,"href":"https:\/\/last-chance.dk\/index.php?rest_route=%2Fwp%2Fv2%2Fcomments&post=10163"}],"wp:featuredmedia":[{"embeddable":true,"href":"https:\/\/last-chance.dk\/index.php?rest_route=\/wp\/v2\/media\/10162"}],"wp:attachment":[{"href":"https:\/\/last-chance.dk\/index.php?rest_route=%2Fwp%2Fv2%2Fmedia&parent=10163"}],"wp:term":[{"taxonomy":"product_brand","embeddable":true,"href":"https:\/\/last-chance.dk\/index.php?rest_route=%2Fwp%2Fv2%2Fproduct_brand&post=10163"},{"taxonomy":"product_cat","embeddable":true,"href":"https:\/\/last-chance.dk\/index.php?rest_route=%2Fwp%2Fv2%2Fproduct_cat&post=10163"},{"taxonomy":"product_tag","embeddable":true,"href":"https:\/\/last-chance.dk\/index.php?rest_route=%2Fwp%2Fv2%2Fproduct_tag&post=10163"}],"curies":[{"name":"wp","href":"https:\/\/api.w.org\/{rel}","templated":true}]}}