{"id":10193,"date":"2024-01-01T18:02:53","date_gmt":"2024-01-01T18:02:53","guid":{"rendered":"https:\/\/www.lastchance.deals\/dk\/produkt\/receptionsbord-coby-sort-hvid-moebelplade\/"},"modified":"2025-09-19T18:14:26","modified_gmt":"2025-09-19T18:14:26","slug":"receptionsbord-coby-sort-hvid-moebelplade","status":"publish","type":"product","link":"https:\/\/last-chance.dk\/?product=receptionsbord-coby-sort-hvid-moebelplade","title":{"rendered":"Receptionsbord Coby sort-hvid m\u00f8belplade"},"content":{"rendered":"<p>Receptionsbord Coby er et moderne og elegant m\u00f8bel, der passer perfekt til enhver reception eller ventev\u00e6relse. Bordet har en sort-hvid farvekombination, der skaber en flot kontrast og et stilrent udtryk. Bordet er lavet af m\u00f8belplade, der er holdbart og nemt at reng\u00f8re. Bordet leveres usamlet, men du kan nemt samle det med den medf\u00f8lgende vejledning. Bordet har en 12 m\u00e5neders rammegaranti, s\u00e5 du kan v\u00e6re sikker p\u00e5 kvaliteten. Receptionsbord Coby er et produkt fra ForrestDecor, en anerkendt fabrikant af m\u00f8bler til hjemmet og kontoret.<\/p>\n<p><\/p>\n<p>Leveringstid: Leveringstid 1 uge<br \/>\nStil: moderne<br \/>\nMateriale: m\u00f8belplade<br \/>\nFarve: sort-hvid<br \/>\nMontage: skal samles<br \/>\nGaranti: 12 m\u00e5neders rammegaranti<br \/>\nFabrikant: ForrestDecor<\/p>\n","protected":false},"excerpt":{"rendered":"<p>Receptionsbord Coby er et moderne og elegant m\u00f8bel, der passer perfekt til enhver reception eller ventev\u00e6relse. Bordet har en sort-hvid farvekombination, der skaber en flot kontrast og et stilrent udtryk. Bordet er lavet af m\u00f8belplade, der er holdbart og nemt at reng\u00f8re. Bordet leveres usamlet, men du kan nemt samle det med den medf\u00f8lgende vejledning. [&hellip;]<\/p>\n","protected":false},"featured_media":10191,"comment_status":"open","ping_status":"closed","template":"","meta":[],"product_brand":[],"product_cat":[198],"product_tag":[],"class_list":{"0":"post-10193","1":"product","2":"type-product","3":"status-publish","4":"has-post-thumbnail","6":"product_cat-reception-desks","8":"first","9":"instock","10":"shipping-taxable","11":"purchasable","12":"product-type-simple"},"yoast_head":"<!-- This site is optimized with the Yoast SEO plugin v24.8.1 - https:\/\/yoast.com\/wordpress\/plugins\/seo\/ -->\n<title>Receptionsbord Coby sort-hvid m\u00f8belplade - LASTCHANCE Deals | Danmark<\/title>\n<meta name=\"robots\" content=\"index, follow, max-snippet:-1, max-image-preview:large, max-video-preview:-1\" \/>\n<link rel=\"canonical\" href=\"https:\/\/last-chance.dk\/?product=receptionsbord-coby-sort-hvid-moebelplade\" \/>\n<meta property=\"og:locale\" content=\"da_DK\" \/>\n<meta property=\"og:type\" content=\"article\" \/>\n<meta property=\"og:title\" content=\"Receptionsbord Coby sort-hvid m\u00f8belplade - LASTCHANCE Deals | Danmark\" \/>\n<meta property=\"og:description\" content=\"Receptionsbord Coby er et moderne og elegant m\u00f8bel, der passer perfekt til enhver reception eller ventev\u00e6relse. Bordet har en sort-hvid farvekombination, der skaber en flot kontrast og et stilrent udtryk. Bordet er lavet af m\u00f8belplade, der er holdbart og nemt at reng\u00f8re. Bordet leveres usamlet, men du kan nemt samle det med den medf\u00f8lgende vejledning. [&hellip;]\" \/>\n<meta property=\"og:url\" content=\"https:\/\/last-chance.dk\/?product=receptionsbord-coby-sort-hvid-moebelplade\" \/>\n<meta property=\"og:site_name\" content=\"LASTCHANCE Deals | Danmark\" \/>\n<meta property=\"article:modified_time\" content=\"2025-09-19T18:14:26+00:00\" \/>\n<meta property=\"og:image\" content=\"https:\/\/last-chance.dk\/wp-content\/uploads\/2024\/01\/coby1.jpg\" \/>\n\t<meta property=\"og:image:width\" content=\"800\" \/>\n\t<meta property=\"og:image:height\" content=\"800\" \/>\n\t<meta property=\"og:image:type\" content=\"image\/jpeg\" \/>\n<meta name=\"twitter:card\" content=\"summary_large_image\" \/>\n<meta name=\"twitter:label1\" content=\"Estimeret l\u00e6setid\" \/>\n\t<meta name=\"twitter:data1\" content=\"1 minut\" \/>\n<script type=\"application\/ld+json\" class=\"yoast-schema-graph\">{\"@context\":\"https:\/\/schema.org\",\"@graph\":[{\"@type\":\"WebPage\",\"@id\":\"https:\/\/last-chance.dk\/?product=receptionsbord-coby-sort-hvid-moebelplade\",\"url\":\"https:\/\/last-chance.dk\/?product=receptionsbord-coby-sort-hvid-moebelplade\",\"name\":\"Receptionsbord Coby sort-hvid m\u00f8belplade - LASTCHANCE Deals | Danmark\",\"isPartOf\":{\"@id\":\"https:\/\/last-chance.dk\/#website\"},\"primaryImageOfPage\":{\"@id\":\"https:\/\/last-chance.dk\/?product=receptionsbord-coby-sort-hvid-moebelplade#primaryimage\"},\"image\":{\"@id\":\"https:\/\/last-chance.dk\/?product=receptionsbord-coby-sort-hvid-moebelplade#primaryimage\"},\"thumbnailUrl\":\"https:\/\/last-chance.dk\/wp-content\/uploads\/2024\/01\/coby1.jpg\",\"datePublished\":\"2024-01-01T18:02:53+00:00\",\"dateModified\":\"2025-09-19T18:14:26+00:00\",\"breadcrumb\":{\"@id\":\"https:\/\/last-chance.dk\/?product=receptionsbord-coby-sort-hvid-moebelplade#breadcrumb\"},\"inLanguage\":\"da-DK\",\"potentialAction\":[{\"@type\":\"ReadAction\",\"target\":[\"https:\/\/last-chance.dk\/?product=receptionsbord-coby-sort-hvid-moebelplade\"]}]},{\"@type\":\"ImageObject\",\"inLanguage\":\"da-DK\",\"@id\":\"https:\/\/last-chance.dk\/?product=receptionsbord-coby-sort-hvid-moebelplade#primaryimage\",\"url\":\"https:\/\/last-chance.dk\/wp-content\/uploads\/2024\/01\/coby1.jpg\",\"contentUrl\":\"https:\/\/last-chance.dk\/wp-content\/uploads\/2024\/01\/coby1.jpg\",\"width\":800,\"height\":800},{\"@type\":\"BreadcrumbList\",\"@id\":\"https:\/\/last-chance.dk\/?product=receptionsbord-coby-sort-hvid-moebelplade#breadcrumb\",\"itemListElement\":[{\"@type\":\"ListItem\",\"position\":1,\"name\":\"Home\",\"item\":\"https:\/\/last-chance.dk\/\"},{\"@type\":\"ListItem\",\"position\":2,\"name\":\"Receptionsbord Coby sort-hvid m\u00f8belplade\"}]},{\"@type\":\"WebSite\",\"@id\":\"https:\/\/last-chance.dk\/#website\",\"url\":\"https:\/\/last-chance.dk\/\",\"name\":\"LASTCHANCE Deals | Danmark\",\"description\":\"LASTCHANCE Deals | Danmark\",\"publisher\":{\"@id\":\"https:\/\/last-chance.dk\/#organization\"},\"potentialAction\":[{\"@type\":\"SearchAction\",\"target\":{\"@type\":\"EntryPoint\",\"urlTemplate\":\"https:\/\/last-chance.dk\/?s={search_term_string}\"},\"query-input\":{\"@type\":\"PropertyValueSpecification\",\"valueRequired\":true,\"valueName\":\"search_term_string\"}}],\"inLanguage\":\"da-DK\"},{\"@type\":\"Organization\",\"@id\":\"https:\/\/last-chance.dk\/#organization\",\"name\":\"LASTCHANCE Deals | Danmark\",\"url\":\"https:\/\/last-chance.dk\/\",\"logo\":{\"@type\":\"ImageObject\",\"inLanguage\":\"da-DK\",\"@id\":\"https:\/\/last-chance.dk\/#\/schema\/logo\/image\/\",\"url\":\"https:\/\/last-chance.dk\/wp-content\/uploads\/2023\/10\/lastchancedeals_logo_dk_white.png\",\"contentUrl\":\"https:\/\/last-chance.dk\/wp-content\/uploads\/2023\/10\/lastchancedeals_logo_dk_white.png\",\"width\":470,\"height\":110,\"caption\":\"LASTCHANCE Deals | Danmark\"},\"image\":{\"@id\":\"https:\/\/last-chance.dk\/#\/schema\/logo\/image\/\"}}]}<\/script>\n<!-- \/ Yoast SEO plugin. -->","yoast_head_json":{"title":"Receptionsbord Coby sort-hvid m\u00f8belplade - LASTCHANCE Deals | Danmark","robots":{"index":"index","follow":"follow","max-snippet":"max-snippet:-1","max-image-preview":"max-image-preview:large","max-video-preview":"max-video-preview:-1"},"canonical":"https:\/\/last-chance.dk\/?product=receptionsbord-coby-sort-hvid-moebelplade","og_locale":"da_DK","og_type":"article","og_title":"Receptionsbord Coby sort-hvid m\u00f8belplade - LASTCHANCE Deals | Danmark","og_description":"Receptionsbord Coby er et moderne og elegant m\u00f8bel, der passer perfekt til enhver reception eller ventev\u00e6relse. Bordet har en sort-hvid farvekombination, der skaber en flot kontrast og et stilrent udtryk. Bordet er lavet af m\u00f8belplade, der er holdbart og nemt at reng\u00f8re. Bordet leveres usamlet, men du kan nemt samle det med den medf\u00f8lgende vejledning. [&hellip;]","og_url":"https:\/\/last-chance.dk\/?product=receptionsbord-coby-sort-hvid-moebelplade","og_site_name":"LASTCHANCE Deals | Danmark","article_modified_time":"2025-09-19T18:14:26+00:00","og_image":[{"width":800,"height":800,"url":"https:\/\/last-chance.dk\/wp-content\/uploads\/2024\/01\/coby1.jpg","type":"image\/jpeg"}],"twitter_card":"summary_large_image","twitter_misc":{"Estimeret l\u00e6setid":"1 minut"},"schema":{"@context":"https:\/\/schema.org","@graph":[{"@type":"WebPage","@id":"https:\/\/last-chance.dk\/?product=receptionsbord-coby-sort-hvid-moebelplade","url":"https:\/\/last-chance.dk\/?product=receptionsbord-coby-sort-hvid-moebelplade","name":"Receptionsbord Coby sort-hvid m\u00f8belplade - LASTCHANCE Deals | Danmark","isPartOf":{"@id":"https:\/\/last-chance.dk\/#website"},"primaryImageOfPage":{"@id":"https:\/\/last-chance.dk\/?product=receptionsbord-coby-sort-hvid-moebelplade#primaryimage"},"image":{"@id":"https:\/\/last-chance.dk\/?product=receptionsbord-coby-sort-hvid-moebelplade#primaryimage"},"thumbnailUrl":"https:\/\/last-chance.dk\/wp-content\/uploads\/2024\/01\/coby1.jpg","datePublished":"2024-01-01T18:02:53+00:00","dateModified":"2025-09-19T18:14:26+00:00","breadcrumb":{"@id":"https:\/\/last-chance.dk\/?product=receptionsbord-coby-sort-hvid-moebelplade#breadcrumb"},"inLanguage":"da-DK","potentialAction":[{"@type":"ReadAction","target":["https:\/\/last-chance.dk\/?product=receptionsbord-coby-sort-hvid-moebelplade"]}]},{"@type":"ImageObject","inLanguage":"da-DK","@id":"https:\/\/last-chance.dk\/?product=receptionsbord-coby-sort-hvid-moebelplade#primaryimage","url":"https:\/\/last-chance.dk\/wp-content\/uploads\/2024\/01\/coby1.jpg","contentUrl":"https:\/\/last-chance.dk\/wp-content\/uploads\/2024\/01\/coby1.jpg","width":800,"height":800},{"@type":"BreadcrumbList","@id":"https:\/\/last-chance.dk\/?product=receptionsbord-coby-sort-hvid-moebelplade#breadcrumb","itemListElement":[{"@type":"ListItem","position":1,"name":"Home","item":"https:\/\/last-chance.dk\/"},{"@type":"ListItem","position":2,"name":"Receptionsbord Coby sort-hvid m\u00f8belplade"}]},{"@type":"WebSite","@id":"https:\/\/last-chance.dk\/#website","url":"https:\/\/last-chance.dk\/","name":"LASTCHANCE Deals | Danmark","description":"LASTCHANCE Deals | Danmark","publisher":{"@id":"https:\/\/last-chance.dk\/#organization"},"potentialAction":[{"@type":"SearchAction","target":{"@type":"EntryPoint","urlTemplate":"https:\/\/last-chance.dk\/?s={search_term_string}"},"query-input":{"@type":"PropertyValueSpecification","valueRequired":true,"valueName":"search_term_string"}}],"inLanguage":"da-DK"},{"@type":"Organization","@id":"https:\/\/last-chance.dk\/#organization","name":"LASTCHANCE Deals | Danmark","url":"https:\/\/last-chance.dk\/","logo":{"@type":"ImageObject","inLanguage":"da-DK","@id":"https:\/\/last-chance.dk\/#\/schema\/logo\/image\/","url":"https:\/\/last-chance.dk\/wp-content\/uploads\/2023\/10\/lastchancedeals_logo_dk_white.png","contentUrl":"https:\/\/last-chance.dk\/wp-content\/uploads\/2023\/10\/lastchancedeals_logo_dk_white.png","width":470,"height":110,"caption":"LASTCHANCE Deals | Danmark"},"image":{"@id":"https:\/\/last-chance.dk\/#\/schema\/logo\/image\/"}}]}},"_links":{"self":[{"href":"https:\/\/last-chance.dk\/index.php?rest_route=\/wp\/v2\/product\/10193","targetHints":{"allow":["GET"]}}],"collection":[{"href":"https:\/\/last-chance.dk\/index.php?rest_route=\/wp\/v2\/product"}],"about":[{"href":"https:\/\/last-chance.dk\/index.php?rest_route=\/wp\/v2\/types\/product"}],"replies":[{"embeddable":true,"href":"https:\/\/last-chance.dk\/index.php?rest_route=%2Fwp%2Fv2%2Fcomments&post=10193"}],"wp:featuredmedia":[{"embeddable":true,"href":"https:\/\/last-chance.dk\/index.php?rest_route=\/wp\/v2\/media\/10191"}],"wp:attachment":[{"href":"https:\/\/last-chance.dk\/index.php?rest_route=%2Fwp%2Fv2%2Fmedia&parent=10193"}],"wp:term":[{"taxonomy":"product_brand","embeddable":true,"href":"https:\/\/last-chance.dk\/index.php?rest_route=%2Fwp%2Fv2%2Fproduct_brand&post=10193"},{"taxonomy":"product_cat","embeddable":true,"href":"https:\/\/last-chance.dk\/index.php?rest_route=%2Fwp%2Fv2%2Fproduct_cat&post=10193"},{"taxonomy":"product_tag","embeddable":true,"href":"https:\/\/last-chance.dk\/index.php?rest_route=%2Fwp%2Fv2%2Fproduct_tag&post=10193"}],"curies":[{"name":"wp","href":"https:\/\/api.w.org\/{rel}","templated":true}]}}