{"id":10208,"date":"2024-01-01T18:04:09","date_gmt":"2024-01-01T18:04:09","guid":{"rendered":"https:\/\/www.lastchance.deals\/dk\/produkt\/vinflaskeholder-craggy\/"},"modified":"2025-03-24T12:27:34","modified_gmt":"2025-03-24T12:27:34","slug":"vinflaskeholder-craggy","status":"publish","type":"product","link":"https:\/\/last-chance.dk\/?product=vinflaskeholder-craggy","title":{"rendered":"Vinflaskeholder Craggy"},"content":{"rendered":"<p>Er du p\u00e5 udkig efter en unik og dekorativ m\u00e5de at opbevare dine vinflasker p\u00e5? S\u00e5 er vinflaskeholderen Craggy fra ForrestDecor lige noget for dig. Denne flotte vinflaskeholder er lavet af tr\u00e6 og har et rustikt og naturligt udseende, der passer til enhver indretning. Vinflaskeholderen Craggy har plads til 12 vinflasker og er nem at placere p\u00e5 gulvet eller p\u00e5 en hylde. Den leveres samlet, s\u00e5 du slipper for besv\u00e6ret med at samle den selv. Vinflaskeholderen Craggy er ikke bare praktisk, men ogs\u00e5 et smukt designelement, der vil tilf\u00f8je charme og hygge til dit hjem. Bestil din vinflaskeholder Craggy i dag og gl\u00e6d dig til at vise dine vinflasker frem p\u00e5 en elegant m\u00e5de.<\/p>\n<p><\/p>\n<p>Leveringstid: Leveringstid 1 uge<br \/>\nMateriale: tr\u00e6<br \/>\nUdvendige dimensioner: 77&#215;28.3&#215;18.5cm<br \/>\nMontage: leveres samlet<br \/>\nFabrikant: ForrestDecor<\/p>\n","protected":false},"excerpt":{"rendered":"<p>Er du p\u00e5 udkig efter en unik og dekorativ m\u00e5de at opbevare dine vinflasker p\u00e5? S\u00e5 er vinflaskeholderen Craggy fra ForrestDecor lige noget for dig. Denne flotte vinflaskeholder er lavet af tr\u00e6 og har et rustikt og naturligt udseende, der passer til enhver indretning. Vinflaskeholderen Craggy har plads til 12 vinflasker og er nem at [&hellip;]<\/p>\n","protected":false},"featured_media":10204,"comment_status":"open","ping_status":"closed","template":"","meta":[],"product_brand":[],"product_cat":[228],"product_tag":[],"class_list":{"0":"post-10208","1":"product","2":"type-product","3":"status-publish","4":"has-post-thumbnail","6":"product_cat-vinstall","8":"first","9":"instock","10":"shipping-taxable","11":"purchasable","12":"product-type-simple"},"yoast_head":"<!-- This site is optimized with the Yoast SEO plugin v24.8.1 - https:\/\/yoast.com\/wordpress\/plugins\/seo\/ -->\n<title>Vinflaskeholder Craggy - LASTCHANCE Deals | Danmark<\/title>\n<meta name=\"robots\" content=\"index, follow, max-snippet:-1, max-image-preview:large, max-video-preview:-1\" \/>\n<link rel=\"canonical\" href=\"https:\/\/last-chance.dk\/?product=vinflaskeholder-craggy\" \/>\n<meta property=\"og:locale\" content=\"da_DK\" \/>\n<meta property=\"og:type\" content=\"article\" \/>\n<meta property=\"og:title\" content=\"Vinflaskeholder Craggy - LASTCHANCE Deals | Danmark\" \/>\n<meta property=\"og:description\" content=\"Er du p\u00e5 udkig efter en unik og dekorativ m\u00e5de at opbevare dine vinflasker p\u00e5? S\u00e5 er vinflaskeholderen Craggy fra ForrestDecor lige noget for dig. Denne flotte vinflaskeholder er lavet af tr\u00e6 og har et rustikt og naturligt udseende, der passer til enhver indretning. Vinflaskeholderen Craggy har plads til 12 vinflasker og er nem at [&hellip;]\" \/>\n<meta property=\"og:url\" content=\"https:\/\/last-chance.dk\/?product=vinflaskeholder-craggy\" \/>\n<meta property=\"og:site_name\" content=\"LASTCHANCE Deals | Danmark\" \/>\n<meta property=\"article:modified_time\" content=\"2025-03-24T12:27:34+00:00\" \/>\n<meta property=\"og:image\" content=\"https:\/\/last-chance.dk\/wp-content\/uploads\/2024\/01\/craggy1.jpg\" \/>\n\t<meta property=\"og:image:width\" content=\"800\" \/>\n\t<meta property=\"og:image:height\" content=\"679\" \/>\n\t<meta property=\"og:image:type\" content=\"image\/jpeg\" \/>\n<meta name=\"twitter:card\" content=\"summary_large_image\" \/>\n<meta name=\"twitter:label1\" content=\"Estimeret l\u00e6setid\" \/>\n\t<meta name=\"twitter:data1\" content=\"1 minut\" \/>\n<script type=\"application\/ld+json\" class=\"yoast-schema-graph\">{\"@context\":\"https:\/\/schema.org\",\"@graph\":[{\"@type\":\"WebPage\",\"@id\":\"https:\/\/last-chance.dk\/?product=vinflaskeholder-craggy\",\"url\":\"https:\/\/last-chance.dk\/?product=vinflaskeholder-craggy\",\"name\":\"Vinflaskeholder Craggy - LASTCHANCE Deals | Danmark\",\"isPartOf\":{\"@id\":\"https:\/\/last-chance.dk\/#website\"},\"primaryImageOfPage\":{\"@id\":\"https:\/\/last-chance.dk\/?product=vinflaskeholder-craggy#primaryimage\"},\"image\":{\"@id\":\"https:\/\/last-chance.dk\/?product=vinflaskeholder-craggy#primaryimage\"},\"thumbnailUrl\":\"https:\/\/last-chance.dk\/wp-content\/uploads\/2024\/01\/craggy1.jpg\",\"datePublished\":\"2024-01-01T18:04:09+00:00\",\"dateModified\":\"2025-03-24T12:27:34+00:00\",\"breadcrumb\":{\"@id\":\"https:\/\/last-chance.dk\/?product=vinflaskeholder-craggy#breadcrumb\"},\"inLanguage\":\"da-DK\",\"potentialAction\":[{\"@type\":\"ReadAction\",\"target\":[\"https:\/\/last-chance.dk\/?product=vinflaskeholder-craggy\"]}]},{\"@type\":\"ImageObject\",\"inLanguage\":\"da-DK\",\"@id\":\"https:\/\/last-chance.dk\/?product=vinflaskeholder-craggy#primaryimage\",\"url\":\"https:\/\/last-chance.dk\/wp-content\/uploads\/2024\/01\/craggy1.jpg\",\"contentUrl\":\"https:\/\/last-chance.dk\/wp-content\/uploads\/2024\/01\/craggy1.jpg\",\"width\":800,\"height\":679},{\"@type\":\"BreadcrumbList\",\"@id\":\"https:\/\/last-chance.dk\/?product=vinflaskeholder-craggy#breadcrumb\",\"itemListElement\":[{\"@type\":\"ListItem\",\"position\":1,\"name\":\"Home\",\"item\":\"https:\/\/last-chance.dk\/\"},{\"@type\":\"ListItem\",\"position\":2,\"name\":\"Vinflaskeholder Craggy\"}]},{\"@type\":\"WebSite\",\"@id\":\"https:\/\/last-chance.dk\/#website\",\"url\":\"https:\/\/last-chance.dk\/\",\"name\":\"LASTCHANCE Deals | Danmark\",\"description\":\"LASTCHANCE Deals | Danmark\",\"publisher\":{\"@id\":\"https:\/\/last-chance.dk\/#organization\"},\"potentialAction\":[{\"@type\":\"SearchAction\",\"target\":{\"@type\":\"EntryPoint\",\"urlTemplate\":\"https:\/\/last-chance.dk\/?s={search_term_string}\"},\"query-input\":{\"@type\":\"PropertyValueSpecification\",\"valueRequired\":true,\"valueName\":\"search_term_string\"}}],\"inLanguage\":\"da-DK\"},{\"@type\":\"Organization\",\"@id\":\"https:\/\/last-chance.dk\/#organization\",\"name\":\"LASTCHANCE Deals | Danmark\",\"url\":\"https:\/\/last-chance.dk\/\",\"logo\":{\"@type\":\"ImageObject\",\"inLanguage\":\"da-DK\",\"@id\":\"https:\/\/last-chance.dk\/#\/schema\/logo\/image\/\",\"url\":\"https:\/\/last-chance.dk\/wp-content\/uploads\/2023\/10\/lastchancedeals_logo_dk_white.png\",\"contentUrl\":\"https:\/\/last-chance.dk\/wp-content\/uploads\/2023\/10\/lastchancedeals_logo_dk_white.png\",\"width\":470,\"height\":110,\"caption\":\"LASTCHANCE Deals | Danmark\"},\"image\":{\"@id\":\"https:\/\/last-chance.dk\/#\/schema\/logo\/image\/\"}}]}<\/script>\n<!-- \/ Yoast SEO plugin. -->","yoast_head_json":{"title":"Vinflaskeholder Craggy - LASTCHANCE Deals | Danmark","robots":{"index":"index","follow":"follow","max-snippet":"max-snippet:-1","max-image-preview":"max-image-preview:large","max-video-preview":"max-video-preview:-1"},"canonical":"https:\/\/last-chance.dk\/?product=vinflaskeholder-craggy","og_locale":"da_DK","og_type":"article","og_title":"Vinflaskeholder Craggy - LASTCHANCE Deals | Danmark","og_description":"Er du p\u00e5 udkig efter en unik og dekorativ m\u00e5de at opbevare dine vinflasker p\u00e5? S\u00e5 er vinflaskeholderen Craggy fra ForrestDecor lige noget for dig. Denne flotte vinflaskeholder er lavet af tr\u00e6 og har et rustikt og naturligt udseende, der passer til enhver indretning. Vinflaskeholderen Craggy har plads til 12 vinflasker og er nem at [&hellip;]","og_url":"https:\/\/last-chance.dk\/?product=vinflaskeholder-craggy","og_site_name":"LASTCHANCE Deals | Danmark","article_modified_time":"2025-03-24T12:27:34+00:00","og_image":[{"width":800,"height":679,"url":"https:\/\/last-chance.dk\/wp-content\/uploads\/2024\/01\/craggy1.jpg","type":"image\/jpeg"}],"twitter_card":"summary_large_image","twitter_misc":{"Estimeret l\u00e6setid":"1 minut"},"schema":{"@context":"https:\/\/schema.org","@graph":[{"@type":"WebPage","@id":"https:\/\/last-chance.dk\/?product=vinflaskeholder-craggy","url":"https:\/\/last-chance.dk\/?product=vinflaskeholder-craggy","name":"Vinflaskeholder Craggy - LASTCHANCE Deals | Danmark","isPartOf":{"@id":"https:\/\/last-chance.dk\/#website"},"primaryImageOfPage":{"@id":"https:\/\/last-chance.dk\/?product=vinflaskeholder-craggy#primaryimage"},"image":{"@id":"https:\/\/last-chance.dk\/?product=vinflaskeholder-craggy#primaryimage"},"thumbnailUrl":"https:\/\/last-chance.dk\/wp-content\/uploads\/2024\/01\/craggy1.jpg","datePublished":"2024-01-01T18:04:09+00:00","dateModified":"2025-03-24T12:27:34+00:00","breadcrumb":{"@id":"https:\/\/last-chance.dk\/?product=vinflaskeholder-craggy#breadcrumb"},"inLanguage":"da-DK","potentialAction":[{"@type":"ReadAction","target":["https:\/\/last-chance.dk\/?product=vinflaskeholder-craggy"]}]},{"@type":"ImageObject","inLanguage":"da-DK","@id":"https:\/\/last-chance.dk\/?product=vinflaskeholder-craggy#primaryimage","url":"https:\/\/last-chance.dk\/wp-content\/uploads\/2024\/01\/craggy1.jpg","contentUrl":"https:\/\/last-chance.dk\/wp-content\/uploads\/2024\/01\/craggy1.jpg","width":800,"height":679},{"@type":"BreadcrumbList","@id":"https:\/\/last-chance.dk\/?product=vinflaskeholder-craggy#breadcrumb","itemListElement":[{"@type":"ListItem","position":1,"name":"Home","item":"https:\/\/last-chance.dk\/"},{"@type":"ListItem","position":2,"name":"Vinflaskeholder Craggy"}]},{"@type":"WebSite","@id":"https:\/\/last-chance.dk\/#website","url":"https:\/\/last-chance.dk\/","name":"LASTCHANCE Deals | Danmark","description":"LASTCHANCE Deals | Danmark","publisher":{"@id":"https:\/\/last-chance.dk\/#organization"},"potentialAction":[{"@type":"SearchAction","target":{"@type":"EntryPoint","urlTemplate":"https:\/\/last-chance.dk\/?s={search_term_string}"},"query-input":{"@type":"PropertyValueSpecification","valueRequired":true,"valueName":"search_term_string"}}],"inLanguage":"da-DK"},{"@type":"Organization","@id":"https:\/\/last-chance.dk\/#organization","name":"LASTCHANCE Deals | Danmark","url":"https:\/\/last-chance.dk\/","logo":{"@type":"ImageObject","inLanguage":"da-DK","@id":"https:\/\/last-chance.dk\/#\/schema\/logo\/image\/","url":"https:\/\/last-chance.dk\/wp-content\/uploads\/2023\/10\/lastchancedeals_logo_dk_white.png","contentUrl":"https:\/\/last-chance.dk\/wp-content\/uploads\/2023\/10\/lastchancedeals_logo_dk_white.png","width":470,"height":110,"caption":"LASTCHANCE Deals | Danmark"},"image":{"@id":"https:\/\/last-chance.dk\/#\/schema\/logo\/image\/"}}]}},"_links":{"self":[{"href":"https:\/\/last-chance.dk\/index.php?rest_route=\/wp\/v2\/product\/10208","targetHints":{"allow":["GET"]}}],"collection":[{"href":"https:\/\/last-chance.dk\/index.php?rest_route=\/wp\/v2\/product"}],"about":[{"href":"https:\/\/last-chance.dk\/index.php?rest_route=\/wp\/v2\/types\/product"}],"replies":[{"embeddable":true,"href":"https:\/\/last-chance.dk\/index.php?rest_route=%2Fwp%2Fv2%2Fcomments&post=10208"}],"wp:featuredmedia":[{"embeddable":true,"href":"https:\/\/last-chance.dk\/index.php?rest_route=\/wp\/v2\/media\/10204"}],"wp:attachment":[{"href":"https:\/\/last-chance.dk\/index.php?rest_route=%2Fwp%2Fv2%2Fmedia&parent=10208"}],"wp:term":[{"taxonomy":"product_brand","embeddable":true,"href":"https:\/\/last-chance.dk\/index.php?rest_route=%2Fwp%2Fv2%2Fproduct_brand&post=10208"},{"taxonomy":"product_cat","embeddable":true,"href":"https:\/\/last-chance.dk\/index.php?rest_route=%2Fwp%2Fv2%2Fproduct_cat&post=10208"},{"taxonomy":"product_tag","embeddable":true,"href":"https:\/\/last-chance.dk\/index.php?rest_route=%2Fwp%2Fv2%2Fproduct_tag&post=10208"}],"curies":[{"name":"wp","href":"https:\/\/api.w.org\/{rel}","templated":true}]}}