{"id":10220,"date":"2024-01-01T18:05:02","date_gmt":"2024-01-01T18:05:02","guid":{"rendered":"https:\/\/www.lastchance.deals\/dk\/produkt\/stol-carina\/"},"modified":"2025-09-19T18:40:37","modified_gmt":"2025-09-19T18:40:37","slug":"stol-carina","status":"publish","type":"product","link":"https:\/\/last-chance.dk\/?product=stol-carina","title":{"rendered":"Stol Carina"},"content":{"rendered":"<p>Leder du efter en klassisk og komfortabel stol til dit spisebord eller kontor? S\u00e5 er Stol Carina det perfekte valg for dig. Denne stol er lavet af bl\u00f8dt og slidst\u00e6rkt stof, der giver dig en behagelig siddeoplevelse. Stolen har en solid tr\u00e6- og mdf-ramme, der sikrer stabilitet og holdbarhed. Affjedringen er af zigzag-typen, der giver stolen en god fjedring og st\u00f8tte. Stolen har et elegant design med en h\u00f8j ryg og et diskret m\u00f8nster p\u00e5 stoffet. Stolen leveres samlet, s\u00e5 du kan nyde den med det samme. Du f\u00e5r ogs\u00e5 24 m\u00e5neders rammegaranti, s\u00e5 du kan v\u00e6re sikker p\u00e5 kvaliteten. Stol Carina er lavet af ForrestDecor, en anerkendt fabrikant af m\u00f8bler i h\u00f8j kvalitet. Bestil din Stol Carina i dag og giv dit hjem et stilfuldt touch.<\/p>\n<p><\/p>\n<p>Leveringstid: Leveringstid 1 uge<br \/>\nStil: klassisk<br \/>\nMateriale: stof<br \/>\nRammemateriale: solidt tr\u00e6,mdf<br \/>\nAffjedring: zigzag, metal<br \/>\nUdvendige dimensioner: 47x44x84cm<br \/>\nMontage: leveres samlet<br \/>\nGaranti: 24 m\u00e5neders rammegaranti<br \/>\nFabrikant: ForrestDecor<\/p>\n","protected":false},"excerpt":{"rendered":"<p>Leder du efter en klassisk og komfortabel stol til dit spisebord eller kontor? S\u00e5 er Stol Carina det perfekte valg for dig. Denne stol er lavet af bl\u00f8dt og slidst\u00e6rkt stof, der giver dig en behagelig siddeoplevelse. Stolen har en solid tr\u00e6- og mdf-ramme, der sikrer stabilitet og holdbarhed. Affjedringen er af zigzag-typen, der giver [&hellip;]<\/p>\n","protected":false},"featured_media":10217,"comment_status":"open","ping_status":"closed","template":"","meta":[],"product_brand":[],"product_cat":[136],"product_tag":[],"class_list":{"0":"post-10220","1":"product","2":"type-product","3":"status-publish","4":"has-post-thumbnail","6":"product_cat-chairs","8":"first","9":"instock","10":"shipping-taxable","11":"purchasable","12":"product-type-simple"},"yoast_head":"<!-- This site is optimized with the Yoast SEO plugin v24.8.1 - https:\/\/yoast.com\/wordpress\/plugins\/seo\/ -->\n<title>Stol Carina - LASTCHANCE Deals | Danmark<\/title>\n<meta name=\"robots\" content=\"index, follow, max-snippet:-1, max-image-preview:large, max-video-preview:-1\" \/>\n<link rel=\"canonical\" href=\"https:\/\/last-chance.dk\/?product=stol-carina\" \/>\n<meta property=\"og:locale\" content=\"da_DK\" \/>\n<meta property=\"og:type\" content=\"article\" \/>\n<meta property=\"og:title\" content=\"Stol Carina - LASTCHANCE Deals | Danmark\" \/>\n<meta property=\"og:description\" content=\"Leder du efter en klassisk og komfortabel stol til dit spisebord eller kontor? S\u00e5 er Stol Carina det perfekte valg for dig. Denne stol er lavet af bl\u00f8dt og slidst\u00e6rkt stof, der giver dig en behagelig siddeoplevelse. Stolen har en solid tr\u00e6- og mdf-ramme, der sikrer stabilitet og holdbarhed. Affjedringen er af zigzag-typen, der giver [&hellip;]\" \/>\n<meta property=\"og:url\" content=\"https:\/\/last-chance.dk\/?product=stol-carina\" \/>\n<meta property=\"og:site_name\" content=\"LASTCHANCE Deals | Danmark\" \/>\n<meta property=\"article:modified_time\" content=\"2025-09-19T18:40:37+00:00\" \/>\n<meta property=\"og:image\" content=\"https:\/\/last-chance.dk\/wp-content\/uploads\/2024\/01\/carina_gray_1.jpg\" \/>\n\t<meta property=\"og:image:width\" content=\"512\" \/>\n\t<meta property=\"og:image:height\" content=\"717\" \/>\n\t<meta property=\"og:image:type\" content=\"image\/jpeg\" \/>\n<meta name=\"twitter:card\" content=\"summary_large_image\" \/>\n<meta name=\"twitter:label1\" content=\"Estimeret l\u00e6setid\" \/>\n\t<meta name=\"twitter:data1\" content=\"1 minut\" \/>\n<script type=\"application\/ld+json\" class=\"yoast-schema-graph\">{\"@context\":\"https:\/\/schema.org\",\"@graph\":[{\"@type\":\"WebPage\",\"@id\":\"https:\/\/last-chance.dk\/?product=stol-carina\",\"url\":\"https:\/\/last-chance.dk\/?product=stol-carina\",\"name\":\"Stol Carina - LASTCHANCE Deals | Danmark\",\"isPartOf\":{\"@id\":\"https:\/\/last-chance.dk\/#website\"},\"primaryImageOfPage\":{\"@id\":\"https:\/\/last-chance.dk\/?product=stol-carina#primaryimage\"},\"image\":{\"@id\":\"https:\/\/last-chance.dk\/?product=stol-carina#primaryimage\"},\"thumbnailUrl\":\"https:\/\/last-chance.dk\/wp-content\/uploads\/2024\/01\/carina_gray_1.jpg\",\"datePublished\":\"2024-01-01T18:05:02+00:00\",\"dateModified\":\"2025-09-19T18:40:37+00:00\",\"breadcrumb\":{\"@id\":\"https:\/\/last-chance.dk\/?product=stol-carina#breadcrumb\"},\"inLanguage\":\"da-DK\",\"potentialAction\":[{\"@type\":\"ReadAction\",\"target\":[\"https:\/\/last-chance.dk\/?product=stol-carina\"]}]},{\"@type\":\"ImageObject\",\"inLanguage\":\"da-DK\",\"@id\":\"https:\/\/last-chance.dk\/?product=stol-carina#primaryimage\",\"url\":\"https:\/\/last-chance.dk\/wp-content\/uploads\/2024\/01\/carina_gray_1.jpg\",\"contentUrl\":\"https:\/\/last-chance.dk\/wp-content\/uploads\/2024\/01\/carina_gray_1.jpg\",\"width\":512,\"height\":717},{\"@type\":\"BreadcrumbList\",\"@id\":\"https:\/\/last-chance.dk\/?product=stol-carina#breadcrumb\",\"itemListElement\":[{\"@type\":\"ListItem\",\"position\":1,\"name\":\"Home\",\"item\":\"https:\/\/last-chance.dk\/\"},{\"@type\":\"ListItem\",\"position\":2,\"name\":\"Stol Carina\"}]},{\"@type\":\"WebSite\",\"@id\":\"https:\/\/last-chance.dk\/#website\",\"url\":\"https:\/\/last-chance.dk\/\",\"name\":\"LASTCHANCE Deals | Danmark\",\"description\":\"LASTCHANCE Deals | Danmark\",\"publisher\":{\"@id\":\"https:\/\/last-chance.dk\/#organization\"},\"potentialAction\":[{\"@type\":\"SearchAction\",\"target\":{\"@type\":\"EntryPoint\",\"urlTemplate\":\"https:\/\/last-chance.dk\/?s={search_term_string}\"},\"query-input\":{\"@type\":\"PropertyValueSpecification\",\"valueRequired\":true,\"valueName\":\"search_term_string\"}}],\"inLanguage\":\"da-DK\"},{\"@type\":\"Organization\",\"@id\":\"https:\/\/last-chance.dk\/#organization\",\"name\":\"LASTCHANCE Deals | Danmark\",\"url\":\"https:\/\/last-chance.dk\/\",\"logo\":{\"@type\":\"ImageObject\",\"inLanguage\":\"da-DK\",\"@id\":\"https:\/\/last-chance.dk\/#\/schema\/logo\/image\/\",\"url\":\"https:\/\/last-chance.dk\/wp-content\/uploads\/2023\/10\/lastchancedeals_logo_dk_white.png\",\"contentUrl\":\"https:\/\/last-chance.dk\/wp-content\/uploads\/2023\/10\/lastchancedeals_logo_dk_white.png\",\"width\":470,\"height\":110,\"caption\":\"LASTCHANCE Deals | Danmark\"},\"image\":{\"@id\":\"https:\/\/last-chance.dk\/#\/schema\/logo\/image\/\"}}]}<\/script>\n<!-- \/ Yoast SEO plugin. -->","yoast_head_json":{"title":"Stol Carina - LASTCHANCE Deals | Danmark","robots":{"index":"index","follow":"follow","max-snippet":"max-snippet:-1","max-image-preview":"max-image-preview:large","max-video-preview":"max-video-preview:-1"},"canonical":"https:\/\/last-chance.dk\/?product=stol-carina","og_locale":"da_DK","og_type":"article","og_title":"Stol Carina - LASTCHANCE Deals | Danmark","og_description":"Leder du efter en klassisk og komfortabel stol til dit spisebord eller kontor? S\u00e5 er Stol Carina det perfekte valg for dig. Denne stol er lavet af bl\u00f8dt og slidst\u00e6rkt stof, der giver dig en behagelig siddeoplevelse. Stolen har en solid tr\u00e6- og mdf-ramme, der sikrer stabilitet og holdbarhed. Affjedringen er af zigzag-typen, der giver [&hellip;]","og_url":"https:\/\/last-chance.dk\/?product=stol-carina","og_site_name":"LASTCHANCE Deals | Danmark","article_modified_time":"2025-09-19T18:40:37+00:00","og_image":[{"width":512,"height":717,"url":"https:\/\/last-chance.dk\/wp-content\/uploads\/2024\/01\/carina_gray_1.jpg","type":"image\/jpeg"}],"twitter_card":"summary_large_image","twitter_misc":{"Estimeret l\u00e6setid":"1 minut"},"schema":{"@context":"https:\/\/schema.org","@graph":[{"@type":"WebPage","@id":"https:\/\/last-chance.dk\/?product=stol-carina","url":"https:\/\/last-chance.dk\/?product=stol-carina","name":"Stol Carina - LASTCHANCE Deals | Danmark","isPartOf":{"@id":"https:\/\/last-chance.dk\/#website"},"primaryImageOfPage":{"@id":"https:\/\/last-chance.dk\/?product=stol-carina#primaryimage"},"image":{"@id":"https:\/\/last-chance.dk\/?product=stol-carina#primaryimage"},"thumbnailUrl":"https:\/\/last-chance.dk\/wp-content\/uploads\/2024\/01\/carina_gray_1.jpg","datePublished":"2024-01-01T18:05:02+00:00","dateModified":"2025-09-19T18:40:37+00:00","breadcrumb":{"@id":"https:\/\/last-chance.dk\/?product=stol-carina#breadcrumb"},"inLanguage":"da-DK","potentialAction":[{"@type":"ReadAction","target":["https:\/\/last-chance.dk\/?product=stol-carina"]}]},{"@type":"ImageObject","inLanguage":"da-DK","@id":"https:\/\/last-chance.dk\/?product=stol-carina#primaryimage","url":"https:\/\/last-chance.dk\/wp-content\/uploads\/2024\/01\/carina_gray_1.jpg","contentUrl":"https:\/\/last-chance.dk\/wp-content\/uploads\/2024\/01\/carina_gray_1.jpg","width":512,"height":717},{"@type":"BreadcrumbList","@id":"https:\/\/last-chance.dk\/?product=stol-carina#breadcrumb","itemListElement":[{"@type":"ListItem","position":1,"name":"Home","item":"https:\/\/last-chance.dk\/"},{"@type":"ListItem","position":2,"name":"Stol Carina"}]},{"@type":"WebSite","@id":"https:\/\/last-chance.dk\/#website","url":"https:\/\/last-chance.dk\/","name":"LASTCHANCE Deals | Danmark","description":"LASTCHANCE Deals | Danmark","publisher":{"@id":"https:\/\/last-chance.dk\/#organization"},"potentialAction":[{"@type":"SearchAction","target":{"@type":"EntryPoint","urlTemplate":"https:\/\/last-chance.dk\/?s={search_term_string}"},"query-input":{"@type":"PropertyValueSpecification","valueRequired":true,"valueName":"search_term_string"}}],"inLanguage":"da-DK"},{"@type":"Organization","@id":"https:\/\/last-chance.dk\/#organization","name":"LASTCHANCE Deals | Danmark","url":"https:\/\/last-chance.dk\/","logo":{"@type":"ImageObject","inLanguage":"da-DK","@id":"https:\/\/last-chance.dk\/#\/schema\/logo\/image\/","url":"https:\/\/last-chance.dk\/wp-content\/uploads\/2023\/10\/lastchancedeals_logo_dk_white.png","contentUrl":"https:\/\/last-chance.dk\/wp-content\/uploads\/2023\/10\/lastchancedeals_logo_dk_white.png","width":470,"height":110,"caption":"LASTCHANCE Deals | Danmark"},"image":{"@id":"https:\/\/last-chance.dk\/#\/schema\/logo\/image\/"}}]}},"_links":{"self":[{"href":"https:\/\/last-chance.dk\/index.php?rest_route=\/wp\/v2\/product\/10220","targetHints":{"allow":["GET"]}}],"collection":[{"href":"https:\/\/last-chance.dk\/index.php?rest_route=\/wp\/v2\/product"}],"about":[{"href":"https:\/\/last-chance.dk\/index.php?rest_route=\/wp\/v2\/types\/product"}],"replies":[{"embeddable":true,"href":"https:\/\/last-chance.dk\/index.php?rest_route=%2Fwp%2Fv2%2Fcomments&post=10220"}],"wp:featuredmedia":[{"embeddable":true,"href":"https:\/\/last-chance.dk\/index.php?rest_route=\/wp\/v2\/media\/10217"}],"wp:attachment":[{"href":"https:\/\/last-chance.dk\/index.php?rest_route=%2Fwp%2Fv2%2Fmedia&parent=10220"}],"wp:term":[{"taxonomy":"product_brand","embeddable":true,"href":"https:\/\/last-chance.dk\/index.php?rest_route=%2Fwp%2Fv2%2Fproduct_brand&post=10220"},{"taxonomy":"product_cat","embeddable":true,"href":"https:\/\/last-chance.dk\/index.php?rest_route=%2Fwp%2Fv2%2Fproduct_cat&post=10220"},{"taxonomy":"product_tag","embeddable":true,"href":"https:\/\/last-chance.dk\/index.php?rest_route=%2Fwp%2Fv2%2Fproduct_tag&post=10220"}],"curies":[{"name":"wp","href":"https:\/\/api.w.org\/{rel}","templated":true}]}}