{"id":10304,"date":"2024-02-02T16:24:19","date_gmt":"2024-02-02T16:24:19","guid":{"rendered":"https:\/\/www.lastchance.deals\/dk\/produkt\/sofabord-aesthetik\/"},"modified":"2025-10-13T12:03:04","modified_gmt":"2025-10-13T12:03:04","slug":"sofabord-aesthetik","status":"publish","type":"product","link":"https:\/\/last-chance.dk\/?product=sofabord-aesthetik","title":{"rendered":"Sofabord Aesthetik"},"content":{"rendered":"<p>Dette smukke Sofabord Aesthetik, pr\u00e6senteret af LuxCasa, er en perfekt tilf\u00f8jelse til din stue eller loungen. Med en sofistikeret sort farve udstr\u00e5ler dette bord en minimalistisk \u00e6stetik, der kan indfange opm\u00e6rksomheden i ethvert rum.<\/p>\n<p><\/p>\n<p>Bordet m\u00e5ler 119,2 cm i l\u00e6ngden, 41,3 cm i bredden og 50 cm i h\u00f8jden, hvilket giver dig rigelig plads til dine kaffekopper, fjernbetjeninger eller yndlingsb\u00f8ger. Uanset om du arranger dine blomsterbuketter p\u00e5 det, eller bruger det til at holde snacks under en filmnat, bliver dette sofabord et centralt element i dit hjem.<\/p>\n<p><\/p>\n<p>Fabrikeret i EU og leveret af LuxCasa, underst\u00f8tter dette sofabord et h\u00f8jt niveau af h\u00e5ndv\u00e6rksm\u00e6ssig kvalitet. Med en 12-m\u00e5neders garanti kan du v\u00e6re tryg ved dit k\u00f8b og vide, at du har investeret i et m\u00f8bel, der er lavet til at vare.<\/p>\n<p><\/p>\n<p>Bem\u00e6rk venligst at produktet kr\u00e6ver montering. Selvom belysning ikke er inkluderet, vil dette chice sofabord absolut skinne i lyset af dit hjem.<\/p>\n<p><\/p>\n<p>Leveringstid: Leveringstid 1-2 uger<br \/>\nFarve: sort<br \/>\nBelysning: ikke inkluderet<br \/>\nUdvendige dimensioner: 119,2&#215;41,3&#215;50 cm<br \/>\nMontage: skal samles<br \/>\nGaranti: 12 m\u00e5neder<br \/>\nFremstillet: i EU<br \/>\nFabrikant: LuxCasa<\/p>\n","protected":false},"excerpt":{"rendered":"<p>Dette smukke Sofabord Aesthetik, pr\u00e6senteret af LuxCasa, er en perfekt tilf\u00f8jelse til din stue eller loungen. Med en sofistikeret sort farve udstr\u00e5ler dette bord en minimalistisk \u00e6stetik, der kan indfange opm\u00e6rksomheden i ethvert rum. Bordet m\u00e5ler 119,2 cm i l\u00e6ngden, 41,3 cm i bredden og 50 cm i h\u00f8jden, hvilket giver dig rigelig plads til [&hellip;]<\/p>\n","protected":false},"featured_media":10302,"comment_status":"open","ping_status":"closed","template":"","meta":[],"product_brand":[],"product_cat":[131],"product_tag":[],"class_list":{"0":"post-10304","1":"product","2":"type-product","3":"status-publish","4":"has-post-thumbnail","6":"product_cat-coffee-tables","8":"first","9":"instock","10":"shipping-taxable","11":"purchasable","12":"product-type-simple"},"yoast_head":"<!-- This site is optimized with the Yoast SEO plugin v24.8.1 - https:\/\/yoast.com\/wordpress\/plugins\/seo\/ -->\n<title>Sofabord Aesthetik - LASTCHANCE Deals | Danmark<\/title>\n<meta name=\"robots\" content=\"index, follow, max-snippet:-1, max-image-preview:large, max-video-preview:-1\" \/>\n<link rel=\"canonical\" href=\"https:\/\/last-chance.dk\/?product=sofabord-aesthetik\" \/>\n<meta property=\"og:locale\" content=\"da_DK\" \/>\n<meta property=\"og:type\" content=\"article\" \/>\n<meta property=\"og:title\" content=\"Sofabord Aesthetik - LASTCHANCE Deals | Danmark\" \/>\n<meta property=\"og:description\" content=\"Dette smukke Sofabord Aesthetik, pr\u00e6senteret af LuxCasa, er en perfekt tilf\u00f8jelse til din stue eller loungen. Med en sofistikeret sort farve udstr\u00e5ler dette bord en minimalistisk \u00e6stetik, der kan indfange opm\u00e6rksomheden i ethvert rum. Bordet m\u00e5ler 119,2 cm i l\u00e6ngden, 41,3 cm i bredden og 50 cm i h\u00f8jden, hvilket giver dig rigelig plads til [&hellip;]\" \/>\n<meta property=\"og:url\" content=\"https:\/\/last-chance.dk\/?product=sofabord-aesthetik\" \/>\n<meta property=\"og:site_name\" content=\"LASTCHANCE Deals | Danmark\" \/>\n<meta property=\"article:modified_time\" content=\"2025-10-13T12:03:04+00:00\" \/>\n<meta property=\"og:image\" content=\"https:\/\/last-chance.dk\/wp-content\/uploads\/2024\/02\/5907763647440_08_1.jpg\" \/>\n\t<meta property=\"og:image:width\" content=\"2000\" \/>\n\t<meta property=\"og:image:height\" content=\"1262\" \/>\n\t<meta property=\"og:image:type\" content=\"image\/jpeg\" \/>\n<meta name=\"twitter:card\" content=\"summary_large_image\" \/>\n<meta name=\"twitter:label1\" content=\"Estimeret l\u00e6setid\" \/>\n\t<meta name=\"twitter:data1\" content=\"1 minut\" \/>\n<script type=\"application\/ld+json\" class=\"yoast-schema-graph\">{\"@context\":\"https:\/\/schema.org\",\"@graph\":[{\"@type\":\"WebPage\",\"@id\":\"https:\/\/last-chance.dk\/?product=sofabord-aesthetik\",\"url\":\"https:\/\/last-chance.dk\/?product=sofabord-aesthetik\",\"name\":\"Sofabord Aesthetik - LASTCHANCE Deals | Danmark\",\"isPartOf\":{\"@id\":\"https:\/\/last-chance.dk\/#website\"},\"primaryImageOfPage\":{\"@id\":\"https:\/\/last-chance.dk\/?product=sofabord-aesthetik#primaryimage\"},\"image\":{\"@id\":\"https:\/\/last-chance.dk\/?product=sofabord-aesthetik#primaryimage\"},\"thumbnailUrl\":\"https:\/\/last-chance.dk\/wp-content\/uploads\/2024\/02\/5907763647440_08_1.jpg\",\"datePublished\":\"2024-02-02T16:24:19+00:00\",\"dateModified\":\"2025-10-13T12:03:04+00:00\",\"breadcrumb\":{\"@id\":\"https:\/\/last-chance.dk\/?product=sofabord-aesthetik#breadcrumb\"},\"inLanguage\":\"da-DK\",\"potentialAction\":[{\"@type\":\"ReadAction\",\"target\":[\"https:\/\/last-chance.dk\/?product=sofabord-aesthetik\"]}]},{\"@type\":\"ImageObject\",\"inLanguage\":\"da-DK\",\"@id\":\"https:\/\/last-chance.dk\/?product=sofabord-aesthetik#primaryimage\",\"url\":\"https:\/\/last-chance.dk\/wp-content\/uploads\/2024\/02\/5907763647440_08_1.jpg\",\"contentUrl\":\"https:\/\/last-chance.dk\/wp-content\/uploads\/2024\/02\/5907763647440_08_1.jpg\",\"width\":2000,\"height\":1262},{\"@type\":\"BreadcrumbList\",\"@id\":\"https:\/\/last-chance.dk\/?product=sofabord-aesthetik#breadcrumb\",\"itemListElement\":[{\"@type\":\"ListItem\",\"position\":1,\"name\":\"Home\",\"item\":\"https:\/\/last-chance.dk\/\"},{\"@type\":\"ListItem\",\"position\":2,\"name\":\"Sofabord Aesthetik\"}]},{\"@type\":\"WebSite\",\"@id\":\"https:\/\/last-chance.dk\/#website\",\"url\":\"https:\/\/last-chance.dk\/\",\"name\":\"LASTCHANCE Deals | Danmark\",\"description\":\"LASTCHANCE Deals | Danmark\",\"publisher\":{\"@id\":\"https:\/\/last-chance.dk\/#organization\"},\"potentialAction\":[{\"@type\":\"SearchAction\",\"target\":{\"@type\":\"EntryPoint\",\"urlTemplate\":\"https:\/\/last-chance.dk\/?s={search_term_string}\"},\"query-input\":{\"@type\":\"PropertyValueSpecification\",\"valueRequired\":true,\"valueName\":\"search_term_string\"}}],\"inLanguage\":\"da-DK\"},{\"@type\":\"Organization\",\"@id\":\"https:\/\/last-chance.dk\/#organization\",\"name\":\"LASTCHANCE Deals | Danmark\",\"url\":\"https:\/\/last-chance.dk\/\",\"logo\":{\"@type\":\"ImageObject\",\"inLanguage\":\"da-DK\",\"@id\":\"https:\/\/last-chance.dk\/#\/schema\/logo\/image\/\",\"url\":\"https:\/\/last-chance.dk\/wp-content\/uploads\/2023\/10\/lastchancedeals_logo_dk_white.png\",\"contentUrl\":\"https:\/\/last-chance.dk\/wp-content\/uploads\/2023\/10\/lastchancedeals_logo_dk_white.png\",\"width\":470,\"height\":110,\"caption\":\"LASTCHANCE Deals | Danmark\"},\"image\":{\"@id\":\"https:\/\/last-chance.dk\/#\/schema\/logo\/image\/\"}}]}<\/script>\n<!-- \/ Yoast SEO plugin. -->","yoast_head_json":{"title":"Sofabord Aesthetik - LASTCHANCE Deals | Danmark","robots":{"index":"index","follow":"follow","max-snippet":"max-snippet:-1","max-image-preview":"max-image-preview:large","max-video-preview":"max-video-preview:-1"},"canonical":"https:\/\/last-chance.dk\/?product=sofabord-aesthetik","og_locale":"da_DK","og_type":"article","og_title":"Sofabord Aesthetik - LASTCHANCE Deals | Danmark","og_description":"Dette smukke Sofabord Aesthetik, pr\u00e6senteret af LuxCasa, er en perfekt tilf\u00f8jelse til din stue eller loungen. Med en sofistikeret sort farve udstr\u00e5ler dette bord en minimalistisk \u00e6stetik, der kan indfange opm\u00e6rksomheden i ethvert rum. Bordet m\u00e5ler 119,2 cm i l\u00e6ngden, 41,3 cm i bredden og 50 cm i h\u00f8jden, hvilket giver dig rigelig plads til [&hellip;]","og_url":"https:\/\/last-chance.dk\/?product=sofabord-aesthetik","og_site_name":"LASTCHANCE Deals | Danmark","article_modified_time":"2025-10-13T12:03:04+00:00","og_image":[{"width":2000,"height":1262,"url":"https:\/\/last-chance.dk\/wp-content\/uploads\/2024\/02\/5907763647440_08_1.jpg","type":"image\/jpeg"}],"twitter_card":"summary_large_image","twitter_misc":{"Estimeret l\u00e6setid":"1 minut"},"schema":{"@context":"https:\/\/schema.org","@graph":[{"@type":"WebPage","@id":"https:\/\/last-chance.dk\/?product=sofabord-aesthetik","url":"https:\/\/last-chance.dk\/?product=sofabord-aesthetik","name":"Sofabord Aesthetik - LASTCHANCE Deals | Danmark","isPartOf":{"@id":"https:\/\/last-chance.dk\/#website"},"primaryImageOfPage":{"@id":"https:\/\/last-chance.dk\/?product=sofabord-aesthetik#primaryimage"},"image":{"@id":"https:\/\/last-chance.dk\/?product=sofabord-aesthetik#primaryimage"},"thumbnailUrl":"https:\/\/last-chance.dk\/wp-content\/uploads\/2024\/02\/5907763647440_08_1.jpg","datePublished":"2024-02-02T16:24:19+00:00","dateModified":"2025-10-13T12:03:04+00:00","breadcrumb":{"@id":"https:\/\/last-chance.dk\/?product=sofabord-aesthetik#breadcrumb"},"inLanguage":"da-DK","potentialAction":[{"@type":"ReadAction","target":["https:\/\/last-chance.dk\/?product=sofabord-aesthetik"]}]},{"@type":"ImageObject","inLanguage":"da-DK","@id":"https:\/\/last-chance.dk\/?product=sofabord-aesthetik#primaryimage","url":"https:\/\/last-chance.dk\/wp-content\/uploads\/2024\/02\/5907763647440_08_1.jpg","contentUrl":"https:\/\/last-chance.dk\/wp-content\/uploads\/2024\/02\/5907763647440_08_1.jpg","width":2000,"height":1262},{"@type":"BreadcrumbList","@id":"https:\/\/last-chance.dk\/?product=sofabord-aesthetik#breadcrumb","itemListElement":[{"@type":"ListItem","position":1,"name":"Home","item":"https:\/\/last-chance.dk\/"},{"@type":"ListItem","position":2,"name":"Sofabord Aesthetik"}]},{"@type":"WebSite","@id":"https:\/\/last-chance.dk\/#website","url":"https:\/\/last-chance.dk\/","name":"LASTCHANCE Deals | Danmark","description":"LASTCHANCE Deals | Danmark","publisher":{"@id":"https:\/\/last-chance.dk\/#organization"},"potentialAction":[{"@type":"SearchAction","target":{"@type":"EntryPoint","urlTemplate":"https:\/\/last-chance.dk\/?s={search_term_string}"},"query-input":{"@type":"PropertyValueSpecification","valueRequired":true,"valueName":"search_term_string"}}],"inLanguage":"da-DK"},{"@type":"Organization","@id":"https:\/\/last-chance.dk\/#organization","name":"LASTCHANCE Deals | Danmark","url":"https:\/\/last-chance.dk\/","logo":{"@type":"ImageObject","inLanguage":"da-DK","@id":"https:\/\/last-chance.dk\/#\/schema\/logo\/image\/","url":"https:\/\/last-chance.dk\/wp-content\/uploads\/2023\/10\/lastchancedeals_logo_dk_white.png","contentUrl":"https:\/\/last-chance.dk\/wp-content\/uploads\/2023\/10\/lastchancedeals_logo_dk_white.png","width":470,"height":110,"caption":"LASTCHANCE Deals | Danmark"},"image":{"@id":"https:\/\/last-chance.dk\/#\/schema\/logo\/image\/"}}]}},"_links":{"self":[{"href":"https:\/\/last-chance.dk\/index.php?rest_route=\/wp\/v2\/product\/10304","targetHints":{"allow":["GET"]}}],"collection":[{"href":"https:\/\/last-chance.dk\/index.php?rest_route=\/wp\/v2\/product"}],"about":[{"href":"https:\/\/last-chance.dk\/index.php?rest_route=\/wp\/v2\/types\/product"}],"replies":[{"embeddable":true,"href":"https:\/\/last-chance.dk\/index.php?rest_route=%2Fwp%2Fv2%2Fcomments&post=10304"}],"wp:featuredmedia":[{"embeddable":true,"href":"https:\/\/last-chance.dk\/index.php?rest_route=\/wp\/v2\/media\/10302"}],"wp:attachment":[{"href":"https:\/\/last-chance.dk\/index.php?rest_route=%2Fwp%2Fv2%2Fmedia&parent=10304"}],"wp:term":[{"taxonomy":"product_brand","embeddable":true,"href":"https:\/\/last-chance.dk\/index.php?rest_route=%2Fwp%2Fv2%2Fproduct_brand&post=10304"},{"taxonomy":"product_cat","embeddable":true,"href":"https:\/\/last-chance.dk\/index.php?rest_route=%2Fwp%2Fv2%2Fproduct_cat&post=10304"},{"taxonomy":"product_tag","embeddable":true,"href":"https:\/\/last-chance.dk\/index.php?rest_route=%2Fwp%2Fv2%2Fproduct_tag&post=10304"}],"curies":[{"name":"wp","href":"https:\/\/api.w.org\/{rel}","templated":true}]}}