{"id":10319,"date":"2024-02-02T16:25:52","date_gmt":"2024-02-02T16:25:52","guid":{"rendered":"https:\/\/www.lastchance.deals\/dk\/produkt\/sofabord-sedona\/"},"modified":"2025-10-13T12:03:53","modified_gmt":"2025-10-13T12:03:53","slug":"sofabord-sedona","status":"publish","type":"product","link":"https:\/\/last-chance.dk\/?product=sofabord-sedona","title":{"rendered":"Sofabord Sedona"},"content":{"rendered":"<p>Introduktion af Sofabord Sedona, et udtryk for enkelhed kombineret med funktionalitet! Det er designet af vores Europ\u00e6iske producent, LuxCasa, kendt for sin kvalitet og finish.<\/p>\n<p><\/p>\n<p>Farven p\u00e5 vores Sofabord Sedona er hvid, som nemt blander sig med forskellige hjemmedekorationer og tilf\u00f8jer et strejf af eleganse til dit rum. De udvendige dimensioner er 110x45x60 cm, hvilket giver en passende st\u00f8rrelse til alle typer boligarealer.<\/p>\n<p><\/p>\n<p>Bem\u00e6rk venligst, at produktet leveres i afmonteret stand, og det skal samles. Men fortvivl ikke! Monteringen er ret let, s\u00e5 du kan hurtigt nyde din nye smukke sofaborde.<\/p>\n<p><\/p>\n<p>Dette produkt kommer med en 12 m\u00e5neders garanti, hvilket understreger vores tillid til produktets holdbarhed og kvalitet. Husk at belysning ikke er inkluderet, s\u00e5 du har muligheden for selv at tilpasse det, der passer bedst til dit rum.<\/p>\n<p><\/p>\n<p>V\u00e6r sikker p\u00e5 kvaliteten med Sofabord Sedona, og f\u00e5 personliggjort dit opholdsomr\u00e5de!<\/p>\n<p><\/p>\n<p>Leveringstid: Leveringstid 1-2 uger<br \/>\nFarve: hvid<br \/>\nBelysning: ikke inkluderet<br \/>\nUdvendige dimensioner: 110x45x60 cm<br \/>\nMontage: skal samles<br \/>\nGaranti: 12 m\u00e5neder<br \/>\nFremstillet: i EU<br \/>\nFabrikant: LuxCasa<\/p>\n","protected":false},"excerpt":{"rendered":"<p>Introduktion af Sofabord Sedona, et udtryk for enkelhed kombineret med funktionalitet! Det er designet af vores Europ\u00e6iske producent, LuxCasa, kendt for sin kvalitet og finish. Farven p\u00e5 vores Sofabord Sedona er hvid, som nemt blander sig med forskellige hjemmedekorationer og tilf\u00f8jer et strejf af eleganse til dit rum. De udvendige dimensioner er 110x45x60 cm, hvilket [&hellip;]<\/p>\n","protected":false},"featured_media":10317,"comment_status":"open","ping_status":"closed","template":"","meta":[],"product_brand":[],"product_cat":[131],"product_tag":[],"class_list":{"0":"post-10319","1":"product","2":"type-product","3":"status-publish","4":"has-post-thumbnail","6":"product_cat-coffee-tables","8":"first","9":"instock","10":"shipping-taxable","11":"purchasable","12":"product-type-simple"},"yoast_head":"<!-- This site is optimized with the Yoast SEO plugin v24.8.1 - https:\/\/yoast.com\/wordpress\/plugins\/seo\/ -->\n<title>Sofabord Sedona - LASTCHANCE Deals | Danmark<\/title>\n<meta name=\"robots\" content=\"index, follow, max-snippet:-1, max-image-preview:large, max-video-preview:-1\" \/>\n<link rel=\"canonical\" href=\"https:\/\/last-chance.dk\/?product=sofabord-sedona\" \/>\n<meta property=\"og:locale\" content=\"da_DK\" \/>\n<meta property=\"og:type\" content=\"article\" \/>\n<meta property=\"og:title\" content=\"Sofabord Sedona - LASTCHANCE Deals | Danmark\" \/>\n<meta property=\"og:description\" content=\"Introduktion af Sofabord Sedona, et udtryk for enkelhed kombineret med funktionalitet! Det er designet af vores Europ\u00e6iske producent, LuxCasa, kendt for sin kvalitet og finish. Farven p\u00e5 vores Sofabord Sedona er hvid, som nemt blander sig med forskellige hjemmedekorationer og tilf\u00f8jer et strejf af eleganse til dit rum. De udvendige dimensioner er 110x45x60 cm, hvilket [&hellip;]\" \/>\n<meta property=\"og:url\" content=\"https:\/\/last-chance.dk\/?product=sofabord-sedona\" \/>\n<meta property=\"og:site_name\" content=\"LASTCHANCE Deals | Danmark\" \/>\n<meta property=\"article:modified_time\" content=\"2025-10-13T12:03:53+00:00\" \/>\n<meta property=\"og:image\" content=\"https:\/\/last-chance.dk\/wp-content\/uploads\/2024\/02\/5907763646023_08_1-scaled.jpg\" \/>\n\t<meta property=\"og:image:width\" content=\"2560\" \/>\n\t<meta property=\"og:image:height\" content=\"1782\" \/>\n\t<meta property=\"og:image:type\" content=\"image\/jpeg\" \/>\n<meta name=\"twitter:card\" content=\"summary_large_image\" \/>\n<meta name=\"twitter:label1\" content=\"Estimeret l\u00e6setid\" \/>\n\t<meta name=\"twitter:data1\" content=\"1 minut\" \/>\n<script type=\"application\/ld+json\" class=\"yoast-schema-graph\">{\"@context\":\"https:\/\/schema.org\",\"@graph\":[{\"@type\":\"WebPage\",\"@id\":\"https:\/\/last-chance.dk\/?product=sofabord-sedona\",\"url\":\"https:\/\/last-chance.dk\/?product=sofabord-sedona\",\"name\":\"Sofabord Sedona - LASTCHANCE Deals | Danmark\",\"isPartOf\":{\"@id\":\"https:\/\/last-chance.dk\/#website\"},\"primaryImageOfPage\":{\"@id\":\"https:\/\/last-chance.dk\/?product=sofabord-sedona#primaryimage\"},\"image\":{\"@id\":\"https:\/\/last-chance.dk\/?product=sofabord-sedona#primaryimage\"},\"thumbnailUrl\":\"https:\/\/last-chance.dk\/wp-content\/uploads\/2024\/02\/5907763646023_08_1-scaled.jpg\",\"datePublished\":\"2024-02-02T16:25:52+00:00\",\"dateModified\":\"2025-10-13T12:03:53+00:00\",\"breadcrumb\":{\"@id\":\"https:\/\/last-chance.dk\/?product=sofabord-sedona#breadcrumb\"},\"inLanguage\":\"da-DK\",\"potentialAction\":[{\"@type\":\"ReadAction\",\"target\":[\"https:\/\/last-chance.dk\/?product=sofabord-sedona\"]}]},{\"@type\":\"ImageObject\",\"inLanguage\":\"da-DK\",\"@id\":\"https:\/\/last-chance.dk\/?product=sofabord-sedona#primaryimage\",\"url\":\"https:\/\/last-chance.dk\/wp-content\/uploads\/2024\/02\/5907763646023_08_1-scaled.jpg\",\"contentUrl\":\"https:\/\/last-chance.dk\/wp-content\/uploads\/2024\/02\/5907763646023_08_1-scaled.jpg\",\"width\":2560,\"height\":1782},{\"@type\":\"BreadcrumbList\",\"@id\":\"https:\/\/last-chance.dk\/?product=sofabord-sedona#breadcrumb\",\"itemListElement\":[{\"@type\":\"ListItem\",\"position\":1,\"name\":\"Home\",\"item\":\"https:\/\/last-chance.dk\/\"},{\"@type\":\"ListItem\",\"position\":2,\"name\":\"Sofabord Sedona\"}]},{\"@type\":\"WebSite\",\"@id\":\"https:\/\/last-chance.dk\/#website\",\"url\":\"https:\/\/last-chance.dk\/\",\"name\":\"LASTCHANCE Deals | Danmark\",\"description\":\"LASTCHANCE Deals | Danmark\",\"publisher\":{\"@id\":\"https:\/\/last-chance.dk\/#organization\"},\"potentialAction\":[{\"@type\":\"SearchAction\",\"target\":{\"@type\":\"EntryPoint\",\"urlTemplate\":\"https:\/\/last-chance.dk\/?s={search_term_string}\"},\"query-input\":{\"@type\":\"PropertyValueSpecification\",\"valueRequired\":true,\"valueName\":\"search_term_string\"}}],\"inLanguage\":\"da-DK\"},{\"@type\":\"Organization\",\"@id\":\"https:\/\/last-chance.dk\/#organization\",\"name\":\"LASTCHANCE Deals | Danmark\",\"url\":\"https:\/\/last-chance.dk\/\",\"logo\":{\"@type\":\"ImageObject\",\"inLanguage\":\"da-DK\",\"@id\":\"https:\/\/last-chance.dk\/#\/schema\/logo\/image\/\",\"url\":\"https:\/\/last-chance.dk\/wp-content\/uploads\/2023\/10\/lastchancedeals_logo_dk_white.png\",\"contentUrl\":\"https:\/\/last-chance.dk\/wp-content\/uploads\/2023\/10\/lastchancedeals_logo_dk_white.png\",\"width\":470,\"height\":110,\"caption\":\"LASTCHANCE Deals | Danmark\"},\"image\":{\"@id\":\"https:\/\/last-chance.dk\/#\/schema\/logo\/image\/\"}}]}<\/script>\n<!-- \/ Yoast SEO plugin. -->","yoast_head_json":{"title":"Sofabord Sedona - LASTCHANCE Deals | Danmark","robots":{"index":"index","follow":"follow","max-snippet":"max-snippet:-1","max-image-preview":"max-image-preview:large","max-video-preview":"max-video-preview:-1"},"canonical":"https:\/\/last-chance.dk\/?product=sofabord-sedona","og_locale":"da_DK","og_type":"article","og_title":"Sofabord Sedona - LASTCHANCE Deals | Danmark","og_description":"Introduktion af Sofabord Sedona, et udtryk for enkelhed kombineret med funktionalitet! Det er designet af vores Europ\u00e6iske producent, LuxCasa, kendt for sin kvalitet og finish. Farven p\u00e5 vores Sofabord Sedona er hvid, som nemt blander sig med forskellige hjemmedekorationer og tilf\u00f8jer et strejf af eleganse til dit rum. De udvendige dimensioner er 110x45x60 cm, hvilket [&hellip;]","og_url":"https:\/\/last-chance.dk\/?product=sofabord-sedona","og_site_name":"LASTCHANCE Deals | Danmark","article_modified_time":"2025-10-13T12:03:53+00:00","og_image":[{"width":2560,"height":1782,"url":"https:\/\/last-chance.dk\/wp-content\/uploads\/2024\/02\/5907763646023_08_1-scaled.jpg","type":"image\/jpeg"}],"twitter_card":"summary_large_image","twitter_misc":{"Estimeret l\u00e6setid":"1 minut"},"schema":{"@context":"https:\/\/schema.org","@graph":[{"@type":"WebPage","@id":"https:\/\/last-chance.dk\/?product=sofabord-sedona","url":"https:\/\/last-chance.dk\/?product=sofabord-sedona","name":"Sofabord Sedona - LASTCHANCE Deals | Danmark","isPartOf":{"@id":"https:\/\/last-chance.dk\/#website"},"primaryImageOfPage":{"@id":"https:\/\/last-chance.dk\/?product=sofabord-sedona#primaryimage"},"image":{"@id":"https:\/\/last-chance.dk\/?product=sofabord-sedona#primaryimage"},"thumbnailUrl":"https:\/\/last-chance.dk\/wp-content\/uploads\/2024\/02\/5907763646023_08_1-scaled.jpg","datePublished":"2024-02-02T16:25:52+00:00","dateModified":"2025-10-13T12:03:53+00:00","breadcrumb":{"@id":"https:\/\/last-chance.dk\/?product=sofabord-sedona#breadcrumb"},"inLanguage":"da-DK","potentialAction":[{"@type":"ReadAction","target":["https:\/\/last-chance.dk\/?product=sofabord-sedona"]}]},{"@type":"ImageObject","inLanguage":"da-DK","@id":"https:\/\/last-chance.dk\/?product=sofabord-sedona#primaryimage","url":"https:\/\/last-chance.dk\/wp-content\/uploads\/2024\/02\/5907763646023_08_1-scaled.jpg","contentUrl":"https:\/\/last-chance.dk\/wp-content\/uploads\/2024\/02\/5907763646023_08_1-scaled.jpg","width":2560,"height":1782},{"@type":"BreadcrumbList","@id":"https:\/\/last-chance.dk\/?product=sofabord-sedona#breadcrumb","itemListElement":[{"@type":"ListItem","position":1,"name":"Home","item":"https:\/\/last-chance.dk\/"},{"@type":"ListItem","position":2,"name":"Sofabord Sedona"}]},{"@type":"WebSite","@id":"https:\/\/last-chance.dk\/#website","url":"https:\/\/last-chance.dk\/","name":"LASTCHANCE Deals | Danmark","description":"LASTCHANCE Deals | Danmark","publisher":{"@id":"https:\/\/last-chance.dk\/#organization"},"potentialAction":[{"@type":"SearchAction","target":{"@type":"EntryPoint","urlTemplate":"https:\/\/last-chance.dk\/?s={search_term_string}"},"query-input":{"@type":"PropertyValueSpecification","valueRequired":true,"valueName":"search_term_string"}}],"inLanguage":"da-DK"},{"@type":"Organization","@id":"https:\/\/last-chance.dk\/#organization","name":"LASTCHANCE Deals | Danmark","url":"https:\/\/last-chance.dk\/","logo":{"@type":"ImageObject","inLanguage":"da-DK","@id":"https:\/\/last-chance.dk\/#\/schema\/logo\/image\/","url":"https:\/\/last-chance.dk\/wp-content\/uploads\/2023\/10\/lastchancedeals_logo_dk_white.png","contentUrl":"https:\/\/last-chance.dk\/wp-content\/uploads\/2023\/10\/lastchancedeals_logo_dk_white.png","width":470,"height":110,"caption":"LASTCHANCE Deals | Danmark"},"image":{"@id":"https:\/\/last-chance.dk\/#\/schema\/logo\/image\/"}}]}},"_links":{"self":[{"href":"https:\/\/last-chance.dk\/index.php?rest_route=\/wp\/v2\/product\/10319","targetHints":{"allow":["GET"]}}],"collection":[{"href":"https:\/\/last-chance.dk\/index.php?rest_route=\/wp\/v2\/product"}],"about":[{"href":"https:\/\/last-chance.dk\/index.php?rest_route=\/wp\/v2\/types\/product"}],"replies":[{"embeddable":true,"href":"https:\/\/last-chance.dk\/index.php?rest_route=%2Fwp%2Fv2%2Fcomments&post=10319"}],"wp:featuredmedia":[{"embeddable":true,"href":"https:\/\/last-chance.dk\/index.php?rest_route=\/wp\/v2\/media\/10317"}],"wp:attachment":[{"href":"https:\/\/last-chance.dk\/index.php?rest_route=%2Fwp%2Fv2%2Fmedia&parent=10319"}],"wp:term":[{"taxonomy":"product_brand","embeddable":true,"href":"https:\/\/last-chance.dk\/index.php?rest_route=%2Fwp%2Fv2%2Fproduct_brand&post=10319"},{"taxonomy":"product_cat","embeddable":true,"href":"https:\/\/last-chance.dk\/index.php?rest_route=%2Fwp%2Fv2%2Fproduct_cat&post=10319"},{"taxonomy":"product_tag","embeddable":true,"href":"https:\/\/last-chance.dk\/index.php?rest_route=%2Fwp%2Fv2%2Fproduct_tag&post=10319"}],"curies":[{"name":"wp","href":"https:\/\/api.w.org\/{rel}","templated":true}]}}