{"id":10323,"date":"2024-02-02T16:26:25","date_gmt":"2024-02-02T16:26:25","guid":{"rendered":"https:\/\/www.lastchance.deals\/dk\/produkt\/bord-solare\/"},"modified":"2025-03-24T12:25:45","modified_gmt":"2025-03-24T12:25:45","slug":"bord-solare","status":"publish","type":"product","link":"https:\/\/last-chance.dk\/?product=bord-solare","title":{"rendered":"Bord Solare"},"content":{"rendered":"<p>\nGiv dit rum et moderne touch med vores <strong>Bord Solare<\/strong> i hvid farve. Dens elegante og tidsl\u00f8se design g\u00f8r det til en stand-out i enhver indretning. Uanset om du bruger det som spisebord i dit k\u00f8kken eller kontorbord p\u00e5 din arbejdsplads, vil dette bord tilf\u00f8je et \u00e6stetisk blikfang til dine omgivelser.\n<\/p>\n<p><\/p>\n<p>\n<strong>Bord Solare<\/strong> er lavet i EU og f\u00f8lger de h\u00f8jeste standarder for kvalitet og h\u00e5ndv\u00e6rk. Dets dimensioner p\u00e5 126&#215;72\/79&#215;64,1 cm er ideelle til b\u00e5de sm\u00e5 og store rum. Dette produkt leveres i dele og skal samles, hvilket giver dig mulighed for at f\u00e5 en f\u00f8lelse af fremstillingsprocessen og den h\u00f8je kvalitet af materialerne.\n<\/p>\n<p><\/p>\n<p>\nDette bord kommer uden belysning, s\u00e5 det giver dig friheden til at eksperimentere med forskellige lyskilder og skabe dit eget unikke look. Samtidig leveres Bord Solare med en 12-m\u00e5neders garanti fra fabrikanten, LuxCasa, der sikrer, at du f\u00e5r et produkt af h\u00f8j kvalitet, der kan st\u00e5 imod tidens test.\n<\/p>\n<p><\/p>\n<p>\nMed sin hvide farve og slanke design vil <strong>Bord Solare<\/strong> give en moderne og stilfuld \u00e6stetik til ethvert rum. Tilf\u00f8j et strejf af elegance og komfort til din hverdag med dette kvalitetsprodukt fra LuxCasa.\n<\/p>\n<p><\/p>\n<p>Leveringstid: Leveringstid 1-2 uger<br \/>\nFarve: hvid<br \/>\nBelysning: ikke inkluderet<br \/>\nUdvendige dimensioner: 126&#215;72\/79&#215;64,1 cm<br \/>\nMontage: skal samles<br \/>\nGaranti: 12 m\u00e5neder<br \/>\nFremstillet: i EU<br \/>\nFabrikant: LuxCasa<\/p>\n","protected":false},"excerpt":{"rendered":"<p>Giv dit rum et moderne touch med vores Bord Solare i hvid farve. Dens elegante og tidsl\u00f8se design g\u00f8r det til en stand-out i enhver indretning. Uanset om du bruger det som spisebord i dit k\u00f8kken eller kontorbord p\u00e5 din arbejdsplads, vil dette bord tilf\u00f8je et \u00e6stetisk blikfang til dine omgivelser. Bord Solare er lavet [&hellip;]<\/p>\n","protected":false},"featured_media":10322,"comment_status":"open","ping_status":"closed","template":"","meta":[],"product_brand":[],"product_cat":[250],"product_tag":[],"class_list":{"0":"post-10323","1":"product","2":"type-product","3":"status-publish","4":"has-post-thumbnail","6":"product_cat-computer-tables","8":"first","9":"instock","10":"shipping-taxable","11":"purchasable","12":"product-type-simple"},"yoast_head":"<!-- This site is optimized with the Yoast SEO plugin v24.8.1 - https:\/\/yoast.com\/wordpress\/plugins\/seo\/ -->\n<title>Bord Solare - LASTCHANCE Deals | Danmark<\/title>\n<meta name=\"robots\" content=\"index, follow, max-snippet:-1, max-image-preview:large, max-video-preview:-1\" \/>\n<link rel=\"canonical\" href=\"https:\/\/last-chance.dk\/?product=bord-solare\" \/>\n<meta property=\"og:locale\" content=\"da_DK\" \/>\n<meta property=\"og:type\" content=\"article\" \/>\n<meta property=\"og:title\" content=\"Bord Solare - LASTCHANCE Deals | Danmark\" \/>\n<meta property=\"og:description\" content=\"Giv dit rum et moderne touch med vores Bord Solare i hvid farve. Dens elegante og tidsl\u00f8se design g\u00f8r det til en stand-out i enhver indretning. Uanset om du bruger det som spisebord i dit k\u00f8kken eller kontorbord p\u00e5 din arbejdsplads, vil dette bord tilf\u00f8je et \u00e6stetisk blikfang til dine omgivelser. Bord Solare er lavet [&hellip;]\" \/>\n<meta property=\"og:url\" content=\"https:\/\/last-chance.dk\/?product=bord-solare\" \/>\n<meta property=\"og:site_name\" content=\"LASTCHANCE Deals | Danmark\" \/>\n<meta property=\"article:modified_time\" content=\"2025-03-24T12:25:45+00:00\" \/>\n<meta property=\"og:image\" content=\"https:\/\/last-chance.dk\/wp-content\/uploads\/2024\/02\/5907763646566_22.jpg\" \/>\n\t<meta property=\"og:image:width\" content=\"1920\" \/>\n\t<meta property=\"og:image:height\" content=\"1152\" \/>\n\t<meta property=\"og:image:type\" content=\"image\/jpeg\" \/>\n<meta name=\"twitter:card\" content=\"summary_large_image\" \/>\n<meta name=\"twitter:label1\" content=\"Estimeret l\u00e6setid\" \/>\n\t<meta name=\"twitter:data1\" content=\"1 minut\" \/>\n<script type=\"application\/ld+json\" class=\"yoast-schema-graph\">{\"@context\":\"https:\/\/schema.org\",\"@graph\":[{\"@type\":\"WebPage\",\"@id\":\"https:\/\/last-chance.dk\/?product=bord-solare\",\"url\":\"https:\/\/last-chance.dk\/?product=bord-solare\",\"name\":\"Bord Solare - LASTCHANCE Deals | Danmark\",\"isPartOf\":{\"@id\":\"https:\/\/last-chance.dk\/#website\"},\"primaryImageOfPage\":{\"@id\":\"https:\/\/last-chance.dk\/?product=bord-solare#primaryimage\"},\"image\":{\"@id\":\"https:\/\/last-chance.dk\/?product=bord-solare#primaryimage\"},\"thumbnailUrl\":\"https:\/\/last-chance.dk\/wp-content\/uploads\/2024\/02\/5907763646566_22.jpg\",\"datePublished\":\"2024-02-02T16:26:25+00:00\",\"dateModified\":\"2025-03-24T12:25:45+00:00\",\"breadcrumb\":{\"@id\":\"https:\/\/last-chance.dk\/?product=bord-solare#breadcrumb\"},\"inLanguage\":\"da-DK\",\"potentialAction\":[{\"@type\":\"ReadAction\",\"target\":[\"https:\/\/last-chance.dk\/?product=bord-solare\"]}]},{\"@type\":\"ImageObject\",\"inLanguage\":\"da-DK\",\"@id\":\"https:\/\/last-chance.dk\/?product=bord-solare#primaryimage\",\"url\":\"https:\/\/last-chance.dk\/wp-content\/uploads\/2024\/02\/5907763646566_22.jpg\",\"contentUrl\":\"https:\/\/last-chance.dk\/wp-content\/uploads\/2024\/02\/5907763646566_22.jpg\",\"width\":1920,\"height\":1152},{\"@type\":\"BreadcrumbList\",\"@id\":\"https:\/\/last-chance.dk\/?product=bord-solare#breadcrumb\",\"itemListElement\":[{\"@type\":\"ListItem\",\"position\":1,\"name\":\"Home\",\"item\":\"https:\/\/last-chance.dk\/\"},{\"@type\":\"ListItem\",\"position\":2,\"name\":\"Bord Solare\"}]},{\"@type\":\"WebSite\",\"@id\":\"https:\/\/last-chance.dk\/#website\",\"url\":\"https:\/\/last-chance.dk\/\",\"name\":\"LASTCHANCE Deals | Danmark\",\"description\":\"LASTCHANCE Deals | Danmark\",\"publisher\":{\"@id\":\"https:\/\/last-chance.dk\/#organization\"},\"potentialAction\":[{\"@type\":\"SearchAction\",\"target\":{\"@type\":\"EntryPoint\",\"urlTemplate\":\"https:\/\/last-chance.dk\/?s={search_term_string}\"},\"query-input\":{\"@type\":\"PropertyValueSpecification\",\"valueRequired\":true,\"valueName\":\"search_term_string\"}}],\"inLanguage\":\"da-DK\"},{\"@type\":\"Organization\",\"@id\":\"https:\/\/last-chance.dk\/#organization\",\"name\":\"LASTCHANCE Deals | Danmark\",\"url\":\"https:\/\/last-chance.dk\/\",\"logo\":{\"@type\":\"ImageObject\",\"inLanguage\":\"da-DK\",\"@id\":\"https:\/\/last-chance.dk\/#\/schema\/logo\/image\/\",\"url\":\"https:\/\/last-chance.dk\/wp-content\/uploads\/2023\/10\/lastchancedeals_logo_dk_white.png\",\"contentUrl\":\"https:\/\/last-chance.dk\/wp-content\/uploads\/2023\/10\/lastchancedeals_logo_dk_white.png\",\"width\":470,\"height\":110,\"caption\":\"LASTCHANCE Deals | Danmark\"},\"image\":{\"@id\":\"https:\/\/last-chance.dk\/#\/schema\/logo\/image\/\"}}]}<\/script>\n<!-- \/ Yoast SEO plugin. -->","yoast_head_json":{"title":"Bord Solare - LASTCHANCE Deals | Danmark","robots":{"index":"index","follow":"follow","max-snippet":"max-snippet:-1","max-image-preview":"max-image-preview:large","max-video-preview":"max-video-preview:-1"},"canonical":"https:\/\/last-chance.dk\/?product=bord-solare","og_locale":"da_DK","og_type":"article","og_title":"Bord Solare - LASTCHANCE Deals | Danmark","og_description":"Giv dit rum et moderne touch med vores Bord Solare i hvid farve. Dens elegante og tidsl\u00f8se design g\u00f8r det til en stand-out i enhver indretning. Uanset om du bruger det som spisebord i dit k\u00f8kken eller kontorbord p\u00e5 din arbejdsplads, vil dette bord tilf\u00f8je et \u00e6stetisk blikfang til dine omgivelser. Bord Solare er lavet [&hellip;]","og_url":"https:\/\/last-chance.dk\/?product=bord-solare","og_site_name":"LASTCHANCE Deals | Danmark","article_modified_time":"2025-03-24T12:25:45+00:00","og_image":[{"width":1920,"height":1152,"url":"https:\/\/last-chance.dk\/wp-content\/uploads\/2024\/02\/5907763646566_22.jpg","type":"image\/jpeg"}],"twitter_card":"summary_large_image","twitter_misc":{"Estimeret l\u00e6setid":"1 minut"},"schema":{"@context":"https:\/\/schema.org","@graph":[{"@type":"WebPage","@id":"https:\/\/last-chance.dk\/?product=bord-solare","url":"https:\/\/last-chance.dk\/?product=bord-solare","name":"Bord Solare - LASTCHANCE Deals | Danmark","isPartOf":{"@id":"https:\/\/last-chance.dk\/#website"},"primaryImageOfPage":{"@id":"https:\/\/last-chance.dk\/?product=bord-solare#primaryimage"},"image":{"@id":"https:\/\/last-chance.dk\/?product=bord-solare#primaryimage"},"thumbnailUrl":"https:\/\/last-chance.dk\/wp-content\/uploads\/2024\/02\/5907763646566_22.jpg","datePublished":"2024-02-02T16:26:25+00:00","dateModified":"2025-03-24T12:25:45+00:00","breadcrumb":{"@id":"https:\/\/last-chance.dk\/?product=bord-solare#breadcrumb"},"inLanguage":"da-DK","potentialAction":[{"@type":"ReadAction","target":["https:\/\/last-chance.dk\/?product=bord-solare"]}]},{"@type":"ImageObject","inLanguage":"da-DK","@id":"https:\/\/last-chance.dk\/?product=bord-solare#primaryimage","url":"https:\/\/last-chance.dk\/wp-content\/uploads\/2024\/02\/5907763646566_22.jpg","contentUrl":"https:\/\/last-chance.dk\/wp-content\/uploads\/2024\/02\/5907763646566_22.jpg","width":1920,"height":1152},{"@type":"BreadcrumbList","@id":"https:\/\/last-chance.dk\/?product=bord-solare#breadcrumb","itemListElement":[{"@type":"ListItem","position":1,"name":"Home","item":"https:\/\/last-chance.dk\/"},{"@type":"ListItem","position":2,"name":"Bord Solare"}]},{"@type":"WebSite","@id":"https:\/\/last-chance.dk\/#website","url":"https:\/\/last-chance.dk\/","name":"LASTCHANCE Deals | Danmark","description":"LASTCHANCE Deals | Danmark","publisher":{"@id":"https:\/\/last-chance.dk\/#organization"},"potentialAction":[{"@type":"SearchAction","target":{"@type":"EntryPoint","urlTemplate":"https:\/\/last-chance.dk\/?s={search_term_string}"},"query-input":{"@type":"PropertyValueSpecification","valueRequired":true,"valueName":"search_term_string"}}],"inLanguage":"da-DK"},{"@type":"Organization","@id":"https:\/\/last-chance.dk\/#organization","name":"LASTCHANCE Deals | Danmark","url":"https:\/\/last-chance.dk\/","logo":{"@type":"ImageObject","inLanguage":"da-DK","@id":"https:\/\/last-chance.dk\/#\/schema\/logo\/image\/","url":"https:\/\/last-chance.dk\/wp-content\/uploads\/2023\/10\/lastchancedeals_logo_dk_white.png","contentUrl":"https:\/\/last-chance.dk\/wp-content\/uploads\/2023\/10\/lastchancedeals_logo_dk_white.png","width":470,"height":110,"caption":"LASTCHANCE Deals | Danmark"},"image":{"@id":"https:\/\/last-chance.dk\/#\/schema\/logo\/image\/"}}]}},"_links":{"self":[{"href":"https:\/\/last-chance.dk\/index.php?rest_route=\/wp\/v2\/product\/10323","targetHints":{"allow":["GET"]}}],"collection":[{"href":"https:\/\/last-chance.dk\/index.php?rest_route=\/wp\/v2\/product"}],"about":[{"href":"https:\/\/last-chance.dk\/index.php?rest_route=\/wp\/v2\/types\/product"}],"replies":[{"embeddable":true,"href":"https:\/\/last-chance.dk\/index.php?rest_route=%2Fwp%2Fv2%2Fcomments&post=10323"}],"wp:featuredmedia":[{"embeddable":true,"href":"https:\/\/last-chance.dk\/index.php?rest_route=\/wp\/v2\/media\/10322"}],"wp:attachment":[{"href":"https:\/\/last-chance.dk\/index.php?rest_route=%2Fwp%2Fv2%2Fmedia&parent=10323"}],"wp:term":[{"taxonomy":"product_brand","embeddable":true,"href":"https:\/\/last-chance.dk\/index.php?rest_route=%2Fwp%2Fv2%2Fproduct_brand&post=10323"},{"taxonomy":"product_cat","embeddable":true,"href":"https:\/\/last-chance.dk\/index.php?rest_route=%2Fwp%2Fv2%2Fproduct_cat&post=10323"},{"taxonomy":"product_tag","embeddable":true,"href":"https:\/\/last-chance.dk\/index.php?rest_route=%2Fwp%2Fv2%2Fproduct_tag&post=10323"}],"curies":[{"name":"wp","href":"https:\/\/api.w.org\/{rel}","templated":true}]}}