{"id":10335,"date":"2024-02-02T16:29:28","date_gmt":"2024-02-02T16:29:28","guid":{"rendered":"https:\/\/www.lastchance.deals\/dk\/produkt\/bogreol-lumos\/"},"modified":"2025-03-24T12:25:37","modified_gmt":"2025-03-24T12:25:37","slug":"bogreol-lumos","status":"publish","type":"product","link":"https:\/\/last-chance.dk\/?product=bogreol-lumos","title":{"rendered":"Bogreol Lumos"},"content":{"rendered":"<p>Velkommen til vores fantastiske Bogreol Lumos! Produceret i Europa af anerkendte LuxCasa, er denne bogreol designet til at pryde dit hjem med sin elegante touch. Bogreolen er f\u00e6rdig i en smuk hvid farve, der bidrager til en ren og moderne \u00e6stetik i enhver indretning.<\/p>\n<p><\/p>\n<p>M\u00e5lt med en tydeligt rummelige st\u00f8rrelse p\u00e5 80&#215;111,2&#215;40 cm, kan denne bogreol h\u00e5ndtere flere b\u00f8ger, sk\u00f8nlitter\u00e6re samlinger, pyntegenstande og meget mere. Der er ingen indbygget belysning p\u00e5 denne hylde, men der er mulighed for selv tilf\u00f8je lys for at fremh\u00e6ve dine mest elskede b\u00f8ger eller andre genstande i dit hjem.<\/p>\n<p><\/p>\n<p>Bogreolen Lumos skal samles ved levering. Men fortvivl ikke! Du vil ops\u00e6tte den i din stue, sovev\u00e6relse eller l\u00e6serum p\u00e5 ingen tid. N\u00e5r du har samlet det, kan du fyldes med en f\u00f8lelse af stolthed og tilfredshed over at have udf\u00f8rt jobbet.<\/p>\n<p><\/p>\n<p>Vores bogreol Lumos kommer med en fabriksgaranti p\u00e5 12 m\u00e5neder, s\u00e5 du kan k\u00f8be med ro i sindet og forvisset om, at vi st\u00e5r bag kvaliteten af vores produkt. S\u00e5 lad ikke lejligheden passere. Tilf\u00f8j den lethed, rummelighed og elegance i din indretning, som kun Bogreol Lumos kan tilbyde.<\/p>\n<p><\/p>\n<p>Leveringstid: Leveringstid 1-2 uger<br \/>\nFarve: hvid<br \/>\nBelysning: ikke inkluderet<br \/>\nUdvendige dimensioner: 80&#215;111,2&#215;40 cm<br \/>\nMontage: skal samles<br \/>\nGaranti: 12 m\u00e5neder<br \/>\nFremstillet: i EU<br \/>\nFabrikant: LuxCasa<\/p>\n","protected":false},"excerpt":{"rendered":"<p>Velkommen til vores fantastiske Bogreol Lumos! Produceret i Europa af anerkendte LuxCasa, er denne bogreol designet til at pryde dit hjem med sin elegante touch. Bogreolen er f\u00e6rdig i en smuk hvid farve, der bidrager til en ren og moderne \u00e6stetik i enhver indretning. M\u00e5lt med en tydeligt rummelige st\u00f8rrelse p\u00e5 80&#215;111,2&#215;40 cm, kan denne [&hellip;]<\/p>\n","protected":false},"featured_media":10334,"comment_status":"open","ping_status":"closed","template":"","meta":[],"product_brand":[],"product_cat":[15],"product_tag":[],"class_list":{"0":"post-10335","1":"product","2":"type-product","3":"status-publish","4":"has-post-thumbnail","6":"product_cat-uncategorized","8":"first","9":"instock","10":"shipping-taxable","11":"purchasable","12":"product-type-simple"},"yoast_head":"<!-- This site is optimized with the Yoast SEO plugin v24.8.1 - https:\/\/yoast.com\/wordpress\/plugins\/seo\/ -->\n<title>Bogreol Lumos - LASTCHANCE Deals | Danmark<\/title>\n<meta name=\"robots\" content=\"index, follow, max-snippet:-1, max-image-preview:large, max-video-preview:-1\" \/>\n<link rel=\"canonical\" href=\"https:\/\/last-chance.dk\/?product=bogreol-lumos\" \/>\n<meta property=\"og:locale\" content=\"da_DK\" \/>\n<meta property=\"og:type\" content=\"article\" \/>\n<meta property=\"og:title\" content=\"Bogreol Lumos - LASTCHANCE Deals | Danmark\" \/>\n<meta property=\"og:description\" content=\"Velkommen til vores fantastiske Bogreol Lumos! Produceret i Europa af anerkendte LuxCasa, er denne bogreol designet til at pryde dit hjem med sin elegante touch. Bogreolen er f\u00e6rdig i en smuk hvid farve, der bidrager til en ren og moderne \u00e6stetik i enhver indretning. M\u00e5lt med en tydeligt rummelige st\u00f8rrelse p\u00e5 80&#215;111,2&#215;40 cm, kan denne [&hellip;]\" \/>\n<meta property=\"og:url\" content=\"https:\/\/last-chance.dk\/?product=bogreol-lumos\" \/>\n<meta property=\"og:site_name\" content=\"LASTCHANCE Deals | Danmark\" \/>\n<meta property=\"article:modified_time\" content=\"2025-03-24T12:25:37+00:00\" \/>\n<meta property=\"og:image\" content=\"https:\/\/last-chance.dk\/wp-content\/uploads\/2024\/02\/1_2_91.jpg\" \/>\n\t<meta property=\"og:image:width\" content=\"1500\" \/>\n\t<meta property=\"og:image:height\" content=\"1500\" \/>\n\t<meta property=\"og:image:type\" content=\"image\/jpeg\" \/>\n<meta name=\"twitter:card\" content=\"summary_large_image\" \/>\n<meta name=\"twitter:label1\" content=\"Estimeret l\u00e6setid\" \/>\n\t<meta name=\"twitter:data1\" content=\"1 minut\" \/>\n<script type=\"application\/ld+json\" class=\"yoast-schema-graph\">{\"@context\":\"https:\/\/schema.org\",\"@graph\":[{\"@type\":\"WebPage\",\"@id\":\"https:\/\/last-chance.dk\/?product=bogreol-lumos\",\"url\":\"https:\/\/last-chance.dk\/?product=bogreol-lumos\",\"name\":\"Bogreol Lumos - LASTCHANCE Deals | Danmark\",\"isPartOf\":{\"@id\":\"https:\/\/last-chance.dk\/#website\"},\"primaryImageOfPage\":{\"@id\":\"https:\/\/last-chance.dk\/?product=bogreol-lumos#primaryimage\"},\"image\":{\"@id\":\"https:\/\/last-chance.dk\/?product=bogreol-lumos#primaryimage\"},\"thumbnailUrl\":\"https:\/\/last-chance.dk\/wp-content\/uploads\/2024\/02\/1_2_91.jpg\",\"datePublished\":\"2024-02-02T16:29:28+00:00\",\"dateModified\":\"2025-03-24T12:25:37+00:00\",\"breadcrumb\":{\"@id\":\"https:\/\/last-chance.dk\/?product=bogreol-lumos#breadcrumb\"},\"inLanguage\":\"da-DK\",\"potentialAction\":[{\"@type\":\"ReadAction\",\"target\":[\"https:\/\/last-chance.dk\/?product=bogreol-lumos\"]}]},{\"@type\":\"ImageObject\",\"inLanguage\":\"da-DK\",\"@id\":\"https:\/\/last-chance.dk\/?product=bogreol-lumos#primaryimage\",\"url\":\"https:\/\/last-chance.dk\/wp-content\/uploads\/2024\/02\/1_2_91.jpg\",\"contentUrl\":\"https:\/\/last-chance.dk\/wp-content\/uploads\/2024\/02\/1_2_91.jpg\",\"width\":1500,\"height\":1500},{\"@type\":\"BreadcrumbList\",\"@id\":\"https:\/\/last-chance.dk\/?product=bogreol-lumos#breadcrumb\",\"itemListElement\":[{\"@type\":\"ListItem\",\"position\":1,\"name\":\"Home\",\"item\":\"https:\/\/last-chance.dk\/\"},{\"@type\":\"ListItem\",\"position\":2,\"name\":\"Bogreol Lumos\"}]},{\"@type\":\"WebSite\",\"@id\":\"https:\/\/last-chance.dk\/#website\",\"url\":\"https:\/\/last-chance.dk\/\",\"name\":\"LASTCHANCE Deals | Danmark\",\"description\":\"LASTCHANCE Deals | Danmark\",\"publisher\":{\"@id\":\"https:\/\/last-chance.dk\/#organization\"},\"potentialAction\":[{\"@type\":\"SearchAction\",\"target\":{\"@type\":\"EntryPoint\",\"urlTemplate\":\"https:\/\/last-chance.dk\/?s={search_term_string}\"},\"query-input\":{\"@type\":\"PropertyValueSpecification\",\"valueRequired\":true,\"valueName\":\"search_term_string\"}}],\"inLanguage\":\"da-DK\"},{\"@type\":\"Organization\",\"@id\":\"https:\/\/last-chance.dk\/#organization\",\"name\":\"LASTCHANCE Deals | Danmark\",\"url\":\"https:\/\/last-chance.dk\/\",\"logo\":{\"@type\":\"ImageObject\",\"inLanguage\":\"da-DK\",\"@id\":\"https:\/\/last-chance.dk\/#\/schema\/logo\/image\/\",\"url\":\"https:\/\/last-chance.dk\/wp-content\/uploads\/2023\/10\/lastchancedeals_logo_dk_white.png\",\"contentUrl\":\"https:\/\/last-chance.dk\/wp-content\/uploads\/2023\/10\/lastchancedeals_logo_dk_white.png\",\"width\":470,\"height\":110,\"caption\":\"LASTCHANCE Deals | Danmark\"},\"image\":{\"@id\":\"https:\/\/last-chance.dk\/#\/schema\/logo\/image\/\"}}]}<\/script>\n<!-- \/ Yoast SEO plugin. -->","yoast_head_json":{"title":"Bogreol Lumos - LASTCHANCE Deals | Danmark","robots":{"index":"index","follow":"follow","max-snippet":"max-snippet:-1","max-image-preview":"max-image-preview:large","max-video-preview":"max-video-preview:-1"},"canonical":"https:\/\/last-chance.dk\/?product=bogreol-lumos","og_locale":"da_DK","og_type":"article","og_title":"Bogreol Lumos - LASTCHANCE Deals | Danmark","og_description":"Velkommen til vores fantastiske Bogreol Lumos! Produceret i Europa af anerkendte LuxCasa, er denne bogreol designet til at pryde dit hjem med sin elegante touch. Bogreolen er f\u00e6rdig i en smuk hvid farve, der bidrager til en ren og moderne \u00e6stetik i enhver indretning. M\u00e5lt med en tydeligt rummelige st\u00f8rrelse p\u00e5 80&#215;111,2&#215;40 cm, kan denne [&hellip;]","og_url":"https:\/\/last-chance.dk\/?product=bogreol-lumos","og_site_name":"LASTCHANCE Deals | Danmark","article_modified_time":"2025-03-24T12:25:37+00:00","og_image":[{"width":1500,"height":1500,"url":"https:\/\/last-chance.dk\/wp-content\/uploads\/2024\/02\/1_2_91.jpg","type":"image\/jpeg"}],"twitter_card":"summary_large_image","twitter_misc":{"Estimeret l\u00e6setid":"1 minut"},"schema":{"@context":"https:\/\/schema.org","@graph":[{"@type":"WebPage","@id":"https:\/\/last-chance.dk\/?product=bogreol-lumos","url":"https:\/\/last-chance.dk\/?product=bogreol-lumos","name":"Bogreol Lumos - LASTCHANCE Deals | Danmark","isPartOf":{"@id":"https:\/\/last-chance.dk\/#website"},"primaryImageOfPage":{"@id":"https:\/\/last-chance.dk\/?product=bogreol-lumos#primaryimage"},"image":{"@id":"https:\/\/last-chance.dk\/?product=bogreol-lumos#primaryimage"},"thumbnailUrl":"https:\/\/last-chance.dk\/wp-content\/uploads\/2024\/02\/1_2_91.jpg","datePublished":"2024-02-02T16:29:28+00:00","dateModified":"2025-03-24T12:25:37+00:00","breadcrumb":{"@id":"https:\/\/last-chance.dk\/?product=bogreol-lumos#breadcrumb"},"inLanguage":"da-DK","potentialAction":[{"@type":"ReadAction","target":["https:\/\/last-chance.dk\/?product=bogreol-lumos"]}]},{"@type":"ImageObject","inLanguage":"da-DK","@id":"https:\/\/last-chance.dk\/?product=bogreol-lumos#primaryimage","url":"https:\/\/last-chance.dk\/wp-content\/uploads\/2024\/02\/1_2_91.jpg","contentUrl":"https:\/\/last-chance.dk\/wp-content\/uploads\/2024\/02\/1_2_91.jpg","width":1500,"height":1500},{"@type":"BreadcrumbList","@id":"https:\/\/last-chance.dk\/?product=bogreol-lumos#breadcrumb","itemListElement":[{"@type":"ListItem","position":1,"name":"Home","item":"https:\/\/last-chance.dk\/"},{"@type":"ListItem","position":2,"name":"Bogreol Lumos"}]},{"@type":"WebSite","@id":"https:\/\/last-chance.dk\/#website","url":"https:\/\/last-chance.dk\/","name":"LASTCHANCE Deals | Danmark","description":"LASTCHANCE Deals | Danmark","publisher":{"@id":"https:\/\/last-chance.dk\/#organization"},"potentialAction":[{"@type":"SearchAction","target":{"@type":"EntryPoint","urlTemplate":"https:\/\/last-chance.dk\/?s={search_term_string}"},"query-input":{"@type":"PropertyValueSpecification","valueRequired":true,"valueName":"search_term_string"}}],"inLanguage":"da-DK"},{"@type":"Organization","@id":"https:\/\/last-chance.dk\/#organization","name":"LASTCHANCE Deals | Danmark","url":"https:\/\/last-chance.dk\/","logo":{"@type":"ImageObject","inLanguage":"da-DK","@id":"https:\/\/last-chance.dk\/#\/schema\/logo\/image\/","url":"https:\/\/last-chance.dk\/wp-content\/uploads\/2023\/10\/lastchancedeals_logo_dk_white.png","contentUrl":"https:\/\/last-chance.dk\/wp-content\/uploads\/2023\/10\/lastchancedeals_logo_dk_white.png","width":470,"height":110,"caption":"LASTCHANCE Deals | Danmark"},"image":{"@id":"https:\/\/last-chance.dk\/#\/schema\/logo\/image\/"}}]}},"_links":{"self":[{"href":"https:\/\/last-chance.dk\/index.php?rest_route=\/wp\/v2\/product\/10335","targetHints":{"allow":["GET"]}}],"collection":[{"href":"https:\/\/last-chance.dk\/index.php?rest_route=\/wp\/v2\/product"}],"about":[{"href":"https:\/\/last-chance.dk\/index.php?rest_route=\/wp\/v2\/types\/product"}],"replies":[{"embeddable":true,"href":"https:\/\/last-chance.dk\/index.php?rest_route=%2Fwp%2Fv2%2Fcomments&post=10335"}],"wp:featuredmedia":[{"embeddable":true,"href":"https:\/\/last-chance.dk\/index.php?rest_route=\/wp\/v2\/media\/10334"}],"wp:attachment":[{"href":"https:\/\/last-chance.dk\/index.php?rest_route=%2Fwp%2Fv2%2Fmedia&parent=10335"}],"wp:term":[{"taxonomy":"product_brand","embeddable":true,"href":"https:\/\/last-chance.dk\/index.php?rest_route=%2Fwp%2Fv2%2Fproduct_brand&post=10335"},{"taxonomy":"product_cat","embeddable":true,"href":"https:\/\/last-chance.dk\/index.php?rest_route=%2Fwp%2Fv2%2Fproduct_cat&post=10335"},{"taxonomy":"product_tag","embeddable":true,"href":"https:\/\/last-chance.dk\/index.php?rest_route=%2Fwp%2Fv2%2Fproduct_tag&post=10335"}],"curies":[{"name":"wp","href":"https:\/\/api.w.org\/{rel}","templated":true}]}}