{"id":10353,"date":"2024-02-02T16:31:51","date_gmt":"2024-02-02T16:31:51","guid":{"rendered":"https:\/\/www.lastchance.deals\/dk\/produkt\/hjaelpebord-arborly\/"},"modified":"2025-10-13T11:53:22","modified_gmt":"2025-10-13T11:53:22","slug":"hjaelpebord-arborly","status":"publish","type":"product","link":"https:\/\/last-chance.dk\/?product=hjaelpebord-arborly","title":{"rendered":"Hj\u00e6lpebord Arborly"},"content":{"rendered":"<p>Sk\u00e4nk, er en essentiel tilf\u00f8jelse til enhver boligindretning. Dette stilfulde produkt fra LuxCasa er et resultat af kompromisl\u00f8s europ\u00e6isk h\u00e5ndv\u00e6rk og design. Med eksterne dimensioner p\u00e5 155x75x40 cm, tilbyder dette bord rigelig plads til at opbevare dine hverdags n\u00f8dvendigheder.<\/p>\n<p><\/p>\n<p>Det smukke Sk\u00e4nk er malet i en elegant hvid farve, der kan blande sig i enhver indretning let. Dens rene og enkle profil giver en f\u00f8lelse af ro og orden, hvilket er afg\u00f8rende i ethvert hjem.<\/p>\n<p><\/p>\n<p>Bem\u00e6rk, at belysning ikke er inkluderet med dette produkt, hvilket giver dig friheden til at v\u00e6lge den belysning, der passer til dit hjem og din stil bedst.<\/p>\n<p><\/p>\n<p>Dette Sk\u00e4nk kr\u00e6ver samling, men det er en lille pris at betale for kvalitet og holdbarhed. Med 12 m\u00e5neders garanti kan du v\u00e6re sikker p\u00e5, at dette produkt er lavet for at vare og imponere.<\/p>\n<p><\/p>\n<p>Sk\u00e4nk&nbsp;&#8211; det er en uds\u00f8gt kombination af funktion og form, der beriger dit hjem. Hvis du v\u00e6rds\u00e6tter europ\u00e6isk kvalitet og minimalistisk design, er dette hj\u00e6lpebord fra LuxCasa et perfekt valg.<\/p>\n<p><\/p>\n<p>Leveringstid: Leveringstid 1-2 uger<br \/>\nFarve: hvid<br \/>\nBelysning: ikke inkluderet<br \/>\nUdvendige dimensioner: 155x75x40 cm<br \/>\nMontage: skal samles<br \/>\nGaranti: 12 m\u00e5neder<br \/>\nFremstillet: i EU<br \/>\nFabrikant: LuxCasa<\/p>\n","protected":false},"excerpt":{"rendered":"<p>Sk\u00e4nk, er en essentiel tilf\u00f8jelse til enhver boligindretning. Dette stilfulde produkt fra LuxCasa er et resultat af kompromisl\u00f8s europ\u00e6isk h\u00e5ndv\u00e6rk og design. Med eksterne dimensioner p\u00e5 155x75x40 cm, tilbyder dette bord rigelig plads til at opbevare dine hverdags n\u00f8dvendigheder. Det smukke Sk\u00e4nk er malet i en elegant hvid farve, der kan blande sig i enhver [&hellip;]<\/p>\n","protected":false},"featured_media":10352,"comment_status":"open","ping_status":"closed","template":"","meta":[],"product_brand":[],"product_cat":[151],"product_tag":[],"class_list":{"0":"post-10353","1":"product","2":"type-product","3":"status-publish","4":"has-post-thumbnail","6":"product_cat-buffets-sideboards","8":"first","9":"instock","10":"shipping-taxable","11":"purchasable","12":"product-type-simple"},"yoast_head":"<!-- This site is optimized with the Yoast SEO plugin v24.8.1 - https:\/\/yoast.com\/wordpress\/plugins\/seo\/ -->\n<title>Hj\u00e6lpebord Arborly - LASTCHANCE Deals | Danmark<\/title>\n<meta name=\"robots\" content=\"index, follow, max-snippet:-1, max-image-preview:large, max-video-preview:-1\" \/>\n<link rel=\"canonical\" href=\"https:\/\/last-chance.dk\/?product=hjaelpebord-arborly\" \/>\n<meta property=\"og:locale\" content=\"da_DK\" \/>\n<meta property=\"og:type\" content=\"article\" \/>\n<meta property=\"og:title\" content=\"Hj\u00e6lpebord Arborly - LASTCHANCE Deals | Danmark\" \/>\n<meta property=\"og:description\" content=\"Sk\u00e4nk, er en essentiel tilf\u00f8jelse til enhver boligindretning. Dette stilfulde produkt fra LuxCasa er et resultat af kompromisl\u00f8s europ\u00e6isk h\u00e5ndv\u00e6rk og design. Med eksterne dimensioner p\u00e5 155x75x40 cm, tilbyder dette bord rigelig plads til at opbevare dine hverdags n\u00f8dvendigheder. Det smukke Sk\u00e4nk er malet i en elegant hvid farve, der kan blande sig i enhver [&hellip;]\" \/>\n<meta property=\"og:url\" content=\"https:\/\/last-chance.dk\/?product=hjaelpebord-arborly\" \/>\n<meta property=\"og:site_name\" content=\"LASTCHANCE Deals | Danmark\" \/>\n<meta property=\"article:modified_time\" content=\"2025-10-13T11:53:22+00:00\" \/>\n<meta property=\"og:image\" content=\"https:\/\/last-chance.dk\/wp-content\/uploads\/2024\/02\/1_2_5_1.jpg\" \/>\n\t<meta property=\"og:image:width\" content=\"2000\" \/>\n\t<meta property=\"og:image:height\" content=\"1262\" \/>\n\t<meta property=\"og:image:type\" content=\"image\/jpeg\" \/>\n<meta name=\"twitter:card\" content=\"summary_large_image\" \/>\n<meta name=\"twitter:label1\" content=\"Estimeret l\u00e6setid\" \/>\n\t<meta name=\"twitter:data1\" content=\"1 minut\" \/>\n<script type=\"application\/ld+json\" class=\"yoast-schema-graph\">{\"@context\":\"https:\/\/schema.org\",\"@graph\":[{\"@type\":\"WebPage\",\"@id\":\"https:\/\/last-chance.dk\/?product=hjaelpebord-arborly\",\"url\":\"https:\/\/last-chance.dk\/?product=hjaelpebord-arborly\",\"name\":\"Hj\u00e6lpebord Arborly - LASTCHANCE Deals | Danmark\",\"isPartOf\":{\"@id\":\"https:\/\/last-chance.dk\/#website\"},\"primaryImageOfPage\":{\"@id\":\"https:\/\/last-chance.dk\/?product=hjaelpebord-arborly#primaryimage\"},\"image\":{\"@id\":\"https:\/\/last-chance.dk\/?product=hjaelpebord-arborly#primaryimage\"},\"thumbnailUrl\":\"https:\/\/last-chance.dk\/wp-content\/uploads\/2024\/02\/1_2_5_1.jpg\",\"datePublished\":\"2024-02-02T16:31:51+00:00\",\"dateModified\":\"2025-10-13T11:53:22+00:00\",\"breadcrumb\":{\"@id\":\"https:\/\/last-chance.dk\/?product=hjaelpebord-arborly#breadcrumb\"},\"inLanguage\":\"da-DK\",\"potentialAction\":[{\"@type\":\"ReadAction\",\"target\":[\"https:\/\/last-chance.dk\/?product=hjaelpebord-arborly\"]}]},{\"@type\":\"ImageObject\",\"inLanguage\":\"da-DK\",\"@id\":\"https:\/\/last-chance.dk\/?product=hjaelpebord-arborly#primaryimage\",\"url\":\"https:\/\/last-chance.dk\/wp-content\/uploads\/2024\/02\/1_2_5_1.jpg\",\"contentUrl\":\"https:\/\/last-chance.dk\/wp-content\/uploads\/2024\/02\/1_2_5_1.jpg\",\"width\":2000,\"height\":1262},{\"@type\":\"BreadcrumbList\",\"@id\":\"https:\/\/last-chance.dk\/?product=hjaelpebord-arborly#breadcrumb\",\"itemListElement\":[{\"@type\":\"ListItem\",\"position\":1,\"name\":\"Home\",\"item\":\"https:\/\/last-chance.dk\/\"},{\"@type\":\"ListItem\",\"position\":2,\"name\":\"Hj\u00e6lpebord Arborly\"}]},{\"@type\":\"WebSite\",\"@id\":\"https:\/\/last-chance.dk\/#website\",\"url\":\"https:\/\/last-chance.dk\/\",\"name\":\"LASTCHANCE Deals | Danmark\",\"description\":\"LASTCHANCE Deals | Danmark\",\"publisher\":{\"@id\":\"https:\/\/last-chance.dk\/#organization\"},\"potentialAction\":[{\"@type\":\"SearchAction\",\"target\":{\"@type\":\"EntryPoint\",\"urlTemplate\":\"https:\/\/last-chance.dk\/?s={search_term_string}\"},\"query-input\":{\"@type\":\"PropertyValueSpecification\",\"valueRequired\":true,\"valueName\":\"search_term_string\"}}],\"inLanguage\":\"da-DK\"},{\"@type\":\"Organization\",\"@id\":\"https:\/\/last-chance.dk\/#organization\",\"name\":\"LASTCHANCE Deals | Danmark\",\"url\":\"https:\/\/last-chance.dk\/\",\"logo\":{\"@type\":\"ImageObject\",\"inLanguage\":\"da-DK\",\"@id\":\"https:\/\/last-chance.dk\/#\/schema\/logo\/image\/\",\"url\":\"https:\/\/last-chance.dk\/wp-content\/uploads\/2023\/10\/lastchancedeals_logo_dk_white.png\",\"contentUrl\":\"https:\/\/last-chance.dk\/wp-content\/uploads\/2023\/10\/lastchancedeals_logo_dk_white.png\",\"width\":470,\"height\":110,\"caption\":\"LASTCHANCE Deals | Danmark\"},\"image\":{\"@id\":\"https:\/\/last-chance.dk\/#\/schema\/logo\/image\/\"}}]}<\/script>\n<!-- \/ Yoast SEO plugin. -->","yoast_head_json":{"title":"Hj\u00e6lpebord Arborly - LASTCHANCE Deals | Danmark","robots":{"index":"index","follow":"follow","max-snippet":"max-snippet:-1","max-image-preview":"max-image-preview:large","max-video-preview":"max-video-preview:-1"},"canonical":"https:\/\/last-chance.dk\/?product=hjaelpebord-arborly","og_locale":"da_DK","og_type":"article","og_title":"Hj\u00e6lpebord Arborly - LASTCHANCE Deals | Danmark","og_description":"Sk\u00e4nk, er en essentiel tilf\u00f8jelse til enhver boligindretning. Dette stilfulde produkt fra LuxCasa er et resultat af kompromisl\u00f8s europ\u00e6isk h\u00e5ndv\u00e6rk og design. Med eksterne dimensioner p\u00e5 155x75x40 cm, tilbyder dette bord rigelig plads til at opbevare dine hverdags n\u00f8dvendigheder. Det smukke Sk\u00e4nk er malet i en elegant hvid farve, der kan blande sig i enhver [&hellip;]","og_url":"https:\/\/last-chance.dk\/?product=hjaelpebord-arborly","og_site_name":"LASTCHANCE Deals | Danmark","article_modified_time":"2025-10-13T11:53:22+00:00","og_image":[{"width":2000,"height":1262,"url":"https:\/\/last-chance.dk\/wp-content\/uploads\/2024\/02\/1_2_5_1.jpg","type":"image\/jpeg"}],"twitter_card":"summary_large_image","twitter_misc":{"Estimeret l\u00e6setid":"1 minut"},"schema":{"@context":"https:\/\/schema.org","@graph":[{"@type":"WebPage","@id":"https:\/\/last-chance.dk\/?product=hjaelpebord-arborly","url":"https:\/\/last-chance.dk\/?product=hjaelpebord-arborly","name":"Hj\u00e6lpebord Arborly - LASTCHANCE Deals | Danmark","isPartOf":{"@id":"https:\/\/last-chance.dk\/#website"},"primaryImageOfPage":{"@id":"https:\/\/last-chance.dk\/?product=hjaelpebord-arborly#primaryimage"},"image":{"@id":"https:\/\/last-chance.dk\/?product=hjaelpebord-arborly#primaryimage"},"thumbnailUrl":"https:\/\/last-chance.dk\/wp-content\/uploads\/2024\/02\/1_2_5_1.jpg","datePublished":"2024-02-02T16:31:51+00:00","dateModified":"2025-10-13T11:53:22+00:00","breadcrumb":{"@id":"https:\/\/last-chance.dk\/?product=hjaelpebord-arborly#breadcrumb"},"inLanguage":"da-DK","potentialAction":[{"@type":"ReadAction","target":["https:\/\/last-chance.dk\/?product=hjaelpebord-arborly"]}]},{"@type":"ImageObject","inLanguage":"da-DK","@id":"https:\/\/last-chance.dk\/?product=hjaelpebord-arborly#primaryimage","url":"https:\/\/last-chance.dk\/wp-content\/uploads\/2024\/02\/1_2_5_1.jpg","contentUrl":"https:\/\/last-chance.dk\/wp-content\/uploads\/2024\/02\/1_2_5_1.jpg","width":2000,"height":1262},{"@type":"BreadcrumbList","@id":"https:\/\/last-chance.dk\/?product=hjaelpebord-arborly#breadcrumb","itemListElement":[{"@type":"ListItem","position":1,"name":"Home","item":"https:\/\/last-chance.dk\/"},{"@type":"ListItem","position":2,"name":"Hj\u00e6lpebord Arborly"}]},{"@type":"WebSite","@id":"https:\/\/last-chance.dk\/#website","url":"https:\/\/last-chance.dk\/","name":"LASTCHANCE Deals | Danmark","description":"LASTCHANCE Deals | Danmark","publisher":{"@id":"https:\/\/last-chance.dk\/#organization"},"potentialAction":[{"@type":"SearchAction","target":{"@type":"EntryPoint","urlTemplate":"https:\/\/last-chance.dk\/?s={search_term_string}"},"query-input":{"@type":"PropertyValueSpecification","valueRequired":true,"valueName":"search_term_string"}}],"inLanguage":"da-DK"},{"@type":"Organization","@id":"https:\/\/last-chance.dk\/#organization","name":"LASTCHANCE Deals | Danmark","url":"https:\/\/last-chance.dk\/","logo":{"@type":"ImageObject","inLanguage":"da-DK","@id":"https:\/\/last-chance.dk\/#\/schema\/logo\/image\/","url":"https:\/\/last-chance.dk\/wp-content\/uploads\/2023\/10\/lastchancedeals_logo_dk_white.png","contentUrl":"https:\/\/last-chance.dk\/wp-content\/uploads\/2023\/10\/lastchancedeals_logo_dk_white.png","width":470,"height":110,"caption":"LASTCHANCE Deals | Danmark"},"image":{"@id":"https:\/\/last-chance.dk\/#\/schema\/logo\/image\/"}}]}},"_links":{"self":[{"href":"https:\/\/last-chance.dk\/index.php?rest_route=\/wp\/v2\/product\/10353","targetHints":{"allow":["GET"]}}],"collection":[{"href":"https:\/\/last-chance.dk\/index.php?rest_route=\/wp\/v2\/product"}],"about":[{"href":"https:\/\/last-chance.dk\/index.php?rest_route=\/wp\/v2\/types\/product"}],"replies":[{"embeddable":true,"href":"https:\/\/last-chance.dk\/index.php?rest_route=%2Fwp%2Fv2%2Fcomments&post=10353"}],"wp:featuredmedia":[{"embeddable":true,"href":"https:\/\/last-chance.dk\/index.php?rest_route=\/wp\/v2\/media\/10352"}],"wp:attachment":[{"href":"https:\/\/last-chance.dk\/index.php?rest_route=%2Fwp%2Fv2%2Fmedia&parent=10353"}],"wp:term":[{"taxonomy":"product_brand","embeddable":true,"href":"https:\/\/last-chance.dk\/index.php?rest_route=%2Fwp%2Fv2%2Fproduct_brand&post=10353"},{"taxonomy":"product_cat","embeddable":true,"href":"https:\/\/last-chance.dk\/index.php?rest_route=%2Fwp%2Fv2%2Fproduct_cat&post=10353"},{"taxonomy":"product_tag","embeddable":true,"href":"https:\/\/last-chance.dk\/index.php?rest_route=%2Fwp%2Fv2%2Fproduct_tag&post=10353"}],"curies":[{"name":"wp","href":"https:\/\/api.w.org\/{rel}","templated":true}]}}