{"id":10365,"date":"2024-02-02T16:33:08","date_gmt":"2024-02-02T16:33:08","guid":{"rendered":"https:\/\/www.lastchance.deals\/dk\/produkt\/hjaelpebord-furnistique\/"},"modified":"2025-09-19T17:48:55","modified_gmt":"2025-09-19T17:48:55","slug":"hjaelpebord-furnistique","status":"publish","type":"product","link":"https:\/\/last-chance.dk\/?product=hjaelpebord-furnistique","title":{"rendered":"Hj\u00e6lpebord Furnistique"},"content":{"rendered":"<p>Introducerer vores Hj\u00e6lpebord fra LuxCasa, kendt som Apup\u00f6yt\u00e4, fremstillet i EU og designet til at bringe b\u00e5de stil og funktionalitet til dit hjem. Denne moderne opbevaringsl\u00f8sning vil v\u00e6re et elegant centrum for enhver stue, sovev\u00e6relse eller kontor.<\/p>\n<p><\/p>\n<p>Hj\u00e6lpebordets udvendige dimensioner er 63,4 cm i dybden, 115,7 cm i bredden og 42 cm i h\u00f8jden, hvilket giver dig masser af plads til opbevaring og display. Uanset om du vil opbevare b\u00f8ger, dekorative genstande eller sm\u00e5 forn\u00f8denheder, tilbyder dens st\u00f8rrelse masser af muligheder. Bem\u00e6rk skal dette produkt samles ved levering.<\/p>\n<p><\/p>\n<p>Tilbyder mere end bare opbevaring, hj\u00e6lpebordet er ogs\u00e5 en \u00e6stetisk behagelig tilf\u00f8jelse til ethvert rum med sin skarpe hvide farve. Dens neutrale farve g\u00f8r det nemt at matche med ethvert indretningstema, og dens moderne design fremh\u00e6ver sin alsidighed og funktionalitet.<\/p>\n<p><\/p>\n<p>Vores LuxCasa hj\u00e6lpebord er oprettet med holdbarhed og holdbarhed i tankerne, med en producentgaranti p\u00e5 12 m\u00e5neder. Oplys venligst om, at belysning ikke er inkluderet i dette produkt.<\/p>\n<p><\/p>\n<p>Opdag vores LuxCasa Hj\u00e6lpebord og forbedr din hjemmeopbevaring og indretning med et produkt, der harmoniserer stil og praktisk funktionalitet.<\/p>\n<p><\/p>\n<p>Leveringstid: Leveringstid 1-2 uger<br \/>\nFarve: hvid<br \/>\nBelysning: ikke inkluderet<br \/>\nUdvendige dimensioner: 63,4&#215;115,7&#215;42 cm<br \/>\nMontage: skal samles<br \/>\nGaranti: 12 m\u00e5neder<br \/>\nFremstillet: i EU<br \/>\nFabrikant: LuxCasa<\/p>\n","protected":false},"excerpt":{"rendered":"<p>Introducerer vores Hj\u00e6lpebord fra LuxCasa, kendt som Apup\u00f6yt\u00e4, fremstillet i EU og designet til at bringe b\u00e5de stil og funktionalitet til dit hjem. Denne moderne opbevaringsl\u00f8sning vil v\u00e6re et elegant centrum for enhver stue, sovev\u00e6relse eller kontor. Hj\u00e6lpebordets udvendige dimensioner er 63,4 cm i dybden, 115,7 cm i bredden og 42 cm i h\u00f8jden, hvilket [&hellip;]<\/p>\n","protected":false},"featured_media":10363,"comment_status":"open","ping_status":"closed","template":"","meta":[],"product_brand":[],"product_cat":[151],"product_tag":[],"class_list":{"0":"post-10365","1":"product","2":"type-product","3":"status-publish","4":"has-post-thumbnail","6":"product_cat-buffets-sideboards","8":"first","9":"instock","10":"shipping-taxable","11":"purchasable","12":"product-type-simple"},"yoast_head":"<!-- This site is optimized with the Yoast SEO plugin v24.8.1 - https:\/\/yoast.com\/wordpress\/plugins\/seo\/ -->\n<title>Hj\u00e6lpebord Furnistique - LASTCHANCE Deals | Danmark<\/title>\n<meta name=\"robots\" content=\"index, follow, max-snippet:-1, max-image-preview:large, max-video-preview:-1\" \/>\n<link rel=\"canonical\" href=\"https:\/\/last-chance.dk\/?product=hjaelpebord-furnistique\" \/>\n<meta property=\"og:locale\" content=\"da_DK\" \/>\n<meta property=\"og:type\" content=\"article\" \/>\n<meta property=\"og:title\" content=\"Hj\u00e6lpebord Furnistique - LASTCHANCE Deals | Danmark\" \/>\n<meta property=\"og:description\" content=\"Introducerer vores Hj\u00e6lpebord fra LuxCasa, kendt som Apup\u00f6yt\u00e4, fremstillet i EU og designet til at bringe b\u00e5de stil og funktionalitet til dit hjem. Denne moderne opbevaringsl\u00f8sning vil v\u00e6re et elegant centrum for enhver stue, sovev\u00e6relse eller kontor. Hj\u00e6lpebordets udvendige dimensioner er 63,4 cm i dybden, 115,7 cm i bredden og 42 cm i h\u00f8jden, hvilket [&hellip;]\" \/>\n<meta property=\"og:url\" content=\"https:\/\/last-chance.dk\/?product=hjaelpebord-furnistique\" \/>\n<meta property=\"og:site_name\" content=\"LASTCHANCE Deals | Danmark\" \/>\n<meta property=\"article:modified_time\" content=\"2025-09-19T17:48:55+00:00\" \/>\n<meta property=\"og:image\" content=\"https:\/\/last-chance.dk\/wp-content\/uploads\/2024\/02\/2_2_1_1.jpg\" \/>\n\t<meta property=\"og:image:width\" content=\"2000\" \/>\n\t<meta property=\"og:image:height\" content=\"1262\" \/>\n\t<meta property=\"og:image:type\" content=\"image\/jpeg\" \/>\n<meta name=\"twitter:card\" content=\"summary_large_image\" \/>\n<meta name=\"twitter:label1\" content=\"Estimeret l\u00e6setid\" \/>\n\t<meta name=\"twitter:data1\" content=\"1 minut\" \/>\n<script type=\"application\/ld+json\" class=\"yoast-schema-graph\">{\"@context\":\"https:\/\/schema.org\",\"@graph\":[{\"@type\":\"WebPage\",\"@id\":\"https:\/\/last-chance.dk\/?product=hjaelpebord-furnistique\",\"url\":\"https:\/\/last-chance.dk\/?product=hjaelpebord-furnistique\",\"name\":\"Hj\u00e6lpebord Furnistique - LASTCHANCE Deals | Danmark\",\"isPartOf\":{\"@id\":\"https:\/\/last-chance.dk\/#website\"},\"primaryImageOfPage\":{\"@id\":\"https:\/\/last-chance.dk\/?product=hjaelpebord-furnistique#primaryimage\"},\"image\":{\"@id\":\"https:\/\/last-chance.dk\/?product=hjaelpebord-furnistique#primaryimage\"},\"thumbnailUrl\":\"https:\/\/last-chance.dk\/wp-content\/uploads\/2024\/02\/2_2_1_1.jpg\",\"datePublished\":\"2024-02-02T16:33:08+00:00\",\"dateModified\":\"2025-09-19T17:48:55+00:00\",\"breadcrumb\":{\"@id\":\"https:\/\/last-chance.dk\/?product=hjaelpebord-furnistique#breadcrumb\"},\"inLanguage\":\"da-DK\",\"potentialAction\":[{\"@type\":\"ReadAction\",\"target\":[\"https:\/\/last-chance.dk\/?product=hjaelpebord-furnistique\"]}]},{\"@type\":\"ImageObject\",\"inLanguage\":\"da-DK\",\"@id\":\"https:\/\/last-chance.dk\/?product=hjaelpebord-furnistique#primaryimage\",\"url\":\"https:\/\/last-chance.dk\/wp-content\/uploads\/2024\/02\/2_2_1_1.jpg\",\"contentUrl\":\"https:\/\/last-chance.dk\/wp-content\/uploads\/2024\/02\/2_2_1_1.jpg\",\"width\":2000,\"height\":1262},{\"@type\":\"BreadcrumbList\",\"@id\":\"https:\/\/last-chance.dk\/?product=hjaelpebord-furnistique#breadcrumb\",\"itemListElement\":[{\"@type\":\"ListItem\",\"position\":1,\"name\":\"Home\",\"item\":\"https:\/\/last-chance.dk\/\"},{\"@type\":\"ListItem\",\"position\":2,\"name\":\"Hj\u00e6lpebord Furnistique\"}]},{\"@type\":\"WebSite\",\"@id\":\"https:\/\/last-chance.dk\/#website\",\"url\":\"https:\/\/last-chance.dk\/\",\"name\":\"LASTCHANCE Deals | Danmark\",\"description\":\"LASTCHANCE Deals | Danmark\",\"publisher\":{\"@id\":\"https:\/\/last-chance.dk\/#organization\"},\"potentialAction\":[{\"@type\":\"SearchAction\",\"target\":{\"@type\":\"EntryPoint\",\"urlTemplate\":\"https:\/\/last-chance.dk\/?s={search_term_string}\"},\"query-input\":{\"@type\":\"PropertyValueSpecification\",\"valueRequired\":true,\"valueName\":\"search_term_string\"}}],\"inLanguage\":\"da-DK\"},{\"@type\":\"Organization\",\"@id\":\"https:\/\/last-chance.dk\/#organization\",\"name\":\"LASTCHANCE Deals | Danmark\",\"url\":\"https:\/\/last-chance.dk\/\",\"logo\":{\"@type\":\"ImageObject\",\"inLanguage\":\"da-DK\",\"@id\":\"https:\/\/last-chance.dk\/#\/schema\/logo\/image\/\",\"url\":\"https:\/\/last-chance.dk\/wp-content\/uploads\/2023\/10\/lastchancedeals_logo_dk_white.png\",\"contentUrl\":\"https:\/\/last-chance.dk\/wp-content\/uploads\/2023\/10\/lastchancedeals_logo_dk_white.png\",\"width\":470,\"height\":110,\"caption\":\"LASTCHANCE Deals | Danmark\"},\"image\":{\"@id\":\"https:\/\/last-chance.dk\/#\/schema\/logo\/image\/\"}}]}<\/script>\n<!-- \/ Yoast SEO plugin. -->","yoast_head_json":{"title":"Hj\u00e6lpebord Furnistique - LASTCHANCE Deals | Danmark","robots":{"index":"index","follow":"follow","max-snippet":"max-snippet:-1","max-image-preview":"max-image-preview:large","max-video-preview":"max-video-preview:-1"},"canonical":"https:\/\/last-chance.dk\/?product=hjaelpebord-furnistique","og_locale":"da_DK","og_type":"article","og_title":"Hj\u00e6lpebord Furnistique - LASTCHANCE Deals | Danmark","og_description":"Introducerer vores Hj\u00e6lpebord fra LuxCasa, kendt som Apup\u00f6yt\u00e4, fremstillet i EU og designet til at bringe b\u00e5de stil og funktionalitet til dit hjem. Denne moderne opbevaringsl\u00f8sning vil v\u00e6re et elegant centrum for enhver stue, sovev\u00e6relse eller kontor. Hj\u00e6lpebordets udvendige dimensioner er 63,4 cm i dybden, 115,7 cm i bredden og 42 cm i h\u00f8jden, hvilket [&hellip;]","og_url":"https:\/\/last-chance.dk\/?product=hjaelpebord-furnistique","og_site_name":"LASTCHANCE Deals | Danmark","article_modified_time":"2025-09-19T17:48:55+00:00","og_image":[{"width":2000,"height":1262,"url":"https:\/\/last-chance.dk\/wp-content\/uploads\/2024\/02\/2_2_1_1.jpg","type":"image\/jpeg"}],"twitter_card":"summary_large_image","twitter_misc":{"Estimeret l\u00e6setid":"1 minut"},"schema":{"@context":"https:\/\/schema.org","@graph":[{"@type":"WebPage","@id":"https:\/\/last-chance.dk\/?product=hjaelpebord-furnistique","url":"https:\/\/last-chance.dk\/?product=hjaelpebord-furnistique","name":"Hj\u00e6lpebord Furnistique - LASTCHANCE Deals | Danmark","isPartOf":{"@id":"https:\/\/last-chance.dk\/#website"},"primaryImageOfPage":{"@id":"https:\/\/last-chance.dk\/?product=hjaelpebord-furnistique#primaryimage"},"image":{"@id":"https:\/\/last-chance.dk\/?product=hjaelpebord-furnistique#primaryimage"},"thumbnailUrl":"https:\/\/last-chance.dk\/wp-content\/uploads\/2024\/02\/2_2_1_1.jpg","datePublished":"2024-02-02T16:33:08+00:00","dateModified":"2025-09-19T17:48:55+00:00","breadcrumb":{"@id":"https:\/\/last-chance.dk\/?product=hjaelpebord-furnistique#breadcrumb"},"inLanguage":"da-DK","potentialAction":[{"@type":"ReadAction","target":["https:\/\/last-chance.dk\/?product=hjaelpebord-furnistique"]}]},{"@type":"ImageObject","inLanguage":"da-DK","@id":"https:\/\/last-chance.dk\/?product=hjaelpebord-furnistique#primaryimage","url":"https:\/\/last-chance.dk\/wp-content\/uploads\/2024\/02\/2_2_1_1.jpg","contentUrl":"https:\/\/last-chance.dk\/wp-content\/uploads\/2024\/02\/2_2_1_1.jpg","width":2000,"height":1262},{"@type":"BreadcrumbList","@id":"https:\/\/last-chance.dk\/?product=hjaelpebord-furnistique#breadcrumb","itemListElement":[{"@type":"ListItem","position":1,"name":"Home","item":"https:\/\/last-chance.dk\/"},{"@type":"ListItem","position":2,"name":"Hj\u00e6lpebord Furnistique"}]},{"@type":"WebSite","@id":"https:\/\/last-chance.dk\/#website","url":"https:\/\/last-chance.dk\/","name":"LASTCHANCE Deals | Danmark","description":"LASTCHANCE Deals | Danmark","publisher":{"@id":"https:\/\/last-chance.dk\/#organization"},"potentialAction":[{"@type":"SearchAction","target":{"@type":"EntryPoint","urlTemplate":"https:\/\/last-chance.dk\/?s={search_term_string}"},"query-input":{"@type":"PropertyValueSpecification","valueRequired":true,"valueName":"search_term_string"}}],"inLanguage":"da-DK"},{"@type":"Organization","@id":"https:\/\/last-chance.dk\/#organization","name":"LASTCHANCE Deals | Danmark","url":"https:\/\/last-chance.dk\/","logo":{"@type":"ImageObject","inLanguage":"da-DK","@id":"https:\/\/last-chance.dk\/#\/schema\/logo\/image\/","url":"https:\/\/last-chance.dk\/wp-content\/uploads\/2023\/10\/lastchancedeals_logo_dk_white.png","contentUrl":"https:\/\/last-chance.dk\/wp-content\/uploads\/2023\/10\/lastchancedeals_logo_dk_white.png","width":470,"height":110,"caption":"LASTCHANCE Deals | Danmark"},"image":{"@id":"https:\/\/last-chance.dk\/#\/schema\/logo\/image\/"}}]}},"_links":{"self":[{"href":"https:\/\/last-chance.dk\/index.php?rest_route=\/wp\/v2\/product\/10365","targetHints":{"allow":["GET"]}}],"collection":[{"href":"https:\/\/last-chance.dk\/index.php?rest_route=\/wp\/v2\/product"}],"about":[{"href":"https:\/\/last-chance.dk\/index.php?rest_route=\/wp\/v2\/types\/product"}],"replies":[{"embeddable":true,"href":"https:\/\/last-chance.dk\/index.php?rest_route=%2Fwp%2Fv2%2Fcomments&post=10365"}],"wp:featuredmedia":[{"embeddable":true,"href":"https:\/\/last-chance.dk\/index.php?rest_route=\/wp\/v2\/media\/10363"}],"wp:attachment":[{"href":"https:\/\/last-chance.dk\/index.php?rest_route=%2Fwp%2Fv2%2Fmedia&parent=10365"}],"wp:term":[{"taxonomy":"product_brand","embeddable":true,"href":"https:\/\/last-chance.dk\/index.php?rest_route=%2Fwp%2Fv2%2Fproduct_brand&post=10365"},{"taxonomy":"product_cat","embeddable":true,"href":"https:\/\/last-chance.dk\/index.php?rest_route=%2Fwp%2Fv2%2Fproduct_cat&post=10365"},{"taxonomy":"product_tag","embeddable":true,"href":"https:\/\/last-chance.dk\/index.php?rest_route=%2Fwp%2Fv2%2Fproduct_tag&post=10365"}],"curies":[{"name":"wp","href":"https:\/\/api.w.org\/{rel}","templated":true}]}}