{"id":10369,"date":"2024-02-02T16:33:38","date_gmt":"2024-02-02T16:33:38","guid":{"rendered":"https:\/\/www.lastchance.deals\/dk\/produkt\/hjaelpebord-bellisimo\/"},"modified":"2025-10-13T11:53:40","modified_gmt":"2025-10-13T11:53:40","slug":"hjaelpebord-bellisimo","status":"publish","type":"product","link":"https:\/\/last-chance.dk\/?product=hjaelpebord-bellisimo","title":{"rendered":"Hj\u00e6lpebord Bellisimo"},"content":{"rendered":"<p>Forvandl din stue eller dit kontor med dette hj\u00e6lpebord, ogs\u00e5 kendt som &#8222;Apup\u00f6yt\u00e4&#8223;, fra det velrenommerede LuxCasa. Med et elegant hvidt design, vil dette borde v\u00e6re et standout-stykke i dit hjem. <\/p>\n<p><\/p>\n<p>M\u00e5lende 119.2&#215;64.7&#215;42 cm i st\u00f8rrelse, er bordet rummeligt nok til at rumme din kaffe, en god bog, eller endda din b\u00e6rbare computer. <\/p>\n<p><\/p>\n<p>Det er n\u00f8dvendigt at samle produktet, men den klare og nemme at f\u00f8lge instruktioner g\u00f8r oprigtigt processen ubesv\u00e6ret. Bem\u00e6rk at belysningen ikke er inkluderet, det betyder, du har fuld kreativ kontrol til at tilf\u00f8je den uforglemmelige belysning, du \u00f8nsker.<\/p>\n<p><\/p>\n<p>Producenten, LuxCasa, har produktion i EU og giver 12 m\u00e5neders garanti for dette produkt, hvilket giver dig tiltroen til dit k\u00f8b. <\/p>\n<p><\/p>\n<p>S\u00e5 hvorfor vente? Forbedre din boligindretning med det stilfulde og multifunktionelle &#8222;Apup\u00f6yt\u00e4&#8223; &#8211; Et hj\u00e6lpebord der p\u00e5 en smagfuld m\u00e5de kombinerer praktisk anvendelighed med moderne design.<\/p>\n<p><\/p>\n<p>Leveringstid: Leveringstid 1-2 uger<br \/>\nFarve: hvid<br \/>\nBelysning: ikke inkluderet<br \/>\nUdvendige dimensioner: 119,2&#215;64,7&#215;42 cm<br \/>\nMontage: skal samles<br \/>\nGaranti: 12 m\u00e5neder<br \/>\nFremstillet: i EU<br \/>\nFabrikant: LuxCasa<\/p>\n","protected":false},"excerpt":{"rendered":"<p>Forvandl din stue eller dit kontor med dette hj\u00e6lpebord, ogs\u00e5 kendt som &#8222;Apup\u00f6yt\u00e4&#8223;, fra det velrenommerede LuxCasa. Med et elegant hvidt design, vil dette borde v\u00e6re et standout-stykke i dit hjem. M\u00e5lende 119.2&#215;64.7&#215;42 cm i st\u00f8rrelse, er bordet rummeligt nok til at rumme din kaffe, en god bog, eller endda din b\u00e6rbare computer. Det er [&hellip;]<\/p>\n","protected":false},"featured_media":10368,"comment_status":"open","ping_status":"closed","template":"","meta":[],"product_brand":[],"product_cat":[151],"product_tag":[],"class_list":{"0":"post-10369","1":"product","2":"type-product","3":"status-publish","4":"has-post-thumbnail","6":"product_cat-buffets-sideboards","8":"first","9":"instock","10":"shipping-taxable","11":"purchasable","12":"product-type-simple"},"yoast_head":"<!-- This site is optimized with the Yoast SEO plugin v24.8.1 - https:\/\/yoast.com\/wordpress\/plugins\/seo\/ -->\n<title>Hj\u00e6lpebord Bellisimo - LASTCHANCE Deals | Danmark<\/title>\n<meta name=\"robots\" content=\"index, follow, max-snippet:-1, max-image-preview:large, max-video-preview:-1\" \/>\n<link rel=\"canonical\" href=\"https:\/\/last-chance.dk\/?product=hjaelpebord-bellisimo\" \/>\n<meta property=\"og:locale\" content=\"da_DK\" \/>\n<meta property=\"og:type\" content=\"article\" \/>\n<meta property=\"og:title\" content=\"Hj\u00e6lpebord Bellisimo - LASTCHANCE Deals | Danmark\" \/>\n<meta property=\"og:description\" content=\"Forvandl din stue eller dit kontor med dette hj\u00e6lpebord, ogs\u00e5 kendt som &#8222;Apup\u00f6yt\u00e4&#8223;, fra det velrenommerede LuxCasa. Med et elegant hvidt design, vil dette borde v\u00e6re et standout-stykke i dit hjem. M\u00e5lende 119.2&#215;64.7&#215;42 cm i st\u00f8rrelse, er bordet rummeligt nok til at rumme din kaffe, en god bog, eller endda din b\u00e6rbare computer. Det er [&hellip;]\" \/>\n<meta property=\"og:url\" content=\"https:\/\/last-chance.dk\/?product=hjaelpebord-bellisimo\" \/>\n<meta property=\"og:site_name\" content=\"LASTCHANCE Deals | Danmark\" \/>\n<meta property=\"article:modified_time\" content=\"2025-10-13T11:53:40+00:00\" \/>\n<meta property=\"og:image\" content=\"https:\/\/last-chance.dk\/wp-content\/uploads\/2024\/02\/1_2_11.jpg\" \/>\n\t<meta property=\"og:image:width\" content=\"1900\" \/>\n\t<meta property=\"og:image:height\" content=\"1199\" \/>\n\t<meta property=\"og:image:type\" content=\"image\/jpeg\" \/>\n<meta name=\"twitter:card\" content=\"summary_large_image\" \/>\n<meta name=\"twitter:label1\" content=\"Estimeret l\u00e6setid\" \/>\n\t<meta name=\"twitter:data1\" content=\"1 minut\" \/>\n<script type=\"application\/ld+json\" class=\"yoast-schema-graph\">{\"@context\":\"https:\/\/schema.org\",\"@graph\":[{\"@type\":\"WebPage\",\"@id\":\"https:\/\/last-chance.dk\/?product=hjaelpebord-bellisimo\",\"url\":\"https:\/\/last-chance.dk\/?product=hjaelpebord-bellisimo\",\"name\":\"Hj\u00e6lpebord Bellisimo - LASTCHANCE Deals | Danmark\",\"isPartOf\":{\"@id\":\"https:\/\/last-chance.dk\/#website\"},\"primaryImageOfPage\":{\"@id\":\"https:\/\/last-chance.dk\/?product=hjaelpebord-bellisimo#primaryimage\"},\"image\":{\"@id\":\"https:\/\/last-chance.dk\/?product=hjaelpebord-bellisimo#primaryimage\"},\"thumbnailUrl\":\"https:\/\/last-chance.dk\/wp-content\/uploads\/2024\/02\/1_2_11.jpg\",\"datePublished\":\"2024-02-02T16:33:38+00:00\",\"dateModified\":\"2025-10-13T11:53:40+00:00\",\"breadcrumb\":{\"@id\":\"https:\/\/last-chance.dk\/?product=hjaelpebord-bellisimo#breadcrumb\"},\"inLanguage\":\"da-DK\",\"potentialAction\":[{\"@type\":\"ReadAction\",\"target\":[\"https:\/\/last-chance.dk\/?product=hjaelpebord-bellisimo\"]}]},{\"@type\":\"ImageObject\",\"inLanguage\":\"da-DK\",\"@id\":\"https:\/\/last-chance.dk\/?product=hjaelpebord-bellisimo#primaryimage\",\"url\":\"https:\/\/last-chance.dk\/wp-content\/uploads\/2024\/02\/1_2_11.jpg\",\"contentUrl\":\"https:\/\/last-chance.dk\/wp-content\/uploads\/2024\/02\/1_2_11.jpg\",\"width\":1900,\"height\":1199},{\"@type\":\"BreadcrumbList\",\"@id\":\"https:\/\/last-chance.dk\/?product=hjaelpebord-bellisimo#breadcrumb\",\"itemListElement\":[{\"@type\":\"ListItem\",\"position\":1,\"name\":\"Home\",\"item\":\"https:\/\/last-chance.dk\/\"},{\"@type\":\"ListItem\",\"position\":2,\"name\":\"Hj\u00e6lpebord Bellisimo\"}]},{\"@type\":\"WebSite\",\"@id\":\"https:\/\/last-chance.dk\/#website\",\"url\":\"https:\/\/last-chance.dk\/\",\"name\":\"LASTCHANCE Deals | Danmark\",\"description\":\"LASTCHANCE Deals | Danmark\",\"publisher\":{\"@id\":\"https:\/\/last-chance.dk\/#organization\"},\"potentialAction\":[{\"@type\":\"SearchAction\",\"target\":{\"@type\":\"EntryPoint\",\"urlTemplate\":\"https:\/\/last-chance.dk\/?s={search_term_string}\"},\"query-input\":{\"@type\":\"PropertyValueSpecification\",\"valueRequired\":true,\"valueName\":\"search_term_string\"}}],\"inLanguage\":\"da-DK\"},{\"@type\":\"Organization\",\"@id\":\"https:\/\/last-chance.dk\/#organization\",\"name\":\"LASTCHANCE Deals | Danmark\",\"url\":\"https:\/\/last-chance.dk\/\",\"logo\":{\"@type\":\"ImageObject\",\"inLanguage\":\"da-DK\",\"@id\":\"https:\/\/last-chance.dk\/#\/schema\/logo\/image\/\",\"url\":\"https:\/\/last-chance.dk\/wp-content\/uploads\/2023\/10\/lastchancedeals_logo_dk_white.png\",\"contentUrl\":\"https:\/\/last-chance.dk\/wp-content\/uploads\/2023\/10\/lastchancedeals_logo_dk_white.png\",\"width\":470,\"height\":110,\"caption\":\"LASTCHANCE Deals | Danmark\"},\"image\":{\"@id\":\"https:\/\/last-chance.dk\/#\/schema\/logo\/image\/\"}}]}<\/script>\n<!-- \/ Yoast SEO plugin. -->","yoast_head_json":{"title":"Hj\u00e6lpebord Bellisimo - LASTCHANCE Deals | Danmark","robots":{"index":"index","follow":"follow","max-snippet":"max-snippet:-1","max-image-preview":"max-image-preview:large","max-video-preview":"max-video-preview:-1"},"canonical":"https:\/\/last-chance.dk\/?product=hjaelpebord-bellisimo","og_locale":"da_DK","og_type":"article","og_title":"Hj\u00e6lpebord Bellisimo - LASTCHANCE Deals | Danmark","og_description":"Forvandl din stue eller dit kontor med dette hj\u00e6lpebord, ogs\u00e5 kendt som &#8222;Apup\u00f6yt\u00e4&#8223;, fra det velrenommerede LuxCasa. Med et elegant hvidt design, vil dette borde v\u00e6re et standout-stykke i dit hjem. M\u00e5lende 119.2&#215;64.7&#215;42 cm i st\u00f8rrelse, er bordet rummeligt nok til at rumme din kaffe, en god bog, eller endda din b\u00e6rbare computer. Det er [&hellip;]","og_url":"https:\/\/last-chance.dk\/?product=hjaelpebord-bellisimo","og_site_name":"LASTCHANCE Deals | Danmark","article_modified_time":"2025-10-13T11:53:40+00:00","og_image":[{"width":1900,"height":1199,"url":"https:\/\/last-chance.dk\/wp-content\/uploads\/2024\/02\/1_2_11.jpg","type":"image\/jpeg"}],"twitter_card":"summary_large_image","twitter_misc":{"Estimeret l\u00e6setid":"1 minut"},"schema":{"@context":"https:\/\/schema.org","@graph":[{"@type":"WebPage","@id":"https:\/\/last-chance.dk\/?product=hjaelpebord-bellisimo","url":"https:\/\/last-chance.dk\/?product=hjaelpebord-bellisimo","name":"Hj\u00e6lpebord Bellisimo - LASTCHANCE Deals | Danmark","isPartOf":{"@id":"https:\/\/last-chance.dk\/#website"},"primaryImageOfPage":{"@id":"https:\/\/last-chance.dk\/?product=hjaelpebord-bellisimo#primaryimage"},"image":{"@id":"https:\/\/last-chance.dk\/?product=hjaelpebord-bellisimo#primaryimage"},"thumbnailUrl":"https:\/\/last-chance.dk\/wp-content\/uploads\/2024\/02\/1_2_11.jpg","datePublished":"2024-02-02T16:33:38+00:00","dateModified":"2025-10-13T11:53:40+00:00","breadcrumb":{"@id":"https:\/\/last-chance.dk\/?product=hjaelpebord-bellisimo#breadcrumb"},"inLanguage":"da-DK","potentialAction":[{"@type":"ReadAction","target":["https:\/\/last-chance.dk\/?product=hjaelpebord-bellisimo"]}]},{"@type":"ImageObject","inLanguage":"da-DK","@id":"https:\/\/last-chance.dk\/?product=hjaelpebord-bellisimo#primaryimage","url":"https:\/\/last-chance.dk\/wp-content\/uploads\/2024\/02\/1_2_11.jpg","contentUrl":"https:\/\/last-chance.dk\/wp-content\/uploads\/2024\/02\/1_2_11.jpg","width":1900,"height":1199},{"@type":"BreadcrumbList","@id":"https:\/\/last-chance.dk\/?product=hjaelpebord-bellisimo#breadcrumb","itemListElement":[{"@type":"ListItem","position":1,"name":"Home","item":"https:\/\/last-chance.dk\/"},{"@type":"ListItem","position":2,"name":"Hj\u00e6lpebord Bellisimo"}]},{"@type":"WebSite","@id":"https:\/\/last-chance.dk\/#website","url":"https:\/\/last-chance.dk\/","name":"LASTCHANCE Deals | Danmark","description":"LASTCHANCE Deals | Danmark","publisher":{"@id":"https:\/\/last-chance.dk\/#organization"},"potentialAction":[{"@type":"SearchAction","target":{"@type":"EntryPoint","urlTemplate":"https:\/\/last-chance.dk\/?s={search_term_string}"},"query-input":{"@type":"PropertyValueSpecification","valueRequired":true,"valueName":"search_term_string"}}],"inLanguage":"da-DK"},{"@type":"Organization","@id":"https:\/\/last-chance.dk\/#organization","name":"LASTCHANCE Deals | Danmark","url":"https:\/\/last-chance.dk\/","logo":{"@type":"ImageObject","inLanguage":"da-DK","@id":"https:\/\/last-chance.dk\/#\/schema\/logo\/image\/","url":"https:\/\/last-chance.dk\/wp-content\/uploads\/2023\/10\/lastchancedeals_logo_dk_white.png","contentUrl":"https:\/\/last-chance.dk\/wp-content\/uploads\/2023\/10\/lastchancedeals_logo_dk_white.png","width":470,"height":110,"caption":"LASTCHANCE Deals | Danmark"},"image":{"@id":"https:\/\/last-chance.dk\/#\/schema\/logo\/image\/"}}]}},"_links":{"self":[{"href":"https:\/\/last-chance.dk\/index.php?rest_route=\/wp\/v2\/product\/10369","targetHints":{"allow":["GET"]}}],"collection":[{"href":"https:\/\/last-chance.dk\/index.php?rest_route=\/wp\/v2\/product"}],"about":[{"href":"https:\/\/last-chance.dk\/index.php?rest_route=\/wp\/v2\/types\/product"}],"replies":[{"embeddable":true,"href":"https:\/\/last-chance.dk\/index.php?rest_route=%2Fwp%2Fv2%2Fcomments&post=10369"}],"wp:featuredmedia":[{"embeddable":true,"href":"https:\/\/last-chance.dk\/index.php?rest_route=\/wp\/v2\/media\/10368"}],"wp:attachment":[{"href":"https:\/\/last-chance.dk\/index.php?rest_route=%2Fwp%2Fv2%2Fmedia&parent=10369"}],"wp:term":[{"taxonomy":"product_brand","embeddable":true,"href":"https:\/\/last-chance.dk\/index.php?rest_route=%2Fwp%2Fv2%2Fproduct_brand&post=10369"},{"taxonomy":"product_cat","embeddable":true,"href":"https:\/\/last-chance.dk\/index.php?rest_route=%2Fwp%2Fv2%2Fproduct_cat&post=10369"},{"taxonomy":"product_tag","embeddable":true,"href":"https:\/\/last-chance.dk\/index.php?rest_route=%2Fwp%2Fv2%2Fproduct_tag&post=10369"}],"curies":[{"name":"wp","href":"https:\/\/api.w.org\/{rel}","templated":true}]}}