{"id":10379,"date":"2024-02-02T16:35:07","date_gmt":"2024-02-02T16:35:07","guid":{"rendered":"https:\/\/www.lastchance.deals\/dk\/produkt\/hundebord-vivante\/"},"modified":"2025-09-19T17:52:26","modified_gmt":"2025-09-19T17:52:26","slug":"hundebord-vivante","status":"publish","type":"product","link":"https:\/\/last-chance.dk\/?product=hundebord-vivante","title":{"rendered":"Hundebord Vivante"},"content":{"rendered":"<p>M\u00f8d vores flotte Sk\u00e5p Vivante, produceret i EU af top fabrikanten LuxCasa. Dette moderne og stilfulde m\u00f8bel vil helt sikkerhed tilf\u00f8je et dekorativt touch til dit hjem.<\/p>\n<p><\/p>\n<p>Sk\u00e5p m\u00e5ler 90x132x42 cm i udvendige dimensioner, hvilket giver det et rummeligt og gener\u00f8st design. Bordets overflade er perfekt til at lave hvad end du \u00f8nsker, om det er at spise, arbejde eller bare slappe af med en god bog.<\/p>\n<p><\/p>\n<p>V\u00e6r opm\u00e6rksom p\u00e5, at belysningen ikke er inkluderet i k\u00f8bet. Hertil er montage n\u00f8dvendig, men frygt ikke! Med lidt h\u00e5ndv\u00e6rksm\u00e6ssigt snilde og noget tid, kan du sikkert samle det selv uden problemer.<\/p>\n<p><\/p>\n<p>Efter k\u00f8bet er du beskyttet med en 12 m\u00e5neders garanti. Du kan derfor v\u00e6re sikker p\u00e5, at du har et kvalitetsprodukt i dine h\u00e6nder. S\u00e5 hvorfor vente? Fork\u00e6l dig selv (og dit hjem) med Sk\u00e5p Vivante &#8211; en \u00e6gte perle blandt m\u00f8bler!<\/p>\n<p><\/p>\n<p>Leveringstid: Leveringstid 1-2 uger<br \/>\nFarve: ikke angivet<br \/>\nBelysning: ikke inkluderet<br \/>\nUdvendige dimensioner: 90x132x42 cm<br \/>\nMontage: skal samles<br \/>\nGaranti: 12 m\u00e5neder<br \/>\nFremstillet: i EU<br \/>\nFabrikant: LuxCasa<\/p>\n","protected":false},"excerpt":{"rendered":"<p>M\u00f8d vores flotte Sk\u00e5p Vivante, produceret i EU af top fabrikanten LuxCasa. Dette moderne og stilfulde m\u00f8bel vil helt sikkerhed tilf\u00f8je et dekorativt touch til dit hjem. Sk\u00e5p m\u00e5ler 90x132x42 cm i udvendige dimensioner, hvilket giver det et rummeligt og gener\u00f8st design. Bordets overflade er perfekt til at lave hvad end du \u00f8nsker, om det [&hellip;]<\/p>\n","protected":false},"featured_media":10378,"comment_status":"open","ping_status":"closed","template":"","meta":[],"product_brand":[],"product_cat":[151],"product_tag":[],"class_list":{"0":"post-10379","1":"product","2":"type-product","3":"status-publish","4":"has-post-thumbnail","6":"product_cat-buffets-sideboards","8":"first","9":"instock","10":"shipping-taxable","11":"purchasable","12":"product-type-simple"},"yoast_head":"<!-- This site is optimized with the Yoast SEO plugin v24.8.1 - https:\/\/yoast.com\/wordpress\/plugins\/seo\/ -->\n<title>Hundebord Vivante - LASTCHANCE Deals | Danmark<\/title>\n<meta name=\"robots\" content=\"index, follow, max-snippet:-1, max-image-preview:large, max-video-preview:-1\" \/>\n<link rel=\"canonical\" href=\"https:\/\/last-chance.dk\/?product=hundebord-vivante\" \/>\n<meta property=\"og:locale\" content=\"da_DK\" \/>\n<meta property=\"og:type\" content=\"article\" \/>\n<meta property=\"og:title\" content=\"Hundebord Vivante - LASTCHANCE Deals | Danmark\" \/>\n<meta property=\"og:description\" content=\"M\u00f8d vores flotte Sk\u00e5p Vivante, produceret i EU af top fabrikanten LuxCasa. Dette moderne og stilfulde m\u00f8bel vil helt sikkerhed tilf\u00f8je et dekorativt touch til dit hjem. Sk\u00e5p m\u00e5ler 90x132x42 cm i udvendige dimensioner, hvilket giver det et rummeligt og gener\u00f8st design. Bordets overflade er perfekt til at lave hvad end du \u00f8nsker, om det [&hellip;]\" \/>\n<meta property=\"og:url\" content=\"https:\/\/last-chance.dk\/?product=hundebord-vivante\" \/>\n<meta property=\"og:site_name\" content=\"LASTCHANCE Deals | Danmark\" \/>\n<meta property=\"article:modified_time\" content=\"2025-09-19T17:52:26+00:00\" \/>\n<meta property=\"og:image\" content=\"https:\/\/last-chance.dk\/wp-content\/uploads\/2024\/02\/1_2_25.jpg\" \/>\n\t<meta property=\"og:image:width\" content=\"2000\" \/>\n\t<meta property=\"og:image:height\" content=\"1262\" \/>\n\t<meta property=\"og:image:type\" content=\"image\/jpeg\" \/>\n<meta name=\"twitter:card\" content=\"summary_large_image\" \/>\n<meta name=\"twitter:label1\" content=\"Estimeret l\u00e6setid\" \/>\n\t<meta name=\"twitter:data1\" content=\"1 minut\" \/>\n<script type=\"application\/ld+json\" class=\"yoast-schema-graph\">{\"@context\":\"https:\/\/schema.org\",\"@graph\":[{\"@type\":\"WebPage\",\"@id\":\"https:\/\/last-chance.dk\/?product=hundebord-vivante\",\"url\":\"https:\/\/last-chance.dk\/?product=hundebord-vivante\",\"name\":\"Hundebord Vivante - LASTCHANCE Deals | Danmark\",\"isPartOf\":{\"@id\":\"https:\/\/last-chance.dk\/#website\"},\"primaryImageOfPage\":{\"@id\":\"https:\/\/last-chance.dk\/?product=hundebord-vivante#primaryimage\"},\"image\":{\"@id\":\"https:\/\/last-chance.dk\/?product=hundebord-vivante#primaryimage\"},\"thumbnailUrl\":\"https:\/\/last-chance.dk\/wp-content\/uploads\/2024\/02\/1_2_25.jpg\",\"datePublished\":\"2024-02-02T16:35:07+00:00\",\"dateModified\":\"2025-09-19T17:52:26+00:00\",\"breadcrumb\":{\"@id\":\"https:\/\/last-chance.dk\/?product=hundebord-vivante#breadcrumb\"},\"inLanguage\":\"da-DK\",\"potentialAction\":[{\"@type\":\"ReadAction\",\"target\":[\"https:\/\/last-chance.dk\/?product=hundebord-vivante\"]}]},{\"@type\":\"ImageObject\",\"inLanguage\":\"da-DK\",\"@id\":\"https:\/\/last-chance.dk\/?product=hundebord-vivante#primaryimage\",\"url\":\"https:\/\/last-chance.dk\/wp-content\/uploads\/2024\/02\/1_2_25.jpg\",\"contentUrl\":\"https:\/\/last-chance.dk\/wp-content\/uploads\/2024\/02\/1_2_25.jpg\",\"width\":2000,\"height\":1262},{\"@type\":\"BreadcrumbList\",\"@id\":\"https:\/\/last-chance.dk\/?product=hundebord-vivante#breadcrumb\",\"itemListElement\":[{\"@type\":\"ListItem\",\"position\":1,\"name\":\"Home\",\"item\":\"https:\/\/last-chance.dk\/\"},{\"@type\":\"ListItem\",\"position\":2,\"name\":\"Hundebord Vivante\"}]},{\"@type\":\"WebSite\",\"@id\":\"https:\/\/last-chance.dk\/#website\",\"url\":\"https:\/\/last-chance.dk\/\",\"name\":\"LASTCHANCE Deals | Danmark\",\"description\":\"LASTCHANCE Deals | Danmark\",\"publisher\":{\"@id\":\"https:\/\/last-chance.dk\/#organization\"},\"potentialAction\":[{\"@type\":\"SearchAction\",\"target\":{\"@type\":\"EntryPoint\",\"urlTemplate\":\"https:\/\/last-chance.dk\/?s={search_term_string}\"},\"query-input\":{\"@type\":\"PropertyValueSpecification\",\"valueRequired\":true,\"valueName\":\"search_term_string\"}}],\"inLanguage\":\"da-DK\"},{\"@type\":\"Organization\",\"@id\":\"https:\/\/last-chance.dk\/#organization\",\"name\":\"LASTCHANCE Deals | Danmark\",\"url\":\"https:\/\/last-chance.dk\/\",\"logo\":{\"@type\":\"ImageObject\",\"inLanguage\":\"da-DK\",\"@id\":\"https:\/\/last-chance.dk\/#\/schema\/logo\/image\/\",\"url\":\"https:\/\/last-chance.dk\/wp-content\/uploads\/2023\/10\/lastchancedeals_logo_dk_white.png\",\"contentUrl\":\"https:\/\/last-chance.dk\/wp-content\/uploads\/2023\/10\/lastchancedeals_logo_dk_white.png\",\"width\":470,\"height\":110,\"caption\":\"LASTCHANCE Deals | Danmark\"},\"image\":{\"@id\":\"https:\/\/last-chance.dk\/#\/schema\/logo\/image\/\"}}]}<\/script>\n<!-- \/ Yoast SEO plugin. -->","yoast_head_json":{"title":"Hundebord Vivante - LASTCHANCE Deals | Danmark","robots":{"index":"index","follow":"follow","max-snippet":"max-snippet:-1","max-image-preview":"max-image-preview:large","max-video-preview":"max-video-preview:-1"},"canonical":"https:\/\/last-chance.dk\/?product=hundebord-vivante","og_locale":"da_DK","og_type":"article","og_title":"Hundebord Vivante - LASTCHANCE Deals | Danmark","og_description":"M\u00f8d vores flotte Sk\u00e5p Vivante, produceret i EU af top fabrikanten LuxCasa. Dette moderne og stilfulde m\u00f8bel vil helt sikkerhed tilf\u00f8je et dekorativt touch til dit hjem. Sk\u00e5p m\u00e5ler 90x132x42 cm i udvendige dimensioner, hvilket giver det et rummeligt og gener\u00f8st design. Bordets overflade er perfekt til at lave hvad end du \u00f8nsker, om det [&hellip;]","og_url":"https:\/\/last-chance.dk\/?product=hundebord-vivante","og_site_name":"LASTCHANCE Deals | Danmark","article_modified_time":"2025-09-19T17:52:26+00:00","og_image":[{"width":2000,"height":1262,"url":"https:\/\/last-chance.dk\/wp-content\/uploads\/2024\/02\/1_2_25.jpg","type":"image\/jpeg"}],"twitter_card":"summary_large_image","twitter_misc":{"Estimeret l\u00e6setid":"1 minut"},"schema":{"@context":"https:\/\/schema.org","@graph":[{"@type":"WebPage","@id":"https:\/\/last-chance.dk\/?product=hundebord-vivante","url":"https:\/\/last-chance.dk\/?product=hundebord-vivante","name":"Hundebord Vivante - LASTCHANCE Deals | Danmark","isPartOf":{"@id":"https:\/\/last-chance.dk\/#website"},"primaryImageOfPage":{"@id":"https:\/\/last-chance.dk\/?product=hundebord-vivante#primaryimage"},"image":{"@id":"https:\/\/last-chance.dk\/?product=hundebord-vivante#primaryimage"},"thumbnailUrl":"https:\/\/last-chance.dk\/wp-content\/uploads\/2024\/02\/1_2_25.jpg","datePublished":"2024-02-02T16:35:07+00:00","dateModified":"2025-09-19T17:52:26+00:00","breadcrumb":{"@id":"https:\/\/last-chance.dk\/?product=hundebord-vivante#breadcrumb"},"inLanguage":"da-DK","potentialAction":[{"@type":"ReadAction","target":["https:\/\/last-chance.dk\/?product=hundebord-vivante"]}]},{"@type":"ImageObject","inLanguage":"da-DK","@id":"https:\/\/last-chance.dk\/?product=hundebord-vivante#primaryimage","url":"https:\/\/last-chance.dk\/wp-content\/uploads\/2024\/02\/1_2_25.jpg","contentUrl":"https:\/\/last-chance.dk\/wp-content\/uploads\/2024\/02\/1_2_25.jpg","width":2000,"height":1262},{"@type":"BreadcrumbList","@id":"https:\/\/last-chance.dk\/?product=hundebord-vivante#breadcrumb","itemListElement":[{"@type":"ListItem","position":1,"name":"Home","item":"https:\/\/last-chance.dk\/"},{"@type":"ListItem","position":2,"name":"Hundebord Vivante"}]},{"@type":"WebSite","@id":"https:\/\/last-chance.dk\/#website","url":"https:\/\/last-chance.dk\/","name":"LASTCHANCE Deals | Danmark","description":"LASTCHANCE Deals | Danmark","publisher":{"@id":"https:\/\/last-chance.dk\/#organization"},"potentialAction":[{"@type":"SearchAction","target":{"@type":"EntryPoint","urlTemplate":"https:\/\/last-chance.dk\/?s={search_term_string}"},"query-input":{"@type":"PropertyValueSpecification","valueRequired":true,"valueName":"search_term_string"}}],"inLanguage":"da-DK"},{"@type":"Organization","@id":"https:\/\/last-chance.dk\/#organization","name":"LASTCHANCE Deals | Danmark","url":"https:\/\/last-chance.dk\/","logo":{"@type":"ImageObject","inLanguage":"da-DK","@id":"https:\/\/last-chance.dk\/#\/schema\/logo\/image\/","url":"https:\/\/last-chance.dk\/wp-content\/uploads\/2023\/10\/lastchancedeals_logo_dk_white.png","contentUrl":"https:\/\/last-chance.dk\/wp-content\/uploads\/2023\/10\/lastchancedeals_logo_dk_white.png","width":470,"height":110,"caption":"LASTCHANCE Deals | Danmark"},"image":{"@id":"https:\/\/last-chance.dk\/#\/schema\/logo\/image\/"}}]}},"_links":{"self":[{"href":"https:\/\/last-chance.dk\/index.php?rest_route=\/wp\/v2\/product\/10379","targetHints":{"allow":["GET"]}}],"collection":[{"href":"https:\/\/last-chance.dk\/index.php?rest_route=\/wp\/v2\/product"}],"about":[{"href":"https:\/\/last-chance.dk\/index.php?rest_route=\/wp\/v2\/types\/product"}],"replies":[{"embeddable":true,"href":"https:\/\/last-chance.dk\/index.php?rest_route=%2Fwp%2Fv2%2Fcomments&post=10379"}],"wp:featuredmedia":[{"embeddable":true,"href":"https:\/\/last-chance.dk\/index.php?rest_route=\/wp\/v2\/media\/10378"}],"wp:attachment":[{"href":"https:\/\/last-chance.dk\/index.php?rest_route=%2Fwp%2Fv2%2Fmedia&parent=10379"}],"wp:term":[{"taxonomy":"product_brand","embeddable":true,"href":"https:\/\/last-chance.dk\/index.php?rest_route=%2Fwp%2Fv2%2Fproduct_brand&post=10379"},{"taxonomy":"product_cat","embeddable":true,"href":"https:\/\/last-chance.dk\/index.php?rest_route=%2Fwp%2Fv2%2Fproduct_cat&post=10379"},{"taxonomy":"product_tag","embeddable":true,"href":"https:\/\/last-chance.dk\/index.php?rest_route=%2Fwp%2Fv2%2Fproduct_tag&post=10379"}],"curies":[{"name":"wp","href":"https:\/\/api.w.org\/{rel}","templated":true}]}}