{"id":10384,"date":"2024-02-02T16:35:53","date_gmt":"2024-02-02T16:35:53","guid":{"rendered":"https:\/\/www.lastchance.deals\/dk\/produkt\/hjaelpebord-affinia\/"},"modified":"2025-09-19T17:48:12","modified_gmt":"2025-09-19T17:48:12","slug":"hjaelpebord-affinia","status":"publish","type":"product","link":"https:\/\/last-chance.dk\/?product=hjaelpebord-affinia","title":{"rendered":"Hj\u00e6lpebord Affinia"},"content":{"rendered":"<p>Introduktion til vores l\u00e6kre Sk\u00e5p, eller Hj\u00e6lpebord fra Affinia, h\u00f8fligt pr\u00e6senteret af LuxCasa. Et blikfang for ethvert rum med sin flotte hvide farve. Perfekt til at skabe et moderne og stilrent look i dit hjem.<\/p>\n<p><\/p>\n<p>Dette hj\u00e6lpebord er fra EU, og er kendetegnet ved sin h\u00f8je kvalitet og fine h\u00e5ndv\u00e6rk. Det vil uden tvivl give dit rum et hyggeligt og elegant look. Med udvendige dimensioner p\u00e5 120x140x42 cm, giver det dig rigeligt med plads til at opbevare dine ejendele.<\/p>\n<p><\/p>\n<p>Lad os bem\u00e6rke, at belysning ikke er inkluderet med dette Sk\u00e5p Det giver dig friheden til at v\u00e6lge den lyskilde, der passer bedst til dit behov og stil. Du kan virkelig lege med forskellige belysningsmuligheder for at skabe et unikt udtryk i dit hjem.<\/p>\n<p><\/p>\n<p>Garanti? Ja, selvf\u00f8lgelig! Vi tilbyder fuld 12 m\u00e5neders garanti p\u00e5 vores Sk\u00e5p Hj\u00e6lpebord Vi er overbeviste om, at det er et kvalitetsprodukt, der vil tjene dig godt og holder l\u00e6nge.<\/p>\n<p><\/p>\n<p>V\u00e6r opm\u00e6rksom p\u00e5, at dette Sk\u00e5p skal samles ved modtagelse. Men det er uden tvivl en nem og berigende oplevelse at s\u00e6tte dette smukke stykke m\u00f8bel sammen.<\/p>\n<p><\/p>\n<p>V\u00e6r den f\u00f8rste til at eje dette fantastiske Sk\u00e5p fra Affinia. Bestil dit nu!<\/p>\n<p><\/p>\n<p>Leveringstid: Leveringstid 1-2 uger<br \/>\nFarve: hvid<br \/>\nBelysning: ikke inkluderet<br \/>\nUdvendige dimensioner: 120x140x42 cm<br \/>\nMontage: skal samles<br \/>\nGaranti: 12 m\u00e5neder<br \/>\nFremstillet: i EU<br \/>\nFabrikant: LuxCasa<\/p>\n","protected":false},"excerpt":{"rendered":"<p>Introduktion til vores l\u00e6kre Sk\u00e5p, eller Hj\u00e6lpebord fra Affinia, h\u00f8fligt pr\u00e6senteret af LuxCasa. Et blikfang for ethvert rum med sin flotte hvide farve. Perfekt til at skabe et moderne og stilrent look i dit hjem. Dette hj\u00e6lpebord er fra EU, og er kendetegnet ved sin h\u00f8je kvalitet og fine h\u00e5ndv\u00e6rk. Det vil uden tvivl give [&hellip;]<\/p>\n","protected":false},"featured_media":10383,"comment_status":"open","ping_status":"closed","template":"","meta":[],"product_brand":[],"product_cat":[151],"product_tag":[],"class_list":{"0":"post-10384","1":"product","2":"type-product","3":"status-publish","4":"has-post-thumbnail","6":"product_cat-buffets-sideboards","8":"first","9":"instock","10":"shipping-taxable","11":"purchasable","12":"product-type-simple"},"yoast_head":"<!-- This site is optimized with the Yoast SEO plugin v24.8.1 - https:\/\/yoast.com\/wordpress\/plugins\/seo\/ -->\n<title>Hj\u00e6lpebord Affinia - LASTCHANCE Deals | Danmark<\/title>\n<meta name=\"robots\" content=\"index, follow, max-snippet:-1, max-image-preview:large, max-video-preview:-1\" \/>\n<link rel=\"canonical\" href=\"https:\/\/last-chance.dk\/?product=hjaelpebord-affinia\" \/>\n<meta property=\"og:locale\" content=\"da_DK\" \/>\n<meta property=\"og:type\" content=\"article\" \/>\n<meta property=\"og:title\" content=\"Hj\u00e6lpebord Affinia - LASTCHANCE Deals | Danmark\" \/>\n<meta property=\"og:description\" content=\"Introduktion til vores l\u00e6kre Sk\u00e5p, eller Hj\u00e6lpebord fra Affinia, h\u00f8fligt pr\u00e6senteret af LuxCasa. Et blikfang for ethvert rum med sin flotte hvide farve. Perfekt til at skabe et moderne og stilrent look i dit hjem. Dette hj\u00e6lpebord er fra EU, og er kendetegnet ved sin h\u00f8je kvalitet og fine h\u00e5ndv\u00e6rk. Det vil uden tvivl give [&hellip;]\" \/>\n<meta property=\"og:url\" content=\"https:\/\/last-chance.dk\/?product=hjaelpebord-affinia\" \/>\n<meta property=\"og:site_name\" content=\"LASTCHANCE Deals | Danmark\" \/>\n<meta property=\"article:modified_time\" content=\"2025-09-19T17:48:12+00:00\" \/>\n<meta property=\"og:image\" content=\"https:\/\/last-chance.dk\/wp-content\/uploads\/2024\/02\/1_2_7-scaled.jpg\" \/>\n\t<meta property=\"og:image:width\" content=\"2560\" \/>\n\t<meta property=\"og:image:height\" content=\"1782\" \/>\n\t<meta property=\"og:image:type\" content=\"image\/jpeg\" \/>\n<meta name=\"twitter:card\" content=\"summary_large_image\" \/>\n<meta name=\"twitter:label1\" content=\"Estimeret l\u00e6setid\" \/>\n\t<meta name=\"twitter:data1\" content=\"1 minut\" \/>\n<script type=\"application\/ld+json\" class=\"yoast-schema-graph\">{\"@context\":\"https:\/\/schema.org\",\"@graph\":[{\"@type\":\"WebPage\",\"@id\":\"https:\/\/last-chance.dk\/?product=hjaelpebord-affinia\",\"url\":\"https:\/\/last-chance.dk\/?product=hjaelpebord-affinia\",\"name\":\"Hj\u00e6lpebord Affinia - LASTCHANCE Deals | Danmark\",\"isPartOf\":{\"@id\":\"https:\/\/last-chance.dk\/#website\"},\"primaryImageOfPage\":{\"@id\":\"https:\/\/last-chance.dk\/?product=hjaelpebord-affinia#primaryimage\"},\"image\":{\"@id\":\"https:\/\/last-chance.dk\/?product=hjaelpebord-affinia#primaryimage\"},\"thumbnailUrl\":\"https:\/\/last-chance.dk\/wp-content\/uploads\/2024\/02\/1_2_7-scaled.jpg\",\"datePublished\":\"2024-02-02T16:35:53+00:00\",\"dateModified\":\"2025-09-19T17:48:12+00:00\",\"breadcrumb\":{\"@id\":\"https:\/\/last-chance.dk\/?product=hjaelpebord-affinia#breadcrumb\"},\"inLanguage\":\"da-DK\",\"potentialAction\":[{\"@type\":\"ReadAction\",\"target\":[\"https:\/\/last-chance.dk\/?product=hjaelpebord-affinia\"]}]},{\"@type\":\"ImageObject\",\"inLanguage\":\"da-DK\",\"@id\":\"https:\/\/last-chance.dk\/?product=hjaelpebord-affinia#primaryimage\",\"url\":\"https:\/\/last-chance.dk\/wp-content\/uploads\/2024\/02\/1_2_7-scaled.jpg\",\"contentUrl\":\"https:\/\/last-chance.dk\/wp-content\/uploads\/2024\/02\/1_2_7-scaled.jpg\",\"width\":2560,\"height\":1782},{\"@type\":\"BreadcrumbList\",\"@id\":\"https:\/\/last-chance.dk\/?product=hjaelpebord-affinia#breadcrumb\",\"itemListElement\":[{\"@type\":\"ListItem\",\"position\":1,\"name\":\"Home\",\"item\":\"https:\/\/last-chance.dk\/\"},{\"@type\":\"ListItem\",\"position\":2,\"name\":\"Hj\u00e6lpebord Affinia\"}]},{\"@type\":\"WebSite\",\"@id\":\"https:\/\/last-chance.dk\/#website\",\"url\":\"https:\/\/last-chance.dk\/\",\"name\":\"LASTCHANCE Deals | Danmark\",\"description\":\"LASTCHANCE Deals | Danmark\",\"publisher\":{\"@id\":\"https:\/\/last-chance.dk\/#organization\"},\"potentialAction\":[{\"@type\":\"SearchAction\",\"target\":{\"@type\":\"EntryPoint\",\"urlTemplate\":\"https:\/\/last-chance.dk\/?s={search_term_string}\"},\"query-input\":{\"@type\":\"PropertyValueSpecification\",\"valueRequired\":true,\"valueName\":\"search_term_string\"}}],\"inLanguage\":\"da-DK\"},{\"@type\":\"Organization\",\"@id\":\"https:\/\/last-chance.dk\/#organization\",\"name\":\"LASTCHANCE Deals | Danmark\",\"url\":\"https:\/\/last-chance.dk\/\",\"logo\":{\"@type\":\"ImageObject\",\"inLanguage\":\"da-DK\",\"@id\":\"https:\/\/last-chance.dk\/#\/schema\/logo\/image\/\",\"url\":\"https:\/\/last-chance.dk\/wp-content\/uploads\/2023\/10\/lastchancedeals_logo_dk_white.png\",\"contentUrl\":\"https:\/\/last-chance.dk\/wp-content\/uploads\/2023\/10\/lastchancedeals_logo_dk_white.png\",\"width\":470,\"height\":110,\"caption\":\"LASTCHANCE Deals | Danmark\"},\"image\":{\"@id\":\"https:\/\/last-chance.dk\/#\/schema\/logo\/image\/\"}}]}<\/script>\n<!-- \/ Yoast SEO plugin. -->","yoast_head_json":{"title":"Hj\u00e6lpebord Affinia - LASTCHANCE Deals | Danmark","robots":{"index":"index","follow":"follow","max-snippet":"max-snippet:-1","max-image-preview":"max-image-preview:large","max-video-preview":"max-video-preview:-1"},"canonical":"https:\/\/last-chance.dk\/?product=hjaelpebord-affinia","og_locale":"da_DK","og_type":"article","og_title":"Hj\u00e6lpebord Affinia - LASTCHANCE Deals | Danmark","og_description":"Introduktion til vores l\u00e6kre Sk\u00e5p, eller Hj\u00e6lpebord fra Affinia, h\u00f8fligt pr\u00e6senteret af LuxCasa. Et blikfang for ethvert rum med sin flotte hvide farve. Perfekt til at skabe et moderne og stilrent look i dit hjem. Dette hj\u00e6lpebord er fra EU, og er kendetegnet ved sin h\u00f8je kvalitet og fine h\u00e5ndv\u00e6rk. Det vil uden tvivl give [&hellip;]","og_url":"https:\/\/last-chance.dk\/?product=hjaelpebord-affinia","og_site_name":"LASTCHANCE Deals | Danmark","article_modified_time":"2025-09-19T17:48:12+00:00","og_image":[{"width":2560,"height":1782,"url":"https:\/\/last-chance.dk\/wp-content\/uploads\/2024\/02\/1_2_7-scaled.jpg","type":"image\/jpeg"}],"twitter_card":"summary_large_image","twitter_misc":{"Estimeret l\u00e6setid":"1 minut"},"schema":{"@context":"https:\/\/schema.org","@graph":[{"@type":"WebPage","@id":"https:\/\/last-chance.dk\/?product=hjaelpebord-affinia","url":"https:\/\/last-chance.dk\/?product=hjaelpebord-affinia","name":"Hj\u00e6lpebord Affinia - LASTCHANCE Deals | Danmark","isPartOf":{"@id":"https:\/\/last-chance.dk\/#website"},"primaryImageOfPage":{"@id":"https:\/\/last-chance.dk\/?product=hjaelpebord-affinia#primaryimage"},"image":{"@id":"https:\/\/last-chance.dk\/?product=hjaelpebord-affinia#primaryimage"},"thumbnailUrl":"https:\/\/last-chance.dk\/wp-content\/uploads\/2024\/02\/1_2_7-scaled.jpg","datePublished":"2024-02-02T16:35:53+00:00","dateModified":"2025-09-19T17:48:12+00:00","breadcrumb":{"@id":"https:\/\/last-chance.dk\/?product=hjaelpebord-affinia#breadcrumb"},"inLanguage":"da-DK","potentialAction":[{"@type":"ReadAction","target":["https:\/\/last-chance.dk\/?product=hjaelpebord-affinia"]}]},{"@type":"ImageObject","inLanguage":"da-DK","@id":"https:\/\/last-chance.dk\/?product=hjaelpebord-affinia#primaryimage","url":"https:\/\/last-chance.dk\/wp-content\/uploads\/2024\/02\/1_2_7-scaled.jpg","contentUrl":"https:\/\/last-chance.dk\/wp-content\/uploads\/2024\/02\/1_2_7-scaled.jpg","width":2560,"height":1782},{"@type":"BreadcrumbList","@id":"https:\/\/last-chance.dk\/?product=hjaelpebord-affinia#breadcrumb","itemListElement":[{"@type":"ListItem","position":1,"name":"Home","item":"https:\/\/last-chance.dk\/"},{"@type":"ListItem","position":2,"name":"Hj\u00e6lpebord Affinia"}]},{"@type":"WebSite","@id":"https:\/\/last-chance.dk\/#website","url":"https:\/\/last-chance.dk\/","name":"LASTCHANCE Deals | Danmark","description":"LASTCHANCE Deals | Danmark","publisher":{"@id":"https:\/\/last-chance.dk\/#organization"},"potentialAction":[{"@type":"SearchAction","target":{"@type":"EntryPoint","urlTemplate":"https:\/\/last-chance.dk\/?s={search_term_string}"},"query-input":{"@type":"PropertyValueSpecification","valueRequired":true,"valueName":"search_term_string"}}],"inLanguage":"da-DK"},{"@type":"Organization","@id":"https:\/\/last-chance.dk\/#organization","name":"LASTCHANCE Deals | Danmark","url":"https:\/\/last-chance.dk\/","logo":{"@type":"ImageObject","inLanguage":"da-DK","@id":"https:\/\/last-chance.dk\/#\/schema\/logo\/image\/","url":"https:\/\/last-chance.dk\/wp-content\/uploads\/2023\/10\/lastchancedeals_logo_dk_white.png","contentUrl":"https:\/\/last-chance.dk\/wp-content\/uploads\/2023\/10\/lastchancedeals_logo_dk_white.png","width":470,"height":110,"caption":"LASTCHANCE Deals | Danmark"},"image":{"@id":"https:\/\/last-chance.dk\/#\/schema\/logo\/image\/"}}]}},"_links":{"self":[{"href":"https:\/\/last-chance.dk\/index.php?rest_route=\/wp\/v2\/product\/10384","targetHints":{"allow":["GET"]}}],"collection":[{"href":"https:\/\/last-chance.dk\/index.php?rest_route=\/wp\/v2\/product"}],"about":[{"href":"https:\/\/last-chance.dk\/index.php?rest_route=\/wp\/v2\/types\/product"}],"replies":[{"embeddable":true,"href":"https:\/\/last-chance.dk\/index.php?rest_route=%2Fwp%2Fv2%2Fcomments&post=10384"}],"wp:featuredmedia":[{"embeddable":true,"href":"https:\/\/last-chance.dk\/index.php?rest_route=\/wp\/v2\/media\/10383"}],"wp:attachment":[{"href":"https:\/\/last-chance.dk\/index.php?rest_route=%2Fwp%2Fv2%2Fmedia&parent=10384"}],"wp:term":[{"taxonomy":"product_brand","embeddable":true,"href":"https:\/\/last-chance.dk\/index.php?rest_route=%2Fwp%2Fv2%2Fproduct_brand&post=10384"},{"taxonomy":"product_cat","embeddable":true,"href":"https:\/\/last-chance.dk\/index.php?rest_route=%2Fwp%2Fv2%2Fproduct_cat&post=10384"},{"taxonomy":"product_tag","embeddable":true,"href":"https:\/\/last-chance.dk\/index.php?rest_route=%2Fwp%2Fv2%2Fproduct_tag&post=10384"}],"curies":[{"name":"wp","href":"https:\/\/api.w.org\/{rel}","templated":true}]}}