{"id":10386,"date":"2024-02-02T16:36:10","date_gmt":"2024-02-02T16:36:10","guid":{"rendered":"https:\/\/www.lastchance.deals\/dk\/produkt\/sidebord-opulenza\/"},"modified":"2025-09-19T18:28:28","modified_gmt":"2025-09-19T18:28:28","slug":"sidebord-opulenza","status":"publish","type":"product","link":"https:\/\/last-chance.dk\/?product=sidebord-opulenza","title":{"rendered":"Sidebord Opulenza"},"content":{"rendered":"<p><strong>Sk\u00e6nk Opulenza<\/strong> er et eksklusivt m\u00f8bel, der er designet og produceret i EU af den anerkendte fabrikant LuxCasa. Med dets udvendige m\u00e5l p\u00e5 140x82x42 cm vil dette sidebord passe perfekt ind i dit hjem, uanset om du plads til det i din stue, spisestue, eller sovev\u00e6relse.<\/p>\n<p><\/p>\n<p>Sk\u00e6nk er lavet i en h\u00f8j kvalitet, der understreges af den medf\u00f8lgende garanti p\u00e5 fulde 12 m\u00e5neder. N\u00e5r du k\u00f8ber dette sidebord, kan du v\u00e6re sikker p\u00e5 at f\u00e5 en robust og holdbar l\u00f8sning, der vil holde til mange \u00e5rs brug.<\/p>\n<p><\/p>\n<p>Opulenza Sk\u00e6nk kommer usamlet, hvilket giver dig mulighed for at s\u00e6tte dit personlige pr\u00e6g p\u00e5 montageprocessen. Bem\u00e6rk venligst, at det kr\u00e6ver samling ved ankomst, og at belysning ikke er inkluderet i k\u00f8bet.<\/p>\n<p><\/p>\n<p>Opgrader dit hjem med Sk\u00e6nk Opulenza &#8211; et stilsikkert valg til den moderne bolig. Bem\u00e6rk venligst, leveringstid er typisk 1-2 uger.<\/p>\n<p><\/p>\n<p>Leveringstid: Leveringstid 1-2 uger<br \/>\nFarve: ikke angivet<br \/>\nBelysning: ikke inkluderet<br \/>\nUdvendige dimensioner: 140x82x42 cm<br \/>\nMontage: skal samles<br \/>\nGaranti: 12 m\u00e5neder<br \/>\nFremstillet: i EU<br \/>\nFabrikant: LuxCasa<\/p>\n","protected":false},"excerpt":{"rendered":"<p>Sk\u00e6nk Opulenza er et eksklusivt m\u00f8bel, der er designet og produceret i EU af den anerkendte fabrikant LuxCasa. Med dets udvendige m\u00e5l p\u00e5 140x82x42 cm vil dette sidebord passe perfekt ind i dit hjem, uanset om du plads til det i din stue, spisestue, eller sovev\u00e6relse. Sk\u00e6nk er lavet i en h\u00f8j kvalitet, der understreges [&hellip;]<\/p>\n","protected":false},"featured_media":10385,"comment_status":"open","ping_status":"closed","template":"","meta":[],"product_brand":[],"product_cat":[151],"product_tag":[],"class_list":{"0":"post-10386","1":"product","2":"type-product","3":"status-publish","4":"has-post-thumbnail","6":"product_cat-buffets-sideboards","8":"first","9":"instock","10":"shipping-taxable","11":"purchasable","12":"product-type-simple"},"yoast_head":"<!-- This site is optimized with the Yoast SEO plugin v24.8.1 - https:\/\/yoast.com\/wordpress\/plugins\/seo\/ -->\n<title>Sidebord Opulenza - LASTCHANCE Deals | Danmark<\/title>\n<meta name=\"robots\" content=\"index, follow, max-snippet:-1, max-image-preview:large, max-video-preview:-1\" \/>\n<link rel=\"canonical\" href=\"https:\/\/last-chance.dk\/?product=sidebord-opulenza\" \/>\n<meta property=\"og:locale\" content=\"da_DK\" \/>\n<meta property=\"og:type\" content=\"article\" \/>\n<meta property=\"og:title\" content=\"Sidebord Opulenza - LASTCHANCE Deals | Danmark\" \/>\n<meta property=\"og:description\" content=\"Sk\u00e6nk Opulenza er et eksklusivt m\u00f8bel, der er designet og produceret i EU af den anerkendte fabrikant LuxCasa. Med dets udvendige m\u00e5l p\u00e5 140x82x42 cm vil dette sidebord passe perfekt ind i dit hjem, uanset om du plads til det i din stue, spisestue, eller sovev\u00e6relse. Sk\u00e6nk er lavet i en h\u00f8j kvalitet, der understreges [&hellip;]\" \/>\n<meta property=\"og:url\" content=\"https:\/\/last-chance.dk\/?product=sidebord-opulenza\" \/>\n<meta property=\"og:site_name\" content=\"LASTCHANCE Deals | Danmark\" \/>\n<meta property=\"article:modified_time\" content=\"2025-09-19T18:28:28+00:00\" \/>\n<meta property=\"og:image\" content=\"https:\/\/last-chance.dk\/wp-content\/uploads\/2024\/02\/1_2_33.jpg\" \/>\n\t<meta property=\"og:image:width\" content=\"2000\" \/>\n\t<meta property=\"og:image:height\" content=\"1262\" \/>\n\t<meta property=\"og:image:type\" content=\"image\/jpeg\" \/>\n<meta name=\"twitter:card\" content=\"summary_large_image\" \/>\n<meta name=\"twitter:label1\" content=\"Estimeret l\u00e6setid\" \/>\n\t<meta name=\"twitter:data1\" content=\"1 minut\" \/>\n<script type=\"application\/ld+json\" class=\"yoast-schema-graph\">{\"@context\":\"https:\/\/schema.org\",\"@graph\":[{\"@type\":\"WebPage\",\"@id\":\"https:\/\/last-chance.dk\/?product=sidebord-opulenza\",\"url\":\"https:\/\/last-chance.dk\/?product=sidebord-opulenza\",\"name\":\"Sidebord Opulenza - LASTCHANCE Deals | Danmark\",\"isPartOf\":{\"@id\":\"https:\/\/last-chance.dk\/#website\"},\"primaryImageOfPage\":{\"@id\":\"https:\/\/last-chance.dk\/?product=sidebord-opulenza#primaryimage\"},\"image\":{\"@id\":\"https:\/\/last-chance.dk\/?product=sidebord-opulenza#primaryimage\"},\"thumbnailUrl\":\"https:\/\/last-chance.dk\/wp-content\/uploads\/2024\/02\/1_2_33.jpg\",\"datePublished\":\"2024-02-02T16:36:10+00:00\",\"dateModified\":\"2025-09-19T18:28:28+00:00\",\"breadcrumb\":{\"@id\":\"https:\/\/last-chance.dk\/?product=sidebord-opulenza#breadcrumb\"},\"inLanguage\":\"da-DK\",\"potentialAction\":[{\"@type\":\"ReadAction\",\"target\":[\"https:\/\/last-chance.dk\/?product=sidebord-opulenza\"]}]},{\"@type\":\"ImageObject\",\"inLanguage\":\"da-DK\",\"@id\":\"https:\/\/last-chance.dk\/?product=sidebord-opulenza#primaryimage\",\"url\":\"https:\/\/last-chance.dk\/wp-content\/uploads\/2024\/02\/1_2_33.jpg\",\"contentUrl\":\"https:\/\/last-chance.dk\/wp-content\/uploads\/2024\/02\/1_2_33.jpg\",\"width\":2000,\"height\":1262},{\"@type\":\"BreadcrumbList\",\"@id\":\"https:\/\/last-chance.dk\/?product=sidebord-opulenza#breadcrumb\",\"itemListElement\":[{\"@type\":\"ListItem\",\"position\":1,\"name\":\"Home\",\"item\":\"https:\/\/last-chance.dk\/\"},{\"@type\":\"ListItem\",\"position\":2,\"name\":\"Sidebord Opulenza\"}]},{\"@type\":\"WebSite\",\"@id\":\"https:\/\/last-chance.dk\/#website\",\"url\":\"https:\/\/last-chance.dk\/\",\"name\":\"LASTCHANCE Deals | Danmark\",\"description\":\"LASTCHANCE Deals | Danmark\",\"publisher\":{\"@id\":\"https:\/\/last-chance.dk\/#organization\"},\"potentialAction\":[{\"@type\":\"SearchAction\",\"target\":{\"@type\":\"EntryPoint\",\"urlTemplate\":\"https:\/\/last-chance.dk\/?s={search_term_string}\"},\"query-input\":{\"@type\":\"PropertyValueSpecification\",\"valueRequired\":true,\"valueName\":\"search_term_string\"}}],\"inLanguage\":\"da-DK\"},{\"@type\":\"Organization\",\"@id\":\"https:\/\/last-chance.dk\/#organization\",\"name\":\"LASTCHANCE Deals | Danmark\",\"url\":\"https:\/\/last-chance.dk\/\",\"logo\":{\"@type\":\"ImageObject\",\"inLanguage\":\"da-DK\",\"@id\":\"https:\/\/last-chance.dk\/#\/schema\/logo\/image\/\",\"url\":\"https:\/\/last-chance.dk\/wp-content\/uploads\/2023\/10\/lastchancedeals_logo_dk_white.png\",\"contentUrl\":\"https:\/\/last-chance.dk\/wp-content\/uploads\/2023\/10\/lastchancedeals_logo_dk_white.png\",\"width\":470,\"height\":110,\"caption\":\"LASTCHANCE Deals | Danmark\"},\"image\":{\"@id\":\"https:\/\/last-chance.dk\/#\/schema\/logo\/image\/\"}}]}<\/script>\n<!-- \/ Yoast SEO plugin. -->","yoast_head_json":{"title":"Sidebord Opulenza - LASTCHANCE Deals | Danmark","robots":{"index":"index","follow":"follow","max-snippet":"max-snippet:-1","max-image-preview":"max-image-preview:large","max-video-preview":"max-video-preview:-1"},"canonical":"https:\/\/last-chance.dk\/?product=sidebord-opulenza","og_locale":"da_DK","og_type":"article","og_title":"Sidebord Opulenza - LASTCHANCE Deals | Danmark","og_description":"Sk\u00e6nk Opulenza er et eksklusivt m\u00f8bel, der er designet og produceret i EU af den anerkendte fabrikant LuxCasa. Med dets udvendige m\u00e5l p\u00e5 140x82x42 cm vil dette sidebord passe perfekt ind i dit hjem, uanset om du plads til det i din stue, spisestue, eller sovev\u00e6relse. Sk\u00e6nk er lavet i en h\u00f8j kvalitet, der understreges [&hellip;]","og_url":"https:\/\/last-chance.dk\/?product=sidebord-opulenza","og_site_name":"LASTCHANCE Deals | Danmark","article_modified_time":"2025-09-19T18:28:28+00:00","og_image":[{"width":2000,"height":1262,"url":"https:\/\/last-chance.dk\/wp-content\/uploads\/2024\/02\/1_2_33.jpg","type":"image\/jpeg"}],"twitter_card":"summary_large_image","twitter_misc":{"Estimeret l\u00e6setid":"1 minut"},"schema":{"@context":"https:\/\/schema.org","@graph":[{"@type":"WebPage","@id":"https:\/\/last-chance.dk\/?product=sidebord-opulenza","url":"https:\/\/last-chance.dk\/?product=sidebord-opulenza","name":"Sidebord Opulenza - LASTCHANCE Deals | Danmark","isPartOf":{"@id":"https:\/\/last-chance.dk\/#website"},"primaryImageOfPage":{"@id":"https:\/\/last-chance.dk\/?product=sidebord-opulenza#primaryimage"},"image":{"@id":"https:\/\/last-chance.dk\/?product=sidebord-opulenza#primaryimage"},"thumbnailUrl":"https:\/\/last-chance.dk\/wp-content\/uploads\/2024\/02\/1_2_33.jpg","datePublished":"2024-02-02T16:36:10+00:00","dateModified":"2025-09-19T18:28:28+00:00","breadcrumb":{"@id":"https:\/\/last-chance.dk\/?product=sidebord-opulenza#breadcrumb"},"inLanguage":"da-DK","potentialAction":[{"@type":"ReadAction","target":["https:\/\/last-chance.dk\/?product=sidebord-opulenza"]}]},{"@type":"ImageObject","inLanguage":"da-DK","@id":"https:\/\/last-chance.dk\/?product=sidebord-opulenza#primaryimage","url":"https:\/\/last-chance.dk\/wp-content\/uploads\/2024\/02\/1_2_33.jpg","contentUrl":"https:\/\/last-chance.dk\/wp-content\/uploads\/2024\/02\/1_2_33.jpg","width":2000,"height":1262},{"@type":"BreadcrumbList","@id":"https:\/\/last-chance.dk\/?product=sidebord-opulenza#breadcrumb","itemListElement":[{"@type":"ListItem","position":1,"name":"Home","item":"https:\/\/last-chance.dk\/"},{"@type":"ListItem","position":2,"name":"Sidebord Opulenza"}]},{"@type":"WebSite","@id":"https:\/\/last-chance.dk\/#website","url":"https:\/\/last-chance.dk\/","name":"LASTCHANCE Deals | Danmark","description":"LASTCHANCE Deals | Danmark","publisher":{"@id":"https:\/\/last-chance.dk\/#organization"},"potentialAction":[{"@type":"SearchAction","target":{"@type":"EntryPoint","urlTemplate":"https:\/\/last-chance.dk\/?s={search_term_string}"},"query-input":{"@type":"PropertyValueSpecification","valueRequired":true,"valueName":"search_term_string"}}],"inLanguage":"da-DK"},{"@type":"Organization","@id":"https:\/\/last-chance.dk\/#organization","name":"LASTCHANCE Deals | Danmark","url":"https:\/\/last-chance.dk\/","logo":{"@type":"ImageObject","inLanguage":"da-DK","@id":"https:\/\/last-chance.dk\/#\/schema\/logo\/image\/","url":"https:\/\/last-chance.dk\/wp-content\/uploads\/2023\/10\/lastchancedeals_logo_dk_white.png","contentUrl":"https:\/\/last-chance.dk\/wp-content\/uploads\/2023\/10\/lastchancedeals_logo_dk_white.png","width":470,"height":110,"caption":"LASTCHANCE Deals | Danmark"},"image":{"@id":"https:\/\/last-chance.dk\/#\/schema\/logo\/image\/"}}]}},"_links":{"self":[{"href":"https:\/\/last-chance.dk\/index.php?rest_route=\/wp\/v2\/product\/10386","targetHints":{"allow":["GET"]}}],"collection":[{"href":"https:\/\/last-chance.dk\/index.php?rest_route=\/wp\/v2\/product"}],"about":[{"href":"https:\/\/last-chance.dk\/index.php?rest_route=\/wp\/v2\/types\/product"}],"replies":[{"embeddable":true,"href":"https:\/\/last-chance.dk\/index.php?rest_route=%2Fwp%2Fv2%2Fcomments&post=10386"}],"wp:featuredmedia":[{"embeddable":true,"href":"https:\/\/last-chance.dk\/index.php?rest_route=\/wp\/v2\/media\/10385"}],"wp:attachment":[{"href":"https:\/\/last-chance.dk\/index.php?rest_route=%2Fwp%2Fv2%2Fmedia&parent=10386"}],"wp:term":[{"taxonomy":"product_brand","embeddable":true,"href":"https:\/\/last-chance.dk\/index.php?rest_route=%2Fwp%2Fv2%2Fproduct_brand&post=10386"},{"taxonomy":"product_cat","embeddable":true,"href":"https:\/\/last-chance.dk\/index.php?rest_route=%2Fwp%2Fv2%2Fproduct_cat&post=10386"},{"taxonomy":"product_tag","embeddable":true,"href":"https:\/\/last-chance.dk\/index.php?rest_route=%2Fwp%2Fv2%2Fproduct_tag&post=10386"}],"curies":[{"name":"wp","href":"https:\/\/api.w.org\/{rel}","templated":true}]}}