{"id":10397,"date":"2024-02-02T16:37:56","date_gmt":"2024-02-02T16:37:56","guid":{"rendered":"https:\/\/www.lastchance.deals\/dk\/produkt\/tv-bord-elysee\/"},"modified":"2025-09-19T18:54:18","modified_gmt":"2025-09-19T18:54:18","slug":"tv-bord-elysee","status":"publish","type":"product","link":"https:\/\/last-chance.dk\/?product=tv-bord-elysee","title":{"rendered":"TV-bord Elysee"},"content":{"rendered":"<p>Dette TV-bord &#8218;Elysee&#8219; er produceret af LuxCasa, en velaneset fabrikant i EU. Kendt for deres sans for stil og deres kvalitetskonstruktion, f\u00e5r du et m\u00f8bel, der passer godt ind i ethvert moderne hjem.<\/p>\n<p><\/p>\n<p>Det smukke bord er udf\u00f8rt i en klassisk sort farve, der let passer ind i ethvert farveskema. Det har ogs\u00e5 nogle gener\u00f8se dimensioner p\u00e5 100x35x46 cm, hvilket giver plads til b\u00e5de tv og tilbeh\u00f8r. Bem\u00e6rk, at belysning ikke er inkluderet i dette produkt. <\/p>\n<p><\/p>\n<p>Dette tv-bord leveres uassembleret, s\u00e5 en smule montage er n\u00f8dvendig. Men rolig, det kommer med tydelige instruktioner for at sikre en nem og hurtig samling. <\/p>\n<p><\/p>\n<p>V\u00e6rdi er vigtig, s\u00e5 dette luksuri\u00f8se tv-bord kommer ogs\u00e5 med en 12-m\u00e5neders garanti. Dette sikrer mod eventuelle fabrikationsfejl, s\u00e5 du kan k\u00f8be med tillid, vidende om, at dit k\u00f8b er beskyttet. <\/p>\n<p><\/p>\n<p>Lav et st\u00e6rkt designudtalelse i dit hjem med Elysee TV-bordet. Det er et stykke, der ikke bare er funktionelt, men ogs\u00e5 utroligt stilfuldt.<\/p>\n<p><\/p>\n<p>Leveringstid: Leveringstid 1-2 uger<br \/>\nFarve: sort<br \/>\nBelysning: ikke inkluderet<br \/>\nUdvendige dimensioner: 100x35x46 cm<br \/>\nMontage: skal samles<br \/>\nGaranti: 12 m\u00e5neder<br \/>\nFremstillet: i EU<br \/>\nFabrikant: LuxCasa<\/p>\n","protected":false},"excerpt":{"rendered":"<p>Dette TV-bord &#8218;Elysee&#8219; er produceret af LuxCasa, en velaneset fabrikant i EU. Kendt for deres sans for stil og deres kvalitetskonstruktion, f\u00e5r du et m\u00f8bel, der passer godt ind i ethvert moderne hjem. Det smukke bord er udf\u00f8rt i en klassisk sort farve, der let passer ind i ethvert farveskema. Det har ogs\u00e5 nogle gener\u00f8se [&hellip;]<\/p>\n","protected":false},"featured_media":10396,"comment_status":"open","ping_status":"closed","template":"","meta":[],"product_brand":[],"product_cat":[152],"product_tag":[],"class_list":{"0":"post-10397","1":"product","2":"type-product","3":"status-publish","4":"has-post-thumbnail","6":"product_cat-tv-stands","8":"first","9":"instock","10":"shipping-taxable","11":"purchasable","12":"product-type-simple"},"yoast_head":"<!-- This site is optimized with the Yoast SEO plugin v24.8.1 - https:\/\/yoast.com\/wordpress\/plugins\/seo\/ -->\n<title>TV-bord Elysee - LASTCHANCE Deals | Danmark<\/title>\n<meta name=\"robots\" content=\"index, follow, max-snippet:-1, max-image-preview:large, max-video-preview:-1\" \/>\n<link rel=\"canonical\" href=\"https:\/\/last-chance.dk\/?product=tv-bord-elysee\" \/>\n<meta property=\"og:locale\" content=\"da_DK\" \/>\n<meta property=\"og:type\" content=\"article\" \/>\n<meta property=\"og:title\" content=\"TV-bord Elysee - LASTCHANCE Deals | Danmark\" \/>\n<meta property=\"og:description\" content=\"Dette TV-bord &#8218;Elysee&#8219; er produceret af LuxCasa, en velaneset fabrikant i EU. Kendt for deres sans for stil og deres kvalitetskonstruktion, f\u00e5r du et m\u00f8bel, der passer godt ind i ethvert moderne hjem. Det smukke bord er udf\u00f8rt i en klassisk sort farve, der let passer ind i ethvert farveskema. Det har ogs\u00e5 nogle gener\u00f8se [&hellip;]\" \/>\n<meta property=\"og:url\" content=\"https:\/\/last-chance.dk\/?product=tv-bord-elysee\" \/>\n<meta property=\"og:site_name\" content=\"LASTCHANCE Deals | Danmark\" \/>\n<meta property=\"article:modified_time\" content=\"2025-09-19T18:54:18+00:00\" \/>\n<meta property=\"og:image\" content=\"https:\/\/last-chance.dk\/wp-content\/uploads\/2024\/02\/1_2_15-scaled.jpg\" \/>\n\t<meta property=\"og:image:width\" content=\"2560\" \/>\n\t<meta property=\"og:image:height\" content=\"1909\" \/>\n\t<meta property=\"og:image:type\" content=\"image\/jpeg\" \/>\n<meta name=\"twitter:card\" content=\"summary_large_image\" \/>\n<meta name=\"twitter:label1\" content=\"Estimeret l\u00e6setid\" \/>\n\t<meta name=\"twitter:data1\" content=\"1 minut\" \/>\n<script type=\"application\/ld+json\" class=\"yoast-schema-graph\">{\"@context\":\"https:\/\/schema.org\",\"@graph\":[{\"@type\":\"WebPage\",\"@id\":\"https:\/\/last-chance.dk\/?product=tv-bord-elysee\",\"url\":\"https:\/\/last-chance.dk\/?product=tv-bord-elysee\",\"name\":\"TV-bord Elysee - LASTCHANCE Deals | Danmark\",\"isPartOf\":{\"@id\":\"https:\/\/last-chance.dk\/#website\"},\"primaryImageOfPage\":{\"@id\":\"https:\/\/last-chance.dk\/?product=tv-bord-elysee#primaryimage\"},\"image\":{\"@id\":\"https:\/\/last-chance.dk\/?product=tv-bord-elysee#primaryimage\"},\"thumbnailUrl\":\"https:\/\/last-chance.dk\/wp-content\/uploads\/2024\/02\/1_2_15-scaled.jpg\",\"datePublished\":\"2024-02-02T16:37:56+00:00\",\"dateModified\":\"2025-09-19T18:54:18+00:00\",\"breadcrumb\":{\"@id\":\"https:\/\/last-chance.dk\/?product=tv-bord-elysee#breadcrumb\"},\"inLanguage\":\"da-DK\",\"potentialAction\":[{\"@type\":\"ReadAction\",\"target\":[\"https:\/\/last-chance.dk\/?product=tv-bord-elysee\"]}]},{\"@type\":\"ImageObject\",\"inLanguage\":\"da-DK\",\"@id\":\"https:\/\/last-chance.dk\/?product=tv-bord-elysee#primaryimage\",\"url\":\"https:\/\/last-chance.dk\/wp-content\/uploads\/2024\/02\/1_2_15-scaled.jpg\",\"contentUrl\":\"https:\/\/last-chance.dk\/wp-content\/uploads\/2024\/02\/1_2_15-scaled.jpg\",\"width\":2560,\"height\":1909},{\"@type\":\"BreadcrumbList\",\"@id\":\"https:\/\/last-chance.dk\/?product=tv-bord-elysee#breadcrumb\",\"itemListElement\":[{\"@type\":\"ListItem\",\"position\":1,\"name\":\"Home\",\"item\":\"https:\/\/last-chance.dk\/\"},{\"@type\":\"ListItem\",\"position\":2,\"name\":\"TV-bord Elysee\"}]},{\"@type\":\"WebSite\",\"@id\":\"https:\/\/last-chance.dk\/#website\",\"url\":\"https:\/\/last-chance.dk\/\",\"name\":\"LASTCHANCE Deals | Danmark\",\"description\":\"LASTCHANCE Deals | Danmark\",\"publisher\":{\"@id\":\"https:\/\/last-chance.dk\/#organization\"},\"potentialAction\":[{\"@type\":\"SearchAction\",\"target\":{\"@type\":\"EntryPoint\",\"urlTemplate\":\"https:\/\/last-chance.dk\/?s={search_term_string}\"},\"query-input\":{\"@type\":\"PropertyValueSpecification\",\"valueRequired\":true,\"valueName\":\"search_term_string\"}}],\"inLanguage\":\"da-DK\"},{\"@type\":\"Organization\",\"@id\":\"https:\/\/last-chance.dk\/#organization\",\"name\":\"LASTCHANCE Deals | Danmark\",\"url\":\"https:\/\/last-chance.dk\/\",\"logo\":{\"@type\":\"ImageObject\",\"inLanguage\":\"da-DK\",\"@id\":\"https:\/\/last-chance.dk\/#\/schema\/logo\/image\/\",\"url\":\"https:\/\/last-chance.dk\/wp-content\/uploads\/2023\/10\/lastchancedeals_logo_dk_white.png\",\"contentUrl\":\"https:\/\/last-chance.dk\/wp-content\/uploads\/2023\/10\/lastchancedeals_logo_dk_white.png\",\"width\":470,\"height\":110,\"caption\":\"LASTCHANCE Deals | Danmark\"},\"image\":{\"@id\":\"https:\/\/last-chance.dk\/#\/schema\/logo\/image\/\"}}]}<\/script>\n<!-- \/ Yoast SEO plugin. -->","yoast_head_json":{"title":"TV-bord Elysee - LASTCHANCE Deals | Danmark","robots":{"index":"index","follow":"follow","max-snippet":"max-snippet:-1","max-image-preview":"max-image-preview:large","max-video-preview":"max-video-preview:-1"},"canonical":"https:\/\/last-chance.dk\/?product=tv-bord-elysee","og_locale":"da_DK","og_type":"article","og_title":"TV-bord Elysee - LASTCHANCE Deals | Danmark","og_description":"Dette TV-bord &#8218;Elysee&#8219; er produceret af LuxCasa, en velaneset fabrikant i EU. Kendt for deres sans for stil og deres kvalitetskonstruktion, f\u00e5r du et m\u00f8bel, der passer godt ind i ethvert moderne hjem. Det smukke bord er udf\u00f8rt i en klassisk sort farve, der let passer ind i ethvert farveskema. Det har ogs\u00e5 nogle gener\u00f8se [&hellip;]","og_url":"https:\/\/last-chance.dk\/?product=tv-bord-elysee","og_site_name":"LASTCHANCE Deals | Danmark","article_modified_time":"2025-09-19T18:54:18+00:00","og_image":[{"width":2560,"height":1909,"url":"https:\/\/last-chance.dk\/wp-content\/uploads\/2024\/02\/1_2_15-scaled.jpg","type":"image\/jpeg"}],"twitter_card":"summary_large_image","twitter_misc":{"Estimeret l\u00e6setid":"1 minut"},"schema":{"@context":"https:\/\/schema.org","@graph":[{"@type":"WebPage","@id":"https:\/\/last-chance.dk\/?product=tv-bord-elysee","url":"https:\/\/last-chance.dk\/?product=tv-bord-elysee","name":"TV-bord Elysee - LASTCHANCE Deals | Danmark","isPartOf":{"@id":"https:\/\/last-chance.dk\/#website"},"primaryImageOfPage":{"@id":"https:\/\/last-chance.dk\/?product=tv-bord-elysee#primaryimage"},"image":{"@id":"https:\/\/last-chance.dk\/?product=tv-bord-elysee#primaryimage"},"thumbnailUrl":"https:\/\/last-chance.dk\/wp-content\/uploads\/2024\/02\/1_2_15-scaled.jpg","datePublished":"2024-02-02T16:37:56+00:00","dateModified":"2025-09-19T18:54:18+00:00","breadcrumb":{"@id":"https:\/\/last-chance.dk\/?product=tv-bord-elysee#breadcrumb"},"inLanguage":"da-DK","potentialAction":[{"@type":"ReadAction","target":["https:\/\/last-chance.dk\/?product=tv-bord-elysee"]}]},{"@type":"ImageObject","inLanguage":"da-DK","@id":"https:\/\/last-chance.dk\/?product=tv-bord-elysee#primaryimage","url":"https:\/\/last-chance.dk\/wp-content\/uploads\/2024\/02\/1_2_15-scaled.jpg","contentUrl":"https:\/\/last-chance.dk\/wp-content\/uploads\/2024\/02\/1_2_15-scaled.jpg","width":2560,"height":1909},{"@type":"BreadcrumbList","@id":"https:\/\/last-chance.dk\/?product=tv-bord-elysee#breadcrumb","itemListElement":[{"@type":"ListItem","position":1,"name":"Home","item":"https:\/\/last-chance.dk\/"},{"@type":"ListItem","position":2,"name":"TV-bord Elysee"}]},{"@type":"WebSite","@id":"https:\/\/last-chance.dk\/#website","url":"https:\/\/last-chance.dk\/","name":"LASTCHANCE Deals | Danmark","description":"LASTCHANCE Deals | Danmark","publisher":{"@id":"https:\/\/last-chance.dk\/#organization"},"potentialAction":[{"@type":"SearchAction","target":{"@type":"EntryPoint","urlTemplate":"https:\/\/last-chance.dk\/?s={search_term_string}"},"query-input":{"@type":"PropertyValueSpecification","valueRequired":true,"valueName":"search_term_string"}}],"inLanguage":"da-DK"},{"@type":"Organization","@id":"https:\/\/last-chance.dk\/#organization","name":"LASTCHANCE Deals | Danmark","url":"https:\/\/last-chance.dk\/","logo":{"@type":"ImageObject","inLanguage":"da-DK","@id":"https:\/\/last-chance.dk\/#\/schema\/logo\/image\/","url":"https:\/\/last-chance.dk\/wp-content\/uploads\/2023\/10\/lastchancedeals_logo_dk_white.png","contentUrl":"https:\/\/last-chance.dk\/wp-content\/uploads\/2023\/10\/lastchancedeals_logo_dk_white.png","width":470,"height":110,"caption":"LASTCHANCE Deals | Danmark"},"image":{"@id":"https:\/\/last-chance.dk\/#\/schema\/logo\/image\/"}}]}},"_links":{"self":[{"href":"https:\/\/last-chance.dk\/index.php?rest_route=\/wp\/v2\/product\/10397","targetHints":{"allow":["GET"]}}],"collection":[{"href":"https:\/\/last-chance.dk\/index.php?rest_route=\/wp\/v2\/product"}],"about":[{"href":"https:\/\/last-chance.dk\/index.php?rest_route=\/wp\/v2\/types\/product"}],"replies":[{"embeddable":true,"href":"https:\/\/last-chance.dk\/index.php?rest_route=%2Fwp%2Fv2%2Fcomments&post=10397"}],"wp:featuredmedia":[{"embeddable":true,"href":"https:\/\/last-chance.dk\/index.php?rest_route=\/wp\/v2\/media\/10396"}],"wp:attachment":[{"href":"https:\/\/last-chance.dk\/index.php?rest_route=%2Fwp%2Fv2%2Fmedia&parent=10397"}],"wp:term":[{"taxonomy":"product_brand","embeddable":true,"href":"https:\/\/last-chance.dk\/index.php?rest_route=%2Fwp%2Fv2%2Fproduct_brand&post=10397"},{"taxonomy":"product_cat","embeddable":true,"href":"https:\/\/last-chance.dk\/index.php?rest_route=%2Fwp%2Fv2%2Fproduct_cat&post=10397"},{"taxonomy":"product_tag","embeddable":true,"href":"https:\/\/last-chance.dk\/index.php?rest_route=%2Fwp%2Fv2%2Fproduct_tag&post=10397"}],"curies":[{"name":"wp","href":"https:\/\/api.w.org\/{rel}","templated":true}]}}