{"id":10411,"date":"2024-02-02T16:40:43","date_gmt":"2024-02-02T16:40:43","guid":{"rendered":"https:\/\/www.lastchance.deals\/dk\/produkt\/tv-bord-visage\/"},"modified":"2025-09-19T19:00:57","modified_gmt":"2025-09-19T19:00:57","slug":"tv-bord-visage","status":"publish","type":"product","link":"https:\/\/last-chance.dk\/?product=tv-bord-visage","title":{"rendered":"TV-bord Visage"},"content":{"rendered":"<p>M\u00f8d vores elegante TV-bord Visage, en uundv\u00e6rlig tilf\u00f8jelse til dit hjem, der kombinerer b\u00e5de funktionalitet og stil. Dette produkt er fremstillet af den anerkendte fabrikant LuxCasa i EU, hvilket sikrer h\u00f8jeste kvalitet og holdbarhed.<\/p>\n<p><\/p>\n<p>Visage TV-bordet pr\u00e6senterer sig i en sofistikeret sort nuance, der komplementerer enhver indretning samtidig med at bringe et touch af modernitet og elegance. V\u00e6r opm\u00e6rksom p\u00e5, at belysningen ikke er inkluderet i pakken, hvilket giver dig frihed til at tilf\u00f8je dine egne lys efter behov og smag.<\/p>\n<p><\/p>\n<p>Dette TV-bord har ydre dimensioner p\u00e5 100x31x32,8 cm, hvilket ikke blot giver rigelig plads til dit TV, men ogs\u00e5 til opbevaring eller udstilling af andre genstande. Dets kompakte design g\u00f8r det ideelt til mindre rum, hvor hver centimeter t\u00e6ller.<\/p>\n<p><\/p>\n<p>Visage TV-bordet leveres demonteret og skal samles ved modtagelse. Dette giver dig mulighed for at v\u00e6re involveret i monteringsprocessen og g\u00f8r monteringen til en underholdende aktivitet, som hele familien kan deltage i.<\/p>\n<p><\/p>\n<p>Dit k\u00f8b er sikret med en 12-m\u00e5neders garanti. Vi tror p\u00e5 vores produkts kvalitet og holdbarhed, og vi er her for at st\u00e5 ved dit k\u00f8b i et helt \u00e5r sker der noget.<\/p>\n<p><\/p>\n<p>Tag dit hjem til det n\u00e6ste niveau med Visage TV-bordet. Din stue vil takke dig!<\/p>\n<p><\/p>\n<p>Leveringstid: Leveringstid 1-2 uger<br \/>\nFarve: sort<br \/>\nBelysning: ikke inkluderet<br \/>\nUdvendige dimensioner: 100x31x32,8 cm<br \/>\nMontage: skal samles<br \/>\nGaranti: 12 m\u00e5neder<br \/>\nFremstillet: i EU<br \/>\nFabrikant: LuxCasa<\/p>\n","protected":false},"excerpt":{"rendered":"<p>M\u00f8d vores elegante TV-bord Visage, en uundv\u00e6rlig tilf\u00f8jelse til dit hjem, der kombinerer b\u00e5de funktionalitet og stil. Dette produkt er fremstillet af den anerkendte fabrikant LuxCasa i EU, hvilket sikrer h\u00f8jeste kvalitet og holdbarhed. Visage TV-bordet pr\u00e6senterer sig i en sofistikeret sort nuance, der komplementerer enhver indretning samtidig med at bringe et touch af modernitet [&hellip;]<\/p>\n","protected":false},"featured_media":10410,"comment_status":"open","ping_status":"closed","template":"","meta":[],"product_brand":[],"product_cat":[152],"product_tag":[],"class_list":{"0":"post-10411","1":"product","2":"type-product","3":"status-publish","4":"has-post-thumbnail","6":"product_cat-tv-stands","8":"first","9":"instock","10":"shipping-taxable","11":"purchasable","12":"product-type-simple"},"yoast_head":"<!-- This site is optimized with the Yoast SEO plugin v24.8.1 - https:\/\/yoast.com\/wordpress\/plugins\/seo\/ -->\n<title>TV-bord Visage - LASTCHANCE Deals | Danmark<\/title>\n<meta name=\"robots\" content=\"index, follow, max-snippet:-1, max-image-preview:large, max-video-preview:-1\" \/>\n<link rel=\"canonical\" href=\"https:\/\/last-chance.dk\/?product=tv-bord-visage\" \/>\n<meta property=\"og:locale\" content=\"da_DK\" \/>\n<meta property=\"og:type\" content=\"article\" \/>\n<meta property=\"og:title\" content=\"TV-bord Visage - LASTCHANCE Deals | Danmark\" \/>\n<meta property=\"og:description\" content=\"M\u00f8d vores elegante TV-bord Visage, en uundv\u00e6rlig tilf\u00f8jelse til dit hjem, der kombinerer b\u00e5de funktionalitet og stil. Dette produkt er fremstillet af den anerkendte fabrikant LuxCasa i EU, hvilket sikrer h\u00f8jeste kvalitet og holdbarhed. Visage TV-bordet pr\u00e6senterer sig i en sofistikeret sort nuance, der komplementerer enhver indretning samtidig med at bringe et touch af modernitet [&hellip;]\" \/>\n<meta property=\"og:url\" content=\"https:\/\/last-chance.dk\/?product=tv-bord-visage\" \/>\n<meta property=\"og:site_name\" content=\"LASTCHANCE Deals | Danmark\" \/>\n<meta property=\"article:modified_time\" content=\"2025-09-19T19:00:57+00:00\" \/>\n<meta property=\"og:image\" content=\"https:\/\/last-chance.dk\/wp-content\/uploads\/2024\/02\/1_2_66-scaled.jpg\" \/>\n\t<meta property=\"og:image:width\" content=\"2560\" \/>\n\t<meta property=\"og:image:height\" content=\"1664\" \/>\n\t<meta property=\"og:image:type\" content=\"image\/jpeg\" \/>\n<meta name=\"twitter:card\" content=\"summary_large_image\" \/>\n<meta name=\"twitter:label1\" content=\"Estimeret l\u00e6setid\" \/>\n\t<meta name=\"twitter:data1\" content=\"1 minut\" \/>\n<script type=\"application\/ld+json\" class=\"yoast-schema-graph\">{\"@context\":\"https:\/\/schema.org\",\"@graph\":[{\"@type\":\"WebPage\",\"@id\":\"https:\/\/last-chance.dk\/?product=tv-bord-visage\",\"url\":\"https:\/\/last-chance.dk\/?product=tv-bord-visage\",\"name\":\"TV-bord Visage - LASTCHANCE Deals | Danmark\",\"isPartOf\":{\"@id\":\"https:\/\/last-chance.dk\/#website\"},\"primaryImageOfPage\":{\"@id\":\"https:\/\/last-chance.dk\/?product=tv-bord-visage#primaryimage\"},\"image\":{\"@id\":\"https:\/\/last-chance.dk\/?product=tv-bord-visage#primaryimage\"},\"thumbnailUrl\":\"https:\/\/last-chance.dk\/wp-content\/uploads\/2024\/02\/1_2_66-scaled.jpg\",\"datePublished\":\"2024-02-02T16:40:43+00:00\",\"dateModified\":\"2025-09-19T19:00:57+00:00\",\"breadcrumb\":{\"@id\":\"https:\/\/last-chance.dk\/?product=tv-bord-visage#breadcrumb\"},\"inLanguage\":\"da-DK\",\"potentialAction\":[{\"@type\":\"ReadAction\",\"target\":[\"https:\/\/last-chance.dk\/?product=tv-bord-visage\"]}]},{\"@type\":\"ImageObject\",\"inLanguage\":\"da-DK\",\"@id\":\"https:\/\/last-chance.dk\/?product=tv-bord-visage#primaryimage\",\"url\":\"https:\/\/last-chance.dk\/wp-content\/uploads\/2024\/02\/1_2_66-scaled.jpg\",\"contentUrl\":\"https:\/\/last-chance.dk\/wp-content\/uploads\/2024\/02\/1_2_66-scaled.jpg\",\"width\":2560,\"height\":1664},{\"@type\":\"BreadcrumbList\",\"@id\":\"https:\/\/last-chance.dk\/?product=tv-bord-visage#breadcrumb\",\"itemListElement\":[{\"@type\":\"ListItem\",\"position\":1,\"name\":\"Home\",\"item\":\"https:\/\/last-chance.dk\/\"},{\"@type\":\"ListItem\",\"position\":2,\"name\":\"TV-bord Visage\"}]},{\"@type\":\"WebSite\",\"@id\":\"https:\/\/last-chance.dk\/#website\",\"url\":\"https:\/\/last-chance.dk\/\",\"name\":\"LASTCHANCE Deals | Danmark\",\"description\":\"LASTCHANCE Deals | Danmark\",\"publisher\":{\"@id\":\"https:\/\/last-chance.dk\/#organization\"},\"potentialAction\":[{\"@type\":\"SearchAction\",\"target\":{\"@type\":\"EntryPoint\",\"urlTemplate\":\"https:\/\/last-chance.dk\/?s={search_term_string}\"},\"query-input\":{\"@type\":\"PropertyValueSpecification\",\"valueRequired\":true,\"valueName\":\"search_term_string\"}}],\"inLanguage\":\"da-DK\"},{\"@type\":\"Organization\",\"@id\":\"https:\/\/last-chance.dk\/#organization\",\"name\":\"LASTCHANCE Deals | Danmark\",\"url\":\"https:\/\/last-chance.dk\/\",\"logo\":{\"@type\":\"ImageObject\",\"inLanguage\":\"da-DK\",\"@id\":\"https:\/\/last-chance.dk\/#\/schema\/logo\/image\/\",\"url\":\"https:\/\/last-chance.dk\/wp-content\/uploads\/2023\/10\/lastchancedeals_logo_dk_white.png\",\"contentUrl\":\"https:\/\/last-chance.dk\/wp-content\/uploads\/2023\/10\/lastchancedeals_logo_dk_white.png\",\"width\":470,\"height\":110,\"caption\":\"LASTCHANCE Deals | Danmark\"},\"image\":{\"@id\":\"https:\/\/last-chance.dk\/#\/schema\/logo\/image\/\"}}]}<\/script>\n<!-- \/ Yoast SEO plugin. -->","yoast_head_json":{"title":"TV-bord Visage - LASTCHANCE Deals | Danmark","robots":{"index":"index","follow":"follow","max-snippet":"max-snippet:-1","max-image-preview":"max-image-preview:large","max-video-preview":"max-video-preview:-1"},"canonical":"https:\/\/last-chance.dk\/?product=tv-bord-visage","og_locale":"da_DK","og_type":"article","og_title":"TV-bord Visage - LASTCHANCE Deals | Danmark","og_description":"M\u00f8d vores elegante TV-bord Visage, en uundv\u00e6rlig tilf\u00f8jelse til dit hjem, der kombinerer b\u00e5de funktionalitet og stil. Dette produkt er fremstillet af den anerkendte fabrikant LuxCasa i EU, hvilket sikrer h\u00f8jeste kvalitet og holdbarhed. Visage TV-bordet pr\u00e6senterer sig i en sofistikeret sort nuance, der komplementerer enhver indretning samtidig med at bringe et touch af modernitet [&hellip;]","og_url":"https:\/\/last-chance.dk\/?product=tv-bord-visage","og_site_name":"LASTCHANCE Deals | Danmark","article_modified_time":"2025-09-19T19:00:57+00:00","og_image":[{"width":2560,"height":1664,"url":"https:\/\/last-chance.dk\/wp-content\/uploads\/2024\/02\/1_2_66-scaled.jpg","type":"image\/jpeg"}],"twitter_card":"summary_large_image","twitter_misc":{"Estimeret l\u00e6setid":"1 minut"},"schema":{"@context":"https:\/\/schema.org","@graph":[{"@type":"WebPage","@id":"https:\/\/last-chance.dk\/?product=tv-bord-visage","url":"https:\/\/last-chance.dk\/?product=tv-bord-visage","name":"TV-bord Visage - LASTCHANCE Deals | Danmark","isPartOf":{"@id":"https:\/\/last-chance.dk\/#website"},"primaryImageOfPage":{"@id":"https:\/\/last-chance.dk\/?product=tv-bord-visage#primaryimage"},"image":{"@id":"https:\/\/last-chance.dk\/?product=tv-bord-visage#primaryimage"},"thumbnailUrl":"https:\/\/last-chance.dk\/wp-content\/uploads\/2024\/02\/1_2_66-scaled.jpg","datePublished":"2024-02-02T16:40:43+00:00","dateModified":"2025-09-19T19:00:57+00:00","breadcrumb":{"@id":"https:\/\/last-chance.dk\/?product=tv-bord-visage#breadcrumb"},"inLanguage":"da-DK","potentialAction":[{"@type":"ReadAction","target":["https:\/\/last-chance.dk\/?product=tv-bord-visage"]}]},{"@type":"ImageObject","inLanguage":"da-DK","@id":"https:\/\/last-chance.dk\/?product=tv-bord-visage#primaryimage","url":"https:\/\/last-chance.dk\/wp-content\/uploads\/2024\/02\/1_2_66-scaled.jpg","contentUrl":"https:\/\/last-chance.dk\/wp-content\/uploads\/2024\/02\/1_2_66-scaled.jpg","width":2560,"height":1664},{"@type":"BreadcrumbList","@id":"https:\/\/last-chance.dk\/?product=tv-bord-visage#breadcrumb","itemListElement":[{"@type":"ListItem","position":1,"name":"Home","item":"https:\/\/last-chance.dk\/"},{"@type":"ListItem","position":2,"name":"TV-bord Visage"}]},{"@type":"WebSite","@id":"https:\/\/last-chance.dk\/#website","url":"https:\/\/last-chance.dk\/","name":"LASTCHANCE Deals | Danmark","description":"LASTCHANCE Deals | Danmark","publisher":{"@id":"https:\/\/last-chance.dk\/#organization"},"potentialAction":[{"@type":"SearchAction","target":{"@type":"EntryPoint","urlTemplate":"https:\/\/last-chance.dk\/?s={search_term_string}"},"query-input":{"@type":"PropertyValueSpecification","valueRequired":true,"valueName":"search_term_string"}}],"inLanguage":"da-DK"},{"@type":"Organization","@id":"https:\/\/last-chance.dk\/#organization","name":"LASTCHANCE Deals | Danmark","url":"https:\/\/last-chance.dk\/","logo":{"@type":"ImageObject","inLanguage":"da-DK","@id":"https:\/\/last-chance.dk\/#\/schema\/logo\/image\/","url":"https:\/\/last-chance.dk\/wp-content\/uploads\/2023\/10\/lastchancedeals_logo_dk_white.png","contentUrl":"https:\/\/last-chance.dk\/wp-content\/uploads\/2023\/10\/lastchancedeals_logo_dk_white.png","width":470,"height":110,"caption":"LASTCHANCE Deals | Danmark"},"image":{"@id":"https:\/\/last-chance.dk\/#\/schema\/logo\/image\/"}}]}},"_links":{"self":[{"href":"https:\/\/last-chance.dk\/index.php?rest_route=\/wp\/v2\/product\/10411","targetHints":{"allow":["GET"]}}],"collection":[{"href":"https:\/\/last-chance.dk\/index.php?rest_route=\/wp\/v2\/product"}],"about":[{"href":"https:\/\/last-chance.dk\/index.php?rest_route=\/wp\/v2\/types\/product"}],"replies":[{"embeddable":true,"href":"https:\/\/last-chance.dk\/index.php?rest_route=%2Fwp%2Fv2%2Fcomments&post=10411"}],"wp:featuredmedia":[{"embeddable":true,"href":"https:\/\/last-chance.dk\/index.php?rest_route=\/wp\/v2\/media\/10410"}],"wp:attachment":[{"href":"https:\/\/last-chance.dk\/index.php?rest_route=%2Fwp%2Fv2%2Fmedia&parent=10411"}],"wp:term":[{"taxonomy":"product_brand","embeddable":true,"href":"https:\/\/last-chance.dk\/index.php?rest_route=%2Fwp%2Fv2%2Fproduct_brand&post=10411"},{"taxonomy":"product_cat","embeddable":true,"href":"https:\/\/last-chance.dk\/index.php?rest_route=%2Fwp%2Fv2%2Fproduct_cat&post=10411"},{"taxonomy":"product_tag","embeddable":true,"href":"https:\/\/last-chance.dk\/index.php?rest_route=%2Fwp%2Fv2%2Fproduct_tag&post=10411"}],"curies":[{"name":"wp","href":"https:\/\/api.w.org\/{rel}","templated":true}]}}