{"id":10415,"date":"2024-02-02T16:41:24","date_gmt":"2024-02-02T16:41:24","guid":{"rendered":"https:\/\/www.lastchance.deals\/dk\/produkt\/tv-bord-charmoire\/"},"modified":"2025-09-19T18:53:38","modified_gmt":"2025-09-19T18:53:38","slug":"tv-bord-charmoire","status":"publish","type":"product","link":"https:\/\/last-chance.dk\/?product=tv-bord-charmoire","title":{"rendered":"TV-bord Charmoire"},"content":{"rendered":"<p>\nVores Charmoire TV-bord fra LuxCasa er perfekt til at tilf\u00f8je et strejf af elegance til dit hjemmeunderholdningsomr\u00e5de. Det er designet med rene linjer og en hvid farve, der vil komplementere ethvert interi\u00f8r.<\/p>\n<p>M\u00e5ler 140x31x32,8 cm, har dette TV-bord fra LuxCasa en kompakt st\u00f8rrelse, der passer ind p\u00e5 de fleste steder. Bem\u00e6rk venligst, at belysningen ikke er inkluderet, og montering er n\u00f8dvendig. Men rolig, det f\u00f8lger med en nem at f\u00f8lge vejledning, der hj\u00e6lper dig med at samle det p\u00e5 ingen tid.<\/p>\n<p>TV-bordet Charmoire er fremstillet i EU og kommer med en garanti p\u00e5 12 m\u00e5neder. Dens kvalitet og h\u00e5ndv\u00e6rk sikrer, at det vil vare i mange \u00e5r. LuxCasa er kendt for deres fine og holdbar m\u00f8belstykker.<\/p>\n<p>Bem\u00e6rk venligst, at belysning ikke er inkluderet med dette TV-bord. Dette er perfekt til at give dig mulighed for at tilpasse belysningen til dine individuelle pr\u00e6ferencer og for at matche dit eksisterende interi\u00f8r.\n<\/p>\n<p><\/p>\n<p>Leveringstid: Leveringstid 1-2 uger<br \/>\nFarve: hvid<br \/>\nBelysning: ikke inkluderet<br \/>\nUdvendige dimensioner: 140x31x32,8 cm<br \/>\nMontage: skal samles<br \/>\nGaranti: 12 m\u00e5neder<br \/>\nFremstillet: i EU<br \/>\nFabrikant: LuxCasa<\/p>\n","protected":false},"excerpt":{"rendered":"<p>Vores Charmoire TV-bord fra LuxCasa er perfekt til at tilf\u00f8je et strejf af elegance til dit hjemmeunderholdningsomr\u00e5de. Det er designet med rene linjer og en hvid farve, der vil komplementere ethvert interi\u00f8r. M\u00e5ler 140x31x32,8 cm, har dette TV-bord fra LuxCasa en kompakt st\u00f8rrelse, der passer ind p\u00e5 de fleste steder. Bem\u00e6rk venligst, at belysningen ikke [&hellip;]<\/p>\n","protected":false},"featured_media":10414,"comment_status":"open","ping_status":"closed","template":"","meta":[],"product_brand":[],"product_cat":[152],"product_tag":[],"class_list":{"0":"post-10415","1":"product","2":"type-product","3":"status-publish","4":"has-post-thumbnail","6":"product_cat-tv-stands","8":"first","9":"instock","10":"shipping-taxable","11":"purchasable","12":"product-type-simple"},"yoast_head":"<!-- This site is optimized with the Yoast SEO plugin v24.8.1 - https:\/\/yoast.com\/wordpress\/plugins\/seo\/ -->\n<title>TV-bord Charmoire - LASTCHANCE Deals | Danmark<\/title>\n<meta name=\"robots\" content=\"index, follow, max-snippet:-1, max-image-preview:large, max-video-preview:-1\" \/>\n<link rel=\"canonical\" href=\"https:\/\/last-chance.dk\/?product=tv-bord-charmoire\" \/>\n<meta property=\"og:locale\" content=\"da_DK\" \/>\n<meta property=\"og:type\" content=\"article\" \/>\n<meta property=\"og:title\" content=\"TV-bord Charmoire - LASTCHANCE Deals | Danmark\" \/>\n<meta property=\"og:description\" content=\"Vores Charmoire TV-bord fra LuxCasa er perfekt til at tilf\u00f8je et strejf af elegance til dit hjemmeunderholdningsomr\u00e5de. Det er designet med rene linjer og en hvid farve, der vil komplementere ethvert interi\u00f8r. M\u00e5ler 140x31x32,8 cm, har dette TV-bord fra LuxCasa en kompakt st\u00f8rrelse, der passer ind p\u00e5 de fleste steder. Bem\u00e6rk venligst, at belysningen ikke [&hellip;]\" \/>\n<meta property=\"og:url\" content=\"https:\/\/last-chance.dk\/?product=tv-bord-charmoire\" \/>\n<meta property=\"og:site_name\" content=\"LASTCHANCE Deals | Danmark\" \/>\n<meta property=\"article:modified_time\" content=\"2025-09-19T18:53:38+00:00\" \/>\n<meta property=\"og:image\" content=\"https:\/\/last-chance.dk\/wp-content\/uploads\/2024\/02\/1_2_65-scaled.jpg\" \/>\n\t<meta property=\"og:image:width\" content=\"2560\" \/>\n\t<meta property=\"og:image:height\" content=\"1664\" \/>\n\t<meta property=\"og:image:type\" content=\"image\/jpeg\" \/>\n<meta name=\"twitter:card\" content=\"summary_large_image\" \/>\n<meta name=\"twitter:label1\" content=\"Estimeret l\u00e6setid\" \/>\n\t<meta name=\"twitter:data1\" content=\"1 minut\" \/>\n<script type=\"application\/ld+json\" class=\"yoast-schema-graph\">{\"@context\":\"https:\/\/schema.org\",\"@graph\":[{\"@type\":\"WebPage\",\"@id\":\"https:\/\/last-chance.dk\/?product=tv-bord-charmoire\",\"url\":\"https:\/\/last-chance.dk\/?product=tv-bord-charmoire\",\"name\":\"TV-bord Charmoire - LASTCHANCE Deals | Danmark\",\"isPartOf\":{\"@id\":\"https:\/\/last-chance.dk\/#website\"},\"primaryImageOfPage\":{\"@id\":\"https:\/\/last-chance.dk\/?product=tv-bord-charmoire#primaryimage\"},\"image\":{\"@id\":\"https:\/\/last-chance.dk\/?product=tv-bord-charmoire#primaryimage\"},\"thumbnailUrl\":\"https:\/\/last-chance.dk\/wp-content\/uploads\/2024\/02\/1_2_65-scaled.jpg\",\"datePublished\":\"2024-02-02T16:41:24+00:00\",\"dateModified\":\"2025-09-19T18:53:38+00:00\",\"breadcrumb\":{\"@id\":\"https:\/\/last-chance.dk\/?product=tv-bord-charmoire#breadcrumb\"},\"inLanguage\":\"da-DK\",\"potentialAction\":[{\"@type\":\"ReadAction\",\"target\":[\"https:\/\/last-chance.dk\/?product=tv-bord-charmoire\"]}]},{\"@type\":\"ImageObject\",\"inLanguage\":\"da-DK\",\"@id\":\"https:\/\/last-chance.dk\/?product=tv-bord-charmoire#primaryimage\",\"url\":\"https:\/\/last-chance.dk\/wp-content\/uploads\/2024\/02\/1_2_65-scaled.jpg\",\"contentUrl\":\"https:\/\/last-chance.dk\/wp-content\/uploads\/2024\/02\/1_2_65-scaled.jpg\",\"width\":2560,\"height\":1664},{\"@type\":\"BreadcrumbList\",\"@id\":\"https:\/\/last-chance.dk\/?product=tv-bord-charmoire#breadcrumb\",\"itemListElement\":[{\"@type\":\"ListItem\",\"position\":1,\"name\":\"Home\",\"item\":\"https:\/\/last-chance.dk\/\"},{\"@type\":\"ListItem\",\"position\":2,\"name\":\"TV-bord Charmoire\"}]},{\"@type\":\"WebSite\",\"@id\":\"https:\/\/last-chance.dk\/#website\",\"url\":\"https:\/\/last-chance.dk\/\",\"name\":\"LASTCHANCE Deals | Danmark\",\"description\":\"LASTCHANCE Deals | Danmark\",\"publisher\":{\"@id\":\"https:\/\/last-chance.dk\/#organization\"},\"potentialAction\":[{\"@type\":\"SearchAction\",\"target\":{\"@type\":\"EntryPoint\",\"urlTemplate\":\"https:\/\/last-chance.dk\/?s={search_term_string}\"},\"query-input\":{\"@type\":\"PropertyValueSpecification\",\"valueRequired\":true,\"valueName\":\"search_term_string\"}}],\"inLanguage\":\"da-DK\"},{\"@type\":\"Organization\",\"@id\":\"https:\/\/last-chance.dk\/#organization\",\"name\":\"LASTCHANCE Deals | Danmark\",\"url\":\"https:\/\/last-chance.dk\/\",\"logo\":{\"@type\":\"ImageObject\",\"inLanguage\":\"da-DK\",\"@id\":\"https:\/\/last-chance.dk\/#\/schema\/logo\/image\/\",\"url\":\"https:\/\/last-chance.dk\/wp-content\/uploads\/2023\/10\/lastchancedeals_logo_dk_white.png\",\"contentUrl\":\"https:\/\/last-chance.dk\/wp-content\/uploads\/2023\/10\/lastchancedeals_logo_dk_white.png\",\"width\":470,\"height\":110,\"caption\":\"LASTCHANCE Deals | Danmark\"},\"image\":{\"@id\":\"https:\/\/last-chance.dk\/#\/schema\/logo\/image\/\"}}]}<\/script>\n<!-- \/ Yoast SEO plugin. -->","yoast_head_json":{"title":"TV-bord Charmoire - LASTCHANCE Deals | Danmark","robots":{"index":"index","follow":"follow","max-snippet":"max-snippet:-1","max-image-preview":"max-image-preview:large","max-video-preview":"max-video-preview:-1"},"canonical":"https:\/\/last-chance.dk\/?product=tv-bord-charmoire","og_locale":"da_DK","og_type":"article","og_title":"TV-bord Charmoire - LASTCHANCE Deals | Danmark","og_description":"Vores Charmoire TV-bord fra LuxCasa er perfekt til at tilf\u00f8je et strejf af elegance til dit hjemmeunderholdningsomr\u00e5de. Det er designet med rene linjer og en hvid farve, der vil komplementere ethvert interi\u00f8r. M\u00e5ler 140x31x32,8 cm, har dette TV-bord fra LuxCasa en kompakt st\u00f8rrelse, der passer ind p\u00e5 de fleste steder. Bem\u00e6rk venligst, at belysningen ikke [&hellip;]","og_url":"https:\/\/last-chance.dk\/?product=tv-bord-charmoire","og_site_name":"LASTCHANCE Deals | Danmark","article_modified_time":"2025-09-19T18:53:38+00:00","og_image":[{"width":2560,"height":1664,"url":"https:\/\/last-chance.dk\/wp-content\/uploads\/2024\/02\/1_2_65-scaled.jpg","type":"image\/jpeg"}],"twitter_card":"summary_large_image","twitter_misc":{"Estimeret l\u00e6setid":"1 minut"},"schema":{"@context":"https:\/\/schema.org","@graph":[{"@type":"WebPage","@id":"https:\/\/last-chance.dk\/?product=tv-bord-charmoire","url":"https:\/\/last-chance.dk\/?product=tv-bord-charmoire","name":"TV-bord Charmoire - LASTCHANCE Deals | Danmark","isPartOf":{"@id":"https:\/\/last-chance.dk\/#website"},"primaryImageOfPage":{"@id":"https:\/\/last-chance.dk\/?product=tv-bord-charmoire#primaryimage"},"image":{"@id":"https:\/\/last-chance.dk\/?product=tv-bord-charmoire#primaryimage"},"thumbnailUrl":"https:\/\/last-chance.dk\/wp-content\/uploads\/2024\/02\/1_2_65-scaled.jpg","datePublished":"2024-02-02T16:41:24+00:00","dateModified":"2025-09-19T18:53:38+00:00","breadcrumb":{"@id":"https:\/\/last-chance.dk\/?product=tv-bord-charmoire#breadcrumb"},"inLanguage":"da-DK","potentialAction":[{"@type":"ReadAction","target":["https:\/\/last-chance.dk\/?product=tv-bord-charmoire"]}]},{"@type":"ImageObject","inLanguage":"da-DK","@id":"https:\/\/last-chance.dk\/?product=tv-bord-charmoire#primaryimage","url":"https:\/\/last-chance.dk\/wp-content\/uploads\/2024\/02\/1_2_65-scaled.jpg","contentUrl":"https:\/\/last-chance.dk\/wp-content\/uploads\/2024\/02\/1_2_65-scaled.jpg","width":2560,"height":1664},{"@type":"BreadcrumbList","@id":"https:\/\/last-chance.dk\/?product=tv-bord-charmoire#breadcrumb","itemListElement":[{"@type":"ListItem","position":1,"name":"Home","item":"https:\/\/last-chance.dk\/"},{"@type":"ListItem","position":2,"name":"TV-bord Charmoire"}]},{"@type":"WebSite","@id":"https:\/\/last-chance.dk\/#website","url":"https:\/\/last-chance.dk\/","name":"LASTCHANCE Deals | Danmark","description":"LASTCHANCE Deals | Danmark","publisher":{"@id":"https:\/\/last-chance.dk\/#organization"},"potentialAction":[{"@type":"SearchAction","target":{"@type":"EntryPoint","urlTemplate":"https:\/\/last-chance.dk\/?s={search_term_string}"},"query-input":{"@type":"PropertyValueSpecification","valueRequired":true,"valueName":"search_term_string"}}],"inLanguage":"da-DK"},{"@type":"Organization","@id":"https:\/\/last-chance.dk\/#organization","name":"LASTCHANCE Deals | Danmark","url":"https:\/\/last-chance.dk\/","logo":{"@type":"ImageObject","inLanguage":"da-DK","@id":"https:\/\/last-chance.dk\/#\/schema\/logo\/image\/","url":"https:\/\/last-chance.dk\/wp-content\/uploads\/2023\/10\/lastchancedeals_logo_dk_white.png","contentUrl":"https:\/\/last-chance.dk\/wp-content\/uploads\/2023\/10\/lastchancedeals_logo_dk_white.png","width":470,"height":110,"caption":"LASTCHANCE Deals | Danmark"},"image":{"@id":"https:\/\/last-chance.dk\/#\/schema\/logo\/image\/"}}]}},"_links":{"self":[{"href":"https:\/\/last-chance.dk\/index.php?rest_route=\/wp\/v2\/product\/10415","targetHints":{"allow":["GET"]}}],"collection":[{"href":"https:\/\/last-chance.dk\/index.php?rest_route=\/wp\/v2\/product"}],"about":[{"href":"https:\/\/last-chance.dk\/index.php?rest_route=\/wp\/v2\/types\/product"}],"replies":[{"embeddable":true,"href":"https:\/\/last-chance.dk\/index.php?rest_route=%2Fwp%2Fv2%2Fcomments&post=10415"}],"wp:featuredmedia":[{"embeddable":true,"href":"https:\/\/last-chance.dk\/index.php?rest_route=\/wp\/v2\/media\/10414"}],"wp:attachment":[{"href":"https:\/\/last-chance.dk\/index.php?rest_route=%2Fwp%2Fv2%2Fmedia&parent=10415"}],"wp:term":[{"taxonomy":"product_brand","embeddable":true,"href":"https:\/\/last-chance.dk\/index.php?rest_route=%2Fwp%2Fv2%2Fproduct_brand&post=10415"},{"taxonomy":"product_cat","embeddable":true,"href":"https:\/\/last-chance.dk\/index.php?rest_route=%2Fwp%2Fv2%2Fproduct_cat&post=10415"},{"taxonomy":"product_tag","embeddable":true,"href":"https:\/\/last-chance.dk\/index.php?rest_route=%2Fwp%2Fv2%2Fproduct_tag&post=10415"}],"curies":[{"name":"wp","href":"https:\/\/api.w.org\/{rel}","templated":true}]}}