{"id":10435,"date":"2024-02-02T16:46:33","date_gmt":"2024-02-02T16:46:33","guid":{"rendered":"https:\/\/www.lastchance.deals\/dk\/produkt\/tv-bord-vivencia\/"},"modified":"2025-09-19T19:02:05","modified_gmt":"2025-09-19T19:02:05","slug":"tv-bord-vivencia","status":"publish","type":"product","link":"https:\/\/last-chance.dk\/?product=tv-bord-vivencia","title":{"rendered":"TV-bord Vivencia"},"content":{"rendered":"<p>Dyk ned i en verden af \u200b\u200bminimalistisk design med vores smarte <strong>TV-bord Vivencia<\/strong> fra <strong>LuxCasa<\/strong>. TV-bordet er elegant i sin enkelhed og vil helt sikkert v\u00e6re en smuk tilf\u00f8jelse til din stue.<\/p>\n<p><\/p>\n<p>TV-bordet er lavet i den tidl\u00f8se farve <strong>hvid<\/strong>, hvilket g\u00f8r det nemt at passe ind i enhver indretning. Skab et stilfuldt og afslappet udseende i dit hjem med dette TV-bord.<\/p>\n<p><\/p>\n<p>Vivencia TV-bordet er designet med en bredde p\u00e5 140 cm, en h\u00f8jde p\u00e5 36,2 cm og en dybde p\u00e5 35 cm. Dette giver dig masser af plads til at opbevare dine medieenheder p\u00e6nt og arrangere dine yndlings dekorative genstande.<\/p>\n<p><\/p>\n<p>TV-bordet kommer som et fladt pakkes\u00e6t og <strong>skal samles<\/strong>. Men ingen grund til bekymring, det er en nem opgave, der kan g\u00f8res hurtigt. <\/p>\n<p><\/p>\n<p>Vores produkter er stolte <strong>lavet i EU<\/strong> og overholder alle g\u00e6ldende standarder og retningslinjer. Vi tilbyder <strong>12 m\u00e5neders garanti<\/strong> p\u00e5 dette TV-bord, s\u00e5 du kan f\u00f8le dig sikker p\u00e5 dit k\u00f8b.<\/p>\n<p><\/p>\n<p><strong>Bem\u00e6rk:<\/strong> Belysning er ikke inkluderet i denne pakke.<\/p>\n<p><\/p>\n<p>Leveringstid: Leveringstid 1-2 uger<br \/>\nFarve: hvid<br \/>\nBelysning: ikke inkluderet<br \/>\nUdvendige dimensioner: 140&#215;36,2&#215;35 cm<br \/>\nMontage: skal samles<br \/>\nGaranti: 12 m\u00e5neder<br \/>\nFremstillet: i EU<br \/>\nFabrikant: LuxCasa<\/p>\n","protected":false},"excerpt":{"rendered":"<p>Dyk ned i en verden af \u200b\u200bminimalistisk design med vores smarte TV-bord Vivencia fra LuxCasa. TV-bordet er elegant i sin enkelhed og vil helt sikkert v\u00e6re en smuk tilf\u00f8jelse til din stue. TV-bordet er lavet i den tidl\u00f8se farve hvid, hvilket g\u00f8r det nemt at passe ind i enhver indretning. Skab et stilfuldt og afslappet [&hellip;]<\/p>\n","protected":false},"featured_media":10433,"comment_status":"open","ping_status":"closed","template":"","meta":[],"product_brand":[],"product_cat":[152],"product_tag":[],"class_list":{"0":"post-10435","1":"product","2":"type-product","3":"status-publish","4":"has-post-thumbnail","6":"product_cat-tv-stands","8":"first","9":"instock","10":"shipping-taxable","11":"purchasable","12":"product-type-simple"},"yoast_head":"<!-- This site is optimized with the Yoast SEO plugin v24.8.1 - https:\/\/yoast.com\/wordpress\/plugins\/seo\/ -->\n<title>TV-bord Vivencia - LASTCHANCE Deals | Danmark<\/title>\n<meta name=\"robots\" content=\"index, follow, max-snippet:-1, max-image-preview:large, max-video-preview:-1\" \/>\n<link rel=\"canonical\" href=\"https:\/\/last-chance.dk\/?product=tv-bord-vivencia\" \/>\n<meta property=\"og:locale\" content=\"da_DK\" \/>\n<meta property=\"og:type\" content=\"article\" \/>\n<meta property=\"og:title\" content=\"TV-bord Vivencia - LASTCHANCE Deals | Danmark\" \/>\n<meta property=\"og:description\" content=\"Dyk ned i en verden af \u200b\u200bminimalistisk design med vores smarte TV-bord Vivencia fra LuxCasa. TV-bordet er elegant i sin enkelhed og vil helt sikkert v\u00e6re en smuk tilf\u00f8jelse til din stue. TV-bordet er lavet i den tidl\u00f8se farve hvid, hvilket g\u00f8r det nemt at passe ind i enhver indretning. Skab et stilfuldt og afslappet [&hellip;]\" \/>\n<meta property=\"og:url\" content=\"https:\/\/last-chance.dk\/?product=tv-bord-vivencia\" \/>\n<meta property=\"og:site_name\" content=\"LASTCHANCE Deals | Danmark\" \/>\n<meta property=\"article:modified_time\" content=\"2025-09-19T19:02:05+00:00\" \/>\n<meta property=\"og:image\" content=\"https:\/\/last-chance.dk\/wp-content\/uploads\/2024\/02\/2_2_8.jpg\" \/>\n\t<meta property=\"og:image:width\" content=\"2000\" \/>\n\t<meta property=\"og:image:height\" content=\"1300\" \/>\n\t<meta property=\"og:image:type\" content=\"image\/jpeg\" \/>\n<meta name=\"twitter:card\" content=\"summary_large_image\" \/>\n<meta name=\"twitter:label1\" content=\"Estimeret l\u00e6setid\" \/>\n\t<meta name=\"twitter:data1\" content=\"1 minut\" \/>\n<script type=\"application\/ld+json\" class=\"yoast-schema-graph\">{\"@context\":\"https:\/\/schema.org\",\"@graph\":[{\"@type\":\"WebPage\",\"@id\":\"https:\/\/last-chance.dk\/?product=tv-bord-vivencia\",\"url\":\"https:\/\/last-chance.dk\/?product=tv-bord-vivencia\",\"name\":\"TV-bord Vivencia - LASTCHANCE Deals | Danmark\",\"isPartOf\":{\"@id\":\"https:\/\/last-chance.dk\/#website\"},\"primaryImageOfPage\":{\"@id\":\"https:\/\/last-chance.dk\/?product=tv-bord-vivencia#primaryimage\"},\"image\":{\"@id\":\"https:\/\/last-chance.dk\/?product=tv-bord-vivencia#primaryimage\"},\"thumbnailUrl\":\"https:\/\/last-chance.dk\/wp-content\/uploads\/2024\/02\/2_2_8.jpg\",\"datePublished\":\"2024-02-02T16:46:33+00:00\",\"dateModified\":\"2025-09-19T19:02:05+00:00\",\"breadcrumb\":{\"@id\":\"https:\/\/last-chance.dk\/?product=tv-bord-vivencia#breadcrumb\"},\"inLanguage\":\"da-DK\",\"potentialAction\":[{\"@type\":\"ReadAction\",\"target\":[\"https:\/\/last-chance.dk\/?product=tv-bord-vivencia\"]}]},{\"@type\":\"ImageObject\",\"inLanguage\":\"da-DK\",\"@id\":\"https:\/\/last-chance.dk\/?product=tv-bord-vivencia#primaryimage\",\"url\":\"https:\/\/last-chance.dk\/wp-content\/uploads\/2024\/02\/2_2_8.jpg\",\"contentUrl\":\"https:\/\/last-chance.dk\/wp-content\/uploads\/2024\/02\/2_2_8.jpg\",\"width\":2000,\"height\":1300},{\"@type\":\"BreadcrumbList\",\"@id\":\"https:\/\/last-chance.dk\/?product=tv-bord-vivencia#breadcrumb\",\"itemListElement\":[{\"@type\":\"ListItem\",\"position\":1,\"name\":\"Home\",\"item\":\"https:\/\/last-chance.dk\/\"},{\"@type\":\"ListItem\",\"position\":2,\"name\":\"TV-bord Vivencia\"}]},{\"@type\":\"WebSite\",\"@id\":\"https:\/\/last-chance.dk\/#website\",\"url\":\"https:\/\/last-chance.dk\/\",\"name\":\"LASTCHANCE Deals | Danmark\",\"description\":\"LASTCHANCE Deals | Danmark\",\"publisher\":{\"@id\":\"https:\/\/last-chance.dk\/#organization\"},\"potentialAction\":[{\"@type\":\"SearchAction\",\"target\":{\"@type\":\"EntryPoint\",\"urlTemplate\":\"https:\/\/last-chance.dk\/?s={search_term_string}\"},\"query-input\":{\"@type\":\"PropertyValueSpecification\",\"valueRequired\":true,\"valueName\":\"search_term_string\"}}],\"inLanguage\":\"da-DK\"},{\"@type\":\"Organization\",\"@id\":\"https:\/\/last-chance.dk\/#organization\",\"name\":\"LASTCHANCE Deals | Danmark\",\"url\":\"https:\/\/last-chance.dk\/\",\"logo\":{\"@type\":\"ImageObject\",\"inLanguage\":\"da-DK\",\"@id\":\"https:\/\/last-chance.dk\/#\/schema\/logo\/image\/\",\"url\":\"https:\/\/last-chance.dk\/wp-content\/uploads\/2023\/10\/lastchancedeals_logo_dk_white.png\",\"contentUrl\":\"https:\/\/last-chance.dk\/wp-content\/uploads\/2023\/10\/lastchancedeals_logo_dk_white.png\",\"width\":470,\"height\":110,\"caption\":\"LASTCHANCE Deals | Danmark\"},\"image\":{\"@id\":\"https:\/\/last-chance.dk\/#\/schema\/logo\/image\/\"}}]}<\/script>\n<!-- \/ Yoast SEO plugin. -->","yoast_head_json":{"title":"TV-bord Vivencia - LASTCHANCE Deals | Danmark","robots":{"index":"index","follow":"follow","max-snippet":"max-snippet:-1","max-image-preview":"max-image-preview:large","max-video-preview":"max-video-preview:-1"},"canonical":"https:\/\/last-chance.dk\/?product=tv-bord-vivencia","og_locale":"da_DK","og_type":"article","og_title":"TV-bord Vivencia - LASTCHANCE Deals | Danmark","og_description":"Dyk ned i en verden af \u200b\u200bminimalistisk design med vores smarte TV-bord Vivencia fra LuxCasa. TV-bordet er elegant i sin enkelhed og vil helt sikkert v\u00e6re en smuk tilf\u00f8jelse til din stue. TV-bordet er lavet i den tidl\u00f8se farve hvid, hvilket g\u00f8r det nemt at passe ind i enhver indretning. Skab et stilfuldt og afslappet [&hellip;]","og_url":"https:\/\/last-chance.dk\/?product=tv-bord-vivencia","og_site_name":"LASTCHANCE Deals | Danmark","article_modified_time":"2025-09-19T19:02:05+00:00","og_image":[{"width":2000,"height":1300,"url":"https:\/\/last-chance.dk\/wp-content\/uploads\/2024\/02\/2_2_8.jpg","type":"image\/jpeg"}],"twitter_card":"summary_large_image","twitter_misc":{"Estimeret l\u00e6setid":"1 minut"},"schema":{"@context":"https:\/\/schema.org","@graph":[{"@type":"WebPage","@id":"https:\/\/last-chance.dk\/?product=tv-bord-vivencia","url":"https:\/\/last-chance.dk\/?product=tv-bord-vivencia","name":"TV-bord Vivencia - LASTCHANCE Deals | Danmark","isPartOf":{"@id":"https:\/\/last-chance.dk\/#website"},"primaryImageOfPage":{"@id":"https:\/\/last-chance.dk\/?product=tv-bord-vivencia#primaryimage"},"image":{"@id":"https:\/\/last-chance.dk\/?product=tv-bord-vivencia#primaryimage"},"thumbnailUrl":"https:\/\/last-chance.dk\/wp-content\/uploads\/2024\/02\/2_2_8.jpg","datePublished":"2024-02-02T16:46:33+00:00","dateModified":"2025-09-19T19:02:05+00:00","breadcrumb":{"@id":"https:\/\/last-chance.dk\/?product=tv-bord-vivencia#breadcrumb"},"inLanguage":"da-DK","potentialAction":[{"@type":"ReadAction","target":["https:\/\/last-chance.dk\/?product=tv-bord-vivencia"]}]},{"@type":"ImageObject","inLanguage":"da-DK","@id":"https:\/\/last-chance.dk\/?product=tv-bord-vivencia#primaryimage","url":"https:\/\/last-chance.dk\/wp-content\/uploads\/2024\/02\/2_2_8.jpg","contentUrl":"https:\/\/last-chance.dk\/wp-content\/uploads\/2024\/02\/2_2_8.jpg","width":2000,"height":1300},{"@type":"BreadcrumbList","@id":"https:\/\/last-chance.dk\/?product=tv-bord-vivencia#breadcrumb","itemListElement":[{"@type":"ListItem","position":1,"name":"Home","item":"https:\/\/last-chance.dk\/"},{"@type":"ListItem","position":2,"name":"TV-bord Vivencia"}]},{"@type":"WebSite","@id":"https:\/\/last-chance.dk\/#website","url":"https:\/\/last-chance.dk\/","name":"LASTCHANCE Deals | Danmark","description":"LASTCHANCE Deals | Danmark","publisher":{"@id":"https:\/\/last-chance.dk\/#organization"},"potentialAction":[{"@type":"SearchAction","target":{"@type":"EntryPoint","urlTemplate":"https:\/\/last-chance.dk\/?s={search_term_string}"},"query-input":{"@type":"PropertyValueSpecification","valueRequired":true,"valueName":"search_term_string"}}],"inLanguage":"da-DK"},{"@type":"Organization","@id":"https:\/\/last-chance.dk\/#organization","name":"LASTCHANCE Deals | Danmark","url":"https:\/\/last-chance.dk\/","logo":{"@type":"ImageObject","inLanguage":"da-DK","@id":"https:\/\/last-chance.dk\/#\/schema\/logo\/image\/","url":"https:\/\/last-chance.dk\/wp-content\/uploads\/2023\/10\/lastchancedeals_logo_dk_white.png","contentUrl":"https:\/\/last-chance.dk\/wp-content\/uploads\/2023\/10\/lastchancedeals_logo_dk_white.png","width":470,"height":110,"caption":"LASTCHANCE Deals | Danmark"},"image":{"@id":"https:\/\/last-chance.dk\/#\/schema\/logo\/image\/"}}]}},"_links":{"self":[{"href":"https:\/\/last-chance.dk\/index.php?rest_route=\/wp\/v2\/product\/10435","targetHints":{"allow":["GET"]}}],"collection":[{"href":"https:\/\/last-chance.dk\/index.php?rest_route=\/wp\/v2\/product"}],"about":[{"href":"https:\/\/last-chance.dk\/index.php?rest_route=\/wp\/v2\/types\/product"}],"replies":[{"embeddable":true,"href":"https:\/\/last-chance.dk\/index.php?rest_route=%2Fwp%2Fv2%2Fcomments&post=10435"}],"wp:featuredmedia":[{"embeddable":true,"href":"https:\/\/last-chance.dk\/index.php?rest_route=\/wp\/v2\/media\/10433"}],"wp:attachment":[{"href":"https:\/\/last-chance.dk\/index.php?rest_route=%2Fwp%2Fv2%2Fmedia&parent=10435"}],"wp:term":[{"taxonomy":"product_brand","embeddable":true,"href":"https:\/\/last-chance.dk\/index.php?rest_route=%2Fwp%2Fv2%2Fproduct_brand&post=10435"},{"taxonomy":"product_cat","embeddable":true,"href":"https:\/\/last-chance.dk\/index.php?rest_route=%2Fwp%2Fv2%2Fproduct_cat&post=10435"},{"taxonomy":"product_tag","embeddable":true,"href":"https:\/\/last-chance.dk\/index.php?rest_route=%2Fwp%2Fv2%2Fproduct_tag&post=10435"}],"curies":[{"name":"wp","href":"https:\/\/api.w.org\/{rel}","templated":true}]}}