{"id":10442,"date":"2024-02-02T16:49:44","date_gmt":"2024-02-02T16:49:44","guid":{"rendered":"https:\/\/www.lastchance.deals\/dk\/produkt\/tv-bord-allevare\/"},"modified":"2025-09-19T18:51:10","modified_gmt":"2025-09-19T18:51:10","slug":"tv-bord-allevare","status":"publish","type":"product","link":"https:\/\/last-chance.dk\/?product=tv-bord-allevare","title":{"rendered":"TV-bord Allevare"},"content":{"rendered":"<p>Moderne og stilfuldt, pr\u00e6sentere vi her TV-bordet Allevare fra LuxCasa. Dette TV-bord kommer i en elegant hvid farve, der passer perfekt ind i enhver moderne boligindretning. Udformet med stor pr\u00e6cision og omsorg i EU, er dette m\u00f8bel et fantastisk eksempel p\u00e5 europ\u00e6isk h\u00e5ndv\u00e6rk.<\/p>\n<p><\/p>\n<p>Med udvendige dimensioner p\u00e5 155x40x35 cm, giver Allevare dig rigelig plads til at placere dit fjernsyn samt dekorative genstande eller andre elektroniske enheder, der fuldender dit underholdningscenter.<\/p>\n<p><\/p>\n<p>Det er vigtigt at bem\u00e6rke, at belysning ikke er inkluderet i dette produkt. Dette giver dig friheden til at v\u00e6lge den belysning, der passer bedst til dine personlige pr\u00e6ferencer og din stues indretning. <\/p>\n<p><\/p>\n<p>For din ro i sindet, kommer dette produkt med en garanti p\u00e5 12 m\u00e5neder. Det sikrer, at dit k\u00f8b er beskyttet i et helt \u00e5r efter anskaffelsen. <\/p>\n<p><\/p>\n<p>Tilf\u00f8j det tidsl\u00f8se design og den solide konstruktion af Allevare TV-bordet til din stue og nyd den elegance og funktionalitet, det tilf\u00f8jer i dit hjems rum. Bem\u00e6rk dog, at dette TV-bord kr\u00e6ver samling. Vi er sikre p\u00e5, at du vil finde det en nyttig og smuk tilf\u00f8jelse til dit hjem.<\/p>\n<p><\/p>\n<p>Leveringstid: Leveringstid 1-2 uger<br \/>\nFarve: hvid<br \/>\nBelysning: ikke inkluderet<br \/>\nUdvendige dimensioner: 155x40x35 cm<br \/>\nMontage: skal samles<br \/>\nGaranti: 12 m\u00e5neder<br \/>\nFremstillet: i EU<br \/>\nFabrikant: LuxCasa<\/p>\n","protected":false},"excerpt":{"rendered":"<p>Moderne og stilfuldt, pr\u00e6sentere vi her TV-bordet Allevare fra LuxCasa. Dette TV-bord kommer i en elegant hvid farve, der passer perfekt ind i enhver moderne boligindretning. Udformet med stor pr\u00e6cision og omsorg i EU, er dette m\u00f8bel et fantastisk eksempel p\u00e5 europ\u00e6isk h\u00e5ndv\u00e6rk. Med udvendige dimensioner p\u00e5 155x40x35 cm, giver Allevare dig rigelig plads til [&hellip;]<\/p>\n","protected":false},"featured_media":10441,"comment_status":"open","ping_status":"closed","template":"","meta":[],"product_brand":[],"product_cat":[152],"product_tag":[],"class_list":{"0":"post-10442","1":"product","2":"type-product","3":"status-publish","4":"has-post-thumbnail","6":"product_cat-tv-stands","8":"first","9":"instock","10":"shipping-taxable","11":"purchasable","12":"product-type-simple"},"yoast_head":"<!-- This site is optimized with the Yoast SEO plugin v24.8.1 - https:\/\/yoast.com\/wordpress\/plugins\/seo\/ -->\n<title>TV-bord Allevare - LASTCHANCE Deals | Danmark<\/title>\n<meta name=\"robots\" content=\"index, follow, max-snippet:-1, max-image-preview:large, max-video-preview:-1\" \/>\n<link rel=\"canonical\" href=\"https:\/\/last-chance.dk\/?product=tv-bord-allevare\" \/>\n<meta property=\"og:locale\" content=\"da_DK\" \/>\n<meta property=\"og:type\" content=\"article\" \/>\n<meta property=\"og:title\" content=\"TV-bord Allevare - LASTCHANCE Deals | Danmark\" \/>\n<meta property=\"og:description\" content=\"Moderne og stilfuldt, pr\u00e6sentere vi her TV-bordet Allevare fra LuxCasa. Dette TV-bord kommer i en elegant hvid farve, der passer perfekt ind i enhver moderne boligindretning. Udformet med stor pr\u00e6cision og omsorg i EU, er dette m\u00f8bel et fantastisk eksempel p\u00e5 europ\u00e6isk h\u00e5ndv\u00e6rk. Med udvendige dimensioner p\u00e5 155x40x35 cm, giver Allevare dig rigelig plads til [&hellip;]\" \/>\n<meta property=\"og:url\" content=\"https:\/\/last-chance.dk\/?product=tv-bord-allevare\" \/>\n<meta property=\"og:site_name\" content=\"LASTCHANCE Deals | Danmark\" \/>\n<meta property=\"article:modified_time\" content=\"2025-09-19T18:51:10+00:00\" \/>\n<meta property=\"og:image\" content=\"https:\/\/last-chance.dk\/wp-content\/uploads\/2024\/02\/1_2_73.jpg\" \/>\n\t<meta property=\"og:image:width\" content=\"2000\" \/>\n\t<meta property=\"og:image:height\" content=\"1428\" \/>\n\t<meta property=\"og:image:type\" content=\"image\/jpeg\" \/>\n<meta name=\"twitter:card\" content=\"summary_large_image\" \/>\n<meta name=\"twitter:label1\" content=\"Estimeret l\u00e6setid\" \/>\n\t<meta name=\"twitter:data1\" content=\"1 minut\" \/>\n<script type=\"application\/ld+json\" class=\"yoast-schema-graph\">{\"@context\":\"https:\/\/schema.org\",\"@graph\":[{\"@type\":\"WebPage\",\"@id\":\"https:\/\/last-chance.dk\/?product=tv-bord-allevare\",\"url\":\"https:\/\/last-chance.dk\/?product=tv-bord-allevare\",\"name\":\"TV-bord Allevare - LASTCHANCE Deals | Danmark\",\"isPartOf\":{\"@id\":\"https:\/\/last-chance.dk\/#website\"},\"primaryImageOfPage\":{\"@id\":\"https:\/\/last-chance.dk\/?product=tv-bord-allevare#primaryimage\"},\"image\":{\"@id\":\"https:\/\/last-chance.dk\/?product=tv-bord-allevare#primaryimage\"},\"thumbnailUrl\":\"https:\/\/last-chance.dk\/wp-content\/uploads\/2024\/02\/1_2_73.jpg\",\"datePublished\":\"2024-02-02T16:49:44+00:00\",\"dateModified\":\"2025-09-19T18:51:10+00:00\",\"breadcrumb\":{\"@id\":\"https:\/\/last-chance.dk\/?product=tv-bord-allevare#breadcrumb\"},\"inLanguage\":\"da-DK\",\"potentialAction\":[{\"@type\":\"ReadAction\",\"target\":[\"https:\/\/last-chance.dk\/?product=tv-bord-allevare\"]}]},{\"@type\":\"ImageObject\",\"inLanguage\":\"da-DK\",\"@id\":\"https:\/\/last-chance.dk\/?product=tv-bord-allevare#primaryimage\",\"url\":\"https:\/\/last-chance.dk\/wp-content\/uploads\/2024\/02\/1_2_73.jpg\",\"contentUrl\":\"https:\/\/last-chance.dk\/wp-content\/uploads\/2024\/02\/1_2_73.jpg\",\"width\":2000,\"height\":1428},{\"@type\":\"BreadcrumbList\",\"@id\":\"https:\/\/last-chance.dk\/?product=tv-bord-allevare#breadcrumb\",\"itemListElement\":[{\"@type\":\"ListItem\",\"position\":1,\"name\":\"Home\",\"item\":\"https:\/\/last-chance.dk\/\"},{\"@type\":\"ListItem\",\"position\":2,\"name\":\"TV-bord Allevare\"}]},{\"@type\":\"WebSite\",\"@id\":\"https:\/\/last-chance.dk\/#website\",\"url\":\"https:\/\/last-chance.dk\/\",\"name\":\"LASTCHANCE Deals | Danmark\",\"description\":\"LASTCHANCE Deals | Danmark\",\"publisher\":{\"@id\":\"https:\/\/last-chance.dk\/#organization\"},\"potentialAction\":[{\"@type\":\"SearchAction\",\"target\":{\"@type\":\"EntryPoint\",\"urlTemplate\":\"https:\/\/last-chance.dk\/?s={search_term_string}\"},\"query-input\":{\"@type\":\"PropertyValueSpecification\",\"valueRequired\":true,\"valueName\":\"search_term_string\"}}],\"inLanguage\":\"da-DK\"},{\"@type\":\"Organization\",\"@id\":\"https:\/\/last-chance.dk\/#organization\",\"name\":\"LASTCHANCE Deals | Danmark\",\"url\":\"https:\/\/last-chance.dk\/\",\"logo\":{\"@type\":\"ImageObject\",\"inLanguage\":\"da-DK\",\"@id\":\"https:\/\/last-chance.dk\/#\/schema\/logo\/image\/\",\"url\":\"https:\/\/last-chance.dk\/wp-content\/uploads\/2023\/10\/lastchancedeals_logo_dk_white.png\",\"contentUrl\":\"https:\/\/last-chance.dk\/wp-content\/uploads\/2023\/10\/lastchancedeals_logo_dk_white.png\",\"width\":470,\"height\":110,\"caption\":\"LASTCHANCE Deals | Danmark\"},\"image\":{\"@id\":\"https:\/\/last-chance.dk\/#\/schema\/logo\/image\/\"}}]}<\/script>\n<!-- \/ Yoast SEO plugin. -->","yoast_head_json":{"title":"TV-bord Allevare - LASTCHANCE Deals | Danmark","robots":{"index":"index","follow":"follow","max-snippet":"max-snippet:-1","max-image-preview":"max-image-preview:large","max-video-preview":"max-video-preview:-1"},"canonical":"https:\/\/last-chance.dk\/?product=tv-bord-allevare","og_locale":"da_DK","og_type":"article","og_title":"TV-bord Allevare - LASTCHANCE Deals | Danmark","og_description":"Moderne og stilfuldt, pr\u00e6sentere vi her TV-bordet Allevare fra LuxCasa. Dette TV-bord kommer i en elegant hvid farve, der passer perfekt ind i enhver moderne boligindretning. Udformet med stor pr\u00e6cision og omsorg i EU, er dette m\u00f8bel et fantastisk eksempel p\u00e5 europ\u00e6isk h\u00e5ndv\u00e6rk. Med udvendige dimensioner p\u00e5 155x40x35 cm, giver Allevare dig rigelig plads til [&hellip;]","og_url":"https:\/\/last-chance.dk\/?product=tv-bord-allevare","og_site_name":"LASTCHANCE Deals | Danmark","article_modified_time":"2025-09-19T18:51:10+00:00","og_image":[{"width":2000,"height":1428,"url":"https:\/\/last-chance.dk\/wp-content\/uploads\/2024\/02\/1_2_73.jpg","type":"image\/jpeg"}],"twitter_card":"summary_large_image","twitter_misc":{"Estimeret l\u00e6setid":"1 minut"},"schema":{"@context":"https:\/\/schema.org","@graph":[{"@type":"WebPage","@id":"https:\/\/last-chance.dk\/?product=tv-bord-allevare","url":"https:\/\/last-chance.dk\/?product=tv-bord-allevare","name":"TV-bord Allevare - LASTCHANCE Deals | Danmark","isPartOf":{"@id":"https:\/\/last-chance.dk\/#website"},"primaryImageOfPage":{"@id":"https:\/\/last-chance.dk\/?product=tv-bord-allevare#primaryimage"},"image":{"@id":"https:\/\/last-chance.dk\/?product=tv-bord-allevare#primaryimage"},"thumbnailUrl":"https:\/\/last-chance.dk\/wp-content\/uploads\/2024\/02\/1_2_73.jpg","datePublished":"2024-02-02T16:49:44+00:00","dateModified":"2025-09-19T18:51:10+00:00","breadcrumb":{"@id":"https:\/\/last-chance.dk\/?product=tv-bord-allevare#breadcrumb"},"inLanguage":"da-DK","potentialAction":[{"@type":"ReadAction","target":["https:\/\/last-chance.dk\/?product=tv-bord-allevare"]}]},{"@type":"ImageObject","inLanguage":"da-DK","@id":"https:\/\/last-chance.dk\/?product=tv-bord-allevare#primaryimage","url":"https:\/\/last-chance.dk\/wp-content\/uploads\/2024\/02\/1_2_73.jpg","contentUrl":"https:\/\/last-chance.dk\/wp-content\/uploads\/2024\/02\/1_2_73.jpg","width":2000,"height":1428},{"@type":"BreadcrumbList","@id":"https:\/\/last-chance.dk\/?product=tv-bord-allevare#breadcrumb","itemListElement":[{"@type":"ListItem","position":1,"name":"Home","item":"https:\/\/last-chance.dk\/"},{"@type":"ListItem","position":2,"name":"TV-bord Allevare"}]},{"@type":"WebSite","@id":"https:\/\/last-chance.dk\/#website","url":"https:\/\/last-chance.dk\/","name":"LASTCHANCE Deals | Danmark","description":"LASTCHANCE Deals | Danmark","publisher":{"@id":"https:\/\/last-chance.dk\/#organization"},"potentialAction":[{"@type":"SearchAction","target":{"@type":"EntryPoint","urlTemplate":"https:\/\/last-chance.dk\/?s={search_term_string}"},"query-input":{"@type":"PropertyValueSpecification","valueRequired":true,"valueName":"search_term_string"}}],"inLanguage":"da-DK"},{"@type":"Organization","@id":"https:\/\/last-chance.dk\/#organization","name":"LASTCHANCE Deals | Danmark","url":"https:\/\/last-chance.dk\/","logo":{"@type":"ImageObject","inLanguage":"da-DK","@id":"https:\/\/last-chance.dk\/#\/schema\/logo\/image\/","url":"https:\/\/last-chance.dk\/wp-content\/uploads\/2023\/10\/lastchancedeals_logo_dk_white.png","contentUrl":"https:\/\/last-chance.dk\/wp-content\/uploads\/2023\/10\/lastchancedeals_logo_dk_white.png","width":470,"height":110,"caption":"LASTCHANCE Deals | Danmark"},"image":{"@id":"https:\/\/last-chance.dk\/#\/schema\/logo\/image\/"}}]}},"_links":{"self":[{"href":"https:\/\/last-chance.dk\/index.php?rest_route=\/wp\/v2\/product\/10442","targetHints":{"allow":["GET"]}}],"collection":[{"href":"https:\/\/last-chance.dk\/index.php?rest_route=\/wp\/v2\/product"}],"about":[{"href":"https:\/\/last-chance.dk\/index.php?rest_route=\/wp\/v2\/types\/product"}],"replies":[{"embeddable":true,"href":"https:\/\/last-chance.dk\/index.php?rest_route=%2Fwp%2Fv2%2Fcomments&post=10442"}],"wp:featuredmedia":[{"embeddable":true,"href":"https:\/\/last-chance.dk\/index.php?rest_route=\/wp\/v2\/media\/10441"}],"wp:attachment":[{"href":"https:\/\/last-chance.dk\/index.php?rest_route=%2Fwp%2Fv2%2Fmedia&parent=10442"}],"wp:term":[{"taxonomy":"product_brand","embeddable":true,"href":"https:\/\/last-chance.dk\/index.php?rest_route=%2Fwp%2Fv2%2Fproduct_brand&post=10442"},{"taxonomy":"product_cat","embeddable":true,"href":"https:\/\/last-chance.dk\/index.php?rest_route=%2Fwp%2Fv2%2Fproduct_cat&post=10442"},{"taxonomy":"product_tag","embeddable":true,"href":"https:\/\/last-chance.dk\/index.php?rest_route=%2Fwp%2Fv2%2Fproduct_tag&post=10442"}],"curies":[{"name":"wp","href":"https:\/\/api.w.org\/{rel}","templated":true}]}}