{"id":10450,"date":"2024-02-02T16:52:10","date_gmt":"2024-02-02T16:52:10","guid":{"rendered":"https:\/\/www.lastchance.deals\/dk\/produkt\/tv-bord-vivanta\/"},"modified":"2025-09-19T19:01:46","modified_gmt":"2025-09-19T19:01:46","slug":"tv-bord-vivanta","status":"publish","type":"product","link":"https:\/\/last-chance.dk\/?product=tv-bord-vivanta","title":{"rendered":"TV-bord Vivanta"},"content":{"rendered":"<p>Vi introducerer det elegante TV-bord Vivanta fra LuxCasa, der giver dit hjem et strejf af moderne design. Dette sofistikerede m\u00f8bel er fremstillet i EU og er farvet i en ren og klassisk hvid farve, der passer til enhver indretning. <\/p>\n<p><\/p>\n<p>Bordet m\u00e5ler 100x36x40 cm, hvilket g\u00f8r det til det ideelle valg for ethvert rum, uanset st\u00f8rrelse. Med sit kompakte ydre, er det let at finde en passende plads til dette elegante stykke. Dens str\u00f8mlinede design og hvid finish g\u00f8r det til en perfekt tilf\u00f8jelse til ethvert moderne hjem.<\/p>\n<p><\/p>\n<p>TV-bordet Vivanta kommer som en samles\u00e6t, hvilket giver dig mulighed for selv at montere det. Selvom dette kr\u00e6ver lidt tid og indsats, er det en fremragende m\u00e5de at blive mere involveret i processen og s\u00e6tte dit personlige pr\u00e6g p\u00e5 m\u00f8blet. <\/p>\n<p><\/p>\n<p>Som en del af dit k\u00f8b, er der inkluderet en 12 m\u00e5neders garanti. Denne service fra LuxCasa sikrer, at du kan f\u00f8le dig tryg ved dit k\u00f8b og har fred i sindet til at vide, at dit nye m\u00f8bel er beskyttet.<\/p>\n<p><\/p>\n<p>Bem\u00e6rk venligst, belysning er ikke inkluderet med TV-bordet Vivanta. Det g\u00f8r at du selv har mulighed for at tilf\u00f8je dit eget valg af belysning, hvilket giver dig mulighed for at tilpasse udseendet af dit nye m\u00f8bel til dine specifikke pr\u00e6ferencer og belysningsbehov.<\/p>\n<p><\/p>\n<p>Opdater dit hjem med TV-bordet Vivanta- et m\u00f8bel, der blander funktionalitet og stil, skabt til den moderne beboer.<\/p>\n<p><\/p>\n<p>Leveringstid: Leveringstid 1-2 uger<br \/>\nFarve: hvid<br \/>\nBelysning: ikke inkluderet<br \/>\nUdvendige dimensioner: 100x36x40 cm<br \/>\nMontage: skal samles<br \/>\nGaranti: 12 m\u00e5neder<br \/>\nFremstillet: i EU<br \/>\nFabrikant: LuxCasa<\/p>\n","protected":false},"excerpt":{"rendered":"<p>Vi introducerer det elegante TV-bord Vivanta fra LuxCasa, der giver dit hjem et strejf af moderne design. Dette sofistikerede m\u00f8bel er fremstillet i EU og er farvet i en ren og klassisk hvid farve, der passer til enhver indretning. Bordet m\u00e5ler 100x36x40 cm, hvilket g\u00f8r det til det ideelle valg for ethvert rum, uanset st\u00f8rrelse. [&hellip;]<\/p>\n","protected":false},"featured_media":10449,"comment_status":"open","ping_status":"closed","template":"","meta":[],"product_brand":[],"product_cat":[152],"product_tag":[],"class_list":{"0":"post-10450","1":"product","2":"type-product","3":"status-publish","4":"has-post-thumbnail","6":"product_cat-tv-stands","8":"first","9":"instock","10":"shipping-taxable","11":"purchasable","12":"product-type-simple"},"yoast_head":"<!-- This site is optimized with the Yoast SEO plugin v24.8.1 - https:\/\/yoast.com\/wordpress\/plugins\/seo\/ -->\n<title>TV-bord Vivanta - LASTCHANCE Deals | Danmark<\/title>\n<meta name=\"robots\" content=\"index, follow, max-snippet:-1, max-image-preview:large, max-video-preview:-1\" \/>\n<link rel=\"canonical\" href=\"https:\/\/last-chance.dk\/?product=tv-bord-vivanta\" \/>\n<meta property=\"og:locale\" content=\"da_DK\" \/>\n<meta property=\"og:type\" content=\"article\" \/>\n<meta property=\"og:title\" content=\"TV-bord Vivanta - LASTCHANCE Deals | Danmark\" \/>\n<meta property=\"og:description\" content=\"Vi introducerer det elegante TV-bord Vivanta fra LuxCasa, der giver dit hjem et strejf af moderne design. Dette sofistikerede m\u00f8bel er fremstillet i EU og er farvet i en ren og klassisk hvid farve, der passer til enhver indretning. Bordet m\u00e5ler 100x36x40 cm, hvilket g\u00f8r det til det ideelle valg for ethvert rum, uanset st\u00f8rrelse. [&hellip;]\" \/>\n<meta property=\"og:url\" content=\"https:\/\/last-chance.dk\/?product=tv-bord-vivanta\" \/>\n<meta property=\"og:site_name\" content=\"LASTCHANCE Deals | Danmark\" \/>\n<meta property=\"article:modified_time\" content=\"2025-09-19T19:01:46+00:00\" \/>\n<meta property=\"og:image\" content=\"https:\/\/last-chance.dk\/wp-content\/uploads\/2024\/02\/1_2_10-scaled.jpg\" \/>\n\t<meta property=\"og:image:width\" content=\"2560\" \/>\n\t<meta property=\"og:image:height\" content=\"1659\" \/>\n\t<meta property=\"og:image:type\" content=\"image\/jpeg\" \/>\n<meta name=\"twitter:card\" content=\"summary_large_image\" \/>\n<meta name=\"twitter:label1\" content=\"Estimeret l\u00e6setid\" \/>\n\t<meta name=\"twitter:data1\" content=\"1 minut\" \/>\n<script type=\"application\/ld+json\" class=\"yoast-schema-graph\">{\"@context\":\"https:\/\/schema.org\",\"@graph\":[{\"@type\":\"WebPage\",\"@id\":\"https:\/\/last-chance.dk\/?product=tv-bord-vivanta\",\"url\":\"https:\/\/last-chance.dk\/?product=tv-bord-vivanta\",\"name\":\"TV-bord Vivanta - LASTCHANCE Deals | Danmark\",\"isPartOf\":{\"@id\":\"https:\/\/last-chance.dk\/#website\"},\"primaryImageOfPage\":{\"@id\":\"https:\/\/last-chance.dk\/?product=tv-bord-vivanta#primaryimage\"},\"image\":{\"@id\":\"https:\/\/last-chance.dk\/?product=tv-bord-vivanta#primaryimage\"},\"thumbnailUrl\":\"https:\/\/last-chance.dk\/wp-content\/uploads\/2024\/02\/1_2_10-scaled.jpg\",\"datePublished\":\"2024-02-02T16:52:10+00:00\",\"dateModified\":\"2025-09-19T19:01:46+00:00\",\"breadcrumb\":{\"@id\":\"https:\/\/last-chance.dk\/?product=tv-bord-vivanta#breadcrumb\"},\"inLanguage\":\"da-DK\",\"potentialAction\":[{\"@type\":\"ReadAction\",\"target\":[\"https:\/\/last-chance.dk\/?product=tv-bord-vivanta\"]}]},{\"@type\":\"ImageObject\",\"inLanguage\":\"da-DK\",\"@id\":\"https:\/\/last-chance.dk\/?product=tv-bord-vivanta#primaryimage\",\"url\":\"https:\/\/last-chance.dk\/wp-content\/uploads\/2024\/02\/1_2_10-scaled.jpg\",\"contentUrl\":\"https:\/\/last-chance.dk\/wp-content\/uploads\/2024\/02\/1_2_10-scaled.jpg\",\"width\":2560,\"height\":1659},{\"@type\":\"BreadcrumbList\",\"@id\":\"https:\/\/last-chance.dk\/?product=tv-bord-vivanta#breadcrumb\",\"itemListElement\":[{\"@type\":\"ListItem\",\"position\":1,\"name\":\"Home\",\"item\":\"https:\/\/last-chance.dk\/\"},{\"@type\":\"ListItem\",\"position\":2,\"name\":\"TV-bord Vivanta\"}]},{\"@type\":\"WebSite\",\"@id\":\"https:\/\/last-chance.dk\/#website\",\"url\":\"https:\/\/last-chance.dk\/\",\"name\":\"LASTCHANCE Deals | Danmark\",\"description\":\"LASTCHANCE Deals | Danmark\",\"publisher\":{\"@id\":\"https:\/\/last-chance.dk\/#organization\"},\"potentialAction\":[{\"@type\":\"SearchAction\",\"target\":{\"@type\":\"EntryPoint\",\"urlTemplate\":\"https:\/\/last-chance.dk\/?s={search_term_string}\"},\"query-input\":{\"@type\":\"PropertyValueSpecification\",\"valueRequired\":true,\"valueName\":\"search_term_string\"}}],\"inLanguage\":\"da-DK\"},{\"@type\":\"Organization\",\"@id\":\"https:\/\/last-chance.dk\/#organization\",\"name\":\"LASTCHANCE Deals | Danmark\",\"url\":\"https:\/\/last-chance.dk\/\",\"logo\":{\"@type\":\"ImageObject\",\"inLanguage\":\"da-DK\",\"@id\":\"https:\/\/last-chance.dk\/#\/schema\/logo\/image\/\",\"url\":\"https:\/\/last-chance.dk\/wp-content\/uploads\/2023\/10\/lastchancedeals_logo_dk_white.png\",\"contentUrl\":\"https:\/\/last-chance.dk\/wp-content\/uploads\/2023\/10\/lastchancedeals_logo_dk_white.png\",\"width\":470,\"height\":110,\"caption\":\"LASTCHANCE Deals | Danmark\"},\"image\":{\"@id\":\"https:\/\/last-chance.dk\/#\/schema\/logo\/image\/\"}}]}<\/script>\n<!-- \/ Yoast SEO plugin. -->","yoast_head_json":{"title":"TV-bord Vivanta - LASTCHANCE Deals | Danmark","robots":{"index":"index","follow":"follow","max-snippet":"max-snippet:-1","max-image-preview":"max-image-preview:large","max-video-preview":"max-video-preview:-1"},"canonical":"https:\/\/last-chance.dk\/?product=tv-bord-vivanta","og_locale":"da_DK","og_type":"article","og_title":"TV-bord Vivanta - LASTCHANCE Deals | Danmark","og_description":"Vi introducerer det elegante TV-bord Vivanta fra LuxCasa, der giver dit hjem et strejf af moderne design. Dette sofistikerede m\u00f8bel er fremstillet i EU og er farvet i en ren og klassisk hvid farve, der passer til enhver indretning. Bordet m\u00e5ler 100x36x40 cm, hvilket g\u00f8r det til det ideelle valg for ethvert rum, uanset st\u00f8rrelse. [&hellip;]","og_url":"https:\/\/last-chance.dk\/?product=tv-bord-vivanta","og_site_name":"LASTCHANCE Deals | Danmark","article_modified_time":"2025-09-19T19:01:46+00:00","og_image":[{"width":2560,"height":1659,"url":"https:\/\/last-chance.dk\/wp-content\/uploads\/2024\/02\/1_2_10-scaled.jpg","type":"image\/jpeg"}],"twitter_card":"summary_large_image","twitter_misc":{"Estimeret l\u00e6setid":"1 minut"},"schema":{"@context":"https:\/\/schema.org","@graph":[{"@type":"WebPage","@id":"https:\/\/last-chance.dk\/?product=tv-bord-vivanta","url":"https:\/\/last-chance.dk\/?product=tv-bord-vivanta","name":"TV-bord Vivanta - LASTCHANCE Deals | Danmark","isPartOf":{"@id":"https:\/\/last-chance.dk\/#website"},"primaryImageOfPage":{"@id":"https:\/\/last-chance.dk\/?product=tv-bord-vivanta#primaryimage"},"image":{"@id":"https:\/\/last-chance.dk\/?product=tv-bord-vivanta#primaryimage"},"thumbnailUrl":"https:\/\/last-chance.dk\/wp-content\/uploads\/2024\/02\/1_2_10-scaled.jpg","datePublished":"2024-02-02T16:52:10+00:00","dateModified":"2025-09-19T19:01:46+00:00","breadcrumb":{"@id":"https:\/\/last-chance.dk\/?product=tv-bord-vivanta#breadcrumb"},"inLanguage":"da-DK","potentialAction":[{"@type":"ReadAction","target":["https:\/\/last-chance.dk\/?product=tv-bord-vivanta"]}]},{"@type":"ImageObject","inLanguage":"da-DK","@id":"https:\/\/last-chance.dk\/?product=tv-bord-vivanta#primaryimage","url":"https:\/\/last-chance.dk\/wp-content\/uploads\/2024\/02\/1_2_10-scaled.jpg","contentUrl":"https:\/\/last-chance.dk\/wp-content\/uploads\/2024\/02\/1_2_10-scaled.jpg","width":2560,"height":1659},{"@type":"BreadcrumbList","@id":"https:\/\/last-chance.dk\/?product=tv-bord-vivanta#breadcrumb","itemListElement":[{"@type":"ListItem","position":1,"name":"Home","item":"https:\/\/last-chance.dk\/"},{"@type":"ListItem","position":2,"name":"TV-bord Vivanta"}]},{"@type":"WebSite","@id":"https:\/\/last-chance.dk\/#website","url":"https:\/\/last-chance.dk\/","name":"LASTCHANCE Deals | Danmark","description":"LASTCHANCE Deals | Danmark","publisher":{"@id":"https:\/\/last-chance.dk\/#organization"},"potentialAction":[{"@type":"SearchAction","target":{"@type":"EntryPoint","urlTemplate":"https:\/\/last-chance.dk\/?s={search_term_string}"},"query-input":{"@type":"PropertyValueSpecification","valueRequired":true,"valueName":"search_term_string"}}],"inLanguage":"da-DK"},{"@type":"Organization","@id":"https:\/\/last-chance.dk\/#organization","name":"LASTCHANCE Deals | Danmark","url":"https:\/\/last-chance.dk\/","logo":{"@type":"ImageObject","inLanguage":"da-DK","@id":"https:\/\/last-chance.dk\/#\/schema\/logo\/image\/","url":"https:\/\/last-chance.dk\/wp-content\/uploads\/2023\/10\/lastchancedeals_logo_dk_white.png","contentUrl":"https:\/\/last-chance.dk\/wp-content\/uploads\/2023\/10\/lastchancedeals_logo_dk_white.png","width":470,"height":110,"caption":"LASTCHANCE Deals | Danmark"},"image":{"@id":"https:\/\/last-chance.dk\/#\/schema\/logo\/image\/"}}]}},"_links":{"self":[{"href":"https:\/\/last-chance.dk\/index.php?rest_route=\/wp\/v2\/product\/10450","targetHints":{"allow":["GET"]}}],"collection":[{"href":"https:\/\/last-chance.dk\/index.php?rest_route=\/wp\/v2\/product"}],"about":[{"href":"https:\/\/last-chance.dk\/index.php?rest_route=\/wp\/v2\/types\/product"}],"replies":[{"embeddable":true,"href":"https:\/\/last-chance.dk\/index.php?rest_route=%2Fwp%2Fv2%2Fcomments&post=10450"}],"wp:featuredmedia":[{"embeddable":true,"href":"https:\/\/last-chance.dk\/index.php?rest_route=\/wp\/v2\/media\/10449"}],"wp:attachment":[{"href":"https:\/\/last-chance.dk\/index.php?rest_route=%2Fwp%2Fv2%2Fmedia&parent=10450"}],"wp:term":[{"taxonomy":"product_brand","embeddable":true,"href":"https:\/\/last-chance.dk\/index.php?rest_route=%2Fwp%2Fv2%2Fproduct_brand&post=10450"},{"taxonomy":"product_cat","embeddable":true,"href":"https:\/\/last-chance.dk\/index.php?rest_route=%2Fwp%2Fv2%2Fproduct_cat&post=10450"},{"taxonomy":"product_tag","embeddable":true,"href":"https:\/\/last-chance.dk\/index.php?rest_route=%2Fwp%2Fv2%2Fproduct_tag&post=10450"}],"curies":[{"name":"wp","href":"https:\/\/api.w.org\/{rel}","templated":true}]}}