{"id":10456,"date":"2024-02-02T16:53:40","date_gmt":"2024-02-02T16:53:40","guid":{"rendered":"https:\/\/www.lastchance.deals\/dk\/produkt\/tv-bord-9-valentia\/"},"modified":"2025-09-19T18:50:52","modified_gmt":"2025-09-19T18:50:52","slug":"tv-bord-9-valentia","status":"publish","type":"product","link":"https:\/\/last-chance.dk\/?product=tv-bord-9-valentia","title":{"rendered":"TV-bord 9.Valentia"},"content":{"rendered":"<p>Pr\u00e6senterer TV-bordet 9.Valentia. Dette smukke m\u00f8bel fra LuxCasa, en f\u00f8rende producent i EU, vil bringe en unik moderne stil ind i dit hjem.<\/p>\n<p><\/p>\n<p>Designet er b\u00e5de praktisk og attraktivt. Bordet er en flot sort farve, der kan matche ethvert hjem indretning. Det har optimale dimensioner p\u00e5 140x36x40 cm, der passer til de fleste fladsk\u00e6rms-tv&#8217;er og giver plads til tilbeh\u00f8r og dekorative genstande. Ogs\u00e5 velegnet til dit hjemmekontor eller stue som et midtpunkt, der tilf\u00f8rer dit rum et strejf af klasse.<\/p>\n<p><\/p>\n<p>TV-Bord 9 Valentia kommer som et samles\u00e6t. Du vil blive gl\u00e6deligt overrasket over, hvor let det er at montere, og hvordan det kompakte design tillader nem reng\u00f8ring og vedligeholdelse. Det giver ogs\u00e5 en garantiperiode p\u00e5 12 m\u00e5neder for en ekstra tryghed.<\/p>\n<p><\/p>\n<p>V\u00e6r opm\u00e6rksom p\u00e5, at belysningen ikke er inkluderet i denne model. Men dette giver dig chancen for at tilf\u00f8je din egen belysning, der reflekterer din stil og personlighed.<\/p>\n<p><\/p>\n<p>TV-bord 9.Valentia er et elegant valg for dem, der v\u00e6rds\u00e6tter god smag og h\u00f8j kvalitet. Lavet i EU med en subtil stil og robust struktur, er dette tv-bord klar til at forbedre din daglige underholdning og din livsstil. G\u00f8r det til dit, og nyd dets sk\u00f8nhed og praktiske anvendelighed hver dag.<\/p>\n<p><\/p>\n<p>Leveringstid: Leveringstid 1-2 uger<br \/>\nFarve: sort<br \/>\nBelysning: ikke inkluderet<br \/>\nUdvendige dimensioner: 140x36x40 cm<br \/>\nMontage: skal samles<br \/>\nGaranti: 12 m\u00e5neder<br \/>\nFremstillet: i EU<br \/>\nFabrikant: LuxCasa<\/p>\n","protected":false},"excerpt":{"rendered":"<p>Pr\u00e6senterer TV-bordet 9.Valentia. Dette smukke m\u00f8bel fra LuxCasa, en f\u00f8rende producent i EU, vil bringe en unik moderne stil ind i dit hjem. Designet er b\u00e5de praktisk og attraktivt. Bordet er en flot sort farve, der kan matche ethvert hjem indretning. Det har optimale dimensioner p\u00e5 140x36x40 cm, der passer til de fleste fladsk\u00e6rms-tv&#8217;er og [&hellip;]<\/p>\n","protected":false},"featured_media":10455,"comment_status":"open","ping_status":"closed","template":"","meta":[],"product_brand":[],"product_cat":[152],"product_tag":[],"class_list":{"0":"post-10456","1":"product","2":"type-product","3":"status-publish","4":"has-post-thumbnail","6":"product_cat-tv-stands","8":"first","9":"instock","10":"shipping-taxable","11":"purchasable","12":"product-type-simple"},"yoast_head":"<!-- This site is optimized with the Yoast SEO plugin v24.8.1 - https:\/\/yoast.com\/wordpress\/plugins\/seo\/ -->\n<title>TV-bord 9.Valentia - LASTCHANCE Deals | Danmark<\/title>\n<meta name=\"robots\" content=\"index, follow, max-snippet:-1, max-image-preview:large, max-video-preview:-1\" \/>\n<link rel=\"canonical\" href=\"https:\/\/last-chance.dk\/?product=tv-bord-9-valentia\" \/>\n<meta property=\"og:locale\" content=\"da_DK\" \/>\n<meta property=\"og:type\" content=\"article\" \/>\n<meta property=\"og:title\" content=\"TV-bord 9.Valentia - LASTCHANCE Deals | Danmark\" \/>\n<meta property=\"og:description\" content=\"Pr\u00e6senterer TV-bordet 9.Valentia. Dette smukke m\u00f8bel fra LuxCasa, en f\u00f8rende producent i EU, vil bringe en unik moderne stil ind i dit hjem. Designet er b\u00e5de praktisk og attraktivt. Bordet er en flot sort farve, der kan matche ethvert hjem indretning. Det har optimale dimensioner p\u00e5 140x36x40 cm, der passer til de fleste fladsk\u00e6rms-tv&#8217;er og [&hellip;]\" \/>\n<meta property=\"og:url\" content=\"https:\/\/last-chance.dk\/?product=tv-bord-9-valentia\" \/>\n<meta property=\"og:site_name\" content=\"LASTCHANCE Deals | Danmark\" \/>\n<meta property=\"article:modified_time\" content=\"2025-09-19T18:50:52+00:00\" \/>\n<meta property=\"og:image\" content=\"https:\/\/last-chance.dk\/wp-content\/uploads\/2024\/02\/1_2_53-scaled.jpg\" \/>\n\t<meta property=\"og:image:width\" content=\"2560\" \/>\n\t<meta property=\"og:image:height\" content=\"1659\" \/>\n\t<meta property=\"og:image:type\" content=\"image\/jpeg\" \/>\n<meta name=\"twitter:card\" content=\"summary_large_image\" \/>\n<meta name=\"twitter:label1\" content=\"Estimeret l\u00e6setid\" \/>\n\t<meta name=\"twitter:data1\" content=\"1 minut\" \/>\n<script type=\"application\/ld+json\" class=\"yoast-schema-graph\">{\"@context\":\"https:\/\/schema.org\",\"@graph\":[{\"@type\":\"WebPage\",\"@id\":\"https:\/\/last-chance.dk\/?product=tv-bord-9-valentia\",\"url\":\"https:\/\/last-chance.dk\/?product=tv-bord-9-valentia\",\"name\":\"TV-bord 9.Valentia - LASTCHANCE Deals | Danmark\",\"isPartOf\":{\"@id\":\"https:\/\/last-chance.dk\/#website\"},\"primaryImageOfPage\":{\"@id\":\"https:\/\/last-chance.dk\/?product=tv-bord-9-valentia#primaryimage\"},\"image\":{\"@id\":\"https:\/\/last-chance.dk\/?product=tv-bord-9-valentia#primaryimage\"},\"thumbnailUrl\":\"https:\/\/last-chance.dk\/wp-content\/uploads\/2024\/02\/1_2_53-scaled.jpg\",\"datePublished\":\"2024-02-02T16:53:40+00:00\",\"dateModified\":\"2025-09-19T18:50:52+00:00\",\"breadcrumb\":{\"@id\":\"https:\/\/last-chance.dk\/?product=tv-bord-9-valentia#breadcrumb\"},\"inLanguage\":\"da-DK\",\"potentialAction\":[{\"@type\":\"ReadAction\",\"target\":[\"https:\/\/last-chance.dk\/?product=tv-bord-9-valentia\"]}]},{\"@type\":\"ImageObject\",\"inLanguage\":\"da-DK\",\"@id\":\"https:\/\/last-chance.dk\/?product=tv-bord-9-valentia#primaryimage\",\"url\":\"https:\/\/last-chance.dk\/wp-content\/uploads\/2024\/02\/1_2_53-scaled.jpg\",\"contentUrl\":\"https:\/\/last-chance.dk\/wp-content\/uploads\/2024\/02\/1_2_53-scaled.jpg\",\"width\":2560,\"height\":1659},{\"@type\":\"BreadcrumbList\",\"@id\":\"https:\/\/last-chance.dk\/?product=tv-bord-9-valentia#breadcrumb\",\"itemListElement\":[{\"@type\":\"ListItem\",\"position\":1,\"name\":\"Home\",\"item\":\"https:\/\/last-chance.dk\/\"},{\"@type\":\"ListItem\",\"position\":2,\"name\":\"TV-bord 9.Valentia\"}]},{\"@type\":\"WebSite\",\"@id\":\"https:\/\/last-chance.dk\/#website\",\"url\":\"https:\/\/last-chance.dk\/\",\"name\":\"LASTCHANCE Deals | Danmark\",\"description\":\"LASTCHANCE Deals | Danmark\",\"publisher\":{\"@id\":\"https:\/\/last-chance.dk\/#organization\"},\"potentialAction\":[{\"@type\":\"SearchAction\",\"target\":{\"@type\":\"EntryPoint\",\"urlTemplate\":\"https:\/\/last-chance.dk\/?s={search_term_string}\"},\"query-input\":{\"@type\":\"PropertyValueSpecification\",\"valueRequired\":true,\"valueName\":\"search_term_string\"}}],\"inLanguage\":\"da-DK\"},{\"@type\":\"Organization\",\"@id\":\"https:\/\/last-chance.dk\/#organization\",\"name\":\"LASTCHANCE Deals | Danmark\",\"url\":\"https:\/\/last-chance.dk\/\",\"logo\":{\"@type\":\"ImageObject\",\"inLanguage\":\"da-DK\",\"@id\":\"https:\/\/last-chance.dk\/#\/schema\/logo\/image\/\",\"url\":\"https:\/\/last-chance.dk\/wp-content\/uploads\/2023\/10\/lastchancedeals_logo_dk_white.png\",\"contentUrl\":\"https:\/\/last-chance.dk\/wp-content\/uploads\/2023\/10\/lastchancedeals_logo_dk_white.png\",\"width\":470,\"height\":110,\"caption\":\"LASTCHANCE Deals | Danmark\"},\"image\":{\"@id\":\"https:\/\/last-chance.dk\/#\/schema\/logo\/image\/\"}}]}<\/script>\n<!-- \/ Yoast SEO plugin. -->","yoast_head_json":{"title":"TV-bord 9.Valentia - LASTCHANCE Deals | Danmark","robots":{"index":"index","follow":"follow","max-snippet":"max-snippet:-1","max-image-preview":"max-image-preview:large","max-video-preview":"max-video-preview:-1"},"canonical":"https:\/\/last-chance.dk\/?product=tv-bord-9-valentia","og_locale":"da_DK","og_type":"article","og_title":"TV-bord 9.Valentia - LASTCHANCE Deals | Danmark","og_description":"Pr\u00e6senterer TV-bordet 9.Valentia. Dette smukke m\u00f8bel fra LuxCasa, en f\u00f8rende producent i EU, vil bringe en unik moderne stil ind i dit hjem. Designet er b\u00e5de praktisk og attraktivt. Bordet er en flot sort farve, der kan matche ethvert hjem indretning. Det har optimale dimensioner p\u00e5 140x36x40 cm, der passer til de fleste fladsk\u00e6rms-tv&#8217;er og [&hellip;]","og_url":"https:\/\/last-chance.dk\/?product=tv-bord-9-valentia","og_site_name":"LASTCHANCE Deals | Danmark","article_modified_time":"2025-09-19T18:50:52+00:00","og_image":[{"width":2560,"height":1659,"url":"https:\/\/last-chance.dk\/wp-content\/uploads\/2024\/02\/1_2_53-scaled.jpg","type":"image\/jpeg"}],"twitter_card":"summary_large_image","twitter_misc":{"Estimeret l\u00e6setid":"1 minut"},"schema":{"@context":"https:\/\/schema.org","@graph":[{"@type":"WebPage","@id":"https:\/\/last-chance.dk\/?product=tv-bord-9-valentia","url":"https:\/\/last-chance.dk\/?product=tv-bord-9-valentia","name":"TV-bord 9.Valentia - LASTCHANCE Deals | Danmark","isPartOf":{"@id":"https:\/\/last-chance.dk\/#website"},"primaryImageOfPage":{"@id":"https:\/\/last-chance.dk\/?product=tv-bord-9-valentia#primaryimage"},"image":{"@id":"https:\/\/last-chance.dk\/?product=tv-bord-9-valentia#primaryimage"},"thumbnailUrl":"https:\/\/last-chance.dk\/wp-content\/uploads\/2024\/02\/1_2_53-scaled.jpg","datePublished":"2024-02-02T16:53:40+00:00","dateModified":"2025-09-19T18:50:52+00:00","breadcrumb":{"@id":"https:\/\/last-chance.dk\/?product=tv-bord-9-valentia#breadcrumb"},"inLanguage":"da-DK","potentialAction":[{"@type":"ReadAction","target":["https:\/\/last-chance.dk\/?product=tv-bord-9-valentia"]}]},{"@type":"ImageObject","inLanguage":"da-DK","@id":"https:\/\/last-chance.dk\/?product=tv-bord-9-valentia#primaryimage","url":"https:\/\/last-chance.dk\/wp-content\/uploads\/2024\/02\/1_2_53-scaled.jpg","contentUrl":"https:\/\/last-chance.dk\/wp-content\/uploads\/2024\/02\/1_2_53-scaled.jpg","width":2560,"height":1659},{"@type":"BreadcrumbList","@id":"https:\/\/last-chance.dk\/?product=tv-bord-9-valentia#breadcrumb","itemListElement":[{"@type":"ListItem","position":1,"name":"Home","item":"https:\/\/last-chance.dk\/"},{"@type":"ListItem","position":2,"name":"TV-bord 9.Valentia"}]},{"@type":"WebSite","@id":"https:\/\/last-chance.dk\/#website","url":"https:\/\/last-chance.dk\/","name":"LASTCHANCE Deals | Danmark","description":"LASTCHANCE Deals | Danmark","publisher":{"@id":"https:\/\/last-chance.dk\/#organization"},"potentialAction":[{"@type":"SearchAction","target":{"@type":"EntryPoint","urlTemplate":"https:\/\/last-chance.dk\/?s={search_term_string}"},"query-input":{"@type":"PropertyValueSpecification","valueRequired":true,"valueName":"search_term_string"}}],"inLanguage":"da-DK"},{"@type":"Organization","@id":"https:\/\/last-chance.dk\/#organization","name":"LASTCHANCE Deals | Danmark","url":"https:\/\/last-chance.dk\/","logo":{"@type":"ImageObject","inLanguage":"da-DK","@id":"https:\/\/last-chance.dk\/#\/schema\/logo\/image\/","url":"https:\/\/last-chance.dk\/wp-content\/uploads\/2023\/10\/lastchancedeals_logo_dk_white.png","contentUrl":"https:\/\/last-chance.dk\/wp-content\/uploads\/2023\/10\/lastchancedeals_logo_dk_white.png","width":470,"height":110,"caption":"LASTCHANCE Deals | Danmark"},"image":{"@id":"https:\/\/last-chance.dk\/#\/schema\/logo\/image\/"}}]}},"_links":{"self":[{"href":"https:\/\/last-chance.dk\/index.php?rest_route=\/wp\/v2\/product\/10456","targetHints":{"allow":["GET"]}}],"collection":[{"href":"https:\/\/last-chance.dk\/index.php?rest_route=\/wp\/v2\/product"}],"about":[{"href":"https:\/\/last-chance.dk\/index.php?rest_route=\/wp\/v2\/types\/product"}],"replies":[{"embeddable":true,"href":"https:\/\/last-chance.dk\/index.php?rest_route=%2Fwp%2Fv2%2Fcomments&post=10456"}],"wp:featuredmedia":[{"embeddable":true,"href":"https:\/\/last-chance.dk\/index.php?rest_route=\/wp\/v2\/media\/10455"}],"wp:attachment":[{"href":"https:\/\/last-chance.dk\/index.php?rest_route=%2Fwp%2Fv2%2Fmedia&parent=10456"}],"wp:term":[{"taxonomy":"product_brand","embeddable":true,"href":"https:\/\/last-chance.dk\/index.php?rest_route=%2Fwp%2Fv2%2Fproduct_brand&post=10456"},{"taxonomy":"product_cat","embeddable":true,"href":"https:\/\/last-chance.dk\/index.php?rest_route=%2Fwp%2Fv2%2Fproduct_cat&post=10456"},{"taxonomy":"product_tag","embeddable":true,"href":"https:\/\/last-chance.dk\/index.php?rest_route=%2Fwp%2Fv2%2Fproduct_tag&post=10456"}],"curies":[{"name":"wp","href":"https:\/\/api.w.org\/{rel}","templated":true}]}}