{"id":10468,"date":"2024-02-02T16:56:47","date_gmt":"2024-02-02T16:56:47","guid":{"rendered":"https:\/\/www.lastchance.deals\/dk\/produkt\/tv-bord-poltrona\/"},"modified":"2025-09-19T18:58:56","modified_gmt":"2025-09-19T18:58:56","slug":"tv-bord-poltrona","status":"publish","type":"product","link":"https:\/\/last-chance.dk\/?product=tv-bord-poltrona","title":{"rendered":"TV-bord Poltrona"},"content":{"rendered":"<p>Produkt: <strong>TV-bord Poltrona<\/strong> fra den h\u00f8jt respekterede fabrikant <strong>LuxCasa<\/strong>, kendt for deres kvalitetsm\u00f8bler produceret i EU. <\/p>\n<p><\/p>\n<p>Dette TV-bord er designet med sofistikerede, rene linjer og kommer i en klassisk hvid farve, der let kan integreres i ethvert moderne hjem. Med udvendige m\u00e5l p\u00e5 140x40x42 cm, tilbyder det fin balance mellem plads til at placere dit TV og opbevaringskapacitet. <\/p>\n<p><\/p>\n<p>V\u00e6r opm\u00e6rksom p\u00e5, at belysning ikke er inkluderet med dette produkt. <\/p>\n<p><\/p>\n<p>Dette TV-bord leveres uindpakt, s\u00e5 samling er n\u00f8dvendig. Men for din sikkerhed og bekvemmelighed, har vi s\u00f8rget for, at samling er intuitiv og ligetil. <\/p>\n<p><\/p>\n<p>Vi er stolte over den h\u00f8j kvalitet af vores produkter, og derfor tilbyder vi en 12 m\u00e5neders garanti p\u00e5 TV-bord Poltrona. Hvis du oplever nogen problemer, t\u00f8v ikke med at n\u00e5 ud. Vi er altid her for at hj\u00e6lpe! <\/p>\n<p><\/p>\n<p>Tilf\u00f8j denne elegante tilf\u00f8jelse til dit hjem og nyd den chic appel og funktionalitet, som TV-bord Poltrona tilbyder. <\/p>\n<p><\/p>\n<p>Leveringstid: Leveringstid 1-2 uger<br \/>\nFarve: hvid<br \/>\nBelysning: ikke inkluderet<br \/>\nUdvendige dimensioner: 140x40x42 cm<br \/>\nMontage: skal samles<br \/>\nGaranti: 12 m\u00e5neder<br \/>\nFremstillet: i EU<br \/>\nFabrikant: LuxCasa<\/p>\n","protected":false},"excerpt":{"rendered":"<p>Produkt: TV-bord Poltrona fra den h\u00f8jt respekterede fabrikant LuxCasa, kendt for deres kvalitetsm\u00f8bler produceret i EU. Dette TV-bord er designet med sofistikerede, rene linjer og kommer i en klassisk hvid farve, der let kan integreres i ethvert moderne hjem. Med udvendige m\u00e5l p\u00e5 140x40x42 cm, tilbyder det fin balance mellem plads til at placere dit [&hellip;]<\/p>\n","protected":false},"featured_media":10467,"comment_status":"open","ping_status":"closed","template":"","meta":[],"product_brand":[],"product_cat":[152],"product_tag":[],"class_list":{"0":"post-10468","1":"product","2":"type-product","3":"status-publish","4":"has-post-thumbnail","6":"product_cat-tv-stands","8":"first","9":"instock","10":"shipping-taxable","11":"purchasable","12":"product-type-simple"},"yoast_head":"<!-- This site is optimized with the Yoast SEO plugin v24.8.1 - https:\/\/yoast.com\/wordpress\/plugins\/seo\/ -->\n<title>TV-bord Poltrona - LASTCHANCE Deals | Danmark<\/title>\n<meta name=\"robots\" content=\"index, follow, max-snippet:-1, max-image-preview:large, max-video-preview:-1\" \/>\n<link rel=\"canonical\" href=\"https:\/\/last-chance.dk\/?product=tv-bord-poltrona\" \/>\n<meta property=\"og:locale\" content=\"da_DK\" \/>\n<meta property=\"og:type\" content=\"article\" \/>\n<meta property=\"og:title\" content=\"TV-bord Poltrona - LASTCHANCE Deals | Danmark\" \/>\n<meta property=\"og:description\" content=\"Produkt: TV-bord Poltrona fra den h\u00f8jt respekterede fabrikant LuxCasa, kendt for deres kvalitetsm\u00f8bler produceret i EU. Dette TV-bord er designet med sofistikerede, rene linjer og kommer i en klassisk hvid farve, der let kan integreres i ethvert moderne hjem. Med udvendige m\u00e5l p\u00e5 140x40x42 cm, tilbyder det fin balance mellem plads til at placere dit [&hellip;]\" \/>\n<meta property=\"og:url\" content=\"https:\/\/last-chance.dk\/?product=tv-bord-poltrona\" \/>\n<meta property=\"og:site_name\" content=\"LASTCHANCE Deals | Danmark\" \/>\n<meta property=\"article:modified_time\" content=\"2025-09-19T18:58:56+00:00\" \/>\n<meta property=\"og:image\" content=\"https:\/\/last-chance.dk\/wp-content\/uploads\/2024\/02\/1_2_12-scaled.jpg\" \/>\n\t<meta property=\"og:image:width\" content=\"2560\" \/>\n\t<meta property=\"og:image:height\" content=\"1840\" \/>\n\t<meta property=\"og:image:type\" content=\"image\/jpeg\" \/>\n<meta name=\"twitter:card\" content=\"summary_large_image\" \/>\n<meta name=\"twitter:label1\" content=\"Estimeret l\u00e6setid\" \/>\n\t<meta name=\"twitter:data1\" content=\"1 minut\" \/>\n<script type=\"application\/ld+json\" class=\"yoast-schema-graph\">{\"@context\":\"https:\/\/schema.org\",\"@graph\":[{\"@type\":\"WebPage\",\"@id\":\"https:\/\/last-chance.dk\/?product=tv-bord-poltrona\",\"url\":\"https:\/\/last-chance.dk\/?product=tv-bord-poltrona\",\"name\":\"TV-bord Poltrona - LASTCHANCE Deals | Danmark\",\"isPartOf\":{\"@id\":\"https:\/\/last-chance.dk\/#website\"},\"primaryImageOfPage\":{\"@id\":\"https:\/\/last-chance.dk\/?product=tv-bord-poltrona#primaryimage\"},\"image\":{\"@id\":\"https:\/\/last-chance.dk\/?product=tv-bord-poltrona#primaryimage\"},\"thumbnailUrl\":\"https:\/\/last-chance.dk\/wp-content\/uploads\/2024\/02\/1_2_12-scaled.jpg\",\"datePublished\":\"2024-02-02T16:56:47+00:00\",\"dateModified\":\"2025-09-19T18:58:56+00:00\",\"breadcrumb\":{\"@id\":\"https:\/\/last-chance.dk\/?product=tv-bord-poltrona#breadcrumb\"},\"inLanguage\":\"da-DK\",\"potentialAction\":[{\"@type\":\"ReadAction\",\"target\":[\"https:\/\/last-chance.dk\/?product=tv-bord-poltrona\"]}]},{\"@type\":\"ImageObject\",\"inLanguage\":\"da-DK\",\"@id\":\"https:\/\/last-chance.dk\/?product=tv-bord-poltrona#primaryimage\",\"url\":\"https:\/\/last-chance.dk\/wp-content\/uploads\/2024\/02\/1_2_12-scaled.jpg\",\"contentUrl\":\"https:\/\/last-chance.dk\/wp-content\/uploads\/2024\/02\/1_2_12-scaled.jpg\",\"width\":2560,\"height\":1840},{\"@type\":\"BreadcrumbList\",\"@id\":\"https:\/\/last-chance.dk\/?product=tv-bord-poltrona#breadcrumb\",\"itemListElement\":[{\"@type\":\"ListItem\",\"position\":1,\"name\":\"Home\",\"item\":\"https:\/\/last-chance.dk\/\"},{\"@type\":\"ListItem\",\"position\":2,\"name\":\"TV-bord Poltrona\"}]},{\"@type\":\"WebSite\",\"@id\":\"https:\/\/last-chance.dk\/#website\",\"url\":\"https:\/\/last-chance.dk\/\",\"name\":\"LASTCHANCE Deals | Danmark\",\"description\":\"LASTCHANCE Deals | Danmark\",\"publisher\":{\"@id\":\"https:\/\/last-chance.dk\/#organization\"},\"potentialAction\":[{\"@type\":\"SearchAction\",\"target\":{\"@type\":\"EntryPoint\",\"urlTemplate\":\"https:\/\/last-chance.dk\/?s={search_term_string}\"},\"query-input\":{\"@type\":\"PropertyValueSpecification\",\"valueRequired\":true,\"valueName\":\"search_term_string\"}}],\"inLanguage\":\"da-DK\"},{\"@type\":\"Organization\",\"@id\":\"https:\/\/last-chance.dk\/#organization\",\"name\":\"LASTCHANCE Deals | Danmark\",\"url\":\"https:\/\/last-chance.dk\/\",\"logo\":{\"@type\":\"ImageObject\",\"inLanguage\":\"da-DK\",\"@id\":\"https:\/\/last-chance.dk\/#\/schema\/logo\/image\/\",\"url\":\"https:\/\/last-chance.dk\/wp-content\/uploads\/2023\/10\/lastchancedeals_logo_dk_white.png\",\"contentUrl\":\"https:\/\/last-chance.dk\/wp-content\/uploads\/2023\/10\/lastchancedeals_logo_dk_white.png\",\"width\":470,\"height\":110,\"caption\":\"LASTCHANCE Deals | Danmark\"},\"image\":{\"@id\":\"https:\/\/last-chance.dk\/#\/schema\/logo\/image\/\"}}]}<\/script>\n<!-- \/ Yoast SEO plugin. -->","yoast_head_json":{"title":"TV-bord Poltrona - LASTCHANCE Deals | Danmark","robots":{"index":"index","follow":"follow","max-snippet":"max-snippet:-1","max-image-preview":"max-image-preview:large","max-video-preview":"max-video-preview:-1"},"canonical":"https:\/\/last-chance.dk\/?product=tv-bord-poltrona","og_locale":"da_DK","og_type":"article","og_title":"TV-bord Poltrona - LASTCHANCE Deals | Danmark","og_description":"Produkt: TV-bord Poltrona fra den h\u00f8jt respekterede fabrikant LuxCasa, kendt for deres kvalitetsm\u00f8bler produceret i EU. Dette TV-bord er designet med sofistikerede, rene linjer og kommer i en klassisk hvid farve, der let kan integreres i ethvert moderne hjem. Med udvendige m\u00e5l p\u00e5 140x40x42 cm, tilbyder det fin balance mellem plads til at placere dit [&hellip;]","og_url":"https:\/\/last-chance.dk\/?product=tv-bord-poltrona","og_site_name":"LASTCHANCE Deals | Danmark","article_modified_time":"2025-09-19T18:58:56+00:00","og_image":[{"width":2560,"height":1840,"url":"https:\/\/last-chance.dk\/wp-content\/uploads\/2024\/02\/1_2_12-scaled.jpg","type":"image\/jpeg"}],"twitter_card":"summary_large_image","twitter_misc":{"Estimeret l\u00e6setid":"1 minut"},"schema":{"@context":"https:\/\/schema.org","@graph":[{"@type":"WebPage","@id":"https:\/\/last-chance.dk\/?product=tv-bord-poltrona","url":"https:\/\/last-chance.dk\/?product=tv-bord-poltrona","name":"TV-bord Poltrona - LASTCHANCE Deals | Danmark","isPartOf":{"@id":"https:\/\/last-chance.dk\/#website"},"primaryImageOfPage":{"@id":"https:\/\/last-chance.dk\/?product=tv-bord-poltrona#primaryimage"},"image":{"@id":"https:\/\/last-chance.dk\/?product=tv-bord-poltrona#primaryimage"},"thumbnailUrl":"https:\/\/last-chance.dk\/wp-content\/uploads\/2024\/02\/1_2_12-scaled.jpg","datePublished":"2024-02-02T16:56:47+00:00","dateModified":"2025-09-19T18:58:56+00:00","breadcrumb":{"@id":"https:\/\/last-chance.dk\/?product=tv-bord-poltrona#breadcrumb"},"inLanguage":"da-DK","potentialAction":[{"@type":"ReadAction","target":["https:\/\/last-chance.dk\/?product=tv-bord-poltrona"]}]},{"@type":"ImageObject","inLanguage":"da-DK","@id":"https:\/\/last-chance.dk\/?product=tv-bord-poltrona#primaryimage","url":"https:\/\/last-chance.dk\/wp-content\/uploads\/2024\/02\/1_2_12-scaled.jpg","contentUrl":"https:\/\/last-chance.dk\/wp-content\/uploads\/2024\/02\/1_2_12-scaled.jpg","width":2560,"height":1840},{"@type":"BreadcrumbList","@id":"https:\/\/last-chance.dk\/?product=tv-bord-poltrona#breadcrumb","itemListElement":[{"@type":"ListItem","position":1,"name":"Home","item":"https:\/\/last-chance.dk\/"},{"@type":"ListItem","position":2,"name":"TV-bord Poltrona"}]},{"@type":"WebSite","@id":"https:\/\/last-chance.dk\/#website","url":"https:\/\/last-chance.dk\/","name":"LASTCHANCE Deals | Danmark","description":"LASTCHANCE Deals | Danmark","publisher":{"@id":"https:\/\/last-chance.dk\/#organization"},"potentialAction":[{"@type":"SearchAction","target":{"@type":"EntryPoint","urlTemplate":"https:\/\/last-chance.dk\/?s={search_term_string}"},"query-input":{"@type":"PropertyValueSpecification","valueRequired":true,"valueName":"search_term_string"}}],"inLanguage":"da-DK"},{"@type":"Organization","@id":"https:\/\/last-chance.dk\/#organization","name":"LASTCHANCE Deals | Danmark","url":"https:\/\/last-chance.dk\/","logo":{"@type":"ImageObject","inLanguage":"da-DK","@id":"https:\/\/last-chance.dk\/#\/schema\/logo\/image\/","url":"https:\/\/last-chance.dk\/wp-content\/uploads\/2023\/10\/lastchancedeals_logo_dk_white.png","contentUrl":"https:\/\/last-chance.dk\/wp-content\/uploads\/2023\/10\/lastchancedeals_logo_dk_white.png","width":470,"height":110,"caption":"LASTCHANCE Deals | Danmark"},"image":{"@id":"https:\/\/last-chance.dk\/#\/schema\/logo\/image\/"}}]}},"_links":{"self":[{"href":"https:\/\/last-chance.dk\/index.php?rest_route=\/wp\/v2\/product\/10468","targetHints":{"allow":["GET"]}}],"collection":[{"href":"https:\/\/last-chance.dk\/index.php?rest_route=\/wp\/v2\/product"}],"about":[{"href":"https:\/\/last-chance.dk\/index.php?rest_route=\/wp\/v2\/types\/product"}],"replies":[{"embeddable":true,"href":"https:\/\/last-chance.dk\/index.php?rest_route=%2Fwp%2Fv2%2Fcomments&post=10468"}],"wp:featuredmedia":[{"embeddable":true,"href":"https:\/\/last-chance.dk\/index.php?rest_route=\/wp\/v2\/media\/10467"}],"wp:attachment":[{"href":"https:\/\/last-chance.dk\/index.php?rest_route=%2Fwp%2Fv2%2Fmedia&parent=10468"}],"wp:term":[{"taxonomy":"product_brand","embeddable":true,"href":"https:\/\/last-chance.dk\/index.php?rest_route=%2Fwp%2Fv2%2Fproduct_brand&post=10468"},{"taxonomy":"product_cat","embeddable":true,"href":"https:\/\/last-chance.dk\/index.php?rest_route=%2Fwp%2Fv2%2Fproduct_cat&post=10468"},{"taxonomy":"product_tag","embeddable":true,"href":"https:\/\/last-chance.dk\/index.php?rest_route=%2Fwp%2Fv2%2Fproduct_tag&post=10468"}],"curies":[{"name":"wp","href":"https:\/\/api.w.org\/{rel}","templated":true}]}}