{"id":10498,"date":"2024-02-02T17:02:56","date_gmt":"2024-02-02T17:02:56","guid":{"rendered":"https:\/\/www.lastchance.deals\/dk\/produkt\/tv-bord-vaastu\/"},"modified":"2025-09-19T18:59:32","modified_gmt":"2025-09-19T18:59:32","slug":"tv-bord-vaastu","status":"publish","type":"product","link":"https:\/\/last-chance.dk\/?product=tv-bord-vaastu","title":{"rendered":"TV-bord Vaastu"},"content":{"rendered":"<p>M\u00f8d Vaastu, det stilrene TV-bord fra det kendte EU-m\u00e6rke LuxCasa. Produceret i Europa, lover dette TV-bord h\u00f8j kvalitet og holdbarhed, og f\u00f8lger naturligvis med en 12 m\u00e5neders garanti for din sikkerhed og tillid.<\/p>\n<p><\/p>\n<p>Vaastu TV-bordet er elegant udf\u00f8rt i en spektakul\u00e6r hvid farve, perfekt til at supplere og forbedre ethvert indend\u00f8rs design. De lyse toner can akcentuere dit stueomr\u00e5des estetik og skabe en mere \u00e5ben og luftig atmosf\u00e6re.<\/p>\n<p><\/p>\n<p>Dimensionerne p\u00e5 140x45x42 cm g\u00f8r dette TV-bord b\u00e5de rummeligt og kompakt. Dets intelligente design sikrer, at du har masser af plads til dit TV og andre elektroniske enheder, mens det stadig kan passe ind i mindre rum og ikke optager for meget af din dyrebare plads.<\/p>\n<p><\/p>\n<p>Vaastu TV-bordet skal samles, hvilket giver dig friheden til at forst\u00e5 og s\u00e6tte pris p\u00e5 brugeroplevelsen. Bem\u00e6rk venligst, at belysningen ikke er inkluderet. Det giver dig mulighed for at personligg\u00f8re belysningen og g\u00f8re den mere unik for dit hjem.<\/p>\n<p><\/p>\n<p>Leveringstid: Leveringstid 1-2 uger<br \/>\nFarve: hvid<br \/>\nBelysning: ikke inkluderet<br \/>\nUdvendige dimensioner: 140x45x42 cm<br \/>\nMontage: skal samles<br \/>\nGaranti: 12 m\u00e5neder<br \/>\nFremstillet: i EU<br \/>\nFabrikant: LuxCasa<\/p>\n","protected":false},"excerpt":{"rendered":"<p>M\u00f8d Vaastu, det stilrene TV-bord fra det kendte EU-m\u00e6rke LuxCasa. Produceret i Europa, lover dette TV-bord h\u00f8j kvalitet og holdbarhed, og f\u00f8lger naturligvis med en 12 m\u00e5neders garanti for din sikkerhed og tillid. Vaastu TV-bordet er elegant udf\u00f8rt i en spektakul\u00e6r hvid farve, perfekt til at supplere og forbedre ethvert indend\u00f8rs design. De lyse toner [&hellip;]<\/p>\n","protected":false},"featured_media":10497,"comment_status":"open","ping_status":"closed","template":"","meta":[],"product_brand":[],"product_cat":[152],"product_tag":[],"class_list":{"0":"post-10498","1":"product","2":"type-product","3":"status-publish","4":"has-post-thumbnail","6":"product_cat-tv-stands","8":"first","9":"instock","10":"shipping-taxable","11":"purchasable","12":"product-type-simple"},"yoast_head":"<!-- This site is optimized with the Yoast SEO plugin v24.8.1 - https:\/\/yoast.com\/wordpress\/plugins\/seo\/ -->\n<title>TV-bord Vaastu - LASTCHANCE Deals | Danmark<\/title>\n<meta name=\"robots\" content=\"index, follow, max-snippet:-1, max-image-preview:large, max-video-preview:-1\" \/>\n<link rel=\"canonical\" href=\"https:\/\/last-chance.dk\/?product=tv-bord-vaastu\" \/>\n<meta property=\"og:locale\" content=\"da_DK\" \/>\n<meta property=\"og:type\" content=\"article\" \/>\n<meta property=\"og:title\" content=\"TV-bord Vaastu - LASTCHANCE Deals | Danmark\" \/>\n<meta property=\"og:description\" content=\"M\u00f8d Vaastu, det stilrene TV-bord fra det kendte EU-m\u00e6rke LuxCasa. Produceret i Europa, lover dette TV-bord h\u00f8j kvalitet og holdbarhed, og f\u00f8lger naturligvis med en 12 m\u00e5neders garanti for din sikkerhed og tillid. Vaastu TV-bordet er elegant udf\u00f8rt i en spektakul\u00e6r hvid farve, perfekt til at supplere og forbedre ethvert indend\u00f8rs design. De lyse toner [&hellip;]\" \/>\n<meta property=\"og:url\" content=\"https:\/\/last-chance.dk\/?product=tv-bord-vaastu\" \/>\n<meta property=\"og:site_name\" content=\"LASTCHANCE Deals | Danmark\" \/>\n<meta property=\"article:modified_time\" content=\"2025-09-19T18:59:32+00:00\" \/>\n<meta property=\"og:image\" content=\"https:\/\/last-chance.dk\/wp-content\/uploads\/2024\/02\/1_2_62-scaled.jpg\" \/>\n\t<meta property=\"og:image:width\" content=\"2560\" \/>\n\t<meta property=\"og:image:height\" content=\"1915\" \/>\n\t<meta property=\"og:image:type\" content=\"image\/jpeg\" \/>\n<meta name=\"twitter:card\" content=\"summary_large_image\" \/>\n<meta name=\"twitter:label1\" content=\"Estimeret l\u00e6setid\" \/>\n\t<meta name=\"twitter:data1\" content=\"1 minut\" \/>\n<script type=\"application\/ld+json\" class=\"yoast-schema-graph\">{\"@context\":\"https:\/\/schema.org\",\"@graph\":[{\"@type\":\"WebPage\",\"@id\":\"https:\/\/last-chance.dk\/?product=tv-bord-vaastu\",\"url\":\"https:\/\/last-chance.dk\/?product=tv-bord-vaastu\",\"name\":\"TV-bord Vaastu - LASTCHANCE Deals | Danmark\",\"isPartOf\":{\"@id\":\"https:\/\/last-chance.dk\/#website\"},\"primaryImageOfPage\":{\"@id\":\"https:\/\/last-chance.dk\/?product=tv-bord-vaastu#primaryimage\"},\"image\":{\"@id\":\"https:\/\/last-chance.dk\/?product=tv-bord-vaastu#primaryimage\"},\"thumbnailUrl\":\"https:\/\/last-chance.dk\/wp-content\/uploads\/2024\/02\/1_2_62-scaled.jpg\",\"datePublished\":\"2024-02-02T17:02:56+00:00\",\"dateModified\":\"2025-09-19T18:59:32+00:00\",\"breadcrumb\":{\"@id\":\"https:\/\/last-chance.dk\/?product=tv-bord-vaastu#breadcrumb\"},\"inLanguage\":\"da-DK\",\"potentialAction\":[{\"@type\":\"ReadAction\",\"target\":[\"https:\/\/last-chance.dk\/?product=tv-bord-vaastu\"]}]},{\"@type\":\"ImageObject\",\"inLanguage\":\"da-DK\",\"@id\":\"https:\/\/last-chance.dk\/?product=tv-bord-vaastu#primaryimage\",\"url\":\"https:\/\/last-chance.dk\/wp-content\/uploads\/2024\/02\/1_2_62-scaled.jpg\",\"contentUrl\":\"https:\/\/last-chance.dk\/wp-content\/uploads\/2024\/02\/1_2_62-scaled.jpg\",\"width\":2560,\"height\":1915},{\"@type\":\"BreadcrumbList\",\"@id\":\"https:\/\/last-chance.dk\/?product=tv-bord-vaastu#breadcrumb\",\"itemListElement\":[{\"@type\":\"ListItem\",\"position\":1,\"name\":\"Home\",\"item\":\"https:\/\/last-chance.dk\/\"},{\"@type\":\"ListItem\",\"position\":2,\"name\":\"TV-bord Vaastu\"}]},{\"@type\":\"WebSite\",\"@id\":\"https:\/\/last-chance.dk\/#website\",\"url\":\"https:\/\/last-chance.dk\/\",\"name\":\"LASTCHANCE Deals | Danmark\",\"description\":\"LASTCHANCE Deals | Danmark\",\"publisher\":{\"@id\":\"https:\/\/last-chance.dk\/#organization\"},\"potentialAction\":[{\"@type\":\"SearchAction\",\"target\":{\"@type\":\"EntryPoint\",\"urlTemplate\":\"https:\/\/last-chance.dk\/?s={search_term_string}\"},\"query-input\":{\"@type\":\"PropertyValueSpecification\",\"valueRequired\":true,\"valueName\":\"search_term_string\"}}],\"inLanguage\":\"da-DK\"},{\"@type\":\"Organization\",\"@id\":\"https:\/\/last-chance.dk\/#organization\",\"name\":\"LASTCHANCE Deals | Danmark\",\"url\":\"https:\/\/last-chance.dk\/\",\"logo\":{\"@type\":\"ImageObject\",\"inLanguage\":\"da-DK\",\"@id\":\"https:\/\/last-chance.dk\/#\/schema\/logo\/image\/\",\"url\":\"https:\/\/last-chance.dk\/wp-content\/uploads\/2023\/10\/lastchancedeals_logo_dk_white.png\",\"contentUrl\":\"https:\/\/last-chance.dk\/wp-content\/uploads\/2023\/10\/lastchancedeals_logo_dk_white.png\",\"width\":470,\"height\":110,\"caption\":\"LASTCHANCE Deals | Danmark\"},\"image\":{\"@id\":\"https:\/\/last-chance.dk\/#\/schema\/logo\/image\/\"}}]}<\/script>\n<!-- \/ Yoast SEO plugin. -->","yoast_head_json":{"title":"TV-bord Vaastu - LASTCHANCE Deals | Danmark","robots":{"index":"index","follow":"follow","max-snippet":"max-snippet:-1","max-image-preview":"max-image-preview:large","max-video-preview":"max-video-preview:-1"},"canonical":"https:\/\/last-chance.dk\/?product=tv-bord-vaastu","og_locale":"da_DK","og_type":"article","og_title":"TV-bord Vaastu - LASTCHANCE Deals | Danmark","og_description":"M\u00f8d Vaastu, det stilrene TV-bord fra det kendte EU-m\u00e6rke LuxCasa. Produceret i Europa, lover dette TV-bord h\u00f8j kvalitet og holdbarhed, og f\u00f8lger naturligvis med en 12 m\u00e5neders garanti for din sikkerhed og tillid. Vaastu TV-bordet er elegant udf\u00f8rt i en spektakul\u00e6r hvid farve, perfekt til at supplere og forbedre ethvert indend\u00f8rs design. De lyse toner [&hellip;]","og_url":"https:\/\/last-chance.dk\/?product=tv-bord-vaastu","og_site_name":"LASTCHANCE Deals | Danmark","article_modified_time":"2025-09-19T18:59:32+00:00","og_image":[{"width":2560,"height":1915,"url":"https:\/\/last-chance.dk\/wp-content\/uploads\/2024\/02\/1_2_62-scaled.jpg","type":"image\/jpeg"}],"twitter_card":"summary_large_image","twitter_misc":{"Estimeret l\u00e6setid":"1 minut"},"schema":{"@context":"https:\/\/schema.org","@graph":[{"@type":"WebPage","@id":"https:\/\/last-chance.dk\/?product=tv-bord-vaastu","url":"https:\/\/last-chance.dk\/?product=tv-bord-vaastu","name":"TV-bord Vaastu - LASTCHANCE Deals | Danmark","isPartOf":{"@id":"https:\/\/last-chance.dk\/#website"},"primaryImageOfPage":{"@id":"https:\/\/last-chance.dk\/?product=tv-bord-vaastu#primaryimage"},"image":{"@id":"https:\/\/last-chance.dk\/?product=tv-bord-vaastu#primaryimage"},"thumbnailUrl":"https:\/\/last-chance.dk\/wp-content\/uploads\/2024\/02\/1_2_62-scaled.jpg","datePublished":"2024-02-02T17:02:56+00:00","dateModified":"2025-09-19T18:59:32+00:00","breadcrumb":{"@id":"https:\/\/last-chance.dk\/?product=tv-bord-vaastu#breadcrumb"},"inLanguage":"da-DK","potentialAction":[{"@type":"ReadAction","target":["https:\/\/last-chance.dk\/?product=tv-bord-vaastu"]}]},{"@type":"ImageObject","inLanguage":"da-DK","@id":"https:\/\/last-chance.dk\/?product=tv-bord-vaastu#primaryimage","url":"https:\/\/last-chance.dk\/wp-content\/uploads\/2024\/02\/1_2_62-scaled.jpg","contentUrl":"https:\/\/last-chance.dk\/wp-content\/uploads\/2024\/02\/1_2_62-scaled.jpg","width":2560,"height":1915},{"@type":"BreadcrumbList","@id":"https:\/\/last-chance.dk\/?product=tv-bord-vaastu#breadcrumb","itemListElement":[{"@type":"ListItem","position":1,"name":"Home","item":"https:\/\/last-chance.dk\/"},{"@type":"ListItem","position":2,"name":"TV-bord Vaastu"}]},{"@type":"WebSite","@id":"https:\/\/last-chance.dk\/#website","url":"https:\/\/last-chance.dk\/","name":"LASTCHANCE Deals | Danmark","description":"LASTCHANCE Deals | Danmark","publisher":{"@id":"https:\/\/last-chance.dk\/#organization"},"potentialAction":[{"@type":"SearchAction","target":{"@type":"EntryPoint","urlTemplate":"https:\/\/last-chance.dk\/?s={search_term_string}"},"query-input":{"@type":"PropertyValueSpecification","valueRequired":true,"valueName":"search_term_string"}}],"inLanguage":"da-DK"},{"@type":"Organization","@id":"https:\/\/last-chance.dk\/#organization","name":"LASTCHANCE Deals | Danmark","url":"https:\/\/last-chance.dk\/","logo":{"@type":"ImageObject","inLanguage":"da-DK","@id":"https:\/\/last-chance.dk\/#\/schema\/logo\/image\/","url":"https:\/\/last-chance.dk\/wp-content\/uploads\/2023\/10\/lastchancedeals_logo_dk_white.png","contentUrl":"https:\/\/last-chance.dk\/wp-content\/uploads\/2023\/10\/lastchancedeals_logo_dk_white.png","width":470,"height":110,"caption":"LASTCHANCE Deals | Danmark"},"image":{"@id":"https:\/\/last-chance.dk\/#\/schema\/logo\/image\/"}}]}},"_links":{"self":[{"href":"https:\/\/last-chance.dk\/index.php?rest_route=\/wp\/v2\/product\/10498","targetHints":{"allow":["GET"]}}],"collection":[{"href":"https:\/\/last-chance.dk\/index.php?rest_route=\/wp\/v2\/product"}],"about":[{"href":"https:\/\/last-chance.dk\/index.php?rest_route=\/wp\/v2\/types\/product"}],"replies":[{"embeddable":true,"href":"https:\/\/last-chance.dk\/index.php?rest_route=%2Fwp%2Fv2%2Fcomments&post=10498"}],"wp:featuredmedia":[{"embeddable":true,"href":"https:\/\/last-chance.dk\/index.php?rest_route=\/wp\/v2\/media\/10497"}],"wp:attachment":[{"href":"https:\/\/last-chance.dk\/index.php?rest_route=%2Fwp%2Fv2%2Fmedia&parent=10498"}],"wp:term":[{"taxonomy":"product_brand","embeddable":true,"href":"https:\/\/last-chance.dk\/index.php?rest_route=%2Fwp%2Fv2%2Fproduct_brand&post=10498"},{"taxonomy":"product_cat","embeddable":true,"href":"https:\/\/last-chance.dk\/index.php?rest_route=%2Fwp%2Fv2%2Fproduct_cat&post=10498"},{"taxonomy":"product_tag","embeddable":true,"href":"https:\/\/last-chance.dk\/index.php?rest_route=%2Fwp%2Fv2%2Fproduct_tag&post=10498"}],"curies":[{"name":"wp","href":"https:\/\/api.w.org\/{rel}","templated":true}]}}