{"id":10504,"date":"2024-02-02T17:04:00","date_gmt":"2024-02-02T17:04:00","guid":{"rendered":"https:\/\/www.lastchance.deals\/dk\/produkt\/tv-bord-homely\/"},"modified":"2025-09-19T18:55:19","modified_gmt":"2025-09-19T18:55:19","slug":"tv-bord-homely","status":"publish","type":"product","link":"https:\/\/last-chance.dk\/?product=tv-bord-homely","title":{"rendered":"TV-bord Homely"},"content":{"rendered":"<p>Med sit moderne og minimalistiske design, er TV-bordet Homely en fremragende tilf\u00f8jelse til enhver stue. Det er sort, hvilket g\u00f8r det nemt at matche med enhver indretningsstil. Bem\u00e6rk venligst, at belysning ikke er inkluderet.<\/p>\n<p><\/p>\n<p>Bordet m\u00e5ler 140x45x42 cm, hvilket giver rigelig plads til dit fjernsyn og tilbeh\u00f8r. Det er n\u00f8dvendigt at samle dette bord, men det er en lille pris at betale for et s\u00e5 smukt m\u00f8belstykke. Det er designet til at v\u00e6re holdbart og p\u00e5lideligt i ethvert hjem.<\/p>\n<p><\/p>\n<p>For vores kunder tilbyder vi en 12-m\u00e5neders garanti, s\u00e5 du kan have ro i sindet, n\u00e5r du k\u00f8ber dette produkt.<\/p>\n<p><\/p>\n<p>TV-bordet er fremstillet af LuxCasa, en velrenommeret fabrikant i EU. Med hver eneste detalje omhyggeligt udf\u00f8rt, er dette produkt et uds\u00f8gt eksempel p\u00e5 europ\u00e6isk h\u00e5ndv\u00e6rk.<\/p>\n<p><\/p>\n<p>Kompletter dit hjem med TV-bordet Homely og tilf\u00f8j det til din indk\u00f8bskurv nu!<\/p>\n<p><\/p>\n<p>Leveringstid: Leveringstid 1-2 uger<br \/>\nFarve: sort<br \/>\nBelysning: inkluderet i prisen<br \/>\nUdvendige dimensioner: 140x45x42 cm<br \/>\nMontage: skal samles<br \/>\nGaranti: 12 m\u00e5neder<br \/>\nFremstillet: i EU<br \/>\nFabrikant: LuxCasa<\/p>\n","protected":false},"excerpt":{"rendered":"<p>Med sit moderne og minimalistiske design, er TV-bordet Homely en fremragende tilf\u00f8jelse til enhver stue. Det er sort, hvilket g\u00f8r det nemt at matche med enhver indretningsstil. Bem\u00e6rk venligst, at belysning ikke er inkluderet. Bordet m\u00e5ler 140x45x42 cm, hvilket giver rigelig plads til dit fjernsyn og tilbeh\u00f8r. Det er n\u00f8dvendigt at samle dette bord, men [&hellip;]<\/p>\n","protected":false},"featured_media":10503,"comment_status":"open","ping_status":"closed","template":"","meta":[],"product_brand":[],"product_cat":[152],"product_tag":[],"class_list":{"0":"post-10504","1":"product","2":"type-product","3":"status-publish","4":"has-post-thumbnail","6":"product_cat-tv-stands","8":"first","9":"instock","10":"shipping-taxable","11":"purchasable","12":"product-type-simple"},"yoast_head":"<!-- This site is optimized with the Yoast SEO plugin v24.8.1 - https:\/\/yoast.com\/wordpress\/plugins\/seo\/ -->\n<title>TV-bord Homely - LASTCHANCE Deals | Danmark<\/title>\n<meta name=\"robots\" content=\"index, follow, max-snippet:-1, max-image-preview:large, max-video-preview:-1\" \/>\n<link rel=\"canonical\" href=\"https:\/\/last-chance.dk\/?product=tv-bord-homely\" \/>\n<meta property=\"og:locale\" content=\"da_DK\" \/>\n<meta property=\"og:type\" content=\"article\" \/>\n<meta property=\"og:title\" content=\"TV-bord Homely - LASTCHANCE Deals | Danmark\" \/>\n<meta property=\"og:description\" content=\"Med sit moderne og minimalistiske design, er TV-bordet Homely en fremragende tilf\u00f8jelse til enhver stue. Det er sort, hvilket g\u00f8r det nemt at matche med enhver indretningsstil. Bem\u00e6rk venligst, at belysning ikke er inkluderet. Bordet m\u00e5ler 140x45x42 cm, hvilket giver rigelig plads til dit fjernsyn og tilbeh\u00f8r. Det er n\u00f8dvendigt at samle dette bord, men [&hellip;]\" \/>\n<meta property=\"og:url\" content=\"https:\/\/last-chance.dk\/?product=tv-bord-homely\" \/>\n<meta property=\"og:site_name\" content=\"LASTCHANCE Deals | Danmark\" \/>\n<meta property=\"article:modified_time\" content=\"2025-09-19T18:55:19+00:00\" \/>\n<meta property=\"og:image\" content=\"https:\/\/last-chance.dk\/wp-content\/uploads\/2024\/02\/1_2_49-scaled.jpg\" \/>\n\t<meta property=\"og:image:width\" content=\"2560\" \/>\n\t<meta property=\"og:image:height\" content=\"1915\" \/>\n\t<meta property=\"og:image:type\" content=\"image\/jpeg\" \/>\n<meta name=\"twitter:card\" content=\"summary_large_image\" \/>\n<meta name=\"twitter:label1\" content=\"Estimeret l\u00e6setid\" \/>\n\t<meta name=\"twitter:data1\" content=\"1 minut\" \/>\n<script type=\"application\/ld+json\" class=\"yoast-schema-graph\">{\"@context\":\"https:\/\/schema.org\",\"@graph\":[{\"@type\":\"WebPage\",\"@id\":\"https:\/\/last-chance.dk\/?product=tv-bord-homely\",\"url\":\"https:\/\/last-chance.dk\/?product=tv-bord-homely\",\"name\":\"TV-bord Homely - LASTCHANCE Deals | Danmark\",\"isPartOf\":{\"@id\":\"https:\/\/last-chance.dk\/#website\"},\"primaryImageOfPage\":{\"@id\":\"https:\/\/last-chance.dk\/?product=tv-bord-homely#primaryimage\"},\"image\":{\"@id\":\"https:\/\/last-chance.dk\/?product=tv-bord-homely#primaryimage\"},\"thumbnailUrl\":\"https:\/\/last-chance.dk\/wp-content\/uploads\/2024\/02\/1_2_49-scaled.jpg\",\"datePublished\":\"2024-02-02T17:04:00+00:00\",\"dateModified\":\"2025-09-19T18:55:19+00:00\",\"breadcrumb\":{\"@id\":\"https:\/\/last-chance.dk\/?product=tv-bord-homely#breadcrumb\"},\"inLanguage\":\"da-DK\",\"potentialAction\":[{\"@type\":\"ReadAction\",\"target\":[\"https:\/\/last-chance.dk\/?product=tv-bord-homely\"]}]},{\"@type\":\"ImageObject\",\"inLanguage\":\"da-DK\",\"@id\":\"https:\/\/last-chance.dk\/?product=tv-bord-homely#primaryimage\",\"url\":\"https:\/\/last-chance.dk\/wp-content\/uploads\/2024\/02\/1_2_49-scaled.jpg\",\"contentUrl\":\"https:\/\/last-chance.dk\/wp-content\/uploads\/2024\/02\/1_2_49-scaled.jpg\",\"width\":2560,\"height\":1915},{\"@type\":\"BreadcrumbList\",\"@id\":\"https:\/\/last-chance.dk\/?product=tv-bord-homely#breadcrumb\",\"itemListElement\":[{\"@type\":\"ListItem\",\"position\":1,\"name\":\"Home\",\"item\":\"https:\/\/last-chance.dk\/\"},{\"@type\":\"ListItem\",\"position\":2,\"name\":\"TV-bord Homely\"}]},{\"@type\":\"WebSite\",\"@id\":\"https:\/\/last-chance.dk\/#website\",\"url\":\"https:\/\/last-chance.dk\/\",\"name\":\"LASTCHANCE Deals | Danmark\",\"description\":\"LASTCHANCE Deals | Danmark\",\"publisher\":{\"@id\":\"https:\/\/last-chance.dk\/#organization\"},\"potentialAction\":[{\"@type\":\"SearchAction\",\"target\":{\"@type\":\"EntryPoint\",\"urlTemplate\":\"https:\/\/last-chance.dk\/?s={search_term_string}\"},\"query-input\":{\"@type\":\"PropertyValueSpecification\",\"valueRequired\":true,\"valueName\":\"search_term_string\"}}],\"inLanguage\":\"da-DK\"},{\"@type\":\"Organization\",\"@id\":\"https:\/\/last-chance.dk\/#organization\",\"name\":\"LASTCHANCE Deals | Danmark\",\"url\":\"https:\/\/last-chance.dk\/\",\"logo\":{\"@type\":\"ImageObject\",\"inLanguage\":\"da-DK\",\"@id\":\"https:\/\/last-chance.dk\/#\/schema\/logo\/image\/\",\"url\":\"https:\/\/last-chance.dk\/wp-content\/uploads\/2023\/10\/lastchancedeals_logo_dk_white.png\",\"contentUrl\":\"https:\/\/last-chance.dk\/wp-content\/uploads\/2023\/10\/lastchancedeals_logo_dk_white.png\",\"width\":470,\"height\":110,\"caption\":\"LASTCHANCE Deals | Danmark\"},\"image\":{\"@id\":\"https:\/\/last-chance.dk\/#\/schema\/logo\/image\/\"}}]}<\/script>\n<!-- \/ Yoast SEO plugin. -->","yoast_head_json":{"title":"TV-bord Homely - LASTCHANCE Deals | Danmark","robots":{"index":"index","follow":"follow","max-snippet":"max-snippet:-1","max-image-preview":"max-image-preview:large","max-video-preview":"max-video-preview:-1"},"canonical":"https:\/\/last-chance.dk\/?product=tv-bord-homely","og_locale":"da_DK","og_type":"article","og_title":"TV-bord Homely - LASTCHANCE Deals | Danmark","og_description":"Med sit moderne og minimalistiske design, er TV-bordet Homely en fremragende tilf\u00f8jelse til enhver stue. Det er sort, hvilket g\u00f8r det nemt at matche med enhver indretningsstil. Bem\u00e6rk venligst, at belysning ikke er inkluderet. Bordet m\u00e5ler 140x45x42 cm, hvilket giver rigelig plads til dit fjernsyn og tilbeh\u00f8r. Det er n\u00f8dvendigt at samle dette bord, men [&hellip;]","og_url":"https:\/\/last-chance.dk\/?product=tv-bord-homely","og_site_name":"LASTCHANCE Deals | Danmark","article_modified_time":"2025-09-19T18:55:19+00:00","og_image":[{"width":2560,"height":1915,"url":"https:\/\/last-chance.dk\/wp-content\/uploads\/2024\/02\/1_2_49-scaled.jpg","type":"image\/jpeg"}],"twitter_card":"summary_large_image","twitter_misc":{"Estimeret l\u00e6setid":"1 minut"},"schema":{"@context":"https:\/\/schema.org","@graph":[{"@type":"WebPage","@id":"https:\/\/last-chance.dk\/?product=tv-bord-homely","url":"https:\/\/last-chance.dk\/?product=tv-bord-homely","name":"TV-bord Homely - LASTCHANCE Deals | Danmark","isPartOf":{"@id":"https:\/\/last-chance.dk\/#website"},"primaryImageOfPage":{"@id":"https:\/\/last-chance.dk\/?product=tv-bord-homely#primaryimage"},"image":{"@id":"https:\/\/last-chance.dk\/?product=tv-bord-homely#primaryimage"},"thumbnailUrl":"https:\/\/last-chance.dk\/wp-content\/uploads\/2024\/02\/1_2_49-scaled.jpg","datePublished":"2024-02-02T17:04:00+00:00","dateModified":"2025-09-19T18:55:19+00:00","breadcrumb":{"@id":"https:\/\/last-chance.dk\/?product=tv-bord-homely#breadcrumb"},"inLanguage":"da-DK","potentialAction":[{"@type":"ReadAction","target":["https:\/\/last-chance.dk\/?product=tv-bord-homely"]}]},{"@type":"ImageObject","inLanguage":"da-DK","@id":"https:\/\/last-chance.dk\/?product=tv-bord-homely#primaryimage","url":"https:\/\/last-chance.dk\/wp-content\/uploads\/2024\/02\/1_2_49-scaled.jpg","contentUrl":"https:\/\/last-chance.dk\/wp-content\/uploads\/2024\/02\/1_2_49-scaled.jpg","width":2560,"height":1915},{"@type":"BreadcrumbList","@id":"https:\/\/last-chance.dk\/?product=tv-bord-homely#breadcrumb","itemListElement":[{"@type":"ListItem","position":1,"name":"Home","item":"https:\/\/last-chance.dk\/"},{"@type":"ListItem","position":2,"name":"TV-bord Homely"}]},{"@type":"WebSite","@id":"https:\/\/last-chance.dk\/#website","url":"https:\/\/last-chance.dk\/","name":"LASTCHANCE Deals | Danmark","description":"LASTCHANCE Deals | Danmark","publisher":{"@id":"https:\/\/last-chance.dk\/#organization"},"potentialAction":[{"@type":"SearchAction","target":{"@type":"EntryPoint","urlTemplate":"https:\/\/last-chance.dk\/?s={search_term_string}"},"query-input":{"@type":"PropertyValueSpecification","valueRequired":true,"valueName":"search_term_string"}}],"inLanguage":"da-DK"},{"@type":"Organization","@id":"https:\/\/last-chance.dk\/#organization","name":"LASTCHANCE Deals | Danmark","url":"https:\/\/last-chance.dk\/","logo":{"@type":"ImageObject","inLanguage":"da-DK","@id":"https:\/\/last-chance.dk\/#\/schema\/logo\/image\/","url":"https:\/\/last-chance.dk\/wp-content\/uploads\/2023\/10\/lastchancedeals_logo_dk_white.png","contentUrl":"https:\/\/last-chance.dk\/wp-content\/uploads\/2023\/10\/lastchancedeals_logo_dk_white.png","width":470,"height":110,"caption":"LASTCHANCE Deals | Danmark"},"image":{"@id":"https:\/\/last-chance.dk\/#\/schema\/logo\/image\/"}}]}},"_links":{"self":[{"href":"https:\/\/last-chance.dk\/index.php?rest_route=\/wp\/v2\/product\/10504","targetHints":{"allow":["GET"]}}],"collection":[{"href":"https:\/\/last-chance.dk\/index.php?rest_route=\/wp\/v2\/product"}],"about":[{"href":"https:\/\/last-chance.dk\/index.php?rest_route=\/wp\/v2\/types\/product"}],"replies":[{"embeddable":true,"href":"https:\/\/last-chance.dk\/index.php?rest_route=%2Fwp%2Fv2%2Fcomments&post=10504"}],"wp:featuredmedia":[{"embeddable":true,"href":"https:\/\/last-chance.dk\/index.php?rest_route=\/wp\/v2\/media\/10503"}],"wp:attachment":[{"href":"https:\/\/last-chance.dk\/index.php?rest_route=%2Fwp%2Fv2%2Fmedia&parent=10504"}],"wp:term":[{"taxonomy":"product_brand","embeddable":true,"href":"https:\/\/last-chance.dk\/index.php?rest_route=%2Fwp%2Fv2%2Fproduct_brand&post=10504"},{"taxonomy":"product_cat","embeddable":true,"href":"https:\/\/last-chance.dk\/index.php?rest_route=%2Fwp%2Fv2%2Fproduct_cat&post=10504"},{"taxonomy":"product_tag","embeddable":true,"href":"https:\/\/last-chance.dk\/index.php?rest_route=%2Fwp%2Fv2%2Fproduct_tag&post=10504"}],"curies":[{"name":"wp","href":"https:\/\/api.w.org\/{rel}","templated":true}]}}