{"id":10506,"date":"2024-02-02T17:04:24","date_gmt":"2024-02-02T17:04:24","guid":{"rendered":"https:\/\/www.lastchance.deals\/dk\/produkt\/tv-bord-orabella\/"},"modified":"2025-09-19T18:58:35","modified_gmt":"2025-09-19T18:58:35","slug":"tv-bord-orabella","status":"publish","type":"product","link":"https:\/\/last-chance.dk\/?product=tv-bord-orabella","title":{"rendered":"TV-bord Orabella"},"content":{"rendered":"<p>Velkommen til vores nyeste tilf\u00f8jelse i LuxCasa kollektionen &#8211; Orabella TV-bordet! Dette elegante og moderne TV-m\u00f8bel vil v\u00e6re et fantastisk supplement til din stue.<\/p>\n<p><\/p>\n<p>Fremstillet i EU, Orabella TV-bordet er karakteriseret ved sin enest\u00e5ende kvalitet og holdbarhed. Med udvendige m\u00e5l p\u00e5 140x45x42 cm, giver det rigelig plads til dine medieenheder og tilbeh\u00f8r. Det er ideelt til b\u00e5de store og sm\u00e5 stuer.<\/p>\n<p><\/p>\n<p>Den smukke hvide farve p\u00e5 Orabella TV-bordet vil blende perfekt ind i ethvert hjem uanset dekorationsstilen. Det tjener ikke kun som et funktionelt m\u00f8bel, men ogs\u00e5 som en stilfuld og moderne tilf\u00f8jelse. Uds\u00f8gt designet af LuxCasa, er det et produkt, der virkelig kan opgradere dit boligindretning.<\/p>\n<p><\/p>\n<p>Ved levering kr\u00e6ver dette produkt montage, men fortvivl ikke! Du vil v\u00e6re i stand til let at samle det med de klare og nemme instruktioner, der f\u00f8lger med. Og for at sikre dit k\u00f8b, tilbyder vi en 12-m\u00e5neders garanti p\u00e5 Orabella TV-bord.<\/p>\n<p><\/p>\n<p>Venligst bem\u00e6rk &#8211; belysning er ikke inkluderet. Du har dog mulighed for selv at tilf\u00f8je din yndlings belysning for at fremh\u00e6ve dette smukke stykke m\u00f8bel.<\/p>\n<p><\/p>\n<p>Invest\u00e9r i kvalitet og stil med Orabella TV-bordet. G\u00f8r din stue et afslappende og attraktivt sted at v\u00e6re med denne moderne og kvalitetsbevidste tilf\u00f8jelse fra LuxCasa.<\/p>\n<p><\/p>\n<p>Leveringstid: Leveringstid 1-2 uger<br \/>\nFarve: hvid<br \/>\nBelysning: inkluderet i prisen<br \/>\nUdvendige dimensioner: 140x45x42 cm<br \/>\nMontage: skal samles<br \/>\nGaranti: 12 m\u00e5neder<br \/>\nFremstillet: i EU<br \/>\nFabrikant: LuxCasa<\/p>\n","protected":false},"excerpt":{"rendered":"<p>Velkommen til vores nyeste tilf\u00f8jelse i LuxCasa kollektionen &#8211; Orabella TV-bordet! Dette elegante og moderne TV-m\u00f8bel vil v\u00e6re et fantastisk supplement til din stue. Fremstillet i EU, Orabella TV-bordet er karakteriseret ved sin enest\u00e5ende kvalitet og holdbarhed. Med udvendige m\u00e5l p\u00e5 140x45x42 cm, giver det rigelig plads til dine medieenheder og tilbeh\u00f8r. Det er ideelt [&hellip;]<\/p>\n","protected":false},"featured_media":10505,"comment_status":"open","ping_status":"closed","template":"","meta":[],"product_brand":[],"product_cat":[152],"product_tag":[],"class_list":{"0":"post-10506","1":"product","2":"type-product","3":"status-publish","4":"has-post-thumbnail","6":"product_cat-tv-stands","8":"first","9":"instock","10":"shipping-taxable","11":"purchasable","12":"product-type-simple"},"yoast_head":"<!-- This site is optimized with the Yoast SEO plugin v24.8.1 - https:\/\/yoast.com\/wordpress\/plugins\/seo\/ -->\n<title>TV-bord Orabella - LASTCHANCE Deals | Danmark<\/title>\n<meta name=\"robots\" content=\"index, follow, max-snippet:-1, max-image-preview:large, max-video-preview:-1\" \/>\n<link rel=\"canonical\" href=\"https:\/\/last-chance.dk\/?product=tv-bord-orabella\" \/>\n<meta property=\"og:locale\" content=\"da_DK\" \/>\n<meta property=\"og:type\" content=\"article\" \/>\n<meta property=\"og:title\" content=\"TV-bord Orabella - LASTCHANCE Deals | Danmark\" \/>\n<meta property=\"og:description\" content=\"Velkommen til vores nyeste tilf\u00f8jelse i LuxCasa kollektionen &#8211; Orabella TV-bordet! Dette elegante og moderne TV-m\u00f8bel vil v\u00e6re et fantastisk supplement til din stue. Fremstillet i EU, Orabella TV-bordet er karakteriseret ved sin enest\u00e5ende kvalitet og holdbarhed. Med udvendige m\u00e5l p\u00e5 140x45x42 cm, giver det rigelig plads til dine medieenheder og tilbeh\u00f8r. Det er ideelt [&hellip;]\" \/>\n<meta property=\"og:url\" content=\"https:\/\/last-chance.dk\/?product=tv-bord-orabella\" \/>\n<meta property=\"og:site_name\" content=\"LASTCHANCE Deals | Danmark\" \/>\n<meta property=\"article:modified_time\" content=\"2025-09-19T18:58:35+00:00\" \/>\n<meta property=\"og:image\" content=\"https:\/\/last-chance.dk\/wp-content\/uploads\/2024\/02\/1_2_52-scaled.jpg\" \/>\n\t<meta property=\"og:image:width\" content=\"2560\" \/>\n\t<meta property=\"og:image:height\" content=\"1915\" \/>\n\t<meta property=\"og:image:type\" content=\"image\/jpeg\" \/>\n<meta name=\"twitter:card\" content=\"summary_large_image\" \/>\n<meta name=\"twitter:label1\" content=\"Estimeret l\u00e6setid\" \/>\n\t<meta name=\"twitter:data1\" content=\"1 minut\" \/>\n<script type=\"application\/ld+json\" class=\"yoast-schema-graph\">{\"@context\":\"https:\/\/schema.org\",\"@graph\":[{\"@type\":\"WebPage\",\"@id\":\"https:\/\/last-chance.dk\/?product=tv-bord-orabella\",\"url\":\"https:\/\/last-chance.dk\/?product=tv-bord-orabella\",\"name\":\"TV-bord Orabella - LASTCHANCE Deals | Danmark\",\"isPartOf\":{\"@id\":\"https:\/\/last-chance.dk\/#website\"},\"primaryImageOfPage\":{\"@id\":\"https:\/\/last-chance.dk\/?product=tv-bord-orabella#primaryimage\"},\"image\":{\"@id\":\"https:\/\/last-chance.dk\/?product=tv-bord-orabella#primaryimage\"},\"thumbnailUrl\":\"https:\/\/last-chance.dk\/wp-content\/uploads\/2024\/02\/1_2_52-scaled.jpg\",\"datePublished\":\"2024-02-02T17:04:24+00:00\",\"dateModified\":\"2025-09-19T18:58:35+00:00\",\"breadcrumb\":{\"@id\":\"https:\/\/last-chance.dk\/?product=tv-bord-orabella#breadcrumb\"},\"inLanguage\":\"da-DK\",\"potentialAction\":[{\"@type\":\"ReadAction\",\"target\":[\"https:\/\/last-chance.dk\/?product=tv-bord-orabella\"]}]},{\"@type\":\"ImageObject\",\"inLanguage\":\"da-DK\",\"@id\":\"https:\/\/last-chance.dk\/?product=tv-bord-orabella#primaryimage\",\"url\":\"https:\/\/last-chance.dk\/wp-content\/uploads\/2024\/02\/1_2_52-scaled.jpg\",\"contentUrl\":\"https:\/\/last-chance.dk\/wp-content\/uploads\/2024\/02\/1_2_52-scaled.jpg\",\"width\":2560,\"height\":1915},{\"@type\":\"BreadcrumbList\",\"@id\":\"https:\/\/last-chance.dk\/?product=tv-bord-orabella#breadcrumb\",\"itemListElement\":[{\"@type\":\"ListItem\",\"position\":1,\"name\":\"Home\",\"item\":\"https:\/\/last-chance.dk\/\"},{\"@type\":\"ListItem\",\"position\":2,\"name\":\"TV-bord Orabella\"}]},{\"@type\":\"WebSite\",\"@id\":\"https:\/\/last-chance.dk\/#website\",\"url\":\"https:\/\/last-chance.dk\/\",\"name\":\"LASTCHANCE Deals | Danmark\",\"description\":\"LASTCHANCE Deals | Danmark\",\"publisher\":{\"@id\":\"https:\/\/last-chance.dk\/#organization\"},\"potentialAction\":[{\"@type\":\"SearchAction\",\"target\":{\"@type\":\"EntryPoint\",\"urlTemplate\":\"https:\/\/last-chance.dk\/?s={search_term_string}\"},\"query-input\":{\"@type\":\"PropertyValueSpecification\",\"valueRequired\":true,\"valueName\":\"search_term_string\"}}],\"inLanguage\":\"da-DK\"},{\"@type\":\"Organization\",\"@id\":\"https:\/\/last-chance.dk\/#organization\",\"name\":\"LASTCHANCE Deals | Danmark\",\"url\":\"https:\/\/last-chance.dk\/\",\"logo\":{\"@type\":\"ImageObject\",\"inLanguage\":\"da-DK\",\"@id\":\"https:\/\/last-chance.dk\/#\/schema\/logo\/image\/\",\"url\":\"https:\/\/last-chance.dk\/wp-content\/uploads\/2023\/10\/lastchancedeals_logo_dk_white.png\",\"contentUrl\":\"https:\/\/last-chance.dk\/wp-content\/uploads\/2023\/10\/lastchancedeals_logo_dk_white.png\",\"width\":470,\"height\":110,\"caption\":\"LASTCHANCE Deals | Danmark\"},\"image\":{\"@id\":\"https:\/\/last-chance.dk\/#\/schema\/logo\/image\/\"}}]}<\/script>\n<!-- \/ Yoast SEO plugin. -->","yoast_head_json":{"title":"TV-bord Orabella - LASTCHANCE Deals | Danmark","robots":{"index":"index","follow":"follow","max-snippet":"max-snippet:-1","max-image-preview":"max-image-preview:large","max-video-preview":"max-video-preview:-1"},"canonical":"https:\/\/last-chance.dk\/?product=tv-bord-orabella","og_locale":"da_DK","og_type":"article","og_title":"TV-bord Orabella - LASTCHANCE Deals | Danmark","og_description":"Velkommen til vores nyeste tilf\u00f8jelse i LuxCasa kollektionen &#8211; Orabella TV-bordet! Dette elegante og moderne TV-m\u00f8bel vil v\u00e6re et fantastisk supplement til din stue. Fremstillet i EU, Orabella TV-bordet er karakteriseret ved sin enest\u00e5ende kvalitet og holdbarhed. Med udvendige m\u00e5l p\u00e5 140x45x42 cm, giver det rigelig plads til dine medieenheder og tilbeh\u00f8r. Det er ideelt [&hellip;]","og_url":"https:\/\/last-chance.dk\/?product=tv-bord-orabella","og_site_name":"LASTCHANCE Deals | Danmark","article_modified_time":"2025-09-19T18:58:35+00:00","og_image":[{"width":2560,"height":1915,"url":"https:\/\/last-chance.dk\/wp-content\/uploads\/2024\/02\/1_2_52-scaled.jpg","type":"image\/jpeg"}],"twitter_card":"summary_large_image","twitter_misc":{"Estimeret l\u00e6setid":"1 minut"},"schema":{"@context":"https:\/\/schema.org","@graph":[{"@type":"WebPage","@id":"https:\/\/last-chance.dk\/?product=tv-bord-orabella","url":"https:\/\/last-chance.dk\/?product=tv-bord-orabella","name":"TV-bord Orabella - LASTCHANCE Deals | Danmark","isPartOf":{"@id":"https:\/\/last-chance.dk\/#website"},"primaryImageOfPage":{"@id":"https:\/\/last-chance.dk\/?product=tv-bord-orabella#primaryimage"},"image":{"@id":"https:\/\/last-chance.dk\/?product=tv-bord-orabella#primaryimage"},"thumbnailUrl":"https:\/\/last-chance.dk\/wp-content\/uploads\/2024\/02\/1_2_52-scaled.jpg","datePublished":"2024-02-02T17:04:24+00:00","dateModified":"2025-09-19T18:58:35+00:00","breadcrumb":{"@id":"https:\/\/last-chance.dk\/?product=tv-bord-orabella#breadcrumb"},"inLanguage":"da-DK","potentialAction":[{"@type":"ReadAction","target":["https:\/\/last-chance.dk\/?product=tv-bord-orabella"]}]},{"@type":"ImageObject","inLanguage":"da-DK","@id":"https:\/\/last-chance.dk\/?product=tv-bord-orabella#primaryimage","url":"https:\/\/last-chance.dk\/wp-content\/uploads\/2024\/02\/1_2_52-scaled.jpg","contentUrl":"https:\/\/last-chance.dk\/wp-content\/uploads\/2024\/02\/1_2_52-scaled.jpg","width":2560,"height":1915},{"@type":"BreadcrumbList","@id":"https:\/\/last-chance.dk\/?product=tv-bord-orabella#breadcrumb","itemListElement":[{"@type":"ListItem","position":1,"name":"Home","item":"https:\/\/last-chance.dk\/"},{"@type":"ListItem","position":2,"name":"TV-bord Orabella"}]},{"@type":"WebSite","@id":"https:\/\/last-chance.dk\/#website","url":"https:\/\/last-chance.dk\/","name":"LASTCHANCE Deals | Danmark","description":"LASTCHANCE Deals | Danmark","publisher":{"@id":"https:\/\/last-chance.dk\/#organization"},"potentialAction":[{"@type":"SearchAction","target":{"@type":"EntryPoint","urlTemplate":"https:\/\/last-chance.dk\/?s={search_term_string}"},"query-input":{"@type":"PropertyValueSpecification","valueRequired":true,"valueName":"search_term_string"}}],"inLanguage":"da-DK"},{"@type":"Organization","@id":"https:\/\/last-chance.dk\/#organization","name":"LASTCHANCE Deals | Danmark","url":"https:\/\/last-chance.dk\/","logo":{"@type":"ImageObject","inLanguage":"da-DK","@id":"https:\/\/last-chance.dk\/#\/schema\/logo\/image\/","url":"https:\/\/last-chance.dk\/wp-content\/uploads\/2023\/10\/lastchancedeals_logo_dk_white.png","contentUrl":"https:\/\/last-chance.dk\/wp-content\/uploads\/2023\/10\/lastchancedeals_logo_dk_white.png","width":470,"height":110,"caption":"LASTCHANCE Deals | Danmark"},"image":{"@id":"https:\/\/last-chance.dk\/#\/schema\/logo\/image\/"}}]}},"_links":{"self":[{"href":"https:\/\/last-chance.dk\/index.php?rest_route=\/wp\/v2\/product\/10506","targetHints":{"allow":["GET"]}}],"collection":[{"href":"https:\/\/last-chance.dk\/index.php?rest_route=\/wp\/v2\/product"}],"about":[{"href":"https:\/\/last-chance.dk\/index.php?rest_route=\/wp\/v2\/types\/product"}],"replies":[{"embeddable":true,"href":"https:\/\/last-chance.dk\/index.php?rest_route=%2Fwp%2Fv2%2Fcomments&post=10506"}],"wp:featuredmedia":[{"embeddable":true,"href":"https:\/\/last-chance.dk\/index.php?rest_route=\/wp\/v2\/media\/10505"}],"wp:attachment":[{"href":"https:\/\/last-chance.dk\/index.php?rest_route=%2Fwp%2Fv2%2Fmedia&parent=10506"}],"wp:term":[{"taxonomy":"product_brand","embeddable":true,"href":"https:\/\/last-chance.dk\/index.php?rest_route=%2Fwp%2Fv2%2Fproduct_brand&post=10506"},{"taxonomy":"product_cat","embeddable":true,"href":"https:\/\/last-chance.dk\/index.php?rest_route=%2Fwp%2Fv2%2Fproduct_cat&post=10506"},{"taxonomy":"product_tag","embeddable":true,"href":"https:\/\/last-chance.dk\/index.php?rest_route=%2Fwp%2Fv2%2Fproduct_tag&post=10506"}],"curies":[{"name":"wp","href":"https:\/\/api.w.org\/{rel}","templated":true}]}}