{"id":10527,"date":"2024-02-02T17:07:54","date_gmt":"2024-02-02T17:07:54","guid":{"rendered":"https:\/\/www.lastchance.deals\/dk\/produkt\/tv-bord-valoria\/"},"modified":"2025-10-13T12:08:53","modified_gmt":"2025-10-13T12:08:53","slug":"tv-bord-valoria","status":"publish","type":"product","link":"https:\/\/last-chance.dk\/?product=tv-bord-valoria","title":{"rendered":"TV-bord Valoria"},"content":{"rendered":"<p>M\u00f8d vores <strong>TV-bord Valoria<\/strong> &#8211; et smukt og funktionelt m\u00f8bel, der vil tilf\u00f8re stil og elegance til ethvert hjem. Dette produkt, fremstillet af vores anerkendte producenter i EU, <em>LuxCasa<\/em>, kombinerer b\u00e5de form og funktion for at skabe et m\u00f8bel, der ikke kun ser godt ud, men ogs\u00e5 passer perfekt til dine daglige behov.<\/p>\n<p><\/p>\n<p>TV-bordet Valoria m\u00e5ler <em>140x70x42 cm<\/em>, og dets sofistikerede hvide farve kan m\u00e6gtig tilf\u00f8je en moderne flair til dit stueomr\u00e5de. Med dets n\u00f8dvendige monteringsfunktion er det designet til at give dig en interaktiv og meningsfuld oplevelse, n\u00e5r du s\u00e6tter det sammen. P\u00e5 den m\u00e5de kan du lave det pr\u00e6cis, som du vil have det.<\/p>\n<p><\/p>\n<p>Bem\u00e6rk venligst, at belysning ikke er inkluderet med dette produkt, hvilket g\u00f8r det muligt for dig at tilpasse dit lysarrangement efter dit \u00f8nske.<\/p>\n<p><\/p>\n<p>Vi er overbeviste om kvaliteten og holdbarheden af vores produkter. Derfor tilbyder vi en <em>12-m\u00e5neders garanti<\/em> p\u00e5 vores TV-bord Valoria. Dette er vores l\u00f8fte til dig om, at du f\u00e5r et produkt, der er lavet af materialer af h\u00f8jeste kvalitet, der sikrer, at den st\u00e5r flot i dit hjem i mange \u00e5r fremover.<\/p>\n<p><\/p>\n<p>Leveringstid: Leveringstid 1-2 uger<br \/>\nFarve: hvid<br \/>\nBelysning: ikke inkluderet<br \/>\nUdvendige dimensioner: 140x70x42 cm<br \/>\nMontage: skal samles<br \/>\nGaranti: 12 m\u00e5neder<br \/>\nFremstillet: i EU<br \/>\nFabrikant: LuxCasa<\/p>\n","protected":false},"excerpt":{"rendered":"<p>M\u00f8d vores TV-bord Valoria &#8211; et smukt og funktionelt m\u00f8bel, der vil tilf\u00f8re stil og elegance til ethvert hjem. Dette produkt, fremstillet af vores anerkendte producenter i EU, LuxCasa, kombinerer b\u00e5de form og funktion for at skabe et m\u00f8bel, der ikke kun ser godt ud, men ogs\u00e5 passer perfekt til dine daglige behov. TV-bordet Valoria [&hellip;]<\/p>\n","protected":false},"featured_media":10526,"comment_status":"open","ping_status":"closed","template":"","meta":[],"product_brand":[],"product_cat":[152],"product_tag":[],"class_list":{"0":"post-10527","1":"product","2":"type-product","3":"status-publish","4":"has-post-thumbnail","6":"product_cat-tv-stands","8":"first","9":"instock","10":"shipping-taxable","11":"purchasable","12":"product-type-simple"},"yoast_head":"<!-- This site is optimized with the Yoast SEO plugin v24.8.1 - https:\/\/yoast.com\/wordpress\/plugins\/seo\/ -->\n<title>TV-bord Valoria - LASTCHANCE Deals | Danmark<\/title>\n<meta name=\"robots\" content=\"index, follow, max-snippet:-1, max-image-preview:large, max-video-preview:-1\" \/>\n<link rel=\"canonical\" href=\"https:\/\/last-chance.dk\/?product=tv-bord-valoria\" \/>\n<meta property=\"og:locale\" content=\"da_DK\" \/>\n<meta property=\"og:type\" content=\"article\" \/>\n<meta property=\"og:title\" content=\"TV-bord Valoria - LASTCHANCE Deals | Danmark\" \/>\n<meta property=\"og:description\" content=\"M\u00f8d vores TV-bord Valoria &#8211; et smukt og funktionelt m\u00f8bel, der vil tilf\u00f8re stil og elegance til ethvert hjem. Dette produkt, fremstillet af vores anerkendte producenter i EU, LuxCasa, kombinerer b\u00e5de form og funktion for at skabe et m\u00f8bel, der ikke kun ser godt ud, men ogs\u00e5 passer perfekt til dine daglige behov. TV-bordet Valoria [&hellip;]\" \/>\n<meta property=\"og:url\" content=\"https:\/\/last-chance.dk\/?product=tv-bord-valoria\" \/>\n<meta property=\"og:site_name\" content=\"LASTCHANCE Deals | Danmark\" \/>\n<meta property=\"article:modified_time\" content=\"2025-10-13T12:08:53+00:00\" \/>\n<meta property=\"og:image\" content=\"https:\/\/last-chance.dk\/wp-content\/uploads\/2024\/02\/1_2_74-scaled.jpg\" \/>\n\t<meta property=\"og:image:width\" content=\"2560\" \/>\n\t<meta property=\"og:image:height\" content=\"1782\" \/>\n\t<meta property=\"og:image:type\" content=\"image\/jpeg\" \/>\n<meta name=\"twitter:card\" content=\"summary_large_image\" \/>\n<meta name=\"twitter:label1\" content=\"Estimeret l\u00e6setid\" \/>\n\t<meta name=\"twitter:data1\" content=\"1 minut\" \/>\n<script type=\"application\/ld+json\" class=\"yoast-schema-graph\">{\"@context\":\"https:\/\/schema.org\",\"@graph\":[{\"@type\":\"WebPage\",\"@id\":\"https:\/\/last-chance.dk\/?product=tv-bord-valoria\",\"url\":\"https:\/\/last-chance.dk\/?product=tv-bord-valoria\",\"name\":\"TV-bord Valoria - LASTCHANCE Deals | Danmark\",\"isPartOf\":{\"@id\":\"https:\/\/last-chance.dk\/#website\"},\"primaryImageOfPage\":{\"@id\":\"https:\/\/last-chance.dk\/?product=tv-bord-valoria#primaryimage\"},\"image\":{\"@id\":\"https:\/\/last-chance.dk\/?product=tv-bord-valoria#primaryimage\"},\"thumbnailUrl\":\"https:\/\/last-chance.dk\/wp-content\/uploads\/2024\/02\/1_2_74-scaled.jpg\",\"datePublished\":\"2024-02-02T17:07:54+00:00\",\"dateModified\":\"2025-10-13T12:08:53+00:00\",\"breadcrumb\":{\"@id\":\"https:\/\/last-chance.dk\/?product=tv-bord-valoria#breadcrumb\"},\"inLanguage\":\"da-DK\",\"potentialAction\":[{\"@type\":\"ReadAction\",\"target\":[\"https:\/\/last-chance.dk\/?product=tv-bord-valoria\"]}]},{\"@type\":\"ImageObject\",\"inLanguage\":\"da-DK\",\"@id\":\"https:\/\/last-chance.dk\/?product=tv-bord-valoria#primaryimage\",\"url\":\"https:\/\/last-chance.dk\/wp-content\/uploads\/2024\/02\/1_2_74-scaled.jpg\",\"contentUrl\":\"https:\/\/last-chance.dk\/wp-content\/uploads\/2024\/02\/1_2_74-scaled.jpg\",\"width\":2560,\"height\":1782},{\"@type\":\"BreadcrumbList\",\"@id\":\"https:\/\/last-chance.dk\/?product=tv-bord-valoria#breadcrumb\",\"itemListElement\":[{\"@type\":\"ListItem\",\"position\":1,\"name\":\"Home\",\"item\":\"https:\/\/last-chance.dk\/\"},{\"@type\":\"ListItem\",\"position\":2,\"name\":\"TV-bord Valoria\"}]},{\"@type\":\"WebSite\",\"@id\":\"https:\/\/last-chance.dk\/#website\",\"url\":\"https:\/\/last-chance.dk\/\",\"name\":\"LASTCHANCE Deals | Danmark\",\"description\":\"LASTCHANCE Deals | Danmark\",\"publisher\":{\"@id\":\"https:\/\/last-chance.dk\/#organization\"},\"potentialAction\":[{\"@type\":\"SearchAction\",\"target\":{\"@type\":\"EntryPoint\",\"urlTemplate\":\"https:\/\/last-chance.dk\/?s={search_term_string}\"},\"query-input\":{\"@type\":\"PropertyValueSpecification\",\"valueRequired\":true,\"valueName\":\"search_term_string\"}}],\"inLanguage\":\"da-DK\"},{\"@type\":\"Organization\",\"@id\":\"https:\/\/last-chance.dk\/#organization\",\"name\":\"LASTCHANCE Deals | Danmark\",\"url\":\"https:\/\/last-chance.dk\/\",\"logo\":{\"@type\":\"ImageObject\",\"inLanguage\":\"da-DK\",\"@id\":\"https:\/\/last-chance.dk\/#\/schema\/logo\/image\/\",\"url\":\"https:\/\/last-chance.dk\/wp-content\/uploads\/2023\/10\/lastchancedeals_logo_dk_white.png\",\"contentUrl\":\"https:\/\/last-chance.dk\/wp-content\/uploads\/2023\/10\/lastchancedeals_logo_dk_white.png\",\"width\":470,\"height\":110,\"caption\":\"LASTCHANCE Deals | Danmark\"},\"image\":{\"@id\":\"https:\/\/last-chance.dk\/#\/schema\/logo\/image\/\"}}]}<\/script>\n<!-- \/ Yoast SEO plugin. -->","yoast_head_json":{"title":"TV-bord Valoria - LASTCHANCE Deals | Danmark","robots":{"index":"index","follow":"follow","max-snippet":"max-snippet:-1","max-image-preview":"max-image-preview:large","max-video-preview":"max-video-preview:-1"},"canonical":"https:\/\/last-chance.dk\/?product=tv-bord-valoria","og_locale":"da_DK","og_type":"article","og_title":"TV-bord Valoria - LASTCHANCE Deals | Danmark","og_description":"M\u00f8d vores TV-bord Valoria &#8211; et smukt og funktionelt m\u00f8bel, der vil tilf\u00f8re stil og elegance til ethvert hjem. Dette produkt, fremstillet af vores anerkendte producenter i EU, LuxCasa, kombinerer b\u00e5de form og funktion for at skabe et m\u00f8bel, der ikke kun ser godt ud, men ogs\u00e5 passer perfekt til dine daglige behov. TV-bordet Valoria [&hellip;]","og_url":"https:\/\/last-chance.dk\/?product=tv-bord-valoria","og_site_name":"LASTCHANCE Deals | Danmark","article_modified_time":"2025-10-13T12:08:53+00:00","og_image":[{"width":2560,"height":1782,"url":"https:\/\/last-chance.dk\/wp-content\/uploads\/2024\/02\/1_2_74-scaled.jpg","type":"image\/jpeg"}],"twitter_card":"summary_large_image","twitter_misc":{"Estimeret l\u00e6setid":"1 minut"},"schema":{"@context":"https:\/\/schema.org","@graph":[{"@type":"WebPage","@id":"https:\/\/last-chance.dk\/?product=tv-bord-valoria","url":"https:\/\/last-chance.dk\/?product=tv-bord-valoria","name":"TV-bord Valoria - LASTCHANCE Deals | Danmark","isPartOf":{"@id":"https:\/\/last-chance.dk\/#website"},"primaryImageOfPage":{"@id":"https:\/\/last-chance.dk\/?product=tv-bord-valoria#primaryimage"},"image":{"@id":"https:\/\/last-chance.dk\/?product=tv-bord-valoria#primaryimage"},"thumbnailUrl":"https:\/\/last-chance.dk\/wp-content\/uploads\/2024\/02\/1_2_74-scaled.jpg","datePublished":"2024-02-02T17:07:54+00:00","dateModified":"2025-10-13T12:08:53+00:00","breadcrumb":{"@id":"https:\/\/last-chance.dk\/?product=tv-bord-valoria#breadcrumb"},"inLanguage":"da-DK","potentialAction":[{"@type":"ReadAction","target":["https:\/\/last-chance.dk\/?product=tv-bord-valoria"]}]},{"@type":"ImageObject","inLanguage":"da-DK","@id":"https:\/\/last-chance.dk\/?product=tv-bord-valoria#primaryimage","url":"https:\/\/last-chance.dk\/wp-content\/uploads\/2024\/02\/1_2_74-scaled.jpg","contentUrl":"https:\/\/last-chance.dk\/wp-content\/uploads\/2024\/02\/1_2_74-scaled.jpg","width":2560,"height":1782},{"@type":"BreadcrumbList","@id":"https:\/\/last-chance.dk\/?product=tv-bord-valoria#breadcrumb","itemListElement":[{"@type":"ListItem","position":1,"name":"Home","item":"https:\/\/last-chance.dk\/"},{"@type":"ListItem","position":2,"name":"TV-bord Valoria"}]},{"@type":"WebSite","@id":"https:\/\/last-chance.dk\/#website","url":"https:\/\/last-chance.dk\/","name":"LASTCHANCE Deals | Danmark","description":"LASTCHANCE Deals | Danmark","publisher":{"@id":"https:\/\/last-chance.dk\/#organization"},"potentialAction":[{"@type":"SearchAction","target":{"@type":"EntryPoint","urlTemplate":"https:\/\/last-chance.dk\/?s={search_term_string}"},"query-input":{"@type":"PropertyValueSpecification","valueRequired":true,"valueName":"search_term_string"}}],"inLanguage":"da-DK"},{"@type":"Organization","@id":"https:\/\/last-chance.dk\/#organization","name":"LASTCHANCE Deals | Danmark","url":"https:\/\/last-chance.dk\/","logo":{"@type":"ImageObject","inLanguage":"da-DK","@id":"https:\/\/last-chance.dk\/#\/schema\/logo\/image\/","url":"https:\/\/last-chance.dk\/wp-content\/uploads\/2023\/10\/lastchancedeals_logo_dk_white.png","contentUrl":"https:\/\/last-chance.dk\/wp-content\/uploads\/2023\/10\/lastchancedeals_logo_dk_white.png","width":470,"height":110,"caption":"LASTCHANCE Deals | Danmark"},"image":{"@id":"https:\/\/last-chance.dk\/#\/schema\/logo\/image\/"}}]}},"_links":{"self":[{"href":"https:\/\/last-chance.dk\/index.php?rest_route=\/wp\/v2\/product\/10527","targetHints":{"allow":["GET"]}}],"collection":[{"href":"https:\/\/last-chance.dk\/index.php?rest_route=\/wp\/v2\/product"}],"about":[{"href":"https:\/\/last-chance.dk\/index.php?rest_route=\/wp\/v2\/types\/product"}],"replies":[{"embeddable":true,"href":"https:\/\/last-chance.dk\/index.php?rest_route=%2Fwp%2Fv2%2Fcomments&post=10527"}],"wp:featuredmedia":[{"embeddable":true,"href":"https:\/\/last-chance.dk\/index.php?rest_route=\/wp\/v2\/media\/10526"}],"wp:attachment":[{"href":"https:\/\/last-chance.dk\/index.php?rest_route=%2Fwp%2Fv2%2Fmedia&parent=10527"}],"wp:term":[{"taxonomy":"product_brand","embeddable":true,"href":"https:\/\/last-chance.dk\/index.php?rest_route=%2Fwp%2Fv2%2Fproduct_brand&post=10527"},{"taxonomy":"product_cat","embeddable":true,"href":"https:\/\/last-chance.dk\/index.php?rest_route=%2Fwp%2Fv2%2Fproduct_cat&post=10527"},{"taxonomy":"product_tag","embeddable":true,"href":"https:\/\/last-chance.dk\/index.php?rest_route=%2Fwp%2Fv2%2Fproduct_tag&post=10527"}],"curies":[{"name":"wp","href":"https:\/\/api.w.org\/{rel}","templated":true}]}}