{"id":10529,"date":"2024-02-02T17:08:10","date_gmt":"2024-02-02T17:08:10","guid":{"rendered":"https:\/\/www.lastchance.deals\/dk\/produkt\/tv-bord-lustra\/"},"modified":"2025-09-19T18:56:47","modified_gmt":"2025-09-19T18:56:47","slug":"tv-bord-lustra","status":"publish","type":"product","link":"https:\/\/last-chance.dk\/?product=tv-bord-lustra","title":{"rendered":"TV-bord Lustra"},"content":{"rendered":"<p>Du ser p\u00e5 et flot TV-bord fra vores Lustra serie. Dette er et uds\u00f8gt produkt fra LuxCasa, en kendt producent i EU. Dette TV-bord er et elegant og alsidigt m\u00f8bel, der vil tilf\u00f8je en \u00e6stetisk charme til enhver stue.<\/p>\n<p><\/p>\n<p>TV-bordet Lustra har en udvendig dimension p\u00e5 100x40x38 cm, hvilket er ideelt til at give optimal plads til dit TV samt andre essentielle ting som fjernbetjeninger, magasiner osv. Det skal dog bem\u00e6rkes, at belysning ikke er inkluderet i k\u00f8bet af dette produkt.<\/p>\n<p><\/p>\n<p>Vore Lustra TV-bord kr\u00e6ver montage efter levering, men du vil opdage, at det er en simpel og ligetil proces. Dette TV-bord er skabt i et flot design, der passer perfekt ind i et moderne hjem. Det er skabt til robust brug og er derfor lavet af materialer af h\u00f8j kvalitet.<\/p>\n<p><\/p>\n<p>Vi er sikre p\u00e5 kvaliteten af vores TV-bord og tilbyder derfor en 12 m\u00e5neders garanti p\u00e5 produktet. Hvis du oplever nogen form for problem, er LuxCasa altid klar til at hj\u00e6lpe. Vi v\u00e6rds\u00e6tter vores kunders tilfredshed og str\u00e6ber altid efter at yde den bedste service.<\/p>\n<p><\/p>\n<p>Opdater dit stue m\u00f8bel med TV-bordet Lustra og oplev forskellen selv. Vi lover, at dette produkt vil give din stue et chikt og moderne look.<\/p>\n<p><\/p>\n<p>Leveringstid: Leveringstid 1-2 uger<br \/>\nFarve: ikke angivet<br \/>\nBelysning: ikke inkluderet<br \/>\nUdvendige dimensioner: 100x40x38 cm<br \/>\nMontage: skal samles<br \/>\nGaranti: 12 m\u00e5neder<br \/>\nFremstillet: i EU<br \/>\nFabrikant: LuxCasa<\/p>\n","protected":false},"excerpt":{"rendered":"<p>Du ser p\u00e5 et flot TV-bord fra vores Lustra serie. Dette er et uds\u00f8gt produkt fra LuxCasa, en kendt producent i EU. Dette TV-bord er et elegant og alsidigt m\u00f8bel, der vil tilf\u00f8je en \u00e6stetisk charme til enhver stue. TV-bordet Lustra har en udvendig dimension p\u00e5 100x40x38 cm, hvilket er ideelt til at give optimal [&hellip;]<\/p>\n","protected":false},"featured_media":10528,"comment_status":"open","ping_status":"closed","template":"","meta":[],"product_brand":[],"product_cat":[152],"product_tag":[],"class_list":{"0":"post-10529","1":"product","2":"type-product","3":"status-publish","4":"has-post-thumbnail","6":"product_cat-tv-stands","8":"first","9":"instock","10":"shipping-taxable","11":"purchasable","12":"product-type-simple"},"yoast_head":"<!-- This site is optimized with the Yoast SEO plugin v24.8.1 - https:\/\/yoast.com\/wordpress\/plugins\/seo\/ -->\n<title>TV-bord Lustra - LASTCHANCE Deals | Danmark<\/title>\n<meta name=\"robots\" content=\"index, follow, max-snippet:-1, max-image-preview:large, max-video-preview:-1\" \/>\n<link rel=\"canonical\" href=\"https:\/\/last-chance.dk\/?product=tv-bord-lustra\" \/>\n<meta property=\"og:locale\" content=\"da_DK\" \/>\n<meta property=\"og:type\" content=\"article\" \/>\n<meta property=\"og:title\" content=\"TV-bord Lustra - LASTCHANCE Deals | Danmark\" \/>\n<meta property=\"og:description\" content=\"Du ser p\u00e5 et flot TV-bord fra vores Lustra serie. Dette er et uds\u00f8gt produkt fra LuxCasa, en kendt producent i EU. Dette TV-bord er et elegant og alsidigt m\u00f8bel, der vil tilf\u00f8je en \u00e6stetisk charme til enhver stue. TV-bordet Lustra har en udvendig dimension p\u00e5 100x40x38 cm, hvilket er ideelt til at give optimal [&hellip;]\" \/>\n<meta property=\"og:url\" content=\"https:\/\/last-chance.dk\/?product=tv-bord-lustra\" \/>\n<meta property=\"og:site_name\" content=\"LASTCHANCE Deals | Danmark\" \/>\n<meta property=\"article:modified_time\" content=\"2025-09-19T18:56:47+00:00\" \/>\n<meta property=\"og:image\" content=\"https:\/\/last-chance.dk\/wp-content\/uploads\/2024\/02\/1_2_60.jpg\" \/>\n\t<meta property=\"og:image:width\" content=\"1280\" \/>\n\t<meta property=\"og:image:height\" content=\"1277\" \/>\n\t<meta property=\"og:image:type\" content=\"image\/jpeg\" \/>\n<meta name=\"twitter:card\" content=\"summary_large_image\" \/>\n<meta name=\"twitter:label1\" content=\"Estimeret l\u00e6setid\" \/>\n\t<meta name=\"twitter:data1\" content=\"1 minut\" \/>\n<script type=\"application\/ld+json\" class=\"yoast-schema-graph\">{\"@context\":\"https:\/\/schema.org\",\"@graph\":[{\"@type\":\"WebPage\",\"@id\":\"https:\/\/last-chance.dk\/?product=tv-bord-lustra\",\"url\":\"https:\/\/last-chance.dk\/?product=tv-bord-lustra\",\"name\":\"TV-bord Lustra - LASTCHANCE Deals | Danmark\",\"isPartOf\":{\"@id\":\"https:\/\/last-chance.dk\/#website\"},\"primaryImageOfPage\":{\"@id\":\"https:\/\/last-chance.dk\/?product=tv-bord-lustra#primaryimage\"},\"image\":{\"@id\":\"https:\/\/last-chance.dk\/?product=tv-bord-lustra#primaryimage\"},\"thumbnailUrl\":\"https:\/\/last-chance.dk\/wp-content\/uploads\/2024\/02\/1_2_60.jpg\",\"datePublished\":\"2024-02-02T17:08:10+00:00\",\"dateModified\":\"2025-09-19T18:56:47+00:00\",\"breadcrumb\":{\"@id\":\"https:\/\/last-chance.dk\/?product=tv-bord-lustra#breadcrumb\"},\"inLanguage\":\"da-DK\",\"potentialAction\":[{\"@type\":\"ReadAction\",\"target\":[\"https:\/\/last-chance.dk\/?product=tv-bord-lustra\"]}]},{\"@type\":\"ImageObject\",\"inLanguage\":\"da-DK\",\"@id\":\"https:\/\/last-chance.dk\/?product=tv-bord-lustra#primaryimage\",\"url\":\"https:\/\/last-chance.dk\/wp-content\/uploads\/2024\/02\/1_2_60.jpg\",\"contentUrl\":\"https:\/\/last-chance.dk\/wp-content\/uploads\/2024\/02\/1_2_60.jpg\",\"width\":1280,\"height\":1277},{\"@type\":\"BreadcrumbList\",\"@id\":\"https:\/\/last-chance.dk\/?product=tv-bord-lustra#breadcrumb\",\"itemListElement\":[{\"@type\":\"ListItem\",\"position\":1,\"name\":\"Home\",\"item\":\"https:\/\/last-chance.dk\/\"},{\"@type\":\"ListItem\",\"position\":2,\"name\":\"TV-bord Lustra\"}]},{\"@type\":\"WebSite\",\"@id\":\"https:\/\/last-chance.dk\/#website\",\"url\":\"https:\/\/last-chance.dk\/\",\"name\":\"LASTCHANCE Deals | Danmark\",\"description\":\"LASTCHANCE Deals | Danmark\",\"publisher\":{\"@id\":\"https:\/\/last-chance.dk\/#organization\"},\"potentialAction\":[{\"@type\":\"SearchAction\",\"target\":{\"@type\":\"EntryPoint\",\"urlTemplate\":\"https:\/\/last-chance.dk\/?s={search_term_string}\"},\"query-input\":{\"@type\":\"PropertyValueSpecification\",\"valueRequired\":true,\"valueName\":\"search_term_string\"}}],\"inLanguage\":\"da-DK\"},{\"@type\":\"Organization\",\"@id\":\"https:\/\/last-chance.dk\/#organization\",\"name\":\"LASTCHANCE Deals | Danmark\",\"url\":\"https:\/\/last-chance.dk\/\",\"logo\":{\"@type\":\"ImageObject\",\"inLanguage\":\"da-DK\",\"@id\":\"https:\/\/last-chance.dk\/#\/schema\/logo\/image\/\",\"url\":\"https:\/\/last-chance.dk\/wp-content\/uploads\/2023\/10\/lastchancedeals_logo_dk_white.png\",\"contentUrl\":\"https:\/\/last-chance.dk\/wp-content\/uploads\/2023\/10\/lastchancedeals_logo_dk_white.png\",\"width\":470,\"height\":110,\"caption\":\"LASTCHANCE Deals | Danmark\"},\"image\":{\"@id\":\"https:\/\/last-chance.dk\/#\/schema\/logo\/image\/\"}}]}<\/script>\n<!-- \/ Yoast SEO plugin. -->","yoast_head_json":{"title":"TV-bord Lustra - LASTCHANCE Deals | Danmark","robots":{"index":"index","follow":"follow","max-snippet":"max-snippet:-1","max-image-preview":"max-image-preview:large","max-video-preview":"max-video-preview:-1"},"canonical":"https:\/\/last-chance.dk\/?product=tv-bord-lustra","og_locale":"da_DK","og_type":"article","og_title":"TV-bord Lustra - LASTCHANCE Deals | Danmark","og_description":"Du ser p\u00e5 et flot TV-bord fra vores Lustra serie. Dette er et uds\u00f8gt produkt fra LuxCasa, en kendt producent i EU. Dette TV-bord er et elegant og alsidigt m\u00f8bel, der vil tilf\u00f8je en \u00e6stetisk charme til enhver stue. TV-bordet Lustra har en udvendig dimension p\u00e5 100x40x38 cm, hvilket er ideelt til at give optimal [&hellip;]","og_url":"https:\/\/last-chance.dk\/?product=tv-bord-lustra","og_site_name":"LASTCHANCE Deals | Danmark","article_modified_time":"2025-09-19T18:56:47+00:00","og_image":[{"width":1280,"height":1277,"url":"https:\/\/last-chance.dk\/wp-content\/uploads\/2024\/02\/1_2_60.jpg","type":"image\/jpeg"}],"twitter_card":"summary_large_image","twitter_misc":{"Estimeret l\u00e6setid":"1 minut"},"schema":{"@context":"https:\/\/schema.org","@graph":[{"@type":"WebPage","@id":"https:\/\/last-chance.dk\/?product=tv-bord-lustra","url":"https:\/\/last-chance.dk\/?product=tv-bord-lustra","name":"TV-bord Lustra - LASTCHANCE Deals | Danmark","isPartOf":{"@id":"https:\/\/last-chance.dk\/#website"},"primaryImageOfPage":{"@id":"https:\/\/last-chance.dk\/?product=tv-bord-lustra#primaryimage"},"image":{"@id":"https:\/\/last-chance.dk\/?product=tv-bord-lustra#primaryimage"},"thumbnailUrl":"https:\/\/last-chance.dk\/wp-content\/uploads\/2024\/02\/1_2_60.jpg","datePublished":"2024-02-02T17:08:10+00:00","dateModified":"2025-09-19T18:56:47+00:00","breadcrumb":{"@id":"https:\/\/last-chance.dk\/?product=tv-bord-lustra#breadcrumb"},"inLanguage":"da-DK","potentialAction":[{"@type":"ReadAction","target":["https:\/\/last-chance.dk\/?product=tv-bord-lustra"]}]},{"@type":"ImageObject","inLanguage":"da-DK","@id":"https:\/\/last-chance.dk\/?product=tv-bord-lustra#primaryimage","url":"https:\/\/last-chance.dk\/wp-content\/uploads\/2024\/02\/1_2_60.jpg","contentUrl":"https:\/\/last-chance.dk\/wp-content\/uploads\/2024\/02\/1_2_60.jpg","width":1280,"height":1277},{"@type":"BreadcrumbList","@id":"https:\/\/last-chance.dk\/?product=tv-bord-lustra#breadcrumb","itemListElement":[{"@type":"ListItem","position":1,"name":"Home","item":"https:\/\/last-chance.dk\/"},{"@type":"ListItem","position":2,"name":"TV-bord Lustra"}]},{"@type":"WebSite","@id":"https:\/\/last-chance.dk\/#website","url":"https:\/\/last-chance.dk\/","name":"LASTCHANCE Deals | Danmark","description":"LASTCHANCE Deals | Danmark","publisher":{"@id":"https:\/\/last-chance.dk\/#organization"},"potentialAction":[{"@type":"SearchAction","target":{"@type":"EntryPoint","urlTemplate":"https:\/\/last-chance.dk\/?s={search_term_string}"},"query-input":{"@type":"PropertyValueSpecification","valueRequired":true,"valueName":"search_term_string"}}],"inLanguage":"da-DK"},{"@type":"Organization","@id":"https:\/\/last-chance.dk\/#organization","name":"LASTCHANCE Deals | Danmark","url":"https:\/\/last-chance.dk\/","logo":{"@type":"ImageObject","inLanguage":"da-DK","@id":"https:\/\/last-chance.dk\/#\/schema\/logo\/image\/","url":"https:\/\/last-chance.dk\/wp-content\/uploads\/2023\/10\/lastchancedeals_logo_dk_white.png","contentUrl":"https:\/\/last-chance.dk\/wp-content\/uploads\/2023\/10\/lastchancedeals_logo_dk_white.png","width":470,"height":110,"caption":"LASTCHANCE Deals | Danmark"},"image":{"@id":"https:\/\/last-chance.dk\/#\/schema\/logo\/image\/"}}]}},"_links":{"self":[{"href":"https:\/\/last-chance.dk\/index.php?rest_route=\/wp\/v2\/product\/10529","targetHints":{"allow":["GET"]}}],"collection":[{"href":"https:\/\/last-chance.dk\/index.php?rest_route=\/wp\/v2\/product"}],"about":[{"href":"https:\/\/last-chance.dk\/index.php?rest_route=\/wp\/v2\/types\/product"}],"replies":[{"embeddable":true,"href":"https:\/\/last-chance.dk\/index.php?rest_route=%2Fwp%2Fv2%2Fcomments&post=10529"}],"wp:featuredmedia":[{"embeddable":true,"href":"https:\/\/last-chance.dk\/index.php?rest_route=\/wp\/v2\/media\/10528"}],"wp:attachment":[{"href":"https:\/\/last-chance.dk\/index.php?rest_route=%2Fwp%2Fv2%2Fmedia&parent=10529"}],"wp:term":[{"taxonomy":"product_brand","embeddable":true,"href":"https:\/\/last-chance.dk\/index.php?rest_route=%2Fwp%2Fv2%2Fproduct_brand&post=10529"},{"taxonomy":"product_cat","embeddable":true,"href":"https:\/\/last-chance.dk\/index.php?rest_route=%2Fwp%2Fv2%2Fproduct_cat&post=10529"},{"taxonomy":"product_tag","embeddable":true,"href":"https:\/\/last-chance.dk\/index.php?rest_route=%2Fwp%2Fv2%2Fproduct_tag&post=10529"}],"curies":[{"name":"wp","href":"https:\/\/api.w.org\/{rel}","templated":true}]}}