{"id":10533,"date":"2024-02-02T17:08:41","date_gmt":"2024-02-02T17:08:41","guid":{"rendered":"https:\/\/www.lastchance.deals\/dk\/produkt\/tv-bord-arvia\/"},"modified":"2025-09-19T18:52:33","modified_gmt":"2025-09-19T18:52:33","slug":"tv-bord-arvia","status":"publish","type":"product","link":"https:\/\/last-chance.dk\/?product=tv-bord-arvia","title":{"rendered":"TV-bord Arvia"},"content":{"rendered":"<p>M\u00f8d vores stilfulde TV-bord Arvia, designet og fremstillet af LuxCasa i EU. Arvia&#8217;s sofistikerede design, slanke linjer og hvide farve giver den et tidl\u00f8st look, der let passer ind i ethvert hjem. Lavet til at st\u00e5 distancen, er den et ideelt valg for dem, der s\u00f8ger kvalitet og stil.<\/p>\n<p><\/p>\n<p>TV-bordet m\u00e5ler 100x40x38 cm, hvilket giver rigelig plads til dit TV og andre multimedieenheder. Det tilf\u00f8jer ogs\u00e5 et strejf af elegance til din stue, og danner det perfekte centrum for din hjemmeunderholdning.<\/p>\n<p><\/p>\n<p>Arvia TV-bordet leveres usamlet, hvilket g\u00f8r det nemt for dig at samle det efter dine pr\u00e6ferencer. Det kommer med en 12 m\u00e5neders garanti, s\u00e5 du kan v\u00e6re sikker p\u00e5 kvaliteten og holdbarheden af dette m\u00f8belstykke.<\/p>\n<p><\/p>\n<p>V\u00e6r opm\u00e6rksom p\u00e5, at belysning ikke er inkluderet i denne model. Dette giver dig frihed til at tilf\u00f8je din egen belysning l\u00f8sning og personligg\u00f8re dit rum i henhold til dine pr\u00e6ferencer.<\/p>\n<p><\/p>\n<p>Opdag det stilfulde og elegante Arvia TV-bord og forbedre din stue med et m\u00f8belstykke, der kombinerer funktionalitet med et \u00f8je-catching design.<\/p>\n<p><\/p>\n<p>Leveringstid: Leveringstid 1-2 uger<br \/>\nFarve: hvid<br \/>\nBelysning: ikke inkluderet<br \/>\nUdvendige dimensioner: 100x40x38 cm<br \/>\nMontage: skal samles<br \/>\nGaranti: 12 m\u00e5neder<br \/>\nFremstillet: i EU<br \/>\nFabrikant: LuxCasa<\/p>\n","protected":false},"excerpt":{"rendered":"<p>M\u00f8d vores stilfulde TV-bord Arvia, designet og fremstillet af LuxCasa i EU. Arvia&#8217;s sofistikerede design, slanke linjer og hvide farve giver den et tidl\u00f8st look, der let passer ind i ethvert hjem. Lavet til at st\u00e5 distancen, er den et ideelt valg for dem, der s\u00f8ger kvalitet og stil. TV-bordet m\u00e5ler 100x40x38 cm, hvilket giver [&hellip;]<\/p>\n","protected":false},"featured_media":10532,"comment_status":"open","ping_status":"closed","template":"","meta":[],"product_brand":[],"product_cat":[152],"product_tag":[],"class_list":{"0":"post-10533","1":"product","2":"type-product","3":"status-publish","4":"has-post-thumbnail","6":"product_cat-tv-stands","8":"first","9":"instock","10":"shipping-taxable","11":"purchasable","12":"product-type-simple"},"yoast_head":"<!-- This site is optimized with the Yoast SEO plugin v24.8.1 - https:\/\/yoast.com\/wordpress\/plugins\/seo\/ -->\n<title>TV-bord Arvia - LASTCHANCE Deals | Danmark<\/title>\n<meta name=\"robots\" content=\"index, follow, max-snippet:-1, max-image-preview:large, max-video-preview:-1\" \/>\n<link rel=\"canonical\" href=\"https:\/\/last-chance.dk\/?product=tv-bord-arvia\" \/>\n<meta property=\"og:locale\" content=\"da_DK\" \/>\n<meta property=\"og:type\" content=\"article\" \/>\n<meta property=\"og:title\" content=\"TV-bord Arvia - LASTCHANCE Deals | Danmark\" \/>\n<meta property=\"og:description\" content=\"M\u00f8d vores stilfulde TV-bord Arvia, designet og fremstillet af LuxCasa i EU. Arvia&#8217;s sofistikerede design, slanke linjer og hvide farve giver den et tidl\u00f8st look, der let passer ind i ethvert hjem. Lavet til at st\u00e5 distancen, er den et ideelt valg for dem, der s\u00f8ger kvalitet og stil. TV-bordet m\u00e5ler 100x40x38 cm, hvilket giver [&hellip;]\" \/>\n<meta property=\"og:url\" content=\"https:\/\/last-chance.dk\/?product=tv-bord-arvia\" \/>\n<meta property=\"og:site_name\" content=\"LASTCHANCE Deals | Danmark\" \/>\n<meta property=\"article:modified_time\" content=\"2025-09-19T18:52:33+00:00\" \/>\n<meta property=\"og:image\" content=\"https:\/\/last-chance.dk\/wp-content\/uploads\/2024\/02\/1_2_19.jpg\" \/>\n\t<meta property=\"og:image:width\" content=\"1280\" \/>\n\t<meta property=\"og:image:height\" content=\"1277\" \/>\n\t<meta property=\"og:image:type\" content=\"image\/jpeg\" \/>\n<meta name=\"twitter:card\" content=\"summary_large_image\" \/>\n<meta name=\"twitter:label1\" content=\"Estimeret l\u00e6setid\" \/>\n\t<meta name=\"twitter:data1\" content=\"1 minut\" \/>\n<script type=\"application\/ld+json\" class=\"yoast-schema-graph\">{\"@context\":\"https:\/\/schema.org\",\"@graph\":[{\"@type\":\"WebPage\",\"@id\":\"https:\/\/last-chance.dk\/?product=tv-bord-arvia\",\"url\":\"https:\/\/last-chance.dk\/?product=tv-bord-arvia\",\"name\":\"TV-bord Arvia - LASTCHANCE Deals | Danmark\",\"isPartOf\":{\"@id\":\"https:\/\/last-chance.dk\/#website\"},\"primaryImageOfPage\":{\"@id\":\"https:\/\/last-chance.dk\/?product=tv-bord-arvia#primaryimage\"},\"image\":{\"@id\":\"https:\/\/last-chance.dk\/?product=tv-bord-arvia#primaryimage\"},\"thumbnailUrl\":\"https:\/\/last-chance.dk\/wp-content\/uploads\/2024\/02\/1_2_19.jpg\",\"datePublished\":\"2024-02-02T17:08:41+00:00\",\"dateModified\":\"2025-09-19T18:52:33+00:00\",\"breadcrumb\":{\"@id\":\"https:\/\/last-chance.dk\/?product=tv-bord-arvia#breadcrumb\"},\"inLanguage\":\"da-DK\",\"potentialAction\":[{\"@type\":\"ReadAction\",\"target\":[\"https:\/\/last-chance.dk\/?product=tv-bord-arvia\"]}]},{\"@type\":\"ImageObject\",\"inLanguage\":\"da-DK\",\"@id\":\"https:\/\/last-chance.dk\/?product=tv-bord-arvia#primaryimage\",\"url\":\"https:\/\/last-chance.dk\/wp-content\/uploads\/2024\/02\/1_2_19.jpg\",\"contentUrl\":\"https:\/\/last-chance.dk\/wp-content\/uploads\/2024\/02\/1_2_19.jpg\",\"width\":1280,\"height\":1277},{\"@type\":\"BreadcrumbList\",\"@id\":\"https:\/\/last-chance.dk\/?product=tv-bord-arvia#breadcrumb\",\"itemListElement\":[{\"@type\":\"ListItem\",\"position\":1,\"name\":\"Home\",\"item\":\"https:\/\/last-chance.dk\/\"},{\"@type\":\"ListItem\",\"position\":2,\"name\":\"TV-bord Arvia\"}]},{\"@type\":\"WebSite\",\"@id\":\"https:\/\/last-chance.dk\/#website\",\"url\":\"https:\/\/last-chance.dk\/\",\"name\":\"LASTCHANCE Deals | Danmark\",\"description\":\"LASTCHANCE Deals | Danmark\",\"publisher\":{\"@id\":\"https:\/\/last-chance.dk\/#organization\"},\"potentialAction\":[{\"@type\":\"SearchAction\",\"target\":{\"@type\":\"EntryPoint\",\"urlTemplate\":\"https:\/\/last-chance.dk\/?s={search_term_string}\"},\"query-input\":{\"@type\":\"PropertyValueSpecification\",\"valueRequired\":true,\"valueName\":\"search_term_string\"}}],\"inLanguage\":\"da-DK\"},{\"@type\":\"Organization\",\"@id\":\"https:\/\/last-chance.dk\/#organization\",\"name\":\"LASTCHANCE Deals | Danmark\",\"url\":\"https:\/\/last-chance.dk\/\",\"logo\":{\"@type\":\"ImageObject\",\"inLanguage\":\"da-DK\",\"@id\":\"https:\/\/last-chance.dk\/#\/schema\/logo\/image\/\",\"url\":\"https:\/\/last-chance.dk\/wp-content\/uploads\/2023\/10\/lastchancedeals_logo_dk_white.png\",\"contentUrl\":\"https:\/\/last-chance.dk\/wp-content\/uploads\/2023\/10\/lastchancedeals_logo_dk_white.png\",\"width\":470,\"height\":110,\"caption\":\"LASTCHANCE Deals | Danmark\"},\"image\":{\"@id\":\"https:\/\/last-chance.dk\/#\/schema\/logo\/image\/\"}}]}<\/script>\n<!-- \/ Yoast SEO plugin. -->","yoast_head_json":{"title":"TV-bord Arvia - LASTCHANCE Deals | Danmark","robots":{"index":"index","follow":"follow","max-snippet":"max-snippet:-1","max-image-preview":"max-image-preview:large","max-video-preview":"max-video-preview:-1"},"canonical":"https:\/\/last-chance.dk\/?product=tv-bord-arvia","og_locale":"da_DK","og_type":"article","og_title":"TV-bord Arvia - LASTCHANCE Deals | Danmark","og_description":"M\u00f8d vores stilfulde TV-bord Arvia, designet og fremstillet af LuxCasa i EU. Arvia&#8217;s sofistikerede design, slanke linjer og hvide farve giver den et tidl\u00f8st look, der let passer ind i ethvert hjem. Lavet til at st\u00e5 distancen, er den et ideelt valg for dem, der s\u00f8ger kvalitet og stil. TV-bordet m\u00e5ler 100x40x38 cm, hvilket giver [&hellip;]","og_url":"https:\/\/last-chance.dk\/?product=tv-bord-arvia","og_site_name":"LASTCHANCE Deals | Danmark","article_modified_time":"2025-09-19T18:52:33+00:00","og_image":[{"width":1280,"height":1277,"url":"https:\/\/last-chance.dk\/wp-content\/uploads\/2024\/02\/1_2_19.jpg","type":"image\/jpeg"}],"twitter_card":"summary_large_image","twitter_misc":{"Estimeret l\u00e6setid":"1 minut"},"schema":{"@context":"https:\/\/schema.org","@graph":[{"@type":"WebPage","@id":"https:\/\/last-chance.dk\/?product=tv-bord-arvia","url":"https:\/\/last-chance.dk\/?product=tv-bord-arvia","name":"TV-bord Arvia - LASTCHANCE Deals | Danmark","isPartOf":{"@id":"https:\/\/last-chance.dk\/#website"},"primaryImageOfPage":{"@id":"https:\/\/last-chance.dk\/?product=tv-bord-arvia#primaryimage"},"image":{"@id":"https:\/\/last-chance.dk\/?product=tv-bord-arvia#primaryimage"},"thumbnailUrl":"https:\/\/last-chance.dk\/wp-content\/uploads\/2024\/02\/1_2_19.jpg","datePublished":"2024-02-02T17:08:41+00:00","dateModified":"2025-09-19T18:52:33+00:00","breadcrumb":{"@id":"https:\/\/last-chance.dk\/?product=tv-bord-arvia#breadcrumb"},"inLanguage":"da-DK","potentialAction":[{"@type":"ReadAction","target":["https:\/\/last-chance.dk\/?product=tv-bord-arvia"]}]},{"@type":"ImageObject","inLanguage":"da-DK","@id":"https:\/\/last-chance.dk\/?product=tv-bord-arvia#primaryimage","url":"https:\/\/last-chance.dk\/wp-content\/uploads\/2024\/02\/1_2_19.jpg","contentUrl":"https:\/\/last-chance.dk\/wp-content\/uploads\/2024\/02\/1_2_19.jpg","width":1280,"height":1277},{"@type":"BreadcrumbList","@id":"https:\/\/last-chance.dk\/?product=tv-bord-arvia#breadcrumb","itemListElement":[{"@type":"ListItem","position":1,"name":"Home","item":"https:\/\/last-chance.dk\/"},{"@type":"ListItem","position":2,"name":"TV-bord Arvia"}]},{"@type":"WebSite","@id":"https:\/\/last-chance.dk\/#website","url":"https:\/\/last-chance.dk\/","name":"LASTCHANCE Deals | Danmark","description":"LASTCHANCE Deals | Danmark","publisher":{"@id":"https:\/\/last-chance.dk\/#organization"},"potentialAction":[{"@type":"SearchAction","target":{"@type":"EntryPoint","urlTemplate":"https:\/\/last-chance.dk\/?s={search_term_string}"},"query-input":{"@type":"PropertyValueSpecification","valueRequired":true,"valueName":"search_term_string"}}],"inLanguage":"da-DK"},{"@type":"Organization","@id":"https:\/\/last-chance.dk\/#organization","name":"LASTCHANCE Deals | Danmark","url":"https:\/\/last-chance.dk\/","logo":{"@type":"ImageObject","inLanguage":"da-DK","@id":"https:\/\/last-chance.dk\/#\/schema\/logo\/image\/","url":"https:\/\/last-chance.dk\/wp-content\/uploads\/2023\/10\/lastchancedeals_logo_dk_white.png","contentUrl":"https:\/\/last-chance.dk\/wp-content\/uploads\/2023\/10\/lastchancedeals_logo_dk_white.png","width":470,"height":110,"caption":"LASTCHANCE Deals | Danmark"},"image":{"@id":"https:\/\/last-chance.dk\/#\/schema\/logo\/image\/"}}]}},"_links":{"self":[{"href":"https:\/\/last-chance.dk\/index.php?rest_route=\/wp\/v2\/product\/10533","targetHints":{"allow":["GET"]}}],"collection":[{"href":"https:\/\/last-chance.dk\/index.php?rest_route=\/wp\/v2\/product"}],"about":[{"href":"https:\/\/last-chance.dk\/index.php?rest_route=\/wp\/v2\/types\/product"}],"replies":[{"embeddable":true,"href":"https:\/\/last-chance.dk\/index.php?rest_route=%2Fwp%2Fv2%2Fcomments&post=10533"}],"wp:featuredmedia":[{"embeddable":true,"href":"https:\/\/last-chance.dk\/index.php?rest_route=\/wp\/v2\/media\/10532"}],"wp:attachment":[{"href":"https:\/\/last-chance.dk\/index.php?rest_route=%2Fwp%2Fv2%2Fmedia&parent=10533"}],"wp:term":[{"taxonomy":"product_brand","embeddable":true,"href":"https:\/\/last-chance.dk\/index.php?rest_route=%2Fwp%2Fv2%2Fproduct_brand&post=10533"},{"taxonomy":"product_cat","embeddable":true,"href":"https:\/\/last-chance.dk\/index.php?rest_route=%2Fwp%2Fv2%2Fproduct_cat&post=10533"},{"taxonomy":"product_tag","embeddable":true,"href":"https:\/\/last-chance.dk\/index.php?rest_route=%2Fwp%2Fv2%2Fproduct_tag&post=10533"}],"curies":[{"name":"wp","href":"https:\/\/api.w.org\/{rel}","templated":true}]}}