{"id":10578,"date":"2024-02-15T21:39:47","date_gmt":"2024-02-15T21:39:47","guid":{"rendered":"https:\/\/www.lastchance.deals\/dk\/produkt\/tv-bord-vitesse\/"},"modified":"2025-10-13T12:09:08","modified_gmt":"2025-10-13T12:09:08","slug":"tv-bord-vitesse","status":"publish","type":"product","link":"https:\/\/last-chance.dk\/?product=tv-bord-vitesse","title":{"rendered":"TV-bord Vitesse"},"content":{"rendered":"<p>G\u00f8r en forskel i dit hjem med det smukt designet <strong>TV-bord Vitesse<\/strong>, som har en elegant sort farve. Det vil uden tvivl f\u00f8je en moderne stil og raffinement til din boligindretning.<\/p>\n<p><\/p>\n<p>Dette fantastiske TV-m\u00f8bel er fremstillet i EU af <strong>LuxCasa<\/strong>, en velrenommeret producent af kvalitetsm\u00f8bler, hvilket sikrer h\u00f8j kvalitet og holdbarhed. Det giver dig ro i sj\u00e6len at vide, at du f\u00e5r et produkt, som vil forblive i god stand, i lang tid.<\/p>\n<p><\/p>\n<p><strong>Vitesse TV-bordet<\/strong> er <strong>140x52x39 cm<\/strong> stort. Det g\u00f8r det til en passende st\u00f8rrelse for b\u00e5de store og sm\u00e5 stuer. Dens sorte farve g\u00f8r det nemt at integrere med andre m\u00f8bler og indretningsdetaljer.<\/p>\n<p><\/p>\n<p>TV-bordet er designet til selv-montering, hvilket giver dig en f\u00f8lelse af opn\u00e5else, n\u00e5r det er sammensat.<\/p>\n<p><\/p>\n<p>Ved k\u00f8b af TV-bordet Vitesse fra LuxCasa f\u00f8lger en <strong>garanti p\u00e5 12 m\u00e5neder<\/strong>. Dette giver dig ekstra sikkerhed og tillid til dit k\u00f8b. Bem\u00e6rk at belysning ikke er inkluderet.<\/p>\n<p><\/p>\n<p>Gl\u00e6d dig til at opleve den forbedrede komfort og elegance, som vores TV-bord Vitesse vil tilf\u00f8je til dit hjem.<\/p>\n<p><\/p>\n<p>Leveringstid: Leveringstid 1-2 uger<br \/>\nFarve: sort<br \/>\nBelysning: ikke inkluderet<br \/>\nUdvendige dimensioner: 140x52x39 cm<br \/>\nMontage: skal samles<br \/>\nGaranti: 12 m\u00e5neder<br \/>\nFremstillet: i EU<br \/>\nFabrikant: LuxCasa<\/p>\n","protected":false},"excerpt":{"rendered":"<p>G\u00f8r en forskel i dit hjem med det smukt designet TV-bord Vitesse, som har en elegant sort farve. Det vil uden tvivl f\u00f8je en moderne stil og raffinement til din boligindretning. Dette fantastiske TV-m\u00f8bel er fremstillet i EU af LuxCasa, en velrenommeret producent af kvalitetsm\u00f8bler, hvilket sikrer h\u00f8j kvalitet og holdbarhed. Det giver dig ro [&hellip;]<\/p>\n","protected":false},"featured_media":10577,"comment_status":"open","ping_status":"closed","template":"","meta":[],"product_brand":[],"product_cat":[152],"product_tag":[],"class_list":{"0":"post-10578","1":"product","2":"type-product","3":"status-publish","4":"has-post-thumbnail","6":"product_cat-tv-stands","8":"first","9":"instock","10":"shipping-taxable","11":"purchasable","12":"product-type-simple"},"yoast_head":"<!-- This site is optimized with the Yoast SEO plugin v24.8.1 - https:\/\/yoast.com\/wordpress\/plugins\/seo\/ -->\n<title>TV-bord Vitesse - LASTCHANCE Deals | Danmark<\/title>\n<meta name=\"robots\" content=\"index, follow, max-snippet:-1, max-image-preview:large, max-video-preview:-1\" \/>\n<link rel=\"canonical\" href=\"https:\/\/last-chance.dk\/?product=tv-bord-vitesse\" \/>\n<meta property=\"og:locale\" content=\"da_DK\" \/>\n<meta property=\"og:type\" content=\"article\" \/>\n<meta property=\"og:title\" content=\"TV-bord Vitesse - LASTCHANCE Deals | Danmark\" \/>\n<meta property=\"og:description\" content=\"G\u00f8r en forskel i dit hjem med det smukt designet TV-bord Vitesse, som har en elegant sort farve. Det vil uden tvivl f\u00f8je en moderne stil og raffinement til din boligindretning. Dette fantastiske TV-m\u00f8bel er fremstillet i EU af LuxCasa, en velrenommeret producent af kvalitetsm\u00f8bler, hvilket sikrer h\u00f8j kvalitet og holdbarhed. Det giver dig ro [&hellip;]\" \/>\n<meta property=\"og:url\" content=\"https:\/\/last-chance.dk\/?product=tv-bord-vitesse\" \/>\n<meta property=\"og:site_name\" content=\"LASTCHANCE Deals | Danmark\" \/>\n<meta property=\"article:modified_time\" content=\"2025-10-13T12:09:08+00:00\" \/>\n<meta property=\"og:image\" content=\"https:\/\/last-chance.dk\/wp-content\/uploads\/2024\/02\/1_2_80-6-scaled.jpg\" \/>\n\t<meta property=\"og:image:width\" content=\"2560\" \/>\n\t<meta property=\"og:image:height\" content=\"1920\" \/>\n\t<meta property=\"og:image:type\" content=\"image\/jpeg\" \/>\n<meta name=\"twitter:card\" content=\"summary_large_image\" \/>\n<meta name=\"twitter:label1\" content=\"Estimeret l\u00e6setid\" \/>\n\t<meta name=\"twitter:data1\" content=\"1 minut\" \/>\n<script type=\"application\/ld+json\" class=\"yoast-schema-graph\">{\"@context\":\"https:\/\/schema.org\",\"@graph\":[{\"@type\":\"WebPage\",\"@id\":\"https:\/\/last-chance.dk\/?product=tv-bord-vitesse\",\"url\":\"https:\/\/last-chance.dk\/?product=tv-bord-vitesse\",\"name\":\"TV-bord Vitesse - LASTCHANCE Deals | Danmark\",\"isPartOf\":{\"@id\":\"https:\/\/last-chance.dk\/#website\"},\"primaryImageOfPage\":{\"@id\":\"https:\/\/last-chance.dk\/?product=tv-bord-vitesse#primaryimage\"},\"image\":{\"@id\":\"https:\/\/last-chance.dk\/?product=tv-bord-vitesse#primaryimage\"},\"thumbnailUrl\":\"https:\/\/last-chance.dk\/wp-content\/uploads\/2024\/02\/1_2_80-6-scaled.jpg\",\"datePublished\":\"2024-02-15T21:39:47+00:00\",\"dateModified\":\"2025-10-13T12:09:08+00:00\",\"breadcrumb\":{\"@id\":\"https:\/\/last-chance.dk\/?product=tv-bord-vitesse#breadcrumb\"},\"inLanguage\":\"da-DK\",\"potentialAction\":[{\"@type\":\"ReadAction\",\"target\":[\"https:\/\/last-chance.dk\/?product=tv-bord-vitesse\"]}]},{\"@type\":\"ImageObject\",\"inLanguage\":\"da-DK\",\"@id\":\"https:\/\/last-chance.dk\/?product=tv-bord-vitesse#primaryimage\",\"url\":\"https:\/\/last-chance.dk\/wp-content\/uploads\/2024\/02\/1_2_80-6-scaled.jpg\",\"contentUrl\":\"https:\/\/last-chance.dk\/wp-content\/uploads\/2024\/02\/1_2_80-6-scaled.jpg\",\"width\":2560,\"height\":1920},{\"@type\":\"BreadcrumbList\",\"@id\":\"https:\/\/last-chance.dk\/?product=tv-bord-vitesse#breadcrumb\",\"itemListElement\":[{\"@type\":\"ListItem\",\"position\":1,\"name\":\"Home\",\"item\":\"https:\/\/last-chance.dk\/\"},{\"@type\":\"ListItem\",\"position\":2,\"name\":\"TV-bord Vitesse\"}]},{\"@type\":\"WebSite\",\"@id\":\"https:\/\/last-chance.dk\/#website\",\"url\":\"https:\/\/last-chance.dk\/\",\"name\":\"LASTCHANCE Deals | Danmark\",\"description\":\"LASTCHANCE Deals | Danmark\",\"publisher\":{\"@id\":\"https:\/\/last-chance.dk\/#organization\"},\"potentialAction\":[{\"@type\":\"SearchAction\",\"target\":{\"@type\":\"EntryPoint\",\"urlTemplate\":\"https:\/\/last-chance.dk\/?s={search_term_string}\"},\"query-input\":{\"@type\":\"PropertyValueSpecification\",\"valueRequired\":true,\"valueName\":\"search_term_string\"}}],\"inLanguage\":\"da-DK\"},{\"@type\":\"Organization\",\"@id\":\"https:\/\/last-chance.dk\/#organization\",\"name\":\"LASTCHANCE Deals | Danmark\",\"url\":\"https:\/\/last-chance.dk\/\",\"logo\":{\"@type\":\"ImageObject\",\"inLanguage\":\"da-DK\",\"@id\":\"https:\/\/last-chance.dk\/#\/schema\/logo\/image\/\",\"url\":\"https:\/\/last-chance.dk\/wp-content\/uploads\/2023\/10\/lastchancedeals_logo_dk_white.png\",\"contentUrl\":\"https:\/\/last-chance.dk\/wp-content\/uploads\/2023\/10\/lastchancedeals_logo_dk_white.png\",\"width\":470,\"height\":110,\"caption\":\"LASTCHANCE Deals | Danmark\"},\"image\":{\"@id\":\"https:\/\/last-chance.dk\/#\/schema\/logo\/image\/\"}}]}<\/script>\n<!-- \/ Yoast SEO plugin. -->","yoast_head_json":{"title":"TV-bord Vitesse - LASTCHANCE Deals | Danmark","robots":{"index":"index","follow":"follow","max-snippet":"max-snippet:-1","max-image-preview":"max-image-preview:large","max-video-preview":"max-video-preview:-1"},"canonical":"https:\/\/last-chance.dk\/?product=tv-bord-vitesse","og_locale":"da_DK","og_type":"article","og_title":"TV-bord Vitesse - LASTCHANCE Deals | Danmark","og_description":"G\u00f8r en forskel i dit hjem med det smukt designet TV-bord Vitesse, som har en elegant sort farve. Det vil uden tvivl f\u00f8je en moderne stil og raffinement til din boligindretning. Dette fantastiske TV-m\u00f8bel er fremstillet i EU af LuxCasa, en velrenommeret producent af kvalitetsm\u00f8bler, hvilket sikrer h\u00f8j kvalitet og holdbarhed. Det giver dig ro [&hellip;]","og_url":"https:\/\/last-chance.dk\/?product=tv-bord-vitesse","og_site_name":"LASTCHANCE Deals | Danmark","article_modified_time":"2025-10-13T12:09:08+00:00","og_image":[{"width":2560,"height":1920,"url":"https:\/\/last-chance.dk\/wp-content\/uploads\/2024\/02\/1_2_80-6-scaled.jpg","type":"image\/jpeg"}],"twitter_card":"summary_large_image","twitter_misc":{"Estimeret l\u00e6setid":"1 minut"},"schema":{"@context":"https:\/\/schema.org","@graph":[{"@type":"WebPage","@id":"https:\/\/last-chance.dk\/?product=tv-bord-vitesse","url":"https:\/\/last-chance.dk\/?product=tv-bord-vitesse","name":"TV-bord Vitesse - LASTCHANCE Deals | Danmark","isPartOf":{"@id":"https:\/\/last-chance.dk\/#website"},"primaryImageOfPage":{"@id":"https:\/\/last-chance.dk\/?product=tv-bord-vitesse#primaryimage"},"image":{"@id":"https:\/\/last-chance.dk\/?product=tv-bord-vitesse#primaryimage"},"thumbnailUrl":"https:\/\/last-chance.dk\/wp-content\/uploads\/2024\/02\/1_2_80-6-scaled.jpg","datePublished":"2024-02-15T21:39:47+00:00","dateModified":"2025-10-13T12:09:08+00:00","breadcrumb":{"@id":"https:\/\/last-chance.dk\/?product=tv-bord-vitesse#breadcrumb"},"inLanguage":"da-DK","potentialAction":[{"@type":"ReadAction","target":["https:\/\/last-chance.dk\/?product=tv-bord-vitesse"]}]},{"@type":"ImageObject","inLanguage":"da-DK","@id":"https:\/\/last-chance.dk\/?product=tv-bord-vitesse#primaryimage","url":"https:\/\/last-chance.dk\/wp-content\/uploads\/2024\/02\/1_2_80-6-scaled.jpg","contentUrl":"https:\/\/last-chance.dk\/wp-content\/uploads\/2024\/02\/1_2_80-6-scaled.jpg","width":2560,"height":1920},{"@type":"BreadcrumbList","@id":"https:\/\/last-chance.dk\/?product=tv-bord-vitesse#breadcrumb","itemListElement":[{"@type":"ListItem","position":1,"name":"Home","item":"https:\/\/last-chance.dk\/"},{"@type":"ListItem","position":2,"name":"TV-bord Vitesse"}]},{"@type":"WebSite","@id":"https:\/\/last-chance.dk\/#website","url":"https:\/\/last-chance.dk\/","name":"LASTCHANCE Deals | Danmark","description":"LASTCHANCE Deals | Danmark","publisher":{"@id":"https:\/\/last-chance.dk\/#organization"},"potentialAction":[{"@type":"SearchAction","target":{"@type":"EntryPoint","urlTemplate":"https:\/\/last-chance.dk\/?s={search_term_string}"},"query-input":{"@type":"PropertyValueSpecification","valueRequired":true,"valueName":"search_term_string"}}],"inLanguage":"da-DK"},{"@type":"Organization","@id":"https:\/\/last-chance.dk\/#organization","name":"LASTCHANCE Deals | Danmark","url":"https:\/\/last-chance.dk\/","logo":{"@type":"ImageObject","inLanguage":"da-DK","@id":"https:\/\/last-chance.dk\/#\/schema\/logo\/image\/","url":"https:\/\/last-chance.dk\/wp-content\/uploads\/2023\/10\/lastchancedeals_logo_dk_white.png","contentUrl":"https:\/\/last-chance.dk\/wp-content\/uploads\/2023\/10\/lastchancedeals_logo_dk_white.png","width":470,"height":110,"caption":"LASTCHANCE Deals | Danmark"},"image":{"@id":"https:\/\/last-chance.dk\/#\/schema\/logo\/image\/"}}]}},"_links":{"self":[{"href":"https:\/\/last-chance.dk\/index.php?rest_route=\/wp\/v2\/product\/10578","targetHints":{"allow":["GET"]}}],"collection":[{"href":"https:\/\/last-chance.dk\/index.php?rest_route=\/wp\/v2\/product"}],"about":[{"href":"https:\/\/last-chance.dk\/index.php?rest_route=\/wp\/v2\/types\/product"}],"replies":[{"embeddable":true,"href":"https:\/\/last-chance.dk\/index.php?rest_route=%2Fwp%2Fv2%2Fcomments&post=10578"}],"wp:featuredmedia":[{"embeddable":true,"href":"https:\/\/last-chance.dk\/index.php?rest_route=\/wp\/v2\/media\/10577"}],"wp:attachment":[{"href":"https:\/\/last-chance.dk\/index.php?rest_route=%2Fwp%2Fv2%2Fmedia&parent=10578"}],"wp:term":[{"taxonomy":"product_brand","embeddable":true,"href":"https:\/\/last-chance.dk\/index.php?rest_route=%2Fwp%2Fv2%2Fproduct_brand&post=10578"},{"taxonomy":"product_cat","embeddable":true,"href":"https:\/\/last-chance.dk\/index.php?rest_route=%2Fwp%2Fv2%2Fproduct_cat&post=10578"},{"taxonomy":"product_tag","embeddable":true,"href":"https:\/\/last-chance.dk\/index.php?rest_route=%2Fwp%2Fv2%2Fproduct_tag&post=10578"}],"curies":[{"name":"wp","href":"https:\/\/api.w.org\/{rel}","templated":true}]}}