{"id":11491,"date":"2024-03-28T23:22:54","date_gmt":"2024-03-28T23:22:54","guid":{"rendered":"https:\/\/www.lastchance.deals\/dk\/produkt\/baenk-hobart-kunstigt-laedertrae\/"},"modified":"2025-09-19T17:15:52","modified_gmt":"2025-09-19T17:15:52","slug":"baenk-hobart-kunstigt-laedertrae","status":"publish","type":"product","link":"https:\/\/last-chance.dk\/?product=baenk-hobart-kunstigt-laedertrae","title":{"rendered":"B\u00e6nk Hobart kunstigt l\u00e6der,tr\u00e6"},"content":{"rendered":"<p>B\u00e6nk Hobart er en elegant og komfortabel b\u00e6nk, der passer til enhver indretning. Den er lavet af kunstigt l\u00e6der og tr\u00e6, der giver den et moderne og holdbart udseende.<\/p>\n<p><\/p>\n<p>B\u00e6nken har en gener\u00f8s st\u00f8rrelse p\u00e5 120x40x40cm, s\u00e5 du kan sidde flere personer p\u00e5 den eller bruge den som et ekstra bord.<\/p>\n<p><\/p>\n<p>B\u00e6nken er produceret af ForrestDecor, en virksomhed, der er kendt for at lave kvalitetsm\u00f8bler med et \u00f8je for detaljer.<\/p>\n<p><\/p>\n<p>B\u00e6nken er halvt samlet, s\u00e5 du skal kun samle nogle f\u00e5 dele for at nyde den i dit hjem.<\/p>\n<p><\/p>\n<p>Bestil din B\u00e6nk Hobart i dag og giv dit rum et stilfuldt touch.<\/p>\n<p><\/p>\n<p>Leveringstid: Leveringstid 1 uge<br \/>\nMateriale: kunstigt l\u00e6der,tr\u00e6<br \/>\nStolens dimensioner: 120x40x40cm<br \/>\nFabrikant: ForrestDecor<br \/>\nMontage: halvt samlet<\/p>\n","protected":false},"excerpt":{"rendered":"<p>B\u00e6nk Hobart er en elegant og komfortabel b\u00e6nk, der passer til enhver indretning. Den er lavet af kunstigt l\u00e6der og tr\u00e6, der giver den et moderne og holdbart udseende. B\u00e6nken har en gener\u00f8s st\u00f8rrelse p\u00e5 120x40x40cm, s\u00e5 du kan sidde flere personer p\u00e5 den eller bruge den som et ekstra bord. B\u00e6nken er produceret af [&hellip;]<\/p>\n","protected":false},"featured_media":11490,"comment_status":"open","ping_status":"closed","template":"","meta":[],"product_brand":[],"product_cat":[137],"product_tag":[],"class_list":{"0":"post-11491","1":"product","2":"type-product","3":"status-publish","4":"has-post-thumbnail","6":"product_cat-fotpallar","8":"first","9":"instock","10":"shipping-taxable","11":"purchasable","12":"product-type-simple"},"yoast_head":"<!-- This site is optimized with the Yoast SEO plugin v24.8.1 - https:\/\/yoast.com\/wordpress\/plugins\/seo\/ -->\n<title>B\u00e6nk Hobart kunstigt l\u00e6der,tr\u00e6 - LASTCHANCE Deals | Danmark<\/title>\n<meta name=\"robots\" content=\"index, follow, max-snippet:-1, max-image-preview:large, max-video-preview:-1\" \/>\n<link rel=\"canonical\" href=\"https:\/\/last-chance.dk\/?product=baenk-hobart-kunstigt-laedertrae\" \/>\n<meta property=\"og:locale\" content=\"da_DK\" \/>\n<meta property=\"og:type\" content=\"article\" \/>\n<meta property=\"og:title\" content=\"B\u00e6nk Hobart kunstigt l\u00e6der,tr\u00e6 - LASTCHANCE Deals | Danmark\" \/>\n<meta property=\"og:description\" content=\"B\u00e6nk Hobart er en elegant og komfortabel b\u00e6nk, der passer til enhver indretning. Den er lavet af kunstigt l\u00e6der og tr\u00e6, der giver den et moderne og holdbart udseende. B\u00e6nken har en gener\u00f8s st\u00f8rrelse p\u00e5 120x40x40cm, s\u00e5 du kan sidde flere personer p\u00e5 den eller bruge den som et ekstra bord. B\u00e6nken er produceret af [&hellip;]\" \/>\n<meta property=\"og:url\" content=\"https:\/\/last-chance.dk\/?product=baenk-hobart-kunstigt-laedertrae\" \/>\n<meta property=\"og:site_name\" content=\"LASTCHANCE Deals | Danmark\" \/>\n<meta property=\"article:modified_time\" content=\"2025-09-19T17:15:52+00:00\" \/>\n<meta property=\"og:image\" content=\"https:\/\/last-chance.dk\/wp-content\/uploads\/2024\/03\/hobart_brown.jpg\" \/>\n\t<meta property=\"og:image:width\" content=\"712\" \/>\n\t<meta property=\"og:image:height\" content=\"450\" \/>\n\t<meta property=\"og:image:type\" content=\"image\/jpeg\" \/>\n<meta name=\"twitter:card\" content=\"summary_large_image\" \/>\n<meta name=\"twitter:label1\" content=\"Estimeret l\u00e6setid\" \/>\n\t<meta name=\"twitter:data1\" content=\"1 minut\" \/>\n<script type=\"application\/ld+json\" class=\"yoast-schema-graph\">{\"@context\":\"https:\/\/schema.org\",\"@graph\":[{\"@type\":\"WebPage\",\"@id\":\"https:\/\/last-chance.dk\/?product=baenk-hobart-kunstigt-laedertrae\",\"url\":\"https:\/\/last-chance.dk\/?product=baenk-hobart-kunstigt-laedertrae\",\"name\":\"B\u00e6nk Hobart kunstigt l\u00e6der,tr\u00e6 - LASTCHANCE Deals | Danmark\",\"isPartOf\":{\"@id\":\"https:\/\/last-chance.dk\/#website\"},\"primaryImageOfPage\":{\"@id\":\"https:\/\/last-chance.dk\/?product=baenk-hobart-kunstigt-laedertrae#primaryimage\"},\"image\":{\"@id\":\"https:\/\/last-chance.dk\/?product=baenk-hobart-kunstigt-laedertrae#primaryimage\"},\"thumbnailUrl\":\"https:\/\/last-chance.dk\/wp-content\/uploads\/2024\/03\/hobart_brown.jpg\",\"datePublished\":\"2024-03-28T23:22:54+00:00\",\"dateModified\":\"2025-09-19T17:15:52+00:00\",\"breadcrumb\":{\"@id\":\"https:\/\/last-chance.dk\/?product=baenk-hobart-kunstigt-laedertrae#breadcrumb\"},\"inLanguage\":\"da-DK\",\"potentialAction\":[{\"@type\":\"ReadAction\",\"target\":[\"https:\/\/last-chance.dk\/?product=baenk-hobart-kunstigt-laedertrae\"]}]},{\"@type\":\"ImageObject\",\"inLanguage\":\"da-DK\",\"@id\":\"https:\/\/last-chance.dk\/?product=baenk-hobart-kunstigt-laedertrae#primaryimage\",\"url\":\"https:\/\/last-chance.dk\/wp-content\/uploads\/2024\/03\/hobart_brown.jpg\",\"contentUrl\":\"https:\/\/last-chance.dk\/wp-content\/uploads\/2024\/03\/hobart_brown.jpg\",\"width\":712,\"height\":450},{\"@type\":\"BreadcrumbList\",\"@id\":\"https:\/\/last-chance.dk\/?product=baenk-hobart-kunstigt-laedertrae#breadcrumb\",\"itemListElement\":[{\"@type\":\"ListItem\",\"position\":1,\"name\":\"Home\",\"item\":\"https:\/\/last-chance.dk\/\"},{\"@type\":\"ListItem\",\"position\":2,\"name\":\"B\u00e6nk Hobart kunstigt l\u00e6der,tr\u00e6\"}]},{\"@type\":\"WebSite\",\"@id\":\"https:\/\/last-chance.dk\/#website\",\"url\":\"https:\/\/last-chance.dk\/\",\"name\":\"LASTCHANCE Deals | Danmark\",\"description\":\"LASTCHANCE Deals | Danmark\",\"publisher\":{\"@id\":\"https:\/\/last-chance.dk\/#organization\"},\"potentialAction\":[{\"@type\":\"SearchAction\",\"target\":{\"@type\":\"EntryPoint\",\"urlTemplate\":\"https:\/\/last-chance.dk\/?s={search_term_string}\"},\"query-input\":{\"@type\":\"PropertyValueSpecification\",\"valueRequired\":true,\"valueName\":\"search_term_string\"}}],\"inLanguage\":\"da-DK\"},{\"@type\":\"Organization\",\"@id\":\"https:\/\/last-chance.dk\/#organization\",\"name\":\"LASTCHANCE Deals | Danmark\",\"url\":\"https:\/\/last-chance.dk\/\",\"logo\":{\"@type\":\"ImageObject\",\"inLanguage\":\"da-DK\",\"@id\":\"https:\/\/last-chance.dk\/#\/schema\/logo\/image\/\",\"url\":\"https:\/\/last-chance.dk\/wp-content\/uploads\/2023\/10\/lastchancedeals_logo_dk_white.png\",\"contentUrl\":\"https:\/\/last-chance.dk\/wp-content\/uploads\/2023\/10\/lastchancedeals_logo_dk_white.png\",\"width\":470,\"height\":110,\"caption\":\"LASTCHANCE Deals | Danmark\"},\"image\":{\"@id\":\"https:\/\/last-chance.dk\/#\/schema\/logo\/image\/\"}}]}<\/script>\n<!-- \/ Yoast SEO plugin. -->","yoast_head_json":{"title":"B\u00e6nk Hobart kunstigt l\u00e6der,tr\u00e6 - LASTCHANCE Deals | Danmark","robots":{"index":"index","follow":"follow","max-snippet":"max-snippet:-1","max-image-preview":"max-image-preview:large","max-video-preview":"max-video-preview:-1"},"canonical":"https:\/\/last-chance.dk\/?product=baenk-hobart-kunstigt-laedertrae","og_locale":"da_DK","og_type":"article","og_title":"B\u00e6nk Hobart kunstigt l\u00e6der,tr\u00e6 - LASTCHANCE Deals | Danmark","og_description":"B\u00e6nk Hobart er en elegant og komfortabel b\u00e6nk, der passer til enhver indretning. Den er lavet af kunstigt l\u00e6der og tr\u00e6, der giver den et moderne og holdbart udseende. B\u00e6nken har en gener\u00f8s st\u00f8rrelse p\u00e5 120x40x40cm, s\u00e5 du kan sidde flere personer p\u00e5 den eller bruge den som et ekstra bord. B\u00e6nken er produceret af [&hellip;]","og_url":"https:\/\/last-chance.dk\/?product=baenk-hobart-kunstigt-laedertrae","og_site_name":"LASTCHANCE Deals | Danmark","article_modified_time":"2025-09-19T17:15:52+00:00","og_image":[{"width":712,"height":450,"url":"https:\/\/last-chance.dk\/wp-content\/uploads\/2024\/03\/hobart_brown.jpg","type":"image\/jpeg"}],"twitter_card":"summary_large_image","twitter_misc":{"Estimeret l\u00e6setid":"1 minut"},"schema":{"@context":"https:\/\/schema.org","@graph":[{"@type":"WebPage","@id":"https:\/\/last-chance.dk\/?product=baenk-hobart-kunstigt-laedertrae","url":"https:\/\/last-chance.dk\/?product=baenk-hobart-kunstigt-laedertrae","name":"B\u00e6nk Hobart kunstigt l\u00e6der,tr\u00e6 - LASTCHANCE Deals | Danmark","isPartOf":{"@id":"https:\/\/last-chance.dk\/#website"},"primaryImageOfPage":{"@id":"https:\/\/last-chance.dk\/?product=baenk-hobart-kunstigt-laedertrae#primaryimage"},"image":{"@id":"https:\/\/last-chance.dk\/?product=baenk-hobart-kunstigt-laedertrae#primaryimage"},"thumbnailUrl":"https:\/\/last-chance.dk\/wp-content\/uploads\/2024\/03\/hobart_brown.jpg","datePublished":"2024-03-28T23:22:54+00:00","dateModified":"2025-09-19T17:15:52+00:00","breadcrumb":{"@id":"https:\/\/last-chance.dk\/?product=baenk-hobart-kunstigt-laedertrae#breadcrumb"},"inLanguage":"da-DK","potentialAction":[{"@type":"ReadAction","target":["https:\/\/last-chance.dk\/?product=baenk-hobart-kunstigt-laedertrae"]}]},{"@type":"ImageObject","inLanguage":"da-DK","@id":"https:\/\/last-chance.dk\/?product=baenk-hobart-kunstigt-laedertrae#primaryimage","url":"https:\/\/last-chance.dk\/wp-content\/uploads\/2024\/03\/hobart_brown.jpg","contentUrl":"https:\/\/last-chance.dk\/wp-content\/uploads\/2024\/03\/hobart_brown.jpg","width":712,"height":450},{"@type":"BreadcrumbList","@id":"https:\/\/last-chance.dk\/?product=baenk-hobart-kunstigt-laedertrae#breadcrumb","itemListElement":[{"@type":"ListItem","position":1,"name":"Home","item":"https:\/\/last-chance.dk\/"},{"@type":"ListItem","position":2,"name":"B\u00e6nk Hobart kunstigt l\u00e6der,tr\u00e6"}]},{"@type":"WebSite","@id":"https:\/\/last-chance.dk\/#website","url":"https:\/\/last-chance.dk\/","name":"LASTCHANCE Deals | Danmark","description":"LASTCHANCE Deals | Danmark","publisher":{"@id":"https:\/\/last-chance.dk\/#organization"},"potentialAction":[{"@type":"SearchAction","target":{"@type":"EntryPoint","urlTemplate":"https:\/\/last-chance.dk\/?s={search_term_string}"},"query-input":{"@type":"PropertyValueSpecification","valueRequired":true,"valueName":"search_term_string"}}],"inLanguage":"da-DK"},{"@type":"Organization","@id":"https:\/\/last-chance.dk\/#organization","name":"LASTCHANCE Deals | Danmark","url":"https:\/\/last-chance.dk\/","logo":{"@type":"ImageObject","inLanguage":"da-DK","@id":"https:\/\/last-chance.dk\/#\/schema\/logo\/image\/","url":"https:\/\/last-chance.dk\/wp-content\/uploads\/2023\/10\/lastchancedeals_logo_dk_white.png","contentUrl":"https:\/\/last-chance.dk\/wp-content\/uploads\/2023\/10\/lastchancedeals_logo_dk_white.png","width":470,"height":110,"caption":"LASTCHANCE Deals | Danmark"},"image":{"@id":"https:\/\/last-chance.dk\/#\/schema\/logo\/image\/"}}]}},"_links":{"self":[{"href":"https:\/\/last-chance.dk\/index.php?rest_route=\/wp\/v2\/product\/11491","targetHints":{"allow":["GET"]}}],"collection":[{"href":"https:\/\/last-chance.dk\/index.php?rest_route=\/wp\/v2\/product"}],"about":[{"href":"https:\/\/last-chance.dk\/index.php?rest_route=\/wp\/v2\/types\/product"}],"replies":[{"embeddable":true,"href":"https:\/\/last-chance.dk\/index.php?rest_route=%2Fwp%2Fv2%2Fcomments&post=11491"}],"wp:featuredmedia":[{"embeddable":true,"href":"https:\/\/last-chance.dk\/index.php?rest_route=\/wp\/v2\/media\/11490"}],"wp:attachment":[{"href":"https:\/\/last-chance.dk\/index.php?rest_route=%2Fwp%2Fv2%2Fmedia&parent=11491"}],"wp:term":[{"taxonomy":"product_brand","embeddable":true,"href":"https:\/\/last-chance.dk\/index.php?rest_route=%2Fwp%2Fv2%2Fproduct_brand&post=11491"},{"taxonomy":"product_cat","embeddable":true,"href":"https:\/\/last-chance.dk\/index.php?rest_route=%2Fwp%2Fv2%2Fproduct_cat&post=11491"},{"taxonomy":"product_tag","embeddable":true,"href":"https:\/\/last-chance.dk\/index.php?rest_route=%2Fwp%2Fv2%2Fproduct_tag&post=11491"}],"curies":[{"name":"wp","href":"https:\/\/api.w.org\/{rel}","templated":true}]}}