{"id":11499,"date":"2024-03-28T23:23:07","date_gmt":"2024-03-28T23:23:07","guid":{"rendered":"https:\/\/www.lastchance.deals\/dk\/produkt\/badevaerelses-hylde-jesper-hvid-plast\/"},"modified":"2025-09-19T17:14:23","modified_gmt":"2025-09-19T17:14:23","slug":"badevaerelses-hylde-jesper-hvid-plast","status":"publish","type":"product","link":"https:\/\/last-chance.dk\/?product=badevaerelses-hylde-jesper-hvid-plast","title":{"rendered":"Badev\u00e6relses hylde Jesper hvid plast"},"content":{"rendered":"<p>Er du p\u00e5 udkig efter en praktisk og stilfuld hylde til dit badev\u00e6relse? S\u00e5 er badev\u00e6relses hylde Jesper lige noget for dig! Denne hylde er lavet af plast, som er et holdbart og vandafvisende materiale. Den har en hvid farve, som passer til enhver indretning. Hylden har fire rummelige hylder, hvor du kan opbevare dine h\u00e5ndkl\u00e6der, toiletartikler, kosmetik og meget mere. Hylden m\u00e5ler 21x120cm og kan nemt monteres p\u00e5 v\u00e6ggen med de medf\u00f8lgende skruer og rawplugs. Hylden er designet af ForrestDecor, som er en dansk virksomhed med fokus p\u00e5 b\u00e6redygtighed og kvalitet. Hylden er lavet i Europa med respekt for milj\u00f8et og arbejdsforholdene. Med badev\u00e6relses hylde Jesper f\u00e5r du en smart og funktionel l\u00f8sning til dit badev\u00e6relse, som vil holde i mange \u00e5r.<\/p>\n<p><\/p>\n<p>Leveringstid: Leveringstid 1 uge<br \/>\nMateriale: plast<br \/>\nFarve: hvid<br \/>\nDimensioner: 21x120cm<br \/>\nMontage: skal samles<br \/>\nFabrikant: ForrestDecor<\/p>\n","protected":false},"excerpt":{"rendered":"<p>Er du p\u00e5 udkig efter en praktisk og stilfuld hylde til dit badev\u00e6relse? S\u00e5 er badev\u00e6relses hylde Jesper lige noget for dig! Denne hylde er lavet af plast, som er et holdbart og vandafvisende materiale. Den har en hvid farve, som passer til enhver indretning. Hylden har fire rummelige hylder, hvor du kan opbevare dine [&hellip;]<\/p>\n","protected":false},"featured_media":11498,"comment_status":"open","ping_status":"closed","template":"","meta":[],"product_brand":[],"product_cat":[149],"product_tag":[],"class_list":{"0":"post-11499","1":"product","2":"type-product","3":"status-publish","4":"has-post-thumbnail","6":"product_cat-badrum","8":"first","9":"instock","10":"shipping-taxable","11":"purchasable","12":"product-type-simple"},"yoast_head":"<!-- This site is optimized with the Yoast SEO plugin v24.8.1 - https:\/\/yoast.com\/wordpress\/plugins\/seo\/ -->\n<title>Badev\u00e6relses hylde Jesper hvid plast - LASTCHANCE Deals | Danmark<\/title>\n<meta name=\"robots\" content=\"index, follow, max-snippet:-1, max-image-preview:large, max-video-preview:-1\" \/>\n<link rel=\"canonical\" href=\"https:\/\/last-chance.dk\/?product=badevaerelses-hylde-jesper-hvid-plast\" \/>\n<meta property=\"og:locale\" content=\"da_DK\" \/>\n<meta property=\"og:type\" content=\"article\" \/>\n<meta property=\"og:title\" content=\"Badev\u00e6relses hylde Jesper hvid plast - LASTCHANCE Deals | Danmark\" \/>\n<meta property=\"og:description\" content=\"Er du p\u00e5 udkig efter en praktisk og stilfuld hylde til dit badev\u00e6relse? S\u00e5 er badev\u00e6relses hylde Jesper lige noget for dig! Denne hylde er lavet af plast, som er et holdbart og vandafvisende materiale. Den har en hvid farve, som passer til enhver indretning. Hylden har fire rummelige hylder, hvor du kan opbevare dine [&hellip;]\" \/>\n<meta property=\"og:url\" content=\"https:\/\/last-chance.dk\/?product=badevaerelses-hylde-jesper-hvid-plast\" \/>\n<meta property=\"og:site_name\" content=\"LASTCHANCE Deals | Danmark\" \/>\n<meta property=\"article:modified_time\" content=\"2025-09-19T17:14:23+00:00\" \/>\n<meta property=\"og:image\" content=\"https:\/\/last-chance.dk\/wp-content\/uploads\/2024\/03\/jesper1.jpg\" \/>\n\t<meta property=\"og:image:width\" content=\"436\" \/>\n\t<meta property=\"og:image:height\" content=\"801\" \/>\n\t<meta property=\"og:image:type\" content=\"image\/jpeg\" \/>\n<meta name=\"twitter:card\" content=\"summary_large_image\" \/>\n<meta name=\"twitter:label1\" content=\"Estimeret l\u00e6setid\" \/>\n\t<meta name=\"twitter:data1\" content=\"1 minut\" \/>\n<script type=\"application\/ld+json\" class=\"yoast-schema-graph\">{\"@context\":\"https:\/\/schema.org\",\"@graph\":[{\"@type\":\"WebPage\",\"@id\":\"https:\/\/last-chance.dk\/?product=badevaerelses-hylde-jesper-hvid-plast\",\"url\":\"https:\/\/last-chance.dk\/?product=badevaerelses-hylde-jesper-hvid-plast\",\"name\":\"Badev\u00e6relses hylde Jesper hvid plast - LASTCHANCE Deals | Danmark\",\"isPartOf\":{\"@id\":\"https:\/\/last-chance.dk\/#website\"},\"primaryImageOfPage\":{\"@id\":\"https:\/\/last-chance.dk\/?product=badevaerelses-hylde-jesper-hvid-plast#primaryimage\"},\"image\":{\"@id\":\"https:\/\/last-chance.dk\/?product=badevaerelses-hylde-jesper-hvid-plast#primaryimage\"},\"thumbnailUrl\":\"https:\/\/last-chance.dk\/wp-content\/uploads\/2024\/03\/jesper1.jpg\",\"datePublished\":\"2024-03-28T23:23:07+00:00\",\"dateModified\":\"2025-09-19T17:14:23+00:00\",\"breadcrumb\":{\"@id\":\"https:\/\/last-chance.dk\/?product=badevaerelses-hylde-jesper-hvid-plast#breadcrumb\"},\"inLanguage\":\"da-DK\",\"potentialAction\":[{\"@type\":\"ReadAction\",\"target\":[\"https:\/\/last-chance.dk\/?product=badevaerelses-hylde-jesper-hvid-plast\"]}]},{\"@type\":\"ImageObject\",\"inLanguage\":\"da-DK\",\"@id\":\"https:\/\/last-chance.dk\/?product=badevaerelses-hylde-jesper-hvid-plast#primaryimage\",\"url\":\"https:\/\/last-chance.dk\/wp-content\/uploads\/2024\/03\/jesper1.jpg\",\"contentUrl\":\"https:\/\/last-chance.dk\/wp-content\/uploads\/2024\/03\/jesper1.jpg\",\"width\":436,\"height\":801},{\"@type\":\"BreadcrumbList\",\"@id\":\"https:\/\/last-chance.dk\/?product=badevaerelses-hylde-jesper-hvid-plast#breadcrumb\",\"itemListElement\":[{\"@type\":\"ListItem\",\"position\":1,\"name\":\"Home\",\"item\":\"https:\/\/last-chance.dk\/\"},{\"@type\":\"ListItem\",\"position\":2,\"name\":\"Badev\u00e6relses hylde Jesper hvid plast\"}]},{\"@type\":\"WebSite\",\"@id\":\"https:\/\/last-chance.dk\/#website\",\"url\":\"https:\/\/last-chance.dk\/\",\"name\":\"LASTCHANCE Deals | Danmark\",\"description\":\"LASTCHANCE Deals | Danmark\",\"publisher\":{\"@id\":\"https:\/\/last-chance.dk\/#organization\"},\"potentialAction\":[{\"@type\":\"SearchAction\",\"target\":{\"@type\":\"EntryPoint\",\"urlTemplate\":\"https:\/\/last-chance.dk\/?s={search_term_string}\"},\"query-input\":{\"@type\":\"PropertyValueSpecification\",\"valueRequired\":true,\"valueName\":\"search_term_string\"}}],\"inLanguage\":\"da-DK\"},{\"@type\":\"Organization\",\"@id\":\"https:\/\/last-chance.dk\/#organization\",\"name\":\"LASTCHANCE Deals | Danmark\",\"url\":\"https:\/\/last-chance.dk\/\",\"logo\":{\"@type\":\"ImageObject\",\"inLanguage\":\"da-DK\",\"@id\":\"https:\/\/last-chance.dk\/#\/schema\/logo\/image\/\",\"url\":\"https:\/\/last-chance.dk\/wp-content\/uploads\/2023\/10\/lastchancedeals_logo_dk_white.png\",\"contentUrl\":\"https:\/\/last-chance.dk\/wp-content\/uploads\/2023\/10\/lastchancedeals_logo_dk_white.png\",\"width\":470,\"height\":110,\"caption\":\"LASTCHANCE Deals | Danmark\"},\"image\":{\"@id\":\"https:\/\/last-chance.dk\/#\/schema\/logo\/image\/\"}}]}<\/script>\n<!-- \/ Yoast SEO plugin. -->","yoast_head_json":{"title":"Badev\u00e6relses hylde Jesper hvid plast - LASTCHANCE Deals | Danmark","robots":{"index":"index","follow":"follow","max-snippet":"max-snippet:-1","max-image-preview":"max-image-preview:large","max-video-preview":"max-video-preview:-1"},"canonical":"https:\/\/last-chance.dk\/?product=badevaerelses-hylde-jesper-hvid-plast","og_locale":"da_DK","og_type":"article","og_title":"Badev\u00e6relses hylde Jesper hvid plast - LASTCHANCE Deals | Danmark","og_description":"Er du p\u00e5 udkig efter en praktisk og stilfuld hylde til dit badev\u00e6relse? S\u00e5 er badev\u00e6relses hylde Jesper lige noget for dig! Denne hylde er lavet af plast, som er et holdbart og vandafvisende materiale. Den har en hvid farve, som passer til enhver indretning. Hylden har fire rummelige hylder, hvor du kan opbevare dine [&hellip;]","og_url":"https:\/\/last-chance.dk\/?product=badevaerelses-hylde-jesper-hvid-plast","og_site_name":"LASTCHANCE Deals | Danmark","article_modified_time":"2025-09-19T17:14:23+00:00","og_image":[{"width":436,"height":801,"url":"https:\/\/last-chance.dk\/wp-content\/uploads\/2024\/03\/jesper1.jpg","type":"image\/jpeg"}],"twitter_card":"summary_large_image","twitter_misc":{"Estimeret l\u00e6setid":"1 minut"},"schema":{"@context":"https:\/\/schema.org","@graph":[{"@type":"WebPage","@id":"https:\/\/last-chance.dk\/?product=badevaerelses-hylde-jesper-hvid-plast","url":"https:\/\/last-chance.dk\/?product=badevaerelses-hylde-jesper-hvid-plast","name":"Badev\u00e6relses hylde Jesper hvid plast - LASTCHANCE Deals | Danmark","isPartOf":{"@id":"https:\/\/last-chance.dk\/#website"},"primaryImageOfPage":{"@id":"https:\/\/last-chance.dk\/?product=badevaerelses-hylde-jesper-hvid-plast#primaryimage"},"image":{"@id":"https:\/\/last-chance.dk\/?product=badevaerelses-hylde-jesper-hvid-plast#primaryimage"},"thumbnailUrl":"https:\/\/last-chance.dk\/wp-content\/uploads\/2024\/03\/jesper1.jpg","datePublished":"2024-03-28T23:23:07+00:00","dateModified":"2025-09-19T17:14:23+00:00","breadcrumb":{"@id":"https:\/\/last-chance.dk\/?product=badevaerelses-hylde-jesper-hvid-plast#breadcrumb"},"inLanguage":"da-DK","potentialAction":[{"@type":"ReadAction","target":["https:\/\/last-chance.dk\/?product=badevaerelses-hylde-jesper-hvid-plast"]}]},{"@type":"ImageObject","inLanguage":"da-DK","@id":"https:\/\/last-chance.dk\/?product=badevaerelses-hylde-jesper-hvid-plast#primaryimage","url":"https:\/\/last-chance.dk\/wp-content\/uploads\/2024\/03\/jesper1.jpg","contentUrl":"https:\/\/last-chance.dk\/wp-content\/uploads\/2024\/03\/jesper1.jpg","width":436,"height":801},{"@type":"BreadcrumbList","@id":"https:\/\/last-chance.dk\/?product=badevaerelses-hylde-jesper-hvid-plast#breadcrumb","itemListElement":[{"@type":"ListItem","position":1,"name":"Home","item":"https:\/\/last-chance.dk\/"},{"@type":"ListItem","position":2,"name":"Badev\u00e6relses hylde Jesper hvid plast"}]},{"@type":"WebSite","@id":"https:\/\/last-chance.dk\/#website","url":"https:\/\/last-chance.dk\/","name":"LASTCHANCE Deals | Danmark","description":"LASTCHANCE Deals | Danmark","publisher":{"@id":"https:\/\/last-chance.dk\/#organization"},"potentialAction":[{"@type":"SearchAction","target":{"@type":"EntryPoint","urlTemplate":"https:\/\/last-chance.dk\/?s={search_term_string}"},"query-input":{"@type":"PropertyValueSpecification","valueRequired":true,"valueName":"search_term_string"}}],"inLanguage":"da-DK"},{"@type":"Organization","@id":"https:\/\/last-chance.dk\/#organization","name":"LASTCHANCE Deals | Danmark","url":"https:\/\/last-chance.dk\/","logo":{"@type":"ImageObject","inLanguage":"da-DK","@id":"https:\/\/last-chance.dk\/#\/schema\/logo\/image\/","url":"https:\/\/last-chance.dk\/wp-content\/uploads\/2023\/10\/lastchancedeals_logo_dk_white.png","contentUrl":"https:\/\/last-chance.dk\/wp-content\/uploads\/2023\/10\/lastchancedeals_logo_dk_white.png","width":470,"height":110,"caption":"LASTCHANCE Deals | Danmark"},"image":{"@id":"https:\/\/last-chance.dk\/#\/schema\/logo\/image\/"}}]}},"_links":{"self":[{"href":"https:\/\/last-chance.dk\/index.php?rest_route=\/wp\/v2\/product\/11499","targetHints":{"allow":["GET"]}}],"collection":[{"href":"https:\/\/last-chance.dk\/index.php?rest_route=\/wp\/v2\/product"}],"about":[{"href":"https:\/\/last-chance.dk\/index.php?rest_route=\/wp\/v2\/types\/product"}],"replies":[{"embeddable":true,"href":"https:\/\/last-chance.dk\/index.php?rest_route=%2Fwp%2Fv2%2Fcomments&post=11499"}],"wp:featuredmedia":[{"embeddable":true,"href":"https:\/\/last-chance.dk\/index.php?rest_route=\/wp\/v2\/media\/11498"}],"wp:attachment":[{"href":"https:\/\/last-chance.dk\/index.php?rest_route=%2Fwp%2Fv2%2Fmedia&parent=11499"}],"wp:term":[{"taxonomy":"product_brand","embeddable":true,"href":"https:\/\/last-chance.dk\/index.php?rest_route=%2Fwp%2Fv2%2Fproduct_brand&post=11499"},{"taxonomy":"product_cat","embeddable":true,"href":"https:\/\/last-chance.dk\/index.php?rest_route=%2Fwp%2Fv2%2Fproduct_cat&post=11499"},{"taxonomy":"product_tag","embeddable":true,"href":"https:\/\/last-chance.dk\/index.php?rest_route=%2Fwp%2Fv2%2Fproduct_tag&post=11499"}],"curies":[{"name":"wp","href":"https:\/\/api.w.org\/{rel}","templated":true}]}}