{"id":11503,"date":"2024-03-28T23:23:30","date_gmt":"2024-03-28T23:23:30","guid":{"rendered":"https:\/\/www.lastchance.deals\/dk\/produkt\/gardiner-alexandria-2-260x270cm-2-stykker\/"},"modified":"2025-10-13T11:51:46","modified_gmt":"2025-10-13T11:51:46","slug":"gardiner-alexandria-2-260x270cm-2-stykker","status":"publish","type":"product","link":"https:\/\/last-chance.dk\/?product=gardiner-alexandria-2-260x270cm-2-stykker","title":{"rendered":"Gardiner Alexandria-2 260x270cm, 2 stykker"},"content":{"rendered":"<p>\nGardiner Alexandria-2 er et s\u00e6t af to elegante og stilfulde gardiner, der vil tilf\u00f8je et strejf af klasse og hygge til dit hjem. Disse gardiner er lavet af h\u00f8j kvalitet stof, der er bl\u00f8dt og behageligt at r\u00f8re ved. De har en smuk m\u00f8nster, der skaber en harmonisk og indbydende atmosf\u00e6re i dit rum.\n<\/p>\n<p><\/p>\n<p>\nGardinerne har en gener\u00f8s dimension p\u00e5 260x270cm hver, hvilket g\u00f8r dem velegnede til store vinduer eller d\u00f8re. De er lette at h\u00e6nge op med de medf\u00f8lgende kroge og l\u00f8kker. Du kan ogs\u00e5 justere l\u00e6ngden af gardinerne efter dine behov ved at klippe eller sy dem. Gardinerne er nemme at reng\u00f8re og vedligeholde, da de kan maskinvaskes ved 30 grader.\n<\/p>\n<p><\/p>\n<p>\nGardiner Alexandria-2 er produceret af ForrestDecor, et velrenommeret firma, der har specialiseret sig i hjemmetekstiler i mange \u00e5r. De bruger kun de bedste materialer og teknikker til at skabe smukke og holdbare produkter. Gardinerne er lavet i -, hvilket betyder, at de er milj\u00f8venlige og sikre for dig og din familie.\n<\/p>\n<p><\/p>\n<p>\nBestil dine Gardiner Alexandria-2 i dag og nyd den forvandling, de vil bringe til dit hjem. Du vil ikke fortryde dit valg!\n<\/p>\n<p><\/p>\n<p>Leveringstid: Leveringstid 1 uge<br \/>\nMateriale: stof<br \/>\nDimensioner: 260x270cm<br \/>\nBel\u00f8b: 260x270cm x 2pcs<br \/>\nFabrikant: ForrestDecor<\/p>\n","protected":false},"excerpt":{"rendered":"<p>Gardiner Alexandria-2 er et s\u00e6t af to elegante og stilfulde gardiner, der vil tilf\u00f8je et strejf af klasse og hygge til dit hjem. Disse gardiner er lavet af h\u00f8j kvalitet stof, der er bl\u00f8dt og behageligt at r\u00f8re ved. De har en smuk m\u00f8nster, der skaber en harmonisk og indbydende atmosf\u00e6re i dit rum. Gardinerne [&hellip;]<\/p>\n","protected":false},"featured_media":11502,"comment_status":"open","ping_status":"closed","template":"","meta":[],"product_brand":[],"product_cat":[154],"product_tag":[],"class_list":{"0":"post-11503","1":"product","2":"type-product","3":"status-publish","4":"has-post-thumbnail","6":"product_cat-curtains","8":"first","9":"instock","10":"shipping-taxable","11":"purchasable","12":"product-type-simple"},"yoast_head":"<!-- This site is optimized with the Yoast SEO plugin v24.8.1 - https:\/\/yoast.com\/wordpress\/plugins\/seo\/ -->\n<title>Gardiner Alexandria-2 260x270cm, 2 stykker - LASTCHANCE Deals | Danmark<\/title>\n<meta name=\"robots\" content=\"index, follow, max-snippet:-1, max-image-preview:large, max-video-preview:-1\" \/>\n<link rel=\"canonical\" href=\"https:\/\/last-chance.dk\/?product=gardiner-alexandria-2-260x270cm-2-stykker\" \/>\n<meta property=\"og:locale\" content=\"da_DK\" \/>\n<meta property=\"og:type\" content=\"article\" \/>\n<meta property=\"og:title\" content=\"Gardiner Alexandria-2 260x270cm, 2 stykker - LASTCHANCE Deals | Danmark\" \/>\n<meta property=\"og:description\" content=\"Gardiner Alexandria-2 er et s\u00e6t af to elegante og stilfulde gardiner, der vil tilf\u00f8je et strejf af klasse og hygge til dit hjem. Disse gardiner er lavet af h\u00f8j kvalitet stof, der er bl\u00f8dt og behageligt at r\u00f8re ved. De har en smuk m\u00f8nster, der skaber en harmonisk og indbydende atmosf\u00e6re i dit rum. Gardinerne [&hellip;]\" \/>\n<meta property=\"og:url\" content=\"https:\/\/last-chance.dk\/?product=gardiner-alexandria-2-260x270cm-2-stykker\" \/>\n<meta property=\"og:site_name\" content=\"LASTCHANCE Deals | Danmark\" \/>\n<meta property=\"article:modified_time\" content=\"2025-10-13T11:51:46+00:00\" \/>\n<meta property=\"og:image\" content=\"https:\/\/last-chance.dk\/wp-content\/uploads\/2024\/03\/alexandria_gold_2.jpg\" \/>\n\t<meta property=\"og:image:width\" content=\"678\" \/>\n\t<meta property=\"og:image:height\" content=\"666\" \/>\n\t<meta property=\"og:image:type\" content=\"image\/jpeg\" \/>\n<meta name=\"twitter:card\" content=\"summary_large_image\" \/>\n<meta name=\"twitter:label1\" content=\"Estimeret l\u00e6setid\" \/>\n\t<meta name=\"twitter:data1\" content=\"1 minut\" \/>\n<script type=\"application\/ld+json\" class=\"yoast-schema-graph\">{\"@context\":\"https:\/\/schema.org\",\"@graph\":[{\"@type\":\"WebPage\",\"@id\":\"https:\/\/last-chance.dk\/?product=gardiner-alexandria-2-260x270cm-2-stykker\",\"url\":\"https:\/\/last-chance.dk\/?product=gardiner-alexandria-2-260x270cm-2-stykker\",\"name\":\"Gardiner Alexandria-2 260x270cm, 2 stykker - LASTCHANCE Deals | Danmark\",\"isPartOf\":{\"@id\":\"https:\/\/last-chance.dk\/#website\"},\"primaryImageOfPage\":{\"@id\":\"https:\/\/last-chance.dk\/?product=gardiner-alexandria-2-260x270cm-2-stykker#primaryimage\"},\"image\":{\"@id\":\"https:\/\/last-chance.dk\/?product=gardiner-alexandria-2-260x270cm-2-stykker#primaryimage\"},\"thumbnailUrl\":\"https:\/\/last-chance.dk\/wp-content\/uploads\/2024\/03\/alexandria_gold_2.jpg\",\"datePublished\":\"2024-03-28T23:23:30+00:00\",\"dateModified\":\"2025-10-13T11:51:46+00:00\",\"breadcrumb\":{\"@id\":\"https:\/\/last-chance.dk\/?product=gardiner-alexandria-2-260x270cm-2-stykker#breadcrumb\"},\"inLanguage\":\"da-DK\",\"potentialAction\":[{\"@type\":\"ReadAction\",\"target\":[\"https:\/\/last-chance.dk\/?product=gardiner-alexandria-2-260x270cm-2-stykker\"]}]},{\"@type\":\"ImageObject\",\"inLanguage\":\"da-DK\",\"@id\":\"https:\/\/last-chance.dk\/?product=gardiner-alexandria-2-260x270cm-2-stykker#primaryimage\",\"url\":\"https:\/\/last-chance.dk\/wp-content\/uploads\/2024\/03\/alexandria_gold_2.jpg\",\"contentUrl\":\"https:\/\/last-chance.dk\/wp-content\/uploads\/2024\/03\/alexandria_gold_2.jpg\",\"width\":678,\"height\":666},{\"@type\":\"BreadcrumbList\",\"@id\":\"https:\/\/last-chance.dk\/?product=gardiner-alexandria-2-260x270cm-2-stykker#breadcrumb\",\"itemListElement\":[{\"@type\":\"ListItem\",\"position\":1,\"name\":\"Home\",\"item\":\"https:\/\/last-chance.dk\/\"},{\"@type\":\"ListItem\",\"position\":2,\"name\":\"Gardiner Alexandria-2 260x270cm, 2 stykker\"}]},{\"@type\":\"WebSite\",\"@id\":\"https:\/\/last-chance.dk\/#website\",\"url\":\"https:\/\/last-chance.dk\/\",\"name\":\"LASTCHANCE Deals | Danmark\",\"description\":\"LASTCHANCE Deals | Danmark\",\"publisher\":{\"@id\":\"https:\/\/last-chance.dk\/#organization\"},\"potentialAction\":[{\"@type\":\"SearchAction\",\"target\":{\"@type\":\"EntryPoint\",\"urlTemplate\":\"https:\/\/last-chance.dk\/?s={search_term_string}\"},\"query-input\":{\"@type\":\"PropertyValueSpecification\",\"valueRequired\":true,\"valueName\":\"search_term_string\"}}],\"inLanguage\":\"da-DK\"},{\"@type\":\"Organization\",\"@id\":\"https:\/\/last-chance.dk\/#organization\",\"name\":\"LASTCHANCE Deals | Danmark\",\"url\":\"https:\/\/last-chance.dk\/\",\"logo\":{\"@type\":\"ImageObject\",\"inLanguage\":\"da-DK\",\"@id\":\"https:\/\/last-chance.dk\/#\/schema\/logo\/image\/\",\"url\":\"https:\/\/last-chance.dk\/wp-content\/uploads\/2023\/10\/lastchancedeals_logo_dk_white.png\",\"contentUrl\":\"https:\/\/last-chance.dk\/wp-content\/uploads\/2023\/10\/lastchancedeals_logo_dk_white.png\",\"width\":470,\"height\":110,\"caption\":\"LASTCHANCE Deals | Danmark\"},\"image\":{\"@id\":\"https:\/\/last-chance.dk\/#\/schema\/logo\/image\/\"}}]}<\/script>\n<!-- \/ Yoast SEO plugin. -->","yoast_head_json":{"title":"Gardiner Alexandria-2 260x270cm, 2 stykker - LASTCHANCE Deals | Danmark","robots":{"index":"index","follow":"follow","max-snippet":"max-snippet:-1","max-image-preview":"max-image-preview:large","max-video-preview":"max-video-preview:-1"},"canonical":"https:\/\/last-chance.dk\/?product=gardiner-alexandria-2-260x270cm-2-stykker","og_locale":"da_DK","og_type":"article","og_title":"Gardiner Alexandria-2 260x270cm, 2 stykker - LASTCHANCE Deals | Danmark","og_description":"Gardiner Alexandria-2 er et s\u00e6t af to elegante og stilfulde gardiner, der vil tilf\u00f8je et strejf af klasse og hygge til dit hjem. Disse gardiner er lavet af h\u00f8j kvalitet stof, der er bl\u00f8dt og behageligt at r\u00f8re ved. De har en smuk m\u00f8nster, der skaber en harmonisk og indbydende atmosf\u00e6re i dit rum. Gardinerne [&hellip;]","og_url":"https:\/\/last-chance.dk\/?product=gardiner-alexandria-2-260x270cm-2-stykker","og_site_name":"LASTCHANCE Deals | Danmark","article_modified_time":"2025-10-13T11:51:46+00:00","og_image":[{"width":678,"height":666,"url":"https:\/\/last-chance.dk\/wp-content\/uploads\/2024\/03\/alexandria_gold_2.jpg","type":"image\/jpeg"}],"twitter_card":"summary_large_image","twitter_misc":{"Estimeret l\u00e6setid":"1 minut"},"schema":{"@context":"https:\/\/schema.org","@graph":[{"@type":"WebPage","@id":"https:\/\/last-chance.dk\/?product=gardiner-alexandria-2-260x270cm-2-stykker","url":"https:\/\/last-chance.dk\/?product=gardiner-alexandria-2-260x270cm-2-stykker","name":"Gardiner Alexandria-2 260x270cm, 2 stykker - LASTCHANCE Deals | Danmark","isPartOf":{"@id":"https:\/\/last-chance.dk\/#website"},"primaryImageOfPage":{"@id":"https:\/\/last-chance.dk\/?product=gardiner-alexandria-2-260x270cm-2-stykker#primaryimage"},"image":{"@id":"https:\/\/last-chance.dk\/?product=gardiner-alexandria-2-260x270cm-2-stykker#primaryimage"},"thumbnailUrl":"https:\/\/last-chance.dk\/wp-content\/uploads\/2024\/03\/alexandria_gold_2.jpg","datePublished":"2024-03-28T23:23:30+00:00","dateModified":"2025-10-13T11:51:46+00:00","breadcrumb":{"@id":"https:\/\/last-chance.dk\/?product=gardiner-alexandria-2-260x270cm-2-stykker#breadcrumb"},"inLanguage":"da-DK","potentialAction":[{"@type":"ReadAction","target":["https:\/\/last-chance.dk\/?product=gardiner-alexandria-2-260x270cm-2-stykker"]}]},{"@type":"ImageObject","inLanguage":"da-DK","@id":"https:\/\/last-chance.dk\/?product=gardiner-alexandria-2-260x270cm-2-stykker#primaryimage","url":"https:\/\/last-chance.dk\/wp-content\/uploads\/2024\/03\/alexandria_gold_2.jpg","contentUrl":"https:\/\/last-chance.dk\/wp-content\/uploads\/2024\/03\/alexandria_gold_2.jpg","width":678,"height":666},{"@type":"BreadcrumbList","@id":"https:\/\/last-chance.dk\/?product=gardiner-alexandria-2-260x270cm-2-stykker#breadcrumb","itemListElement":[{"@type":"ListItem","position":1,"name":"Home","item":"https:\/\/last-chance.dk\/"},{"@type":"ListItem","position":2,"name":"Gardiner Alexandria-2 260x270cm, 2 stykker"}]},{"@type":"WebSite","@id":"https:\/\/last-chance.dk\/#website","url":"https:\/\/last-chance.dk\/","name":"LASTCHANCE Deals | Danmark","description":"LASTCHANCE Deals | Danmark","publisher":{"@id":"https:\/\/last-chance.dk\/#organization"},"potentialAction":[{"@type":"SearchAction","target":{"@type":"EntryPoint","urlTemplate":"https:\/\/last-chance.dk\/?s={search_term_string}"},"query-input":{"@type":"PropertyValueSpecification","valueRequired":true,"valueName":"search_term_string"}}],"inLanguage":"da-DK"},{"@type":"Organization","@id":"https:\/\/last-chance.dk\/#organization","name":"LASTCHANCE Deals | Danmark","url":"https:\/\/last-chance.dk\/","logo":{"@type":"ImageObject","inLanguage":"da-DK","@id":"https:\/\/last-chance.dk\/#\/schema\/logo\/image\/","url":"https:\/\/last-chance.dk\/wp-content\/uploads\/2023\/10\/lastchancedeals_logo_dk_white.png","contentUrl":"https:\/\/last-chance.dk\/wp-content\/uploads\/2023\/10\/lastchancedeals_logo_dk_white.png","width":470,"height":110,"caption":"LASTCHANCE Deals | Danmark"},"image":{"@id":"https:\/\/last-chance.dk\/#\/schema\/logo\/image\/"}}]}},"_links":{"self":[{"href":"https:\/\/last-chance.dk\/index.php?rest_route=\/wp\/v2\/product\/11503","targetHints":{"allow":["GET"]}}],"collection":[{"href":"https:\/\/last-chance.dk\/index.php?rest_route=\/wp\/v2\/product"}],"about":[{"href":"https:\/\/last-chance.dk\/index.php?rest_route=\/wp\/v2\/types\/product"}],"replies":[{"embeddable":true,"href":"https:\/\/last-chance.dk\/index.php?rest_route=%2Fwp%2Fv2%2Fcomments&post=11503"}],"wp:featuredmedia":[{"embeddable":true,"href":"https:\/\/last-chance.dk\/index.php?rest_route=\/wp\/v2\/media\/11502"}],"wp:attachment":[{"href":"https:\/\/last-chance.dk\/index.php?rest_route=%2Fwp%2Fv2%2Fmedia&parent=11503"}],"wp:term":[{"taxonomy":"product_brand","embeddable":true,"href":"https:\/\/last-chance.dk\/index.php?rest_route=%2Fwp%2Fv2%2Fproduct_brand&post=11503"},{"taxonomy":"product_cat","embeddable":true,"href":"https:\/\/last-chance.dk\/index.php?rest_route=%2Fwp%2Fv2%2Fproduct_cat&post=11503"},{"taxonomy":"product_tag","embeddable":true,"href":"https:\/\/last-chance.dk\/index.php?rest_route=%2Fwp%2Fv2%2Fproduct_tag&post=11503"}],"curies":[{"name":"wp","href":"https:\/\/api.w.org\/{rel}","templated":true}]}}