{"id":11517,"date":"2024-03-28T23:23:47","date_gmt":"2024-03-28T23:23:47","guid":{"rendered":"https:\/\/www.lastchance.deals\/dk\/produkt\/sengebord-ravenna\/"},"modified":"2025-10-13T12:01:11","modified_gmt":"2025-10-13T12:01:11","slug":"sengebord-ravenna","status":"publish","type":"product","link":"https:\/\/last-chance.dk\/?product=sengebord-ravenna","title":{"rendered":"Sengebord Ravenna"},"content":{"rendered":"<p>Hvis du leder efter et sengebord, der kombinerer klassisk stil med praktisk opbevaring, er sengebordet Ravenna det perfekte valg for dig. Dette sengebord er lavet af m\u00f8belplade i en elegant farve, der passer til enhver indretning. Det har en rummelig senget\u00f8jskasse, hvor du kan opbevare dine b\u00f8ger, magasiner, briller eller andre ting, du har brug for ved h\u00e5nden. Sengebordet Ravenna har ogs\u00e5 en glat overflade, hvor du kan placere en lampe, et v\u00e6kkeur eller en vase med blomster.<\/p>\n<p><\/p>\n<p>Sengebordet Ravenna er nemt at samle med den medf\u00f8lgende vejledning. Det har en robust og holdbar konstruktion, der sikrer dig mange \u00e5rs brug. Det har ogs\u00e5 en 12 m\u00e5neders rammegaranti fra fabrikanten ForrestDecor, som er kendt for deres kvalitetsm\u00f8bler. Sengebordet Ravenna m\u00e5ler 40x30x56cm, s\u00e5 det passer perfekt til dit sovev\u00e6relse.<\/p>\n<p><\/p>\n<p>Bestil sengebordet Ravenna i dag og nyd den klassiske sk\u00f8nhed og funktionalitet i dit hjem.<\/p>\n<p><\/p>\n<p>Leveringstid: Leveringstid 1 uge<br \/>\nStil: klassisk<br \/>\nMateriale: m\u00f8belplade<br \/>\nSenget\u00f8jskasse: inkluderet<br \/>\nUdvendige dimensioner: 40x30x56cm<br \/>\nMontage: skal samles<br \/>\nGaranti: 12 m\u00e5neders rammegaranti<br \/>\nFabrikant: ForrestDecor<\/p>\n","protected":false},"excerpt":{"rendered":"<p>Hvis du leder efter et sengebord, der kombinerer klassisk stil med praktisk opbevaring, er sengebordet Ravenna det perfekte valg for dig. Dette sengebord er lavet af m\u00f8belplade i en elegant farve, der passer til enhver indretning. Det har en rummelig senget\u00f8jskasse, hvor du kan opbevare dine b\u00f8ger, magasiner, briller eller andre ting, du har brug [&hellip;]<\/p>\n","protected":false},"featured_media":11516,"comment_status":"open","ping_status":"closed","template":"","meta":[],"product_brand":[],"product_cat":[157],"product_tag":[],"class_list":{"0":"post-11517","1":"product","2":"type-product","3":"status-publish","4":"has-post-thumbnail","6":"product_cat-bedside-tables","8":"first","9":"instock","10":"shipping-taxable","11":"purchasable","12":"product-type-simple"},"yoast_head":"<!-- This site is optimized with the Yoast SEO plugin v24.8.1 - https:\/\/yoast.com\/wordpress\/plugins\/seo\/ -->\n<title>Sengebord Ravenna - LASTCHANCE Deals | Danmark<\/title>\n<meta name=\"robots\" content=\"index, follow, max-snippet:-1, max-image-preview:large, max-video-preview:-1\" \/>\n<link rel=\"canonical\" href=\"https:\/\/last-chance.dk\/?product=sengebord-ravenna\" \/>\n<meta property=\"og:locale\" content=\"da_DK\" \/>\n<meta property=\"og:type\" content=\"article\" \/>\n<meta property=\"og:title\" content=\"Sengebord Ravenna - LASTCHANCE Deals | Danmark\" \/>\n<meta property=\"og:description\" content=\"Hvis du leder efter et sengebord, der kombinerer klassisk stil med praktisk opbevaring, er sengebordet Ravenna det perfekte valg for dig. Dette sengebord er lavet af m\u00f8belplade i en elegant farve, der passer til enhver indretning. Det har en rummelig senget\u00f8jskasse, hvor du kan opbevare dine b\u00f8ger, magasiner, briller eller andre ting, du har brug [&hellip;]\" \/>\n<meta property=\"og:url\" content=\"https:\/\/last-chance.dk\/?product=sengebord-ravenna\" \/>\n<meta property=\"og:site_name\" content=\"LASTCHANCE Deals | Danmark\" \/>\n<meta property=\"article:modified_time\" content=\"2025-10-13T12:01:11+00:00\" \/>\n<meta property=\"og:image\" content=\"https:\/\/last-chance.dk\/wp-content\/uploads\/2024\/03\/ravenna_brown_1_1.jpg\" \/>\n\t<meta property=\"og:image:width\" content=\"750\" \/>\n\t<meta property=\"og:image:height\" content=\"858\" \/>\n\t<meta property=\"og:image:type\" content=\"image\/jpeg\" \/>\n<meta name=\"twitter:card\" content=\"summary_large_image\" \/>\n<meta name=\"twitter:label1\" content=\"Estimeret l\u00e6setid\" \/>\n\t<meta name=\"twitter:data1\" content=\"1 minut\" \/>\n<script type=\"application\/ld+json\" class=\"yoast-schema-graph\">{\"@context\":\"https:\/\/schema.org\",\"@graph\":[{\"@type\":\"WebPage\",\"@id\":\"https:\/\/last-chance.dk\/?product=sengebord-ravenna\",\"url\":\"https:\/\/last-chance.dk\/?product=sengebord-ravenna\",\"name\":\"Sengebord Ravenna - LASTCHANCE Deals | Danmark\",\"isPartOf\":{\"@id\":\"https:\/\/last-chance.dk\/#website\"},\"primaryImageOfPage\":{\"@id\":\"https:\/\/last-chance.dk\/?product=sengebord-ravenna#primaryimage\"},\"image\":{\"@id\":\"https:\/\/last-chance.dk\/?product=sengebord-ravenna#primaryimage\"},\"thumbnailUrl\":\"https:\/\/last-chance.dk\/wp-content\/uploads\/2024\/03\/ravenna_brown_1_1.jpg\",\"datePublished\":\"2024-03-28T23:23:47+00:00\",\"dateModified\":\"2025-10-13T12:01:11+00:00\",\"breadcrumb\":{\"@id\":\"https:\/\/last-chance.dk\/?product=sengebord-ravenna#breadcrumb\"},\"inLanguage\":\"da-DK\",\"potentialAction\":[{\"@type\":\"ReadAction\",\"target\":[\"https:\/\/last-chance.dk\/?product=sengebord-ravenna\"]}]},{\"@type\":\"ImageObject\",\"inLanguage\":\"da-DK\",\"@id\":\"https:\/\/last-chance.dk\/?product=sengebord-ravenna#primaryimage\",\"url\":\"https:\/\/last-chance.dk\/wp-content\/uploads\/2024\/03\/ravenna_brown_1_1.jpg\",\"contentUrl\":\"https:\/\/last-chance.dk\/wp-content\/uploads\/2024\/03\/ravenna_brown_1_1.jpg\",\"width\":750,\"height\":858},{\"@type\":\"BreadcrumbList\",\"@id\":\"https:\/\/last-chance.dk\/?product=sengebord-ravenna#breadcrumb\",\"itemListElement\":[{\"@type\":\"ListItem\",\"position\":1,\"name\":\"Home\",\"item\":\"https:\/\/last-chance.dk\/\"},{\"@type\":\"ListItem\",\"position\":2,\"name\":\"Sengebord Ravenna\"}]},{\"@type\":\"WebSite\",\"@id\":\"https:\/\/last-chance.dk\/#website\",\"url\":\"https:\/\/last-chance.dk\/\",\"name\":\"LASTCHANCE Deals | Danmark\",\"description\":\"LASTCHANCE Deals | Danmark\",\"publisher\":{\"@id\":\"https:\/\/last-chance.dk\/#organization\"},\"potentialAction\":[{\"@type\":\"SearchAction\",\"target\":{\"@type\":\"EntryPoint\",\"urlTemplate\":\"https:\/\/last-chance.dk\/?s={search_term_string}\"},\"query-input\":{\"@type\":\"PropertyValueSpecification\",\"valueRequired\":true,\"valueName\":\"search_term_string\"}}],\"inLanguage\":\"da-DK\"},{\"@type\":\"Organization\",\"@id\":\"https:\/\/last-chance.dk\/#organization\",\"name\":\"LASTCHANCE Deals | Danmark\",\"url\":\"https:\/\/last-chance.dk\/\",\"logo\":{\"@type\":\"ImageObject\",\"inLanguage\":\"da-DK\",\"@id\":\"https:\/\/last-chance.dk\/#\/schema\/logo\/image\/\",\"url\":\"https:\/\/last-chance.dk\/wp-content\/uploads\/2023\/10\/lastchancedeals_logo_dk_white.png\",\"contentUrl\":\"https:\/\/last-chance.dk\/wp-content\/uploads\/2023\/10\/lastchancedeals_logo_dk_white.png\",\"width\":470,\"height\":110,\"caption\":\"LASTCHANCE Deals | Danmark\"},\"image\":{\"@id\":\"https:\/\/last-chance.dk\/#\/schema\/logo\/image\/\"}}]}<\/script>\n<!-- \/ Yoast SEO plugin. -->","yoast_head_json":{"title":"Sengebord Ravenna - LASTCHANCE Deals | Danmark","robots":{"index":"index","follow":"follow","max-snippet":"max-snippet:-1","max-image-preview":"max-image-preview:large","max-video-preview":"max-video-preview:-1"},"canonical":"https:\/\/last-chance.dk\/?product=sengebord-ravenna","og_locale":"da_DK","og_type":"article","og_title":"Sengebord Ravenna - LASTCHANCE Deals | Danmark","og_description":"Hvis du leder efter et sengebord, der kombinerer klassisk stil med praktisk opbevaring, er sengebordet Ravenna det perfekte valg for dig. Dette sengebord er lavet af m\u00f8belplade i en elegant farve, der passer til enhver indretning. Det har en rummelig senget\u00f8jskasse, hvor du kan opbevare dine b\u00f8ger, magasiner, briller eller andre ting, du har brug [&hellip;]","og_url":"https:\/\/last-chance.dk\/?product=sengebord-ravenna","og_site_name":"LASTCHANCE Deals | Danmark","article_modified_time":"2025-10-13T12:01:11+00:00","og_image":[{"width":750,"height":858,"url":"https:\/\/last-chance.dk\/wp-content\/uploads\/2024\/03\/ravenna_brown_1_1.jpg","type":"image\/jpeg"}],"twitter_card":"summary_large_image","twitter_misc":{"Estimeret l\u00e6setid":"1 minut"},"schema":{"@context":"https:\/\/schema.org","@graph":[{"@type":"WebPage","@id":"https:\/\/last-chance.dk\/?product=sengebord-ravenna","url":"https:\/\/last-chance.dk\/?product=sengebord-ravenna","name":"Sengebord Ravenna - LASTCHANCE Deals | Danmark","isPartOf":{"@id":"https:\/\/last-chance.dk\/#website"},"primaryImageOfPage":{"@id":"https:\/\/last-chance.dk\/?product=sengebord-ravenna#primaryimage"},"image":{"@id":"https:\/\/last-chance.dk\/?product=sengebord-ravenna#primaryimage"},"thumbnailUrl":"https:\/\/last-chance.dk\/wp-content\/uploads\/2024\/03\/ravenna_brown_1_1.jpg","datePublished":"2024-03-28T23:23:47+00:00","dateModified":"2025-10-13T12:01:11+00:00","breadcrumb":{"@id":"https:\/\/last-chance.dk\/?product=sengebord-ravenna#breadcrumb"},"inLanguage":"da-DK","potentialAction":[{"@type":"ReadAction","target":["https:\/\/last-chance.dk\/?product=sengebord-ravenna"]}]},{"@type":"ImageObject","inLanguage":"da-DK","@id":"https:\/\/last-chance.dk\/?product=sengebord-ravenna#primaryimage","url":"https:\/\/last-chance.dk\/wp-content\/uploads\/2024\/03\/ravenna_brown_1_1.jpg","contentUrl":"https:\/\/last-chance.dk\/wp-content\/uploads\/2024\/03\/ravenna_brown_1_1.jpg","width":750,"height":858},{"@type":"BreadcrumbList","@id":"https:\/\/last-chance.dk\/?product=sengebord-ravenna#breadcrumb","itemListElement":[{"@type":"ListItem","position":1,"name":"Home","item":"https:\/\/last-chance.dk\/"},{"@type":"ListItem","position":2,"name":"Sengebord Ravenna"}]},{"@type":"WebSite","@id":"https:\/\/last-chance.dk\/#website","url":"https:\/\/last-chance.dk\/","name":"LASTCHANCE Deals | Danmark","description":"LASTCHANCE Deals | Danmark","publisher":{"@id":"https:\/\/last-chance.dk\/#organization"},"potentialAction":[{"@type":"SearchAction","target":{"@type":"EntryPoint","urlTemplate":"https:\/\/last-chance.dk\/?s={search_term_string}"},"query-input":{"@type":"PropertyValueSpecification","valueRequired":true,"valueName":"search_term_string"}}],"inLanguage":"da-DK"},{"@type":"Organization","@id":"https:\/\/last-chance.dk\/#organization","name":"LASTCHANCE Deals | Danmark","url":"https:\/\/last-chance.dk\/","logo":{"@type":"ImageObject","inLanguage":"da-DK","@id":"https:\/\/last-chance.dk\/#\/schema\/logo\/image\/","url":"https:\/\/last-chance.dk\/wp-content\/uploads\/2023\/10\/lastchancedeals_logo_dk_white.png","contentUrl":"https:\/\/last-chance.dk\/wp-content\/uploads\/2023\/10\/lastchancedeals_logo_dk_white.png","width":470,"height":110,"caption":"LASTCHANCE Deals | Danmark"},"image":{"@id":"https:\/\/last-chance.dk\/#\/schema\/logo\/image\/"}}]}},"_links":{"self":[{"href":"https:\/\/last-chance.dk\/index.php?rest_route=\/wp\/v2\/product\/11517","targetHints":{"allow":["GET"]}}],"collection":[{"href":"https:\/\/last-chance.dk\/index.php?rest_route=\/wp\/v2\/product"}],"about":[{"href":"https:\/\/last-chance.dk\/index.php?rest_route=\/wp\/v2\/types\/product"}],"replies":[{"embeddable":true,"href":"https:\/\/last-chance.dk\/index.php?rest_route=%2Fwp%2Fv2%2Fcomments&post=11517"}],"wp:featuredmedia":[{"embeddable":true,"href":"https:\/\/last-chance.dk\/index.php?rest_route=\/wp\/v2\/media\/11516"}],"wp:attachment":[{"href":"https:\/\/last-chance.dk\/index.php?rest_route=%2Fwp%2Fv2%2Fmedia&parent=11517"}],"wp:term":[{"taxonomy":"product_brand","embeddable":true,"href":"https:\/\/last-chance.dk\/index.php?rest_route=%2Fwp%2Fv2%2Fproduct_brand&post=11517"},{"taxonomy":"product_cat","embeddable":true,"href":"https:\/\/last-chance.dk\/index.php?rest_route=%2Fwp%2Fv2%2Fproduct_cat&post=11517"},{"taxonomy":"product_tag","embeddable":true,"href":"https:\/\/last-chance.dk\/index.php?rest_route=%2Fwp%2Fv2%2Fproduct_tag&post=11517"}],"curies":[{"name":"wp","href":"https:\/\/api.w.org\/{rel}","templated":true}]}}