{"id":11540,"date":"2024-03-28T23:24:48","date_gmt":"2024-03-28T23:24:48","guid":{"rendered":"https:\/\/www.lastchance.deals\/dk\/produkt\/opbevaringshylde-cade-blaa-metal\/"},"modified":"2025-09-19T18:11:27","modified_gmt":"2025-09-19T18:11:27","slug":"opbevaringshylde-cade-blaa-metal","status":"publish","type":"product","link":"https:\/\/last-chance.dk\/?product=opbevaringshylde-cade-blaa-metal","title":{"rendered":"Opbevaringshylde Cade bl\u00e5 metal"},"content":{"rendered":"<p>Er du p\u00e5 udkig efter en praktisk og stilfuld opbevaringsl\u00f8sning til dit hjem? S\u00e5 er opbevaringshylden Cade lige noget for dig! Denne hylde er lavet af metal i en flot bl\u00e5 farve, der giver et frisk pust til din indretning. Hylden har fire rummelige hylder, hvor du kan opbevare b\u00f8ger, planter, nips eller andre ting, du gerne vil have fremme. Hylden er beregnet til indend\u00f8rs brug og skal samles ved levering. Den kommer fra fabrikanten ForrestDecor, der er kendt for deres kvalitetsm\u00f8bler i moderne design. Hylden har en garanti p\u00e5 12 m\u00e5neder, s\u00e5 du kan v\u00e6re sikker p\u00e5, at du f\u00e5r et holdbart produkt. Bestil opbevaringshylden Cade i dag og f\u00e5 mere plads og stil i dit hjem!<\/p>\n<p><\/p>\n<p>Leveringstid: Leveringstid 1 uge<br \/>\nMateriale: metal<br \/>\nFarve: bl\u00e5<br \/>\nBeregnet til: Indend\u00f8rs brug<br \/>\nMontage: skal samles<br \/>\nFabrikant: ForrestDecor<br \/>\nGaranti: 12 m\u00e5neder<\/p>\n","protected":false},"excerpt":{"rendered":"<p>Er du p\u00e5 udkig efter en praktisk og stilfuld opbevaringsl\u00f8sning til dit hjem? S\u00e5 er opbevaringshylden Cade lige noget for dig! Denne hylde er lavet af metal i en flot bl\u00e5 farve, der giver et frisk pust til din indretning. Hylden har fire rummelige hylder, hvor du kan opbevare b\u00f8ger, planter, nips eller andre ting, [&hellip;]<\/p>\n","protected":false},"featured_media":11539,"comment_status":"open","ping_status":"closed","template":"","meta":[],"product_brand":[],"product_cat":[193],"product_tag":[],"class_list":{"0":"post-11540","1":"product","2":"type-product","3":"status-publish","4":"has-post-thumbnail","6":"product_cat-store-shelves","8":"first","9":"instock","10":"shipping-taxable","11":"purchasable","12":"product-type-simple"},"yoast_head":"<!-- This site is optimized with the Yoast SEO plugin v24.8.1 - https:\/\/yoast.com\/wordpress\/plugins\/seo\/ -->\n<title>Opbevaringshylde Cade bl\u00e5 metal - LASTCHANCE Deals | Danmark<\/title>\n<meta name=\"robots\" content=\"index, follow, max-snippet:-1, max-image-preview:large, max-video-preview:-1\" \/>\n<link rel=\"canonical\" href=\"https:\/\/last-chance.dk\/?product=opbevaringshylde-cade-blaa-metal\" \/>\n<meta property=\"og:locale\" content=\"da_DK\" \/>\n<meta property=\"og:type\" content=\"article\" \/>\n<meta property=\"og:title\" content=\"Opbevaringshylde Cade bl\u00e5 metal - LASTCHANCE Deals | Danmark\" \/>\n<meta property=\"og:description\" content=\"Er du p\u00e5 udkig efter en praktisk og stilfuld opbevaringsl\u00f8sning til dit hjem? S\u00e5 er opbevaringshylden Cade lige noget for dig! Denne hylde er lavet af metal i en flot bl\u00e5 farve, der giver et frisk pust til din indretning. Hylden har fire rummelige hylder, hvor du kan opbevare b\u00f8ger, planter, nips eller andre ting, [&hellip;]\" \/>\n<meta property=\"og:url\" content=\"https:\/\/last-chance.dk\/?product=opbevaringshylde-cade-blaa-metal\" \/>\n<meta property=\"og:site_name\" content=\"LASTCHANCE Deals | Danmark\" \/>\n<meta property=\"article:modified_time\" content=\"2025-09-19T18:11:27+00:00\" \/>\n<meta property=\"og:image\" content=\"https:\/\/last-chance.dk\/wp-content\/uploads\/2024\/03\/cade1.jpg\" \/>\n\t<meta property=\"og:image:width\" content=\"662\" \/>\n\t<meta property=\"og:image:height\" content=\"632\" \/>\n\t<meta property=\"og:image:type\" content=\"image\/jpeg\" \/>\n<meta name=\"twitter:card\" content=\"summary_large_image\" \/>\n<meta name=\"twitter:label1\" content=\"Estimeret l\u00e6setid\" \/>\n\t<meta name=\"twitter:data1\" content=\"1 minut\" \/>\n<script type=\"application\/ld+json\" class=\"yoast-schema-graph\">{\"@context\":\"https:\/\/schema.org\",\"@graph\":[{\"@type\":\"WebPage\",\"@id\":\"https:\/\/last-chance.dk\/?product=opbevaringshylde-cade-blaa-metal\",\"url\":\"https:\/\/last-chance.dk\/?product=opbevaringshylde-cade-blaa-metal\",\"name\":\"Opbevaringshylde Cade bl\u00e5 metal - LASTCHANCE Deals | Danmark\",\"isPartOf\":{\"@id\":\"https:\/\/last-chance.dk\/#website\"},\"primaryImageOfPage\":{\"@id\":\"https:\/\/last-chance.dk\/?product=opbevaringshylde-cade-blaa-metal#primaryimage\"},\"image\":{\"@id\":\"https:\/\/last-chance.dk\/?product=opbevaringshylde-cade-blaa-metal#primaryimage\"},\"thumbnailUrl\":\"https:\/\/last-chance.dk\/wp-content\/uploads\/2024\/03\/cade1.jpg\",\"datePublished\":\"2024-03-28T23:24:48+00:00\",\"dateModified\":\"2025-09-19T18:11:27+00:00\",\"breadcrumb\":{\"@id\":\"https:\/\/last-chance.dk\/?product=opbevaringshylde-cade-blaa-metal#breadcrumb\"},\"inLanguage\":\"da-DK\",\"potentialAction\":[{\"@type\":\"ReadAction\",\"target\":[\"https:\/\/last-chance.dk\/?product=opbevaringshylde-cade-blaa-metal\"]}]},{\"@type\":\"ImageObject\",\"inLanguage\":\"da-DK\",\"@id\":\"https:\/\/last-chance.dk\/?product=opbevaringshylde-cade-blaa-metal#primaryimage\",\"url\":\"https:\/\/last-chance.dk\/wp-content\/uploads\/2024\/03\/cade1.jpg\",\"contentUrl\":\"https:\/\/last-chance.dk\/wp-content\/uploads\/2024\/03\/cade1.jpg\",\"width\":662,\"height\":632},{\"@type\":\"BreadcrumbList\",\"@id\":\"https:\/\/last-chance.dk\/?product=opbevaringshylde-cade-blaa-metal#breadcrumb\",\"itemListElement\":[{\"@type\":\"ListItem\",\"position\":1,\"name\":\"Home\",\"item\":\"https:\/\/last-chance.dk\/\"},{\"@type\":\"ListItem\",\"position\":2,\"name\":\"Opbevaringshylde Cade bl\u00e5 metal\"}]},{\"@type\":\"WebSite\",\"@id\":\"https:\/\/last-chance.dk\/#website\",\"url\":\"https:\/\/last-chance.dk\/\",\"name\":\"LASTCHANCE Deals | Danmark\",\"description\":\"LASTCHANCE Deals | Danmark\",\"publisher\":{\"@id\":\"https:\/\/last-chance.dk\/#organization\"},\"potentialAction\":[{\"@type\":\"SearchAction\",\"target\":{\"@type\":\"EntryPoint\",\"urlTemplate\":\"https:\/\/last-chance.dk\/?s={search_term_string}\"},\"query-input\":{\"@type\":\"PropertyValueSpecification\",\"valueRequired\":true,\"valueName\":\"search_term_string\"}}],\"inLanguage\":\"da-DK\"},{\"@type\":\"Organization\",\"@id\":\"https:\/\/last-chance.dk\/#organization\",\"name\":\"LASTCHANCE Deals | Danmark\",\"url\":\"https:\/\/last-chance.dk\/\",\"logo\":{\"@type\":\"ImageObject\",\"inLanguage\":\"da-DK\",\"@id\":\"https:\/\/last-chance.dk\/#\/schema\/logo\/image\/\",\"url\":\"https:\/\/last-chance.dk\/wp-content\/uploads\/2023\/10\/lastchancedeals_logo_dk_white.png\",\"contentUrl\":\"https:\/\/last-chance.dk\/wp-content\/uploads\/2023\/10\/lastchancedeals_logo_dk_white.png\",\"width\":470,\"height\":110,\"caption\":\"LASTCHANCE Deals | Danmark\"},\"image\":{\"@id\":\"https:\/\/last-chance.dk\/#\/schema\/logo\/image\/\"}}]}<\/script>\n<!-- \/ Yoast SEO plugin. -->","yoast_head_json":{"title":"Opbevaringshylde Cade bl\u00e5 metal - LASTCHANCE Deals | Danmark","robots":{"index":"index","follow":"follow","max-snippet":"max-snippet:-1","max-image-preview":"max-image-preview:large","max-video-preview":"max-video-preview:-1"},"canonical":"https:\/\/last-chance.dk\/?product=opbevaringshylde-cade-blaa-metal","og_locale":"da_DK","og_type":"article","og_title":"Opbevaringshylde Cade bl\u00e5 metal - LASTCHANCE Deals | Danmark","og_description":"Er du p\u00e5 udkig efter en praktisk og stilfuld opbevaringsl\u00f8sning til dit hjem? S\u00e5 er opbevaringshylden Cade lige noget for dig! Denne hylde er lavet af metal i en flot bl\u00e5 farve, der giver et frisk pust til din indretning. Hylden har fire rummelige hylder, hvor du kan opbevare b\u00f8ger, planter, nips eller andre ting, [&hellip;]","og_url":"https:\/\/last-chance.dk\/?product=opbevaringshylde-cade-blaa-metal","og_site_name":"LASTCHANCE Deals | Danmark","article_modified_time":"2025-09-19T18:11:27+00:00","og_image":[{"width":662,"height":632,"url":"https:\/\/last-chance.dk\/wp-content\/uploads\/2024\/03\/cade1.jpg","type":"image\/jpeg"}],"twitter_card":"summary_large_image","twitter_misc":{"Estimeret l\u00e6setid":"1 minut"},"schema":{"@context":"https:\/\/schema.org","@graph":[{"@type":"WebPage","@id":"https:\/\/last-chance.dk\/?product=opbevaringshylde-cade-blaa-metal","url":"https:\/\/last-chance.dk\/?product=opbevaringshylde-cade-blaa-metal","name":"Opbevaringshylde Cade bl\u00e5 metal - LASTCHANCE Deals | Danmark","isPartOf":{"@id":"https:\/\/last-chance.dk\/#website"},"primaryImageOfPage":{"@id":"https:\/\/last-chance.dk\/?product=opbevaringshylde-cade-blaa-metal#primaryimage"},"image":{"@id":"https:\/\/last-chance.dk\/?product=opbevaringshylde-cade-blaa-metal#primaryimage"},"thumbnailUrl":"https:\/\/last-chance.dk\/wp-content\/uploads\/2024\/03\/cade1.jpg","datePublished":"2024-03-28T23:24:48+00:00","dateModified":"2025-09-19T18:11:27+00:00","breadcrumb":{"@id":"https:\/\/last-chance.dk\/?product=opbevaringshylde-cade-blaa-metal#breadcrumb"},"inLanguage":"da-DK","potentialAction":[{"@type":"ReadAction","target":["https:\/\/last-chance.dk\/?product=opbevaringshylde-cade-blaa-metal"]}]},{"@type":"ImageObject","inLanguage":"da-DK","@id":"https:\/\/last-chance.dk\/?product=opbevaringshylde-cade-blaa-metal#primaryimage","url":"https:\/\/last-chance.dk\/wp-content\/uploads\/2024\/03\/cade1.jpg","contentUrl":"https:\/\/last-chance.dk\/wp-content\/uploads\/2024\/03\/cade1.jpg","width":662,"height":632},{"@type":"BreadcrumbList","@id":"https:\/\/last-chance.dk\/?product=opbevaringshylde-cade-blaa-metal#breadcrumb","itemListElement":[{"@type":"ListItem","position":1,"name":"Home","item":"https:\/\/last-chance.dk\/"},{"@type":"ListItem","position":2,"name":"Opbevaringshylde Cade bl\u00e5 metal"}]},{"@type":"WebSite","@id":"https:\/\/last-chance.dk\/#website","url":"https:\/\/last-chance.dk\/","name":"LASTCHANCE Deals | Danmark","description":"LASTCHANCE Deals | Danmark","publisher":{"@id":"https:\/\/last-chance.dk\/#organization"},"potentialAction":[{"@type":"SearchAction","target":{"@type":"EntryPoint","urlTemplate":"https:\/\/last-chance.dk\/?s={search_term_string}"},"query-input":{"@type":"PropertyValueSpecification","valueRequired":true,"valueName":"search_term_string"}}],"inLanguage":"da-DK"},{"@type":"Organization","@id":"https:\/\/last-chance.dk\/#organization","name":"LASTCHANCE Deals | Danmark","url":"https:\/\/last-chance.dk\/","logo":{"@type":"ImageObject","inLanguage":"da-DK","@id":"https:\/\/last-chance.dk\/#\/schema\/logo\/image\/","url":"https:\/\/last-chance.dk\/wp-content\/uploads\/2023\/10\/lastchancedeals_logo_dk_white.png","contentUrl":"https:\/\/last-chance.dk\/wp-content\/uploads\/2023\/10\/lastchancedeals_logo_dk_white.png","width":470,"height":110,"caption":"LASTCHANCE Deals | Danmark"},"image":{"@id":"https:\/\/last-chance.dk\/#\/schema\/logo\/image\/"}}]}},"_links":{"self":[{"href":"https:\/\/last-chance.dk\/index.php?rest_route=\/wp\/v2\/product\/11540","targetHints":{"allow":["GET"]}}],"collection":[{"href":"https:\/\/last-chance.dk\/index.php?rest_route=\/wp\/v2\/product"}],"about":[{"href":"https:\/\/last-chance.dk\/index.php?rest_route=\/wp\/v2\/types\/product"}],"replies":[{"embeddable":true,"href":"https:\/\/last-chance.dk\/index.php?rest_route=%2Fwp%2Fv2%2Fcomments&post=11540"}],"wp:featuredmedia":[{"embeddable":true,"href":"https:\/\/last-chance.dk\/index.php?rest_route=\/wp\/v2\/media\/11539"}],"wp:attachment":[{"href":"https:\/\/last-chance.dk\/index.php?rest_route=%2Fwp%2Fv2%2Fmedia&parent=11540"}],"wp:term":[{"taxonomy":"product_brand","embeddable":true,"href":"https:\/\/last-chance.dk\/index.php?rest_route=%2Fwp%2Fv2%2Fproduct_brand&post=11540"},{"taxonomy":"product_cat","embeddable":true,"href":"https:\/\/last-chance.dk\/index.php?rest_route=%2Fwp%2Fv2%2Fproduct_cat&post=11540"},{"taxonomy":"product_tag","embeddable":true,"href":"https:\/\/last-chance.dk\/index.php?rest_route=%2Fwp%2Fv2%2Fproduct_tag&post=11540"}],"curies":[{"name":"wp","href":"https:\/\/api.w.org\/{rel}","templated":true}]}}