{"id":11601,"date":"2024-04-07T04:17:56","date_gmt":"2024-04-07T04:17:56","guid":{"rendered":"https:\/\/www.lastchance.deals\/dk\/produkt\/natbord-aethon\/"},"modified":"2025-09-19T18:10:04","modified_gmt":"2025-09-19T18:10:04","slug":"natbord-aethon","status":"publish","type":"product","link":"https:\/\/last-chance.dk\/?product=natbord-aethon","title":{"rendered":"Natbord Aethon"},"content":{"rendered":"<p>M\u00f8d vores natbord Aethon. Med sine chikke, hvide nuancer er det en elegant tilf\u00f8jelse til ethvert sovev\u00e6relse. Dette kvalitetsm\u00f8bel er fremstillet af velrenommerede ForrestDecor, som er kendt for deres p\u00e5lidelige og holdbare produkter.<\/p>\n<p><\/p>\n<p>Natbordet m\u00e5ler 40x59x32 cm, der g\u00f8r det til en perfekt st\u00f8rrelse til at rumme din natlampe, din yndlingsbog eller andet, du har brug for ved h\u00e5nden. Det ser ikke kun godt ud, det er ogs\u00e5 meget funktionelt og tilbyder masser af lagerplads.<\/p>\n<p><\/p>\n<p>Aethon natbord kommer halvt samlet, hvilket betyder at du hurtigt og nemt kan have den op at st\u00e5. Du beh\u00f8ver ikke at v\u00e6re en guru inden for montage &#8211; en enkel og ligetil guide f\u00f8lger med for at sikre, at du hurtigt kan starte med at bruge dit nye m\u00f8bel.<\/p>\n<p><\/p>\n<p>Du kan k\u00f8be Aethon med tillid, da det er sikret med en 12-m\u00e5neders garanti. Dette sikrer, at du har en vis forsikring, skal der v\u00e6re noget, der g\u00e5r galt. Hvid farve er evigt klassisk, og Aethon er ingen undtagelse. Denne \u00e6stetisk tiltalende og holdbare natbord vil komplimentere dit eksisterende interi\u00f8r og bidrage til rummets generelle charme og stil.<\/p>\n<p><\/p>\n<p>Leveringstid: Leveringstid 1-2 uger<br \/>\nFarve: hvid<br \/>\nUdvendige dimensioner: 40x59x32 cm<br \/>\nMontage: halvt samlet<br \/>\nGaranti: 12 m\u00e5neder<br \/>\nFremstillet: i EU<br \/>\nFabrikant: LuxCasa<\/p>\n","protected":false},"excerpt":{"rendered":"<p>M\u00f8d vores natbord Aethon. Med sine chikke, hvide nuancer er det en elegant tilf\u00f8jelse til ethvert sovev\u00e6relse. Dette kvalitetsm\u00f8bel er fremstillet af velrenommerede ForrestDecor, som er kendt for deres p\u00e5lidelige og holdbare produkter. Natbordet m\u00e5ler 40x59x32 cm, der g\u00f8r det til en perfekt st\u00f8rrelse til at rumme din natlampe, din yndlingsbog eller andet, du har [&hellip;]<\/p>\n","protected":false},"featured_media":11600,"comment_status":"open","ping_status":"closed","template":"","meta":[],"product_brand":[],"product_cat":[157],"product_tag":[],"class_list":{"0":"post-11601","1":"product","2":"type-product","3":"status-publish","4":"has-post-thumbnail","6":"product_cat-bedside-tables","8":"first","9":"instock","10":"shipping-taxable","11":"purchasable","12":"product-type-simple"},"yoast_head":"<!-- This site is optimized with the Yoast SEO plugin v24.8.1 - https:\/\/yoast.com\/wordpress\/plugins\/seo\/ -->\n<title>Natbord Aethon - LASTCHANCE Deals | Danmark<\/title>\n<meta name=\"robots\" content=\"index, follow, max-snippet:-1, max-image-preview:large, max-video-preview:-1\" \/>\n<link rel=\"canonical\" href=\"https:\/\/last-chance.dk\/?product=natbord-aethon\" \/>\n<meta property=\"og:locale\" content=\"da_DK\" \/>\n<meta property=\"og:type\" content=\"article\" \/>\n<meta property=\"og:title\" content=\"Natbord Aethon - LASTCHANCE Deals | Danmark\" \/>\n<meta property=\"og:description\" content=\"M\u00f8d vores natbord Aethon. Med sine chikke, hvide nuancer er det en elegant tilf\u00f8jelse til ethvert sovev\u00e6relse. Dette kvalitetsm\u00f8bel er fremstillet af velrenommerede ForrestDecor, som er kendt for deres p\u00e5lidelige og holdbare produkter. Natbordet m\u00e5ler 40x59x32 cm, der g\u00f8r det til en perfekt st\u00f8rrelse til at rumme din natlampe, din yndlingsbog eller andet, du har [&hellip;]\" \/>\n<meta property=\"og:url\" content=\"https:\/\/last-chance.dk\/?product=natbord-aethon\" \/>\n<meta property=\"og:site_name\" content=\"LASTCHANCE Deals | Danmark\" \/>\n<meta property=\"article:modified_time\" content=\"2025-09-19T18:10:04+00:00\" \/>\n<meta property=\"og:image\" content=\"https:\/\/last-chance.dk\/wp-content\/uploads\/2024\/04\/img1_473-scaled.jpg\" \/>\n\t<meta property=\"og:image:width\" content=\"2560\" \/>\n\t<meta property=\"og:image:height\" content=\"1920\" \/>\n\t<meta property=\"og:image:type\" content=\"image\/jpeg\" \/>\n<meta name=\"twitter:card\" content=\"summary_large_image\" \/>\n<meta name=\"twitter:label1\" content=\"Estimeret l\u00e6setid\" \/>\n\t<meta name=\"twitter:data1\" content=\"1 minut\" \/>\n<script type=\"application\/ld+json\" class=\"yoast-schema-graph\">{\"@context\":\"https:\/\/schema.org\",\"@graph\":[{\"@type\":\"WebPage\",\"@id\":\"https:\/\/last-chance.dk\/?product=natbord-aethon\",\"url\":\"https:\/\/last-chance.dk\/?product=natbord-aethon\",\"name\":\"Natbord Aethon - LASTCHANCE Deals | Danmark\",\"isPartOf\":{\"@id\":\"https:\/\/last-chance.dk\/#website\"},\"primaryImageOfPage\":{\"@id\":\"https:\/\/last-chance.dk\/?product=natbord-aethon#primaryimage\"},\"image\":{\"@id\":\"https:\/\/last-chance.dk\/?product=natbord-aethon#primaryimage\"},\"thumbnailUrl\":\"https:\/\/last-chance.dk\/wp-content\/uploads\/2024\/04\/img1_473-scaled.jpg\",\"datePublished\":\"2024-04-07T04:17:56+00:00\",\"dateModified\":\"2025-09-19T18:10:04+00:00\",\"breadcrumb\":{\"@id\":\"https:\/\/last-chance.dk\/?product=natbord-aethon#breadcrumb\"},\"inLanguage\":\"da-DK\",\"potentialAction\":[{\"@type\":\"ReadAction\",\"target\":[\"https:\/\/last-chance.dk\/?product=natbord-aethon\"]}]},{\"@type\":\"ImageObject\",\"inLanguage\":\"da-DK\",\"@id\":\"https:\/\/last-chance.dk\/?product=natbord-aethon#primaryimage\",\"url\":\"https:\/\/last-chance.dk\/wp-content\/uploads\/2024\/04\/img1_473-scaled.jpg\",\"contentUrl\":\"https:\/\/last-chance.dk\/wp-content\/uploads\/2024\/04\/img1_473-scaled.jpg\",\"width\":2560,\"height\":1920},{\"@type\":\"BreadcrumbList\",\"@id\":\"https:\/\/last-chance.dk\/?product=natbord-aethon#breadcrumb\",\"itemListElement\":[{\"@type\":\"ListItem\",\"position\":1,\"name\":\"Home\",\"item\":\"https:\/\/last-chance.dk\/\"},{\"@type\":\"ListItem\",\"position\":2,\"name\":\"Natbord Aethon\"}]},{\"@type\":\"WebSite\",\"@id\":\"https:\/\/last-chance.dk\/#website\",\"url\":\"https:\/\/last-chance.dk\/\",\"name\":\"LASTCHANCE Deals | Danmark\",\"description\":\"LASTCHANCE Deals | Danmark\",\"publisher\":{\"@id\":\"https:\/\/last-chance.dk\/#organization\"},\"potentialAction\":[{\"@type\":\"SearchAction\",\"target\":{\"@type\":\"EntryPoint\",\"urlTemplate\":\"https:\/\/last-chance.dk\/?s={search_term_string}\"},\"query-input\":{\"@type\":\"PropertyValueSpecification\",\"valueRequired\":true,\"valueName\":\"search_term_string\"}}],\"inLanguage\":\"da-DK\"},{\"@type\":\"Organization\",\"@id\":\"https:\/\/last-chance.dk\/#organization\",\"name\":\"LASTCHANCE Deals | Danmark\",\"url\":\"https:\/\/last-chance.dk\/\",\"logo\":{\"@type\":\"ImageObject\",\"inLanguage\":\"da-DK\",\"@id\":\"https:\/\/last-chance.dk\/#\/schema\/logo\/image\/\",\"url\":\"https:\/\/last-chance.dk\/wp-content\/uploads\/2023\/10\/lastchancedeals_logo_dk_white.png\",\"contentUrl\":\"https:\/\/last-chance.dk\/wp-content\/uploads\/2023\/10\/lastchancedeals_logo_dk_white.png\",\"width\":470,\"height\":110,\"caption\":\"LASTCHANCE Deals | Danmark\"},\"image\":{\"@id\":\"https:\/\/last-chance.dk\/#\/schema\/logo\/image\/\"}}]}<\/script>\n<!-- \/ Yoast SEO plugin. -->","yoast_head_json":{"title":"Natbord Aethon - LASTCHANCE Deals | Danmark","robots":{"index":"index","follow":"follow","max-snippet":"max-snippet:-1","max-image-preview":"max-image-preview:large","max-video-preview":"max-video-preview:-1"},"canonical":"https:\/\/last-chance.dk\/?product=natbord-aethon","og_locale":"da_DK","og_type":"article","og_title":"Natbord Aethon - LASTCHANCE Deals | Danmark","og_description":"M\u00f8d vores natbord Aethon. Med sine chikke, hvide nuancer er det en elegant tilf\u00f8jelse til ethvert sovev\u00e6relse. Dette kvalitetsm\u00f8bel er fremstillet af velrenommerede ForrestDecor, som er kendt for deres p\u00e5lidelige og holdbare produkter. Natbordet m\u00e5ler 40x59x32 cm, der g\u00f8r det til en perfekt st\u00f8rrelse til at rumme din natlampe, din yndlingsbog eller andet, du har [&hellip;]","og_url":"https:\/\/last-chance.dk\/?product=natbord-aethon","og_site_name":"LASTCHANCE Deals | Danmark","article_modified_time":"2025-09-19T18:10:04+00:00","og_image":[{"width":2560,"height":1920,"url":"https:\/\/last-chance.dk\/wp-content\/uploads\/2024\/04\/img1_473-scaled.jpg","type":"image\/jpeg"}],"twitter_card":"summary_large_image","twitter_misc":{"Estimeret l\u00e6setid":"1 minut"},"schema":{"@context":"https:\/\/schema.org","@graph":[{"@type":"WebPage","@id":"https:\/\/last-chance.dk\/?product=natbord-aethon","url":"https:\/\/last-chance.dk\/?product=natbord-aethon","name":"Natbord Aethon - LASTCHANCE Deals | Danmark","isPartOf":{"@id":"https:\/\/last-chance.dk\/#website"},"primaryImageOfPage":{"@id":"https:\/\/last-chance.dk\/?product=natbord-aethon#primaryimage"},"image":{"@id":"https:\/\/last-chance.dk\/?product=natbord-aethon#primaryimage"},"thumbnailUrl":"https:\/\/last-chance.dk\/wp-content\/uploads\/2024\/04\/img1_473-scaled.jpg","datePublished":"2024-04-07T04:17:56+00:00","dateModified":"2025-09-19T18:10:04+00:00","breadcrumb":{"@id":"https:\/\/last-chance.dk\/?product=natbord-aethon#breadcrumb"},"inLanguage":"da-DK","potentialAction":[{"@type":"ReadAction","target":["https:\/\/last-chance.dk\/?product=natbord-aethon"]}]},{"@type":"ImageObject","inLanguage":"da-DK","@id":"https:\/\/last-chance.dk\/?product=natbord-aethon#primaryimage","url":"https:\/\/last-chance.dk\/wp-content\/uploads\/2024\/04\/img1_473-scaled.jpg","contentUrl":"https:\/\/last-chance.dk\/wp-content\/uploads\/2024\/04\/img1_473-scaled.jpg","width":2560,"height":1920},{"@type":"BreadcrumbList","@id":"https:\/\/last-chance.dk\/?product=natbord-aethon#breadcrumb","itemListElement":[{"@type":"ListItem","position":1,"name":"Home","item":"https:\/\/last-chance.dk\/"},{"@type":"ListItem","position":2,"name":"Natbord Aethon"}]},{"@type":"WebSite","@id":"https:\/\/last-chance.dk\/#website","url":"https:\/\/last-chance.dk\/","name":"LASTCHANCE Deals | Danmark","description":"LASTCHANCE Deals | Danmark","publisher":{"@id":"https:\/\/last-chance.dk\/#organization"},"potentialAction":[{"@type":"SearchAction","target":{"@type":"EntryPoint","urlTemplate":"https:\/\/last-chance.dk\/?s={search_term_string}"},"query-input":{"@type":"PropertyValueSpecification","valueRequired":true,"valueName":"search_term_string"}}],"inLanguage":"da-DK"},{"@type":"Organization","@id":"https:\/\/last-chance.dk\/#organization","name":"LASTCHANCE Deals | Danmark","url":"https:\/\/last-chance.dk\/","logo":{"@type":"ImageObject","inLanguage":"da-DK","@id":"https:\/\/last-chance.dk\/#\/schema\/logo\/image\/","url":"https:\/\/last-chance.dk\/wp-content\/uploads\/2023\/10\/lastchancedeals_logo_dk_white.png","contentUrl":"https:\/\/last-chance.dk\/wp-content\/uploads\/2023\/10\/lastchancedeals_logo_dk_white.png","width":470,"height":110,"caption":"LASTCHANCE Deals | Danmark"},"image":{"@id":"https:\/\/last-chance.dk\/#\/schema\/logo\/image\/"}}]}},"_links":{"self":[{"href":"https:\/\/last-chance.dk\/index.php?rest_route=\/wp\/v2\/product\/11601","targetHints":{"allow":["GET"]}}],"collection":[{"href":"https:\/\/last-chance.dk\/index.php?rest_route=\/wp\/v2\/product"}],"about":[{"href":"https:\/\/last-chance.dk\/index.php?rest_route=\/wp\/v2\/types\/product"}],"replies":[{"embeddable":true,"href":"https:\/\/last-chance.dk\/index.php?rest_route=%2Fwp%2Fv2%2Fcomments&post=11601"}],"wp:featuredmedia":[{"embeddable":true,"href":"https:\/\/last-chance.dk\/index.php?rest_route=\/wp\/v2\/media\/11600"}],"wp:attachment":[{"href":"https:\/\/last-chance.dk\/index.php?rest_route=%2Fwp%2Fv2%2Fmedia&parent=11601"}],"wp:term":[{"taxonomy":"product_brand","embeddable":true,"href":"https:\/\/last-chance.dk\/index.php?rest_route=%2Fwp%2Fv2%2Fproduct_brand&post=11601"},{"taxonomy":"product_cat","embeddable":true,"href":"https:\/\/last-chance.dk\/index.php?rest_route=%2Fwp%2Fv2%2Fproduct_cat&post=11601"},{"taxonomy":"product_tag","embeddable":true,"href":"https:\/\/last-chance.dk\/index.php?rest_route=%2Fwp%2Fv2%2Fproduct_tag&post=11601"}],"curies":[{"name":"wp","href":"https:\/\/api.w.org\/{rel}","templated":true}]}}