{"id":11608,"date":"2024-04-07T04:18:30","date_gmt":"2024-04-07T04:18:30","guid":{"rendered":"https:\/\/www.lastchance.deals\/dk\/produkt\/natbord-apertio\/"},"modified":"2025-09-19T18:10:29","modified_gmt":"2025-09-19T18:10:29","slug":"natbord-apertio","status":"publish","type":"product","link":"https:\/\/last-chance.dk\/?product=natbord-apertio","title":{"rendered":"Natbord Apertio"},"content":{"rendered":"<p>Kig p\u00e5 vores funktionelle og elegante Natbord Apertio. Lavet med omhu af ForrestDecor, dette natbord er designet til at v\u00e6re den perfekte tilf\u00f8jelse til ethvert sovev\u00e6relse.<\/p>\n<p><\/p>\n<p>Vores Natbord Apertio kommer i en flot hvid farve, og de ydre m\u00e5l er en kompakt 30x40x30 cm, s\u00e5 det nemt passer ind i ethvert rum, uanset st\u00f8rrelsen. Den smarte st\u00f8rrelse g\u00f8r det ideelt til sm\u00e5 rum og hj\u00f8rner, hvor du har brug for ekstra opbevaringsplads.<\/p>\n<p><\/p>\n<p>Natbordet er delvist samlet ved levering, hvilket betyder, at det b\u00e5de er nemt at montere og klar til brug p\u00e5 meget kort tid. Du beh\u00f8ver ingen s\u00e6rlige f\u00e6rdigheder eller v\u00e6rkt\u00f8jer, s\u00e5 det er perfekt til b\u00e5de newbie-hjemmeforbedrere og erfarne DIY-entusiaster.<\/p>\n<p><\/p>\n<p>N\u00e5r du k\u00f8ber vores Natbord Apertio, kan du ogs\u00e5 v\u00e6re sikker p\u00e5, at du f\u00e5r fantastisk kvalitet. Dette natbord kommer med en 12 m\u00e5neders garanti, s\u00e5 du kan k\u00f8be med tillid, og dette produkt er skabt til at st\u00e5 tidens pr\u00f8ve.<\/p>\n<p><\/p>\n<p>Bestil din nye Natbord Apertio i dag og oplev forskellen, det kan g\u00f8re for dit sovev\u00e6relse.<\/p>\n<p><\/p>\n<p>Leveringstid: Leveringstid 1-2 uger<br \/>\nFarve: hvid<br \/>\nUdvendige dimensioner: 30x40x30 cm<br \/>\nMontage: halvt samlet<br \/>\nGaranti: 12 m\u00e5neder<br \/>\nFremstillet: i EU<br \/>\nFabrikant: LuxCasa<\/p>\n","protected":false},"excerpt":{"rendered":"<p>Kig p\u00e5 vores funktionelle og elegante Natbord Apertio. Lavet med omhu af ForrestDecor, dette natbord er designet til at v\u00e6re den perfekte tilf\u00f8jelse til ethvert sovev\u00e6relse. Vores Natbord Apertio kommer i en flot hvid farve, og de ydre m\u00e5l er en kompakt 30x40x30 cm, s\u00e5 det nemt passer ind i ethvert rum, uanset st\u00f8rrelsen. Den [&hellip;]<\/p>\n","protected":false},"featured_media":11607,"comment_status":"open","ping_status":"closed","template":"","meta":[],"product_brand":[],"product_cat":[157],"product_tag":[],"class_list":{"0":"post-11608","1":"product","2":"type-product","3":"status-publish","4":"has-post-thumbnail","6":"product_cat-bedside-tables","8":"first","9":"instock","10":"shipping-taxable","11":"purchasable","12":"product-type-simple"},"yoast_head":"<!-- This site is optimized with the Yoast SEO plugin v24.8.1 - https:\/\/yoast.com\/wordpress\/plugins\/seo\/ -->\n<title>Natbord Apertio - LASTCHANCE Deals | Danmark<\/title>\n<meta name=\"robots\" content=\"index, follow, max-snippet:-1, max-image-preview:large, max-video-preview:-1\" \/>\n<link rel=\"canonical\" href=\"https:\/\/last-chance.dk\/?product=natbord-apertio\" \/>\n<meta property=\"og:locale\" content=\"da_DK\" \/>\n<meta property=\"og:type\" content=\"article\" \/>\n<meta property=\"og:title\" content=\"Natbord Apertio - LASTCHANCE Deals | Danmark\" \/>\n<meta property=\"og:description\" content=\"Kig p\u00e5 vores funktionelle og elegante Natbord Apertio. Lavet med omhu af ForrestDecor, dette natbord er designet til at v\u00e6re den perfekte tilf\u00f8jelse til ethvert sovev\u00e6relse. Vores Natbord Apertio kommer i en flot hvid farve, og de ydre m\u00e5l er en kompakt 30x40x30 cm, s\u00e5 det nemt passer ind i ethvert rum, uanset st\u00f8rrelsen. Den [&hellip;]\" \/>\n<meta property=\"og:url\" content=\"https:\/\/last-chance.dk\/?product=natbord-apertio\" \/>\n<meta property=\"og:site_name\" content=\"LASTCHANCE Deals | Danmark\" \/>\n<meta property=\"article:modified_time\" content=\"2025-09-19T18:10:29+00:00\" \/>\n<meta property=\"og:image\" content=\"https:\/\/last-chance.dk\/wp-content\/uploads\/2024\/04\/img1_454-scaled.jpg\" \/>\n\t<meta property=\"og:image:width\" content=\"2560\" \/>\n\t<meta property=\"og:image:height\" content=\"1810\" \/>\n\t<meta property=\"og:image:type\" content=\"image\/jpeg\" \/>\n<meta name=\"twitter:card\" content=\"summary_large_image\" \/>\n<meta name=\"twitter:label1\" content=\"Estimeret l\u00e6setid\" \/>\n\t<meta name=\"twitter:data1\" content=\"1 minut\" \/>\n<script type=\"application\/ld+json\" class=\"yoast-schema-graph\">{\"@context\":\"https:\/\/schema.org\",\"@graph\":[{\"@type\":\"WebPage\",\"@id\":\"https:\/\/last-chance.dk\/?product=natbord-apertio\",\"url\":\"https:\/\/last-chance.dk\/?product=natbord-apertio\",\"name\":\"Natbord Apertio - LASTCHANCE Deals | Danmark\",\"isPartOf\":{\"@id\":\"https:\/\/last-chance.dk\/#website\"},\"primaryImageOfPage\":{\"@id\":\"https:\/\/last-chance.dk\/?product=natbord-apertio#primaryimage\"},\"image\":{\"@id\":\"https:\/\/last-chance.dk\/?product=natbord-apertio#primaryimage\"},\"thumbnailUrl\":\"https:\/\/last-chance.dk\/wp-content\/uploads\/2024\/04\/img1_454-scaled.jpg\",\"datePublished\":\"2024-04-07T04:18:30+00:00\",\"dateModified\":\"2025-09-19T18:10:29+00:00\",\"breadcrumb\":{\"@id\":\"https:\/\/last-chance.dk\/?product=natbord-apertio#breadcrumb\"},\"inLanguage\":\"da-DK\",\"potentialAction\":[{\"@type\":\"ReadAction\",\"target\":[\"https:\/\/last-chance.dk\/?product=natbord-apertio\"]}]},{\"@type\":\"ImageObject\",\"inLanguage\":\"da-DK\",\"@id\":\"https:\/\/last-chance.dk\/?product=natbord-apertio#primaryimage\",\"url\":\"https:\/\/last-chance.dk\/wp-content\/uploads\/2024\/04\/img1_454-scaled.jpg\",\"contentUrl\":\"https:\/\/last-chance.dk\/wp-content\/uploads\/2024\/04\/img1_454-scaled.jpg\",\"width\":2560,\"height\":1810},{\"@type\":\"BreadcrumbList\",\"@id\":\"https:\/\/last-chance.dk\/?product=natbord-apertio#breadcrumb\",\"itemListElement\":[{\"@type\":\"ListItem\",\"position\":1,\"name\":\"Home\",\"item\":\"https:\/\/last-chance.dk\/\"},{\"@type\":\"ListItem\",\"position\":2,\"name\":\"Natbord Apertio\"}]},{\"@type\":\"WebSite\",\"@id\":\"https:\/\/last-chance.dk\/#website\",\"url\":\"https:\/\/last-chance.dk\/\",\"name\":\"LASTCHANCE Deals | Danmark\",\"description\":\"LASTCHANCE Deals | Danmark\",\"publisher\":{\"@id\":\"https:\/\/last-chance.dk\/#organization\"},\"potentialAction\":[{\"@type\":\"SearchAction\",\"target\":{\"@type\":\"EntryPoint\",\"urlTemplate\":\"https:\/\/last-chance.dk\/?s={search_term_string}\"},\"query-input\":{\"@type\":\"PropertyValueSpecification\",\"valueRequired\":true,\"valueName\":\"search_term_string\"}}],\"inLanguage\":\"da-DK\"},{\"@type\":\"Organization\",\"@id\":\"https:\/\/last-chance.dk\/#organization\",\"name\":\"LASTCHANCE Deals | Danmark\",\"url\":\"https:\/\/last-chance.dk\/\",\"logo\":{\"@type\":\"ImageObject\",\"inLanguage\":\"da-DK\",\"@id\":\"https:\/\/last-chance.dk\/#\/schema\/logo\/image\/\",\"url\":\"https:\/\/last-chance.dk\/wp-content\/uploads\/2023\/10\/lastchancedeals_logo_dk_white.png\",\"contentUrl\":\"https:\/\/last-chance.dk\/wp-content\/uploads\/2023\/10\/lastchancedeals_logo_dk_white.png\",\"width\":470,\"height\":110,\"caption\":\"LASTCHANCE Deals | Danmark\"},\"image\":{\"@id\":\"https:\/\/last-chance.dk\/#\/schema\/logo\/image\/\"}}]}<\/script>\n<!-- \/ Yoast SEO plugin. -->","yoast_head_json":{"title":"Natbord Apertio - LASTCHANCE Deals | Danmark","robots":{"index":"index","follow":"follow","max-snippet":"max-snippet:-1","max-image-preview":"max-image-preview:large","max-video-preview":"max-video-preview:-1"},"canonical":"https:\/\/last-chance.dk\/?product=natbord-apertio","og_locale":"da_DK","og_type":"article","og_title":"Natbord Apertio - LASTCHANCE Deals | Danmark","og_description":"Kig p\u00e5 vores funktionelle og elegante Natbord Apertio. Lavet med omhu af ForrestDecor, dette natbord er designet til at v\u00e6re den perfekte tilf\u00f8jelse til ethvert sovev\u00e6relse. Vores Natbord Apertio kommer i en flot hvid farve, og de ydre m\u00e5l er en kompakt 30x40x30 cm, s\u00e5 det nemt passer ind i ethvert rum, uanset st\u00f8rrelsen. Den [&hellip;]","og_url":"https:\/\/last-chance.dk\/?product=natbord-apertio","og_site_name":"LASTCHANCE Deals | Danmark","article_modified_time":"2025-09-19T18:10:29+00:00","og_image":[{"width":2560,"height":1810,"url":"https:\/\/last-chance.dk\/wp-content\/uploads\/2024\/04\/img1_454-scaled.jpg","type":"image\/jpeg"}],"twitter_card":"summary_large_image","twitter_misc":{"Estimeret l\u00e6setid":"1 minut"},"schema":{"@context":"https:\/\/schema.org","@graph":[{"@type":"WebPage","@id":"https:\/\/last-chance.dk\/?product=natbord-apertio","url":"https:\/\/last-chance.dk\/?product=natbord-apertio","name":"Natbord Apertio - LASTCHANCE Deals | Danmark","isPartOf":{"@id":"https:\/\/last-chance.dk\/#website"},"primaryImageOfPage":{"@id":"https:\/\/last-chance.dk\/?product=natbord-apertio#primaryimage"},"image":{"@id":"https:\/\/last-chance.dk\/?product=natbord-apertio#primaryimage"},"thumbnailUrl":"https:\/\/last-chance.dk\/wp-content\/uploads\/2024\/04\/img1_454-scaled.jpg","datePublished":"2024-04-07T04:18:30+00:00","dateModified":"2025-09-19T18:10:29+00:00","breadcrumb":{"@id":"https:\/\/last-chance.dk\/?product=natbord-apertio#breadcrumb"},"inLanguage":"da-DK","potentialAction":[{"@type":"ReadAction","target":["https:\/\/last-chance.dk\/?product=natbord-apertio"]}]},{"@type":"ImageObject","inLanguage":"da-DK","@id":"https:\/\/last-chance.dk\/?product=natbord-apertio#primaryimage","url":"https:\/\/last-chance.dk\/wp-content\/uploads\/2024\/04\/img1_454-scaled.jpg","contentUrl":"https:\/\/last-chance.dk\/wp-content\/uploads\/2024\/04\/img1_454-scaled.jpg","width":2560,"height":1810},{"@type":"BreadcrumbList","@id":"https:\/\/last-chance.dk\/?product=natbord-apertio#breadcrumb","itemListElement":[{"@type":"ListItem","position":1,"name":"Home","item":"https:\/\/last-chance.dk\/"},{"@type":"ListItem","position":2,"name":"Natbord Apertio"}]},{"@type":"WebSite","@id":"https:\/\/last-chance.dk\/#website","url":"https:\/\/last-chance.dk\/","name":"LASTCHANCE Deals | Danmark","description":"LASTCHANCE Deals | Danmark","publisher":{"@id":"https:\/\/last-chance.dk\/#organization"},"potentialAction":[{"@type":"SearchAction","target":{"@type":"EntryPoint","urlTemplate":"https:\/\/last-chance.dk\/?s={search_term_string}"},"query-input":{"@type":"PropertyValueSpecification","valueRequired":true,"valueName":"search_term_string"}}],"inLanguage":"da-DK"},{"@type":"Organization","@id":"https:\/\/last-chance.dk\/#organization","name":"LASTCHANCE Deals | Danmark","url":"https:\/\/last-chance.dk\/","logo":{"@type":"ImageObject","inLanguage":"da-DK","@id":"https:\/\/last-chance.dk\/#\/schema\/logo\/image\/","url":"https:\/\/last-chance.dk\/wp-content\/uploads\/2023\/10\/lastchancedeals_logo_dk_white.png","contentUrl":"https:\/\/last-chance.dk\/wp-content\/uploads\/2023\/10\/lastchancedeals_logo_dk_white.png","width":470,"height":110,"caption":"LASTCHANCE Deals | Danmark"},"image":{"@id":"https:\/\/last-chance.dk\/#\/schema\/logo\/image\/"}}]}},"_links":{"self":[{"href":"https:\/\/last-chance.dk\/index.php?rest_route=\/wp\/v2\/product\/11608","targetHints":{"allow":["GET"]}}],"collection":[{"href":"https:\/\/last-chance.dk\/index.php?rest_route=\/wp\/v2\/product"}],"about":[{"href":"https:\/\/last-chance.dk\/index.php?rest_route=\/wp\/v2\/types\/product"}],"replies":[{"embeddable":true,"href":"https:\/\/last-chance.dk\/index.php?rest_route=%2Fwp%2Fv2%2Fcomments&post=11608"}],"wp:featuredmedia":[{"embeddable":true,"href":"https:\/\/last-chance.dk\/index.php?rest_route=\/wp\/v2\/media\/11607"}],"wp:attachment":[{"href":"https:\/\/last-chance.dk\/index.php?rest_route=%2Fwp%2Fv2%2Fmedia&parent=11608"}],"wp:term":[{"taxonomy":"product_brand","embeddable":true,"href":"https:\/\/last-chance.dk\/index.php?rest_route=%2Fwp%2Fv2%2Fproduct_brand&post=11608"},{"taxonomy":"product_cat","embeddable":true,"href":"https:\/\/last-chance.dk\/index.php?rest_route=%2Fwp%2Fv2%2Fproduct_cat&post=11608"},{"taxonomy":"product_tag","embeddable":true,"href":"https:\/\/last-chance.dk\/index.php?rest_route=%2Fwp%2Fv2%2Fproduct_tag&post=11608"}],"curies":[{"name":"wp","href":"https:\/\/api.w.org\/{rel}","templated":true}]}}