{"id":11658,"date":"2024-04-07T10:27:17","date_gmt":"2024-04-07T10:27:17","guid":{"rendered":"https:\/\/www.lastchance.deals\/dk\/produkt\/konsolbord-jovana\/"},"modified":"2025-09-19T18:01:45","modified_gmt":"2025-09-19T18:01:45","slug":"konsolbord-jovana","status":"publish","type":"product","link":"https:\/\/last-chance.dk\/?product=konsolbord-jovana","title":{"rendered":"Konsolbord Jovana"},"content":{"rendered":"<p>Er du p\u00e5 udkig efter et elegant og funktionelt konsolbord til din stue, entr\u00e9 eller sovev\u00e6relse? S\u00e5 er konsolbordet Jovana det perfekte valg for dig. Dette konsolbord er lavet af tr\u00e6 og har et smukt design med fine detaljer og en hvid finish. Det har en rummelig bordplade, hvor du kan placere dine yndlingsdekorationer, planter eller b\u00f8ger, samt to skuffer og en hylde til opbevaring af dine n\u00f8gler, papirer eller andre sm\u00e5ting. Konsolbordet Jovana er nemt at samle og passer til enhver indretning med sit klassiske og tidl\u00f8se udtryk. Bestil dit konsolbord Jovana i dag og giv dit hjem et stilfuldt touch.<\/p>\n<p><\/p>\n<p>Konsolbord Jovana<br \/>\nMateriale: tr\u00e6<br \/>\nUdvendige dimensioner: 120x35x86cm<br \/>\nMontage: skal samles<br \/>\nLavet: &#8211;<br \/>\nFabrikant: ForrestDecor<\/p>\n<p><\/p>\n<p>Leveringstid: Leveringstid 1 uge<br \/>\nMateriale: tr\u00e6<br \/>\nUdvendige dimensioner: 120x35x86cm<br \/>\nMontage: skal samles<br \/>\nFabrikant: ForrestDecor<\/p>\n","protected":false},"excerpt":{"rendered":"<p>Er du p\u00e5 udkig efter et elegant og funktionelt konsolbord til din stue, entr\u00e9 eller sovev\u00e6relse? S\u00e5 er konsolbordet Jovana det perfekte valg for dig. Dette konsolbord er lavet af tr\u00e6 og har et smukt design med fine detaljer og en hvid finish. Det har en rummelig bordplade, hvor du kan placere dine yndlingsdekorationer, planter [&hellip;]<\/p>\n","protected":false},"featured_media":11657,"comment_status":"open","ping_status":"closed","template":"","meta":[],"product_brand":[],"product_cat":[151],"product_tag":[],"class_list":{"0":"post-11658","1":"product","2":"type-product","3":"status-publish","4":"has-post-thumbnail","6":"product_cat-buffets-sideboards","8":"first","9":"instock","10":"shipping-taxable","11":"purchasable","12":"product-type-simple"},"yoast_head":"<!-- This site is optimized with the Yoast SEO plugin v24.8.1 - https:\/\/yoast.com\/wordpress\/plugins\/seo\/ -->\n<title>Konsolbord Jovana - LASTCHANCE Deals | Danmark<\/title>\n<meta name=\"robots\" content=\"index, follow, max-snippet:-1, max-image-preview:large, max-video-preview:-1\" \/>\n<link rel=\"canonical\" href=\"https:\/\/last-chance.dk\/?product=konsolbord-jovana\" \/>\n<meta property=\"og:locale\" content=\"da_DK\" \/>\n<meta property=\"og:type\" content=\"article\" \/>\n<meta property=\"og:title\" content=\"Konsolbord Jovana - LASTCHANCE Deals | Danmark\" \/>\n<meta property=\"og:description\" content=\"Er du p\u00e5 udkig efter et elegant og funktionelt konsolbord til din stue, entr\u00e9 eller sovev\u00e6relse? S\u00e5 er konsolbordet Jovana det perfekte valg for dig. Dette konsolbord er lavet af tr\u00e6 og har et smukt design med fine detaljer og en hvid finish. Det har en rummelig bordplade, hvor du kan placere dine yndlingsdekorationer, planter [&hellip;]\" \/>\n<meta property=\"og:url\" content=\"https:\/\/last-chance.dk\/?product=konsolbord-jovana\" \/>\n<meta property=\"og:site_name\" content=\"LASTCHANCE Deals | Danmark\" \/>\n<meta property=\"article:modified_time\" content=\"2025-09-19T18:01:45+00:00\" \/>\n<meta property=\"og:image\" content=\"https:\/\/last-chance.dk\/wp-content\/uploads\/2024\/04\/jovana_white.jpg\" \/>\n\t<meta property=\"og:image:width\" content=\"754\" \/>\n\t<meta property=\"og:image:height\" content=\"797\" \/>\n\t<meta property=\"og:image:type\" content=\"image\/jpeg\" \/>\n<meta name=\"twitter:card\" content=\"summary_large_image\" \/>\n<meta name=\"twitter:label1\" content=\"Estimeret l\u00e6setid\" \/>\n\t<meta name=\"twitter:data1\" content=\"1 minut\" \/>\n<script type=\"application\/ld+json\" class=\"yoast-schema-graph\">{\"@context\":\"https:\/\/schema.org\",\"@graph\":[{\"@type\":\"WebPage\",\"@id\":\"https:\/\/last-chance.dk\/?product=konsolbord-jovana\",\"url\":\"https:\/\/last-chance.dk\/?product=konsolbord-jovana\",\"name\":\"Konsolbord Jovana - LASTCHANCE Deals | Danmark\",\"isPartOf\":{\"@id\":\"https:\/\/last-chance.dk\/#website\"},\"primaryImageOfPage\":{\"@id\":\"https:\/\/last-chance.dk\/?product=konsolbord-jovana#primaryimage\"},\"image\":{\"@id\":\"https:\/\/last-chance.dk\/?product=konsolbord-jovana#primaryimage\"},\"thumbnailUrl\":\"https:\/\/last-chance.dk\/wp-content\/uploads\/2024\/04\/jovana_white.jpg\",\"datePublished\":\"2024-04-07T10:27:17+00:00\",\"dateModified\":\"2025-09-19T18:01:45+00:00\",\"breadcrumb\":{\"@id\":\"https:\/\/last-chance.dk\/?product=konsolbord-jovana#breadcrumb\"},\"inLanguage\":\"da-DK\",\"potentialAction\":[{\"@type\":\"ReadAction\",\"target\":[\"https:\/\/last-chance.dk\/?product=konsolbord-jovana\"]}]},{\"@type\":\"ImageObject\",\"inLanguage\":\"da-DK\",\"@id\":\"https:\/\/last-chance.dk\/?product=konsolbord-jovana#primaryimage\",\"url\":\"https:\/\/last-chance.dk\/wp-content\/uploads\/2024\/04\/jovana_white.jpg\",\"contentUrl\":\"https:\/\/last-chance.dk\/wp-content\/uploads\/2024\/04\/jovana_white.jpg\",\"width\":754,\"height\":797},{\"@type\":\"BreadcrumbList\",\"@id\":\"https:\/\/last-chance.dk\/?product=konsolbord-jovana#breadcrumb\",\"itemListElement\":[{\"@type\":\"ListItem\",\"position\":1,\"name\":\"Home\",\"item\":\"https:\/\/last-chance.dk\/\"},{\"@type\":\"ListItem\",\"position\":2,\"name\":\"Konsolbord Jovana\"}]},{\"@type\":\"WebSite\",\"@id\":\"https:\/\/last-chance.dk\/#website\",\"url\":\"https:\/\/last-chance.dk\/\",\"name\":\"LASTCHANCE Deals | Danmark\",\"description\":\"LASTCHANCE Deals | Danmark\",\"publisher\":{\"@id\":\"https:\/\/last-chance.dk\/#organization\"},\"potentialAction\":[{\"@type\":\"SearchAction\",\"target\":{\"@type\":\"EntryPoint\",\"urlTemplate\":\"https:\/\/last-chance.dk\/?s={search_term_string}\"},\"query-input\":{\"@type\":\"PropertyValueSpecification\",\"valueRequired\":true,\"valueName\":\"search_term_string\"}}],\"inLanguage\":\"da-DK\"},{\"@type\":\"Organization\",\"@id\":\"https:\/\/last-chance.dk\/#organization\",\"name\":\"LASTCHANCE Deals | Danmark\",\"url\":\"https:\/\/last-chance.dk\/\",\"logo\":{\"@type\":\"ImageObject\",\"inLanguage\":\"da-DK\",\"@id\":\"https:\/\/last-chance.dk\/#\/schema\/logo\/image\/\",\"url\":\"https:\/\/last-chance.dk\/wp-content\/uploads\/2023\/10\/lastchancedeals_logo_dk_white.png\",\"contentUrl\":\"https:\/\/last-chance.dk\/wp-content\/uploads\/2023\/10\/lastchancedeals_logo_dk_white.png\",\"width\":470,\"height\":110,\"caption\":\"LASTCHANCE Deals | Danmark\"},\"image\":{\"@id\":\"https:\/\/last-chance.dk\/#\/schema\/logo\/image\/\"}}]}<\/script>\n<!-- \/ Yoast SEO plugin. -->","yoast_head_json":{"title":"Konsolbord Jovana - LASTCHANCE Deals | Danmark","robots":{"index":"index","follow":"follow","max-snippet":"max-snippet:-1","max-image-preview":"max-image-preview:large","max-video-preview":"max-video-preview:-1"},"canonical":"https:\/\/last-chance.dk\/?product=konsolbord-jovana","og_locale":"da_DK","og_type":"article","og_title":"Konsolbord Jovana - LASTCHANCE Deals | Danmark","og_description":"Er du p\u00e5 udkig efter et elegant og funktionelt konsolbord til din stue, entr\u00e9 eller sovev\u00e6relse? S\u00e5 er konsolbordet Jovana det perfekte valg for dig. Dette konsolbord er lavet af tr\u00e6 og har et smukt design med fine detaljer og en hvid finish. Det har en rummelig bordplade, hvor du kan placere dine yndlingsdekorationer, planter [&hellip;]","og_url":"https:\/\/last-chance.dk\/?product=konsolbord-jovana","og_site_name":"LASTCHANCE Deals | Danmark","article_modified_time":"2025-09-19T18:01:45+00:00","og_image":[{"width":754,"height":797,"url":"https:\/\/last-chance.dk\/wp-content\/uploads\/2024\/04\/jovana_white.jpg","type":"image\/jpeg"}],"twitter_card":"summary_large_image","twitter_misc":{"Estimeret l\u00e6setid":"1 minut"},"schema":{"@context":"https:\/\/schema.org","@graph":[{"@type":"WebPage","@id":"https:\/\/last-chance.dk\/?product=konsolbord-jovana","url":"https:\/\/last-chance.dk\/?product=konsolbord-jovana","name":"Konsolbord Jovana - LASTCHANCE Deals | Danmark","isPartOf":{"@id":"https:\/\/last-chance.dk\/#website"},"primaryImageOfPage":{"@id":"https:\/\/last-chance.dk\/?product=konsolbord-jovana#primaryimage"},"image":{"@id":"https:\/\/last-chance.dk\/?product=konsolbord-jovana#primaryimage"},"thumbnailUrl":"https:\/\/last-chance.dk\/wp-content\/uploads\/2024\/04\/jovana_white.jpg","datePublished":"2024-04-07T10:27:17+00:00","dateModified":"2025-09-19T18:01:45+00:00","breadcrumb":{"@id":"https:\/\/last-chance.dk\/?product=konsolbord-jovana#breadcrumb"},"inLanguage":"da-DK","potentialAction":[{"@type":"ReadAction","target":["https:\/\/last-chance.dk\/?product=konsolbord-jovana"]}]},{"@type":"ImageObject","inLanguage":"da-DK","@id":"https:\/\/last-chance.dk\/?product=konsolbord-jovana#primaryimage","url":"https:\/\/last-chance.dk\/wp-content\/uploads\/2024\/04\/jovana_white.jpg","contentUrl":"https:\/\/last-chance.dk\/wp-content\/uploads\/2024\/04\/jovana_white.jpg","width":754,"height":797},{"@type":"BreadcrumbList","@id":"https:\/\/last-chance.dk\/?product=konsolbord-jovana#breadcrumb","itemListElement":[{"@type":"ListItem","position":1,"name":"Home","item":"https:\/\/last-chance.dk\/"},{"@type":"ListItem","position":2,"name":"Konsolbord Jovana"}]},{"@type":"WebSite","@id":"https:\/\/last-chance.dk\/#website","url":"https:\/\/last-chance.dk\/","name":"LASTCHANCE Deals | Danmark","description":"LASTCHANCE Deals | Danmark","publisher":{"@id":"https:\/\/last-chance.dk\/#organization"},"potentialAction":[{"@type":"SearchAction","target":{"@type":"EntryPoint","urlTemplate":"https:\/\/last-chance.dk\/?s={search_term_string}"},"query-input":{"@type":"PropertyValueSpecification","valueRequired":true,"valueName":"search_term_string"}}],"inLanguage":"da-DK"},{"@type":"Organization","@id":"https:\/\/last-chance.dk\/#organization","name":"LASTCHANCE Deals | Danmark","url":"https:\/\/last-chance.dk\/","logo":{"@type":"ImageObject","inLanguage":"da-DK","@id":"https:\/\/last-chance.dk\/#\/schema\/logo\/image\/","url":"https:\/\/last-chance.dk\/wp-content\/uploads\/2023\/10\/lastchancedeals_logo_dk_white.png","contentUrl":"https:\/\/last-chance.dk\/wp-content\/uploads\/2023\/10\/lastchancedeals_logo_dk_white.png","width":470,"height":110,"caption":"LASTCHANCE Deals | Danmark"},"image":{"@id":"https:\/\/last-chance.dk\/#\/schema\/logo\/image\/"}}]}},"_links":{"self":[{"href":"https:\/\/last-chance.dk\/index.php?rest_route=\/wp\/v2\/product\/11658","targetHints":{"allow":["GET"]}}],"collection":[{"href":"https:\/\/last-chance.dk\/index.php?rest_route=\/wp\/v2\/product"}],"about":[{"href":"https:\/\/last-chance.dk\/index.php?rest_route=\/wp\/v2\/types\/product"}],"replies":[{"embeddable":true,"href":"https:\/\/last-chance.dk\/index.php?rest_route=%2Fwp%2Fv2%2Fcomments&post=11658"}],"wp:featuredmedia":[{"embeddable":true,"href":"https:\/\/last-chance.dk\/index.php?rest_route=\/wp\/v2\/media\/11657"}],"wp:attachment":[{"href":"https:\/\/last-chance.dk\/index.php?rest_route=%2Fwp%2Fv2%2Fmedia&parent=11658"}],"wp:term":[{"taxonomy":"product_brand","embeddable":true,"href":"https:\/\/last-chance.dk\/index.php?rest_route=%2Fwp%2Fv2%2Fproduct_brand&post=11658"},{"taxonomy":"product_cat","embeddable":true,"href":"https:\/\/last-chance.dk\/index.php?rest_route=%2Fwp%2Fv2%2Fproduct_cat&post=11658"},{"taxonomy":"product_tag","embeddable":true,"href":"https:\/\/last-chance.dk\/index.php?rest_route=%2Fwp%2Fv2%2Fproduct_tag&post=11658"}],"curies":[{"name":"wp","href":"https:\/\/api.w.org\/{rel}","templated":true}]}}