{"id":11698,"date":"2024-04-11T16:18:39","date_gmt":"2024-04-11T16:18:39","guid":{"rendered":"https:\/\/www.lastchance.deals\/dk\/produkt\/sammenklappelig-gaesteseng-darwin\/"},"modified":"2025-09-19T18:19:23","modified_gmt":"2025-09-19T18:19:23","slug":"sammenklappelig-gaesteseng-darwin","status":"publish","type":"product","link":"https:\/\/last-chance.dk\/?product=sammenklappelig-gaesteseng-darwin","title":{"rendered":"Sammenklappelig g\u00e6steseng Darwin"},"content":{"rendered":"<p>Har du brug for en ekstra seng til dine g\u00e6ster, men har ikke meget plads? S\u00e5 er denne sammenklappelige g\u00e6steseng fra ForrestDecor det perfekte valg for dig. Den er lavet af bl\u00e5t stof og har en solid st\u00e5lramme, der sikrer stabilitet og holdbarhed. Den har ogs\u00e5 en tyk og komfortabel madras, der giver en god nattes\u00f8vn til dine g\u00e6ster. Og det bedste af det hele: den har en praktisk senget\u00f8jskasse, hvor du kan opbevare dyner, puder og lagner, n\u00e5r sengen ikke er i brug.<\/p>\n<p><\/p>\n<p>Denne g\u00e6steseng er nem at samle og kan foldes sammen p\u00e5 f\u00e5 sekunder. N\u00e5r den er foldet sammen, har den kun en dybde p\u00e5 43 cm, s\u00e5 du kan nemt gemme den v\u00e6k i et skab eller under en anden seng. Den har ogs\u00e5 fire hjul, der g\u00f8r den let at flytte rundt. Denne g\u00e6steseng har en st\u00f8rrelse p\u00e5 96x196x43 cm, n\u00e5r den er foldet ud, og madrassen m\u00e5ler 96x196x15 cm. Den passer til de fleste standard senget\u00f8j og kan b\u00e6re op til 120 kg.<\/p>\n<p><\/p>\n<p>Hvis du vil fork\u00e6le dine g\u00e6ster med en behagelig og praktisk seng, s\u00e5 bestil denne sammenklappelige g\u00e6steseng Darwin fra ForrestDecor i dag. Du vil ikke fortryde det!<\/p>\n<p><\/p>\n<p>Leveringstid: Leveringstid 1 uge<br \/>\nMateriale: stof,st\u00e5lramme<br \/>\nFarve: bl\u00e5<br \/>\nMadras: inkluderet<br \/>\nUdvendige dimensioner: 96x196x43cm Mattress: 96x196x15cm<br \/>\nMontage: skal samles<br \/>\nFabrikant: ForrestDecor<\/p>\n","protected":false},"excerpt":{"rendered":"<p>Har du brug for en ekstra seng til dine g\u00e6ster, men har ikke meget plads? S\u00e5 er denne sammenklappelige g\u00e6steseng fra ForrestDecor det perfekte valg for dig. Den er lavet af bl\u00e5t stof og har en solid st\u00e5lramme, der sikrer stabilitet og holdbarhed. Den har ogs\u00e5 en tyk og komfortabel madras, der giver en god [&hellip;]<\/p>\n","protected":false},"featured_media":11697,"comment_status":"open","ping_status":"closed","template":"","meta":[],"product_brand":[],"product_cat":[181],"product_tag":[],"class_list":{"0":"post-11698","1":"product","2":"type-product","3":"status-publish","4":"has-post-thumbnail","6":"product_cat-gastsangar","8":"first","9":"instock","10":"shipping-taxable","11":"purchasable","12":"product-type-simple"},"yoast_head":"<!-- This site is optimized with the Yoast SEO plugin v24.8.1 - https:\/\/yoast.com\/wordpress\/plugins\/seo\/ -->\n<title>Sammenklappelig g\u00e6steseng Darwin - LASTCHANCE Deals | Danmark<\/title>\n<meta name=\"robots\" content=\"index, follow, max-snippet:-1, max-image-preview:large, max-video-preview:-1\" \/>\n<link rel=\"canonical\" href=\"https:\/\/last-chance.dk\/?product=sammenklappelig-gaesteseng-darwin\" \/>\n<meta property=\"og:locale\" content=\"da_DK\" \/>\n<meta property=\"og:type\" content=\"article\" \/>\n<meta property=\"og:title\" content=\"Sammenklappelig g\u00e6steseng Darwin - LASTCHANCE Deals | Danmark\" \/>\n<meta property=\"og:description\" content=\"Har du brug for en ekstra seng til dine g\u00e6ster, men har ikke meget plads? S\u00e5 er denne sammenklappelige g\u00e6steseng fra ForrestDecor det perfekte valg for dig. Den er lavet af bl\u00e5t stof og har en solid st\u00e5lramme, der sikrer stabilitet og holdbarhed. Den har ogs\u00e5 en tyk og komfortabel madras, der giver en god [&hellip;]\" \/>\n<meta property=\"og:url\" content=\"https:\/\/last-chance.dk\/?product=sammenklappelig-gaesteseng-darwin\" \/>\n<meta property=\"og:site_name\" content=\"LASTCHANCE Deals | Danmark\" \/>\n<meta property=\"article:modified_time\" content=\"2025-09-19T18:19:23+00:00\" \/>\n<meta property=\"og:image\" content=\"https:\/\/last-chance.dk\/wp-content\/uploads\/2024\/04\/darwin1.jpg\" \/>\n\t<meta property=\"og:image:width\" content=\"454\" \/>\n\t<meta property=\"og:image:height\" content=\"335\" \/>\n\t<meta property=\"og:image:type\" content=\"image\/jpeg\" \/>\n<meta name=\"twitter:card\" content=\"summary_large_image\" \/>\n<meta name=\"twitter:label1\" content=\"Estimeret l\u00e6setid\" \/>\n\t<meta name=\"twitter:data1\" content=\"1 minut\" \/>\n<script type=\"application\/ld+json\" class=\"yoast-schema-graph\">{\"@context\":\"https:\/\/schema.org\",\"@graph\":[{\"@type\":\"WebPage\",\"@id\":\"https:\/\/last-chance.dk\/?product=sammenklappelig-gaesteseng-darwin\",\"url\":\"https:\/\/last-chance.dk\/?product=sammenklappelig-gaesteseng-darwin\",\"name\":\"Sammenklappelig g\u00e6steseng Darwin - LASTCHANCE Deals | Danmark\",\"isPartOf\":{\"@id\":\"https:\/\/last-chance.dk\/#website\"},\"primaryImageOfPage\":{\"@id\":\"https:\/\/last-chance.dk\/?product=sammenklappelig-gaesteseng-darwin#primaryimage\"},\"image\":{\"@id\":\"https:\/\/last-chance.dk\/?product=sammenklappelig-gaesteseng-darwin#primaryimage\"},\"thumbnailUrl\":\"https:\/\/last-chance.dk\/wp-content\/uploads\/2024\/04\/darwin1.jpg\",\"datePublished\":\"2024-04-11T16:18:39+00:00\",\"dateModified\":\"2025-09-19T18:19:23+00:00\",\"breadcrumb\":{\"@id\":\"https:\/\/last-chance.dk\/?product=sammenklappelig-gaesteseng-darwin#breadcrumb\"},\"inLanguage\":\"da-DK\",\"potentialAction\":[{\"@type\":\"ReadAction\",\"target\":[\"https:\/\/last-chance.dk\/?product=sammenklappelig-gaesteseng-darwin\"]}]},{\"@type\":\"ImageObject\",\"inLanguage\":\"da-DK\",\"@id\":\"https:\/\/last-chance.dk\/?product=sammenklappelig-gaesteseng-darwin#primaryimage\",\"url\":\"https:\/\/last-chance.dk\/wp-content\/uploads\/2024\/04\/darwin1.jpg\",\"contentUrl\":\"https:\/\/last-chance.dk\/wp-content\/uploads\/2024\/04\/darwin1.jpg\",\"width\":454,\"height\":335},{\"@type\":\"BreadcrumbList\",\"@id\":\"https:\/\/last-chance.dk\/?product=sammenklappelig-gaesteseng-darwin#breadcrumb\",\"itemListElement\":[{\"@type\":\"ListItem\",\"position\":1,\"name\":\"Home\",\"item\":\"https:\/\/last-chance.dk\/\"},{\"@type\":\"ListItem\",\"position\":2,\"name\":\"Sammenklappelig g\u00e6steseng Darwin\"}]},{\"@type\":\"WebSite\",\"@id\":\"https:\/\/last-chance.dk\/#website\",\"url\":\"https:\/\/last-chance.dk\/\",\"name\":\"LASTCHANCE Deals | Danmark\",\"description\":\"LASTCHANCE Deals | Danmark\",\"publisher\":{\"@id\":\"https:\/\/last-chance.dk\/#organization\"},\"potentialAction\":[{\"@type\":\"SearchAction\",\"target\":{\"@type\":\"EntryPoint\",\"urlTemplate\":\"https:\/\/last-chance.dk\/?s={search_term_string}\"},\"query-input\":{\"@type\":\"PropertyValueSpecification\",\"valueRequired\":true,\"valueName\":\"search_term_string\"}}],\"inLanguage\":\"da-DK\"},{\"@type\":\"Organization\",\"@id\":\"https:\/\/last-chance.dk\/#organization\",\"name\":\"LASTCHANCE Deals | Danmark\",\"url\":\"https:\/\/last-chance.dk\/\",\"logo\":{\"@type\":\"ImageObject\",\"inLanguage\":\"da-DK\",\"@id\":\"https:\/\/last-chance.dk\/#\/schema\/logo\/image\/\",\"url\":\"https:\/\/last-chance.dk\/wp-content\/uploads\/2023\/10\/lastchancedeals_logo_dk_white.png\",\"contentUrl\":\"https:\/\/last-chance.dk\/wp-content\/uploads\/2023\/10\/lastchancedeals_logo_dk_white.png\",\"width\":470,\"height\":110,\"caption\":\"LASTCHANCE Deals | Danmark\"},\"image\":{\"@id\":\"https:\/\/last-chance.dk\/#\/schema\/logo\/image\/\"}}]}<\/script>\n<!-- \/ Yoast SEO plugin. -->","yoast_head_json":{"title":"Sammenklappelig g\u00e6steseng Darwin - LASTCHANCE Deals | Danmark","robots":{"index":"index","follow":"follow","max-snippet":"max-snippet:-1","max-image-preview":"max-image-preview:large","max-video-preview":"max-video-preview:-1"},"canonical":"https:\/\/last-chance.dk\/?product=sammenklappelig-gaesteseng-darwin","og_locale":"da_DK","og_type":"article","og_title":"Sammenklappelig g\u00e6steseng Darwin - LASTCHANCE Deals | Danmark","og_description":"Har du brug for en ekstra seng til dine g\u00e6ster, men har ikke meget plads? S\u00e5 er denne sammenklappelige g\u00e6steseng fra ForrestDecor det perfekte valg for dig. Den er lavet af bl\u00e5t stof og har en solid st\u00e5lramme, der sikrer stabilitet og holdbarhed. Den har ogs\u00e5 en tyk og komfortabel madras, der giver en god [&hellip;]","og_url":"https:\/\/last-chance.dk\/?product=sammenklappelig-gaesteseng-darwin","og_site_name":"LASTCHANCE Deals | Danmark","article_modified_time":"2025-09-19T18:19:23+00:00","og_image":[{"width":454,"height":335,"url":"https:\/\/last-chance.dk\/wp-content\/uploads\/2024\/04\/darwin1.jpg","type":"image\/jpeg"}],"twitter_card":"summary_large_image","twitter_misc":{"Estimeret l\u00e6setid":"1 minut"},"schema":{"@context":"https:\/\/schema.org","@graph":[{"@type":"WebPage","@id":"https:\/\/last-chance.dk\/?product=sammenklappelig-gaesteseng-darwin","url":"https:\/\/last-chance.dk\/?product=sammenklappelig-gaesteseng-darwin","name":"Sammenklappelig g\u00e6steseng Darwin - LASTCHANCE Deals | Danmark","isPartOf":{"@id":"https:\/\/last-chance.dk\/#website"},"primaryImageOfPage":{"@id":"https:\/\/last-chance.dk\/?product=sammenklappelig-gaesteseng-darwin#primaryimage"},"image":{"@id":"https:\/\/last-chance.dk\/?product=sammenklappelig-gaesteseng-darwin#primaryimage"},"thumbnailUrl":"https:\/\/last-chance.dk\/wp-content\/uploads\/2024\/04\/darwin1.jpg","datePublished":"2024-04-11T16:18:39+00:00","dateModified":"2025-09-19T18:19:23+00:00","breadcrumb":{"@id":"https:\/\/last-chance.dk\/?product=sammenklappelig-gaesteseng-darwin#breadcrumb"},"inLanguage":"da-DK","potentialAction":[{"@type":"ReadAction","target":["https:\/\/last-chance.dk\/?product=sammenklappelig-gaesteseng-darwin"]}]},{"@type":"ImageObject","inLanguage":"da-DK","@id":"https:\/\/last-chance.dk\/?product=sammenklappelig-gaesteseng-darwin#primaryimage","url":"https:\/\/last-chance.dk\/wp-content\/uploads\/2024\/04\/darwin1.jpg","contentUrl":"https:\/\/last-chance.dk\/wp-content\/uploads\/2024\/04\/darwin1.jpg","width":454,"height":335},{"@type":"BreadcrumbList","@id":"https:\/\/last-chance.dk\/?product=sammenklappelig-gaesteseng-darwin#breadcrumb","itemListElement":[{"@type":"ListItem","position":1,"name":"Home","item":"https:\/\/last-chance.dk\/"},{"@type":"ListItem","position":2,"name":"Sammenklappelig g\u00e6steseng Darwin"}]},{"@type":"WebSite","@id":"https:\/\/last-chance.dk\/#website","url":"https:\/\/last-chance.dk\/","name":"LASTCHANCE Deals | Danmark","description":"LASTCHANCE Deals | Danmark","publisher":{"@id":"https:\/\/last-chance.dk\/#organization"},"potentialAction":[{"@type":"SearchAction","target":{"@type":"EntryPoint","urlTemplate":"https:\/\/last-chance.dk\/?s={search_term_string}"},"query-input":{"@type":"PropertyValueSpecification","valueRequired":true,"valueName":"search_term_string"}}],"inLanguage":"da-DK"},{"@type":"Organization","@id":"https:\/\/last-chance.dk\/#organization","name":"LASTCHANCE Deals | Danmark","url":"https:\/\/last-chance.dk\/","logo":{"@type":"ImageObject","inLanguage":"da-DK","@id":"https:\/\/last-chance.dk\/#\/schema\/logo\/image\/","url":"https:\/\/last-chance.dk\/wp-content\/uploads\/2023\/10\/lastchancedeals_logo_dk_white.png","contentUrl":"https:\/\/last-chance.dk\/wp-content\/uploads\/2023\/10\/lastchancedeals_logo_dk_white.png","width":470,"height":110,"caption":"LASTCHANCE Deals | Danmark"},"image":{"@id":"https:\/\/last-chance.dk\/#\/schema\/logo\/image\/"}}]}},"_links":{"self":[{"href":"https:\/\/last-chance.dk\/index.php?rest_route=\/wp\/v2\/product\/11698","targetHints":{"allow":["GET"]}}],"collection":[{"href":"https:\/\/last-chance.dk\/index.php?rest_route=\/wp\/v2\/product"}],"about":[{"href":"https:\/\/last-chance.dk\/index.php?rest_route=\/wp\/v2\/types\/product"}],"replies":[{"embeddable":true,"href":"https:\/\/last-chance.dk\/index.php?rest_route=%2Fwp%2Fv2%2Fcomments&post=11698"}],"wp:featuredmedia":[{"embeddable":true,"href":"https:\/\/last-chance.dk\/index.php?rest_route=\/wp\/v2\/media\/11697"}],"wp:attachment":[{"href":"https:\/\/last-chance.dk\/index.php?rest_route=%2Fwp%2Fv2%2Fmedia&parent=11698"}],"wp:term":[{"taxonomy":"product_brand","embeddable":true,"href":"https:\/\/last-chance.dk\/index.php?rest_route=%2Fwp%2Fv2%2Fproduct_brand&post=11698"},{"taxonomy":"product_cat","embeddable":true,"href":"https:\/\/last-chance.dk\/index.php?rest_route=%2Fwp%2Fv2%2Fproduct_cat&post=11698"},{"taxonomy":"product_tag","embeddable":true,"href":"https:\/\/last-chance.dk\/index.php?rest_route=%2Fwp%2Fv2%2Fproduct_tag&post=11698"}],"curies":[{"name":"wp","href":"https:\/\/api.w.org\/{rel}","templated":true}]}}