{"id":11758,"date":"2024-04-15T22:19:41","date_gmt":"2024-04-15T22:19:41","guid":{"rendered":"https:\/\/www.lastchance.deals\/dk\/produkt\/sminkebord-og-skammel-cavendish\/"},"modified":"2025-09-19T18:31:26","modified_gmt":"2025-09-19T18:31:26","slug":"sminkebord-og-skammel-cavendish","status":"publish","type":"product","link":"https:\/\/last-chance.dk\/?product=sminkebord-og-skammel-cavendish","title":{"rendered":"Sminkebord og skammel Cavendish"},"content":{"rendered":"<p>Dr\u00f8mmer du om et smukt og funktionelt sminkebord, hvor du kan opbevare din makeup og tilbeh\u00f8r? S\u00e5 er sminkebordet og skammelen Cavendish fra ForrestDecor det perfekte valg for dig. Dette moderne sminkebord har et elegant design med en hvid ramme af mdf og m\u00f8belplade, og en spejlfront af glas. Det har ogs\u00e5 en rummelig skuffe med en bl\u00f8d lukkemekanisme, hvor du kan organisere dine ting. Skammelen er inkluderet i s\u00e6ttet, og har et behageligt s\u00e6de med et gr\u00e5t betr\u00e6k. Sminkebordet og skammelen Cavendish har udvendige dimensioner p\u00e5 60x40x135cm, og skal samles ved levering. Du f\u00e5r 12 m\u00e5neders rammegaranti p\u00e5 dette produkt, som er lavet af ForrestDecor, en f\u00f8rende producent af kvalitetsm\u00f8bler. Fork\u00e6l dig selv med dette smukke sminkebord og skammel Cavendish, og nyd din daglige sk\u00f8nhedsrutine.<\/p>\n<p><\/p>\n<p>Leveringstid: Leveringstid 1 uge<br \/>\nStil: moderne<br \/>\nTaburet: inkluderet<br \/>\nUdvendige dimensioner: 60x40x135cm<br \/>\nMateriale: glas,m\u00f8belplade<br \/>\nRammemateriale: mdf,m\u00f8belplade<br \/>\nFarve: hvid<br \/>\nMontage: skal samles<br \/>\nGaranti: 12 m\u00e5neders rammegaranti<br \/>\nFabrikant: ForrestDecor<\/p>\n","protected":false},"excerpt":{"rendered":"<p>Dr\u00f8mmer du om et smukt og funktionelt sminkebord, hvor du kan opbevare din makeup og tilbeh\u00f8r? S\u00e5 er sminkebordet og skammelen Cavendish fra ForrestDecor det perfekte valg for dig. Dette moderne sminkebord har et elegant design med en hvid ramme af mdf og m\u00f8belplade, og en spejlfront af glas. Det har ogs\u00e5 en rummelig skuffe [&hellip;]<\/p>\n","protected":false},"featured_media":11757,"comment_status":"open","ping_status":"closed","template":"","meta":[],"product_brand":[],"product_cat":[186],"product_tag":[],"class_list":{"0":"post-11758","1":"product","2":"type-product","3":"status-publish","4":"has-post-thumbnail","6":"product_cat-dressing-tables","8":"first","9":"instock","10":"shipping-taxable","11":"purchasable","12":"product-type-simple"},"yoast_head":"<!-- This site is optimized with the Yoast SEO plugin v24.8.1 - https:\/\/yoast.com\/wordpress\/plugins\/seo\/ -->\n<title>Sminkebord og skammel Cavendish - LASTCHANCE Deals | Danmark<\/title>\n<meta name=\"robots\" content=\"index, follow, max-snippet:-1, max-image-preview:large, max-video-preview:-1\" \/>\n<link rel=\"canonical\" href=\"https:\/\/last-chance.dk\/?product=sminkebord-og-skammel-cavendish\" \/>\n<meta property=\"og:locale\" content=\"da_DK\" \/>\n<meta property=\"og:type\" content=\"article\" \/>\n<meta property=\"og:title\" content=\"Sminkebord og skammel Cavendish - LASTCHANCE Deals | Danmark\" \/>\n<meta property=\"og:description\" content=\"Dr\u00f8mmer du om et smukt og funktionelt sminkebord, hvor du kan opbevare din makeup og tilbeh\u00f8r? S\u00e5 er sminkebordet og skammelen Cavendish fra ForrestDecor det perfekte valg for dig. Dette moderne sminkebord har et elegant design med en hvid ramme af mdf og m\u00f8belplade, og en spejlfront af glas. Det har ogs\u00e5 en rummelig skuffe [&hellip;]\" \/>\n<meta property=\"og:url\" content=\"https:\/\/last-chance.dk\/?product=sminkebord-og-skammel-cavendish\" \/>\n<meta property=\"og:site_name\" content=\"LASTCHANCE Deals | Danmark\" \/>\n<meta property=\"article:modified_time\" content=\"2025-09-19T18:31:26+00:00\" \/>\n<meta property=\"og:image\" content=\"https:\/\/last-chance.dk\/wp-content\/uploads\/2024\/04\/cavendish1_1.jpg\" \/>\n\t<meta property=\"og:image:width\" content=\"800\" \/>\n\t<meta property=\"og:image:height\" content=\"800\" \/>\n\t<meta property=\"og:image:type\" content=\"image\/jpeg\" \/>\n<meta name=\"twitter:card\" content=\"summary_large_image\" \/>\n<meta name=\"twitter:label1\" content=\"Estimeret l\u00e6setid\" \/>\n\t<meta name=\"twitter:data1\" content=\"1 minut\" \/>\n<script type=\"application\/ld+json\" class=\"yoast-schema-graph\">{\"@context\":\"https:\/\/schema.org\",\"@graph\":[{\"@type\":\"WebPage\",\"@id\":\"https:\/\/last-chance.dk\/?product=sminkebord-og-skammel-cavendish\",\"url\":\"https:\/\/last-chance.dk\/?product=sminkebord-og-skammel-cavendish\",\"name\":\"Sminkebord og skammel Cavendish - LASTCHANCE Deals | Danmark\",\"isPartOf\":{\"@id\":\"https:\/\/last-chance.dk\/#website\"},\"primaryImageOfPage\":{\"@id\":\"https:\/\/last-chance.dk\/?product=sminkebord-og-skammel-cavendish#primaryimage\"},\"image\":{\"@id\":\"https:\/\/last-chance.dk\/?product=sminkebord-og-skammel-cavendish#primaryimage\"},\"thumbnailUrl\":\"https:\/\/last-chance.dk\/wp-content\/uploads\/2024\/04\/cavendish1_1.jpg\",\"datePublished\":\"2024-04-15T22:19:41+00:00\",\"dateModified\":\"2025-09-19T18:31:26+00:00\",\"breadcrumb\":{\"@id\":\"https:\/\/last-chance.dk\/?product=sminkebord-og-skammel-cavendish#breadcrumb\"},\"inLanguage\":\"da-DK\",\"potentialAction\":[{\"@type\":\"ReadAction\",\"target\":[\"https:\/\/last-chance.dk\/?product=sminkebord-og-skammel-cavendish\"]}]},{\"@type\":\"ImageObject\",\"inLanguage\":\"da-DK\",\"@id\":\"https:\/\/last-chance.dk\/?product=sminkebord-og-skammel-cavendish#primaryimage\",\"url\":\"https:\/\/last-chance.dk\/wp-content\/uploads\/2024\/04\/cavendish1_1.jpg\",\"contentUrl\":\"https:\/\/last-chance.dk\/wp-content\/uploads\/2024\/04\/cavendish1_1.jpg\",\"width\":800,\"height\":800},{\"@type\":\"BreadcrumbList\",\"@id\":\"https:\/\/last-chance.dk\/?product=sminkebord-og-skammel-cavendish#breadcrumb\",\"itemListElement\":[{\"@type\":\"ListItem\",\"position\":1,\"name\":\"Home\",\"item\":\"https:\/\/last-chance.dk\/\"},{\"@type\":\"ListItem\",\"position\":2,\"name\":\"Sminkebord og skammel Cavendish\"}]},{\"@type\":\"WebSite\",\"@id\":\"https:\/\/last-chance.dk\/#website\",\"url\":\"https:\/\/last-chance.dk\/\",\"name\":\"LASTCHANCE Deals | Danmark\",\"description\":\"LASTCHANCE Deals | Danmark\",\"publisher\":{\"@id\":\"https:\/\/last-chance.dk\/#organization\"},\"potentialAction\":[{\"@type\":\"SearchAction\",\"target\":{\"@type\":\"EntryPoint\",\"urlTemplate\":\"https:\/\/last-chance.dk\/?s={search_term_string}\"},\"query-input\":{\"@type\":\"PropertyValueSpecification\",\"valueRequired\":true,\"valueName\":\"search_term_string\"}}],\"inLanguage\":\"da-DK\"},{\"@type\":\"Organization\",\"@id\":\"https:\/\/last-chance.dk\/#organization\",\"name\":\"LASTCHANCE Deals | Danmark\",\"url\":\"https:\/\/last-chance.dk\/\",\"logo\":{\"@type\":\"ImageObject\",\"inLanguage\":\"da-DK\",\"@id\":\"https:\/\/last-chance.dk\/#\/schema\/logo\/image\/\",\"url\":\"https:\/\/last-chance.dk\/wp-content\/uploads\/2023\/10\/lastchancedeals_logo_dk_white.png\",\"contentUrl\":\"https:\/\/last-chance.dk\/wp-content\/uploads\/2023\/10\/lastchancedeals_logo_dk_white.png\",\"width\":470,\"height\":110,\"caption\":\"LASTCHANCE Deals | Danmark\"},\"image\":{\"@id\":\"https:\/\/last-chance.dk\/#\/schema\/logo\/image\/\"}}]}<\/script>\n<!-- \/ Yoast SEO plugin. -->","yoast_head_json":{"title":"Sminkebord og skammel Cavendish - LASTCHANCE Deals | Danmark","robots":{"index":"index","follow":"follow","max-snippet":"max-snippet:-1","max-image-preview":"max-image-preview:large","max-video-preview":"max-video-preview:-1"},"canonical":"https:\/\/last-chance.dk\/?product=sminkebord-og-skammel-cavendish","og_locale":"da_DK","og_type":"article","og_title":"Sminkebord og skammel Cavendish - LASTCHANCE Deals | Danmark","og_description":"Dr\u00f8mmer du om et smukt og funktionelt sminkebord, hvor du kan opbevare din makeup og tilbeh\u00f8r? S\u00e5 er sminkebordet og skammelen Cavendish fra ForrestDecor det perfekte valg for dig. Dette moderne sminkebord har et elegant design med en hvid ramme af mdf og m\u00f8belplade, og en spejlfront af glas. Det har ogs\u00e5 en rummelig skuffe [&hellip;]","og_url":"https:\/\/last-chance.dk\/?product=sminkebord-og-skammel-cavendish","og_site_name":"LASTCHANCE Deals | Danmark","article_modified_time":"2025-09-19T18:31:26+00:00","og_image":[{"width":800,"height":800,"url":"https:\/\/last-chance.dk\/wp-content\/uploads\/2024\/04\/cavendish1_1.jpg","type":"image\/jpeg"}],"twitter_card":"summary_large_image","twitter_misc":{"Estimeret l\u00e6setid":"1 minut"},"schema":{"@context":"https:\/\/schema.org","@graph":[{"@type":"WebPage","@id":"https:\/\/last-chance.dk\/?product=sminkebord-og-skammel-cavendish","url":"https:\/\/last-chance.dk\/?product=sminkebord-og-skammel-cavendish","name":"Sminkebord og skammel Cavendish - LASTCHANCE Deals | Danmark","isPartOf":{"@id":"https:\/\/last-chance.dk\/#website"},"primaryImageOfPage":{"@id":"https:\/\/last-chance.dk\/?product=sminkebord-og-skammel-cavendish#primaryimage"},"image":{"@id":"https:\/\/last-chance.dk\/?product=sminkebord-og-skammel-cavendish#primaryimage"},"thumbnailUrl":"https:\/\/last-chance.dk\/wp-content\/uploads\/2024\/04\/cavendish1_1.jpg","datePublished":"2024-04-15T22:19:41+00:00","dateModified":"2025-09-19T18:31:26+00:00","breadcrumb":{"@id":"https:\/\/last-chance.dk\/?product=sminkebord-og-skammel-cavendish#breadcrumb"},"inLanguage":"da-DK","potentialAction":[{"@type":"ReadAction","target":["https:\/\/last-chance.dk\/?product=sminkebord-og-skammel-cavendish"]}]},{"@type":"ImageObject","inLanguage":"da-DK","@id":"https:\/\/last-chance.dk\/?product=sminkebord-og-skammel-cavendish#primaryimage","url":"https:\/\/last-chance.dk\/wp-content\/uploads\/2024\/04\/cavendish1_1.jpg","contentUrl":"https:\/\/last-chance.dk\/wp-content\/uploads\/2024\/04\/cavendish1_1.jpg","width":800,"height":800},{"@type":"BreadcrumbList","@id":"https:\/\/last-chance.dk\/?product=sminkebord-og-skammel-cavendish#breadcrumb","itemListElement":[{"@type":"ListItem","position":1,"name":"Home","item":"https:\/\/last-chance.dk\/"},{"@type":"ListItem","position":2,"name":"Sminkebord og skammel Cavendish"}]},{"@type":"WebSite","@id":"https:\/\/last-chance.dk\/#website","url":"https:\/\/last-chance.dk\/","name":"LASTCHANCE Deals | Danmark","description":"LASTCHANCE Deals | Danmark","publisher":{"@id":"https:\/\/last-chance.dk\/#organization"},"potentialAction":[{"@type":"SearchAction","target":{"@type":"EntryPoint","urlTemplate":"https:\/\/last-chance.dk\/?s={search_term_string}"},"query-input":{"@type":"PropertyValueSpecification","valueRequired":true,"valueName":"search_term_string"}}],"inLanguage":"da-DK"},{"@type":"Organization","@id":"https:\/\/last-chance.dk\/#organization","name":"LASTCHANCE Deals | Danmark","url":"https:\/\/last-chance.dk\/","logo":{"@type":"ImageObject","inLanguage":"da-DK","@id":"https:\/\/last-chance.dk\/#\/schema\/logo\/image\/","url":"https:\/\/last-chance.dk\/wp-content\/uploads\/2023\/10\/lastchancedeals_logo_dk_white.png","contentUrl":"https:\/\/last-chance.dk\/wp-content\/uploads\/2023\/10\/lastchancedeals_logo_dk_white.png","width":470,"height":110,"caption":"LASTCHANCE Deals | Danmark"},"image":{"@id":"https:\/\/last-chance.dk\/#\/schema\/logo\/image\/"}}]}},"_links":{"self":[{"href":"https:\/\/last-chance.dk\/index.php?rest_route=\/wp\/v2\/product\/11758","targetHints":{"allow":["GET"]}}],"collection":[{"href":"https:\/\/last-chance.dk\/index.php?rest_route=\/wp\/v2\/product"}],"about":[{"href":"https:\/\/last-chance.dk\/index.php?rest_route=\/wp\/v2\/types\/product"}],"replies":[{"embeddable":true,"href":"https:\/\/last-chance.dk\/index.php?rest_route=%2Fwp%2Fv2%2Fcomments&post=11758"}],"wp:featuredmedia":[{"embeddable":true,"href":"https:\/\/last-chance.dk\/index.php?rest_route=\/wp\/v2\/media\/11757"}],"wp:attachment":[{"href":"https:\/\/last-chance.dk\/index.php?rest_route=%2Fwp%2Fv2%2Fmedia&parent=11758"}],"wp:term":[{"taxonomy":"product_brand","embeddable":true,"href":"https:\/\/last-chance.dk\/index.php?rest_route=%2Fwp%2Fv2%2Fproduct_brand&post=11758"},{"taxonomy":"product_cat","embeddable":true,"href":"https:\/\/last-chance.dk\/index.php?rest_route=%2Fwp%2Fv2%2Fproduct_cat&post=11758"},{"taxonomy":"product_tag","embeddable":true,"href":"https:\/\/last-chance.dk\/index.php?rest_route=%2Fwp%2Fv2%2Fproduct_tag&post=11758"}],"curies":[{"name":"wp","href":"https:\/\/api.w.org\/{rel}","templated":true}]}}